{"id":8664,"date":"2021-09-27T08:15:16","date_gmt":"2021-09-27T08:15:16","guid":{"rendered":"https:\/\/dominicaconsulateinvietnam.org\/maritime-registry\/dang-ky-the-chap\/"},"modified":"2021-09-27T08:15:16","modified_gmt":"2021-09-27T08:15:16","slug":"dang-ky-the-chap","status":"publish","type":"page","link":"https:\/\/dominicaconsulateinvietnam.org\/vi\/maritime-registry\/dang-ky-the-chap\/","title":{"rendered":"\u0110\u0103ng k\u00fd Th\u1ebf ch\u1ea5p"},"content":{"rendered":"<section class=\"l-section wpb_row height_auto\"><div class=\"l-section-h i-cf\"><div class=\"g-cols vc_row via_flex valign_top type_default stacking_default\"><div class=\"vc_col-sm-12 wpb_column vc_column_container\"><div class=\"vc_column-inner\"><div class=\"wpb_wrapper\"><div class=\"wpb_text_column\"><div class=\"wpb_wrapper\"><h3>Mortgage Recordation<\/h3>\n<p>The Commonwealth of Dominica International Maritime Act incorporates a range of provisions for the recordation of security-related instruments and documents of title. Recordation gives notice to creditors, purchasers, suppliers and other parties with an interest in such transactions, and furnishes an internationally enforceable structure for the protection of those legal rights recorded with respect to a vessel of the Commonwealth of Dominica. Preferred status, accorded to a mortgage under Chapter 3 of the Act, gives priority to the lender\u2019s mortgage lien over those of certain other claimants.<br \/>\nMortgages can be pre-registered by receiving faxed copies of the following documents. For final recordation, originals must be received via courier at our premises.<\/p>\n<ul>\n<li>Preferred Mortgage (3 signed and notarized copies).<\/li>\n<li>Memorandum of Particulars (3 signed and notarized copies).<\/li>\n<li>A Bill of Sale or Builder\u2019s Certificate (3 signed and notarized copies) in the following cases: change of ownership, registration the vessel and recordation of mortgage at the same time.<\/li>\n<\/ul>\n<p>We can accept faxed or emailed copies of these documents at the time of closing, so we can prepare a Certificate of Ownership and Encumbrance to be sent to the Mortgagee on the day of the closing. If the mortgage is recorded after the vessel\u2019s initial registration, a revised Certificate of Registration will be issued reflecting the Encumbrance recording at no additional charge.<\/p>\n<p>For more information, please contact the Maritime Administration at: <a href=\"mailto:registration@dominica-registry.com\">registration@dominica-registry.com<\/a><\/p>\n<\/div><\/div><\/div><\/div><\/div><\/div><\/div><\/section>\n","protected":false},"excerpt":{"rendered":"Mortgage Recordation The Commonwealth of Dominica International Maritime Act incorporates a range of provisions for the recordation of security-related instruments and documents of title. Recordation gives notice to creditors, purchasers, suppliers and other parties with an interest in such transactions, and furnishes an internationally enforceable structure for the protection of those legal rights recorded with...","protected":false},"author":1,"featured_media":8352,"parent":8462,"menu_order":0,"comment_status":"closed","ping_status":"closed","template":"","meta":{"_acf_changed":false,"footnotes":""},"class_list":["post-8664","page","type-page","status-publish","has-post-thumbnail","hentry"],"acf":[],"yoast_head":"<!-- This site is optimized with the Yoast SEO plugin v27.2 - https:\/\/yoast.com\/product\/yoast-seo-wordpress\/ -->\n<title>\u0110\u0103ng k\u00fd Th\u1ebf ch\u1ea5p - Consulate General of The Commonwealth of Dominica in Ho Chi Minh City<\/title>\n<meta name=\"robots\" content=\"index, follow, max-snippet:-1, max-image-preview:large, max-video-preview:-1\" \/>\n<link rel=\"canonical\" href=\"https:\/\/dominicaconsulateinvietnam.org\/vi\/maritime-registry\/dang-ky-the-chap\/\" \/>\n<meta property=\"og:locale\" content=\"vi_VN\" \/>\n<meta property=\"og:type\" content=\"article\" \/>\n<meta property=\"og:title\" content=\"\u0110\u0103ng k\u00fd Th\u1ebf ch\u1ea5p - Consulate General of The Commonwealth of Dominica in Ho Chi Minh City\" \/>\n<meta property=\"og:url\" content=\"https:\/\/dominicaconsulateinvietnam.org\/vi\/maritime-registry\/dang-ky-the-chap\/\" \/>\n<meta property=\"og:site_name\" content=\"Consulate General of The Commonwealth of Dominica in Ho Chi Minh City\" \/>\n<meta property=\"og:image\" content=\"https:\/\/dominicaconsulateinvietnam.org\/wp-content\/uploads\/2021\/08\/DMRILogo-with-white_maritime-registry.jpg\" \/>\n\t<meta property=\"og:image:width\" content=\"768\" \/>\n\t<meta property=\"og:image:height\" content=\"764\" \/>\n\t<meta property=\"og:image:type\" content=\"image\/jpeg\" \/>\n<meta name=\"twitter:card\" content=\"summary_large_image\" \/>\n<meta name=\"twitter:label1\" content=\"Est. reading time\" \/>\n\t<meta name=\"twitter:data1\" content=\"1 minute\" \/>\n<script type=\"application\/ld+json\" class=\"yoast-schema-graph\">{\"@context\":\"https:\/\/schema.org\",\"@graph\":[{\"@type\":\"WebPage\",\"@id\":\"https:\/\/dominicaconsulateinvietnam.org\/vi\/maritime-registry\/dang-ky-the-chap\/\",\"url\":\"https:\/\/dominicaconsulateinvietnam.org\/vi\/maritime-registry\/dang-ky-the-chap\/\",\"name\":\"\u0110\u0103ng k\u00fd Th\u1ebf ch\u1ea5p - Consulate General of The Commonwealth of Dominica in Ho Chi Minh City\",\"isPartOf\":{\"@id\":\"https:\/\/dominicaconsulateinvietnam.org\/#website\"},\"primaryImageOfPage\":{\"@id\":\"https:\/\/dominicaconsulateinvietnam.org\/vi\/maritime-registry\/dang-ky-the-chap\/#primaryimage\"},\"image\":{\"@id\":\"https:\/\/dominicaconsulateinvietnam.org\/vi\/maritime-registry\/dang-ky-the-chap\/#primaryimage\"},\"thumbnailUrl\":\"https:\/\/dominicaconsulateinvietnam.org\/wp-content\/uploads\/2021\/08\/DMRILogo-with-white_maritime-registry.jpg\",\"datePublished\":\"2021-09-27T08:15:16+00:00\",\"breadcrumb\":{\"@id\":\"https:\/\/dominicaconsulateinvietnam.org\/vi\/maritime-registry\/dang-ky-the-chap\/#breadcrumb\"},\"inLanguage\":\"vi-VN\",\"potentialAction\":[{\"@type\":\"ReadAction\",\"target\":[\"https:\/\/dominicaconsulateinvietnam.org\/vi\/maritime-registry\/dang-ky-the-chap\/\"]}]},{\"@type\":\"ImageObject\",\"inLanguage\":\"vi-VN\",\"@id\":\"https:\/\/dominicaconsulateinvietnam.org\/vi\/maritime-registry\/dang-ky-the-chap\/#primaryimage\",\"url\":\"https:\/\/dominicaconsulateinvietnam.org\/wp-content\/uploads\/2021\/08\/DMRILogo-with-white_maritime-registry.jpg\",\"contentUrl\":\"https:\/\/dominicaconsulateinvietnam.org\/wp-content\/uploads\/2021\/08\/DMRILogo-with-white_maritime-registry.jpg\",\"width\":768,\"height\":764},{\"@type\":\"BreadcrumbList\",\"@id\":\"https:\/\/dominicaconsulateinvietnam.org\/vi\/maritime-registry\/dang-ky-the-chap\/#breadcrumb\",\"itemListElement\":[{\"@type\":\"ListItem\",\"position\":1,\"name\":\"Home\",\"item\":\"https:\/\/dominicaconsulateinvietnam.org\/vi\/\"},{\"@type\":\"ListItem\",\"position\":2,\"name\":\"\u0110\u0103ng k\u00fd\",\"item\":\"https:\/\/dominicaconsulateinvietnam.org\/vi\/maritime-registry\/\"},{\"@type\":\"ListItem\",\"position\":3,\"name\":\"\u0110\u0103ng k\u00fd Th\u1ebf ch\u1ea5p\"}]},{\"@type\":\"WebSite\",\"@id\":\"https:\/\/dominicaconsulateinvietnam.org\/#website\",\"url\":\"https:\/\/dominicaconsulateinvietnam.org\/\",\"name\":\"Consulate General of The Commonwealth of Dominica in Ho Chi Minh City\",\"description\":\"The Consulate is focused on maintaining, and strengthening these international relationships, and on increasing the profile of Dominica within the international community\",\"potentialAction\":[{\"@type\":\"SearchAction\",\"target\":{\"@type\":\"EntryPoint\",\"urlTemplate\":\"https:\/\/dominicaconsulateinvietnam.org\/?s={search_term_string}\"},\"query-input\":{\"@type\":\"PropertyValueSpecification\",\"valueRequired\":true,\"valueName\":\"search_term_string\"}}],\"inLanguage\":\"vi-VN\"}]}<\/script>\n<!-- \/ Yoast SEO plugin. -->","yoast_head_json":{"title":"\u0110\u0103ng k\u00fd Th\u1ebf ch\u1ea5p - Consulate General of The Commonwealth of Dominica in Ho Chi Minh City","robots":{"index":"index","follow":"follow","max-snippet":"max-snippet:-1","max-image-preview":"max-image-preview:large","max-video-preview":"max-video-preview:-1"},"canonical":"https:\/\/dominicaconsulateinvietnam.org\/vi\/maritime-registry\/dang-ky-the-chap\/","og_locale":"vi_VN","og_type":"article","og_title":"\u0110\u0103ng k\u00fd Th\u1ebf ch\u1ea5p - Consulate General of The Commonwealth of Dominica in Ho Chi Minh City","og_url":"https:\/\/dominicaconsulateinvietnam.org\/vi\/maritime-registry\/dang-ky-the-chap\/","og_site_name":"Consulate General of The Commonwealth of Dominica in Ho Chi Minh City","og_image":[{"width":768,"height":764,"url":"https:\/\/dominicaconsulateinvietnam.org\/wp-content\/uploads\/2021\/08\/DMRILogo-with-white_maritime-registry.jpg","type":"image\/jpeg"}],"twitter_card":"summary_large_image","twitter_misc":{"Est. reading time":"1 minute"},"schema":{"@context":"https:\/\/schema.org","@graph":[{"@type":"WebPage","@id":"https:\/\/dominicaconsulateinvietnam.org\/vi\/maritime-registry\/dang-ky-the-chap\/","url":"https:\/\/dominicaconsulateinvietnam.org\/vi\/maritime-registry\/dang-ky-the-chap\/","name":"\u0110\u0103ng k\u00fd Th\u1ebf ch\u1ea5p - Consulate General of The Commonwealth of Dominica in Ho Chi Minh City","isPartOf":{"@id":"https:\/\/dominicaconsulateinvietnam.org\/#website"},"primaryImageOfPage":{"@id":"https:\/\/dominicaconsulateinvietnam.org\/vi\/maritime-registry\/dang-ky-the-chap\/#primaryimage"},"image":{"@id":"https:\/\/dominicaconsulateinvietnam.org\/vi\/maritime-registry\/dang-ky-the-chap\/#primaryimage"},"thumbnailUrl":"https:\/\/dominicaconsulateinvietnam.org\/wp-content\/uploads\/2021\/08\/DMRILogo-with-white_maritime-registry.jpg","datePublished":"2021-09-27T08:15:16+00:00","breadcrumb":{"@id":"https:\/\/dominicaconsulateinvietnam.org\/vi\/maritime-registry\/dang-ky-the-chap\/#breadcrumb"},"inLanguage":"vi-VN","potentialAction":[{"@type":"ReadAction","target":["https:\/\/dominicaconsulateinvietnam.org\/vi\/maritime-registry\/dang-ky-the-chap\/"]}]},{"@type":"ImageObject","inLanguage":"vi-VN","@id":"https:\/\/dominicaconsulateinvietnam.org\/vi\/maritime-registry\/dang-ky-the-chap\/#primaryimage","url":"https:\/\/dominicaconsulateinvietnam.org\/wp-content\/uploads\/2021\/08\/DMRILogo-with-white_maritime-registry.jpg","contentUrl":"https:\/\/dominicaconsulateinvietnam.org\/wp-content\/uploads\/2021\/08\/DMRILogo-with-white_maritime-registry.jpg","width":768,"height":764},{"@type":"BreadcrumbList","@id":"https:\/\/dominicaconsulateinvietnam.org\/vi\/maritime-registry\/dang-ky-the-chap\/#breadcrumb","itemListElement":[{"@type":"ListItem","position":1,"name":"Home","item":"https:\/\/dominicaconsulateinvietnam.org\/vi\/"},{"@type":"ListItem","position":2,"name":"\u0110\u0103ng k\u00fd","item":"https:\/\/dominicaconsulateinvietnam.org\/vi\/maritime-registry\/"},{"@type":"ListItem","position":3,"name":"\u0110\u0103ng k\u00fd Th\u1ebf ch\u1ea5p"}]},{"@type":"WebSite","@id":"https:\/\/dominicaconsulateinvietnam.org\/#website","url":"https:\/\/dominicaconsulateinvietnam.org\/","name":"Consulate General of The Commonwealth of Dominica in Ho Chi Minh City","description":"The Consulate is focused on maintaining, and strengthening these international relationships, and on increasing the profile of Dominica within the international community","potentialAction":[{"@type":"SearchAction","target":{"@type":"EntryPoint","urlTemplate":"https:\/\/dominicaconsulateinvietnam.org\/?s={search_term_string}"},"query-input":{"@type":"PropertyValueSpecification","valueRequired":true,"valueName":"search_term_string"}}],"inLanguage":"vi-VN"}]}},"_links":{"self":[{"href":"https:\/\/dominicaconsulateinvietnam.org\/vi\/wp-json\/wp\/v2\/pages\/8664","targetHints":{"allow":["GET"]}}],"collection":[{"href":"https:\/\/dominicaconsulateinvietnam.org\/vi\/wp-json\/wp\/v2\/pages"}],"about":[{"href":"https:\/\/dominicaconsulateinvietnam.org\/vi\/wp-json\/wp\/v2\/types\/page"}],"author":[{"embeddable":true,"href":"https:\/\/dominicaconsulateinvietnam.org\/vi\/wp-json\/wp\/v2\/users\/1"}],"replies":[{"embeddable":true,"href":"https:\/\/dominicaconsulateinvietnam.org\/vi\/wp-json\/wp\/v2\/comments?post=8664"}],"version-history":[{"count":1,"href":"https:\/\/dominicaconsulateinvietnam.org\/vi\/wp-json\/wp\/v2\/pages\/8664\/revisions"}],"predecessor-version":[{"id":8665,"href":"https:\/\/dominicaconsulateinvietnam.org\/vi\/wp-json\/wp\/v2\/pages\/8664\/revisions\/8665"}],"up":[{"embeddable":true,"href":"https:\/\/dominicaconsulateinvietnam.org\/vi\/wp-json\/wp\/v2\/pages\/8462"}],"wp:featuredmedia":[{"embeddable":true,"href":"https:\/\/dominicaconsulateinvietnam.org\/vi\/wp-json\/wp\/v2\/media\/8352"}],"wp:attachment":[{"href":"https:\/\/dominicaconsulateinvietnam.org\/vi\/wp-json\/wp\/v2\/media?parent=8664"}],"curies":[{"name":"wp","href":"https:\/\/api.w.org\/{rel}","templated":true}]}}