{"id":8626,"date":"2021-09-27T07:48:19","date_gmt":"2021-09-27T07:48:19","guid":{"rendered":"https:\/\/dominicaconsulateinvietnam.org\/consular-services\/lam-the-nao-de-dang-ky-so-an-sinh-xa-hoi\/"},"modified":"2021-09-27T07:48:19","modified_gmt":"2021-09-27T07:48:19","slug":"lam-the-nao-de-dang-ky-so-an-sinh-xa-hoi","status":"publish","type":"page","link":"https:\/\/dominicaconsulateinvietnam.org\/vi\/consular-services\/lam-the-nao-de-dang-ky-so-an-sinh-xa-hoi\/","title":{"rendered":"L\u00e0m th\u1ebf n\u00e0o \u0111\u1ec3 \u0111\u0103ng k\u00fd s\u1ed1 an sinh x\u00e3 h\u1ed9i?"},"content":{"rendered":"<section class=\"l-section wpb_row height_auto\"><div class=\"l-section-h i-cf\"><div class=\"g-cols vc_row via_flex valign_top type_default stacking_default\"><div class=\"vc_col-sm-12 wpb_column vc_column_container\"><div class=\"vc_column-inner\"><div class=\"wpb_wrapper\"><div class=\"wpb_text_column\"><div class=\"wpb_wrapper\"><h3>C\u00e1c th\u00f4ng tin sau l\u00e0 b\u1eaft bu\u1ed9c \u0111\u1ed1i v\u1edbi \u0111\u01a1n \u0111\u0103ng k\u00fd s\u1ed1 an sinh x\u00e3 h\u1ed9i:<\/h3>\n<ul>\n<li>Th\u00f4ng tin li\u00ean l\u1ea1c \u0111\u1ea7y \u0111\u1ee7: (t\u00ean, t\u00ean khi ch\u01b0a k\u1ebft h\u00f4n, \u0111\u1ecba ch\u1ec9 n\u01a1i c\u01b0 tr\u00fa, ng\u00e0y v\u00e0 n\u01a1i sinh, qu\u1ed1c t\u1ecbch, \u0111\u1ecba ch\u1ec9 th\u01b0 \u0111i\u1ec7n t\u1eed, s\u1ed1 an sinh x\u00e3 h\u1ed9i, s\u1ed1 \u0111i\u1ec7n tho\u1ea1i)<\/li>\n<li>T\u00ecnh tr\u1ea1ng h\u00f4n nh\u00e2n<\/li>\n<li>Tr\u00ecnh \u0111\u1ed9 h\u1ecdc v\u1ea5n<\/li>\n<li>Th\u00f4ng tin chi ti\u1ebft v\u1ec1 m\u1eb9 &amp; v\u1ee3\/ch\u1ed3ng (h\u1ecd, t\u00ean, t\u00ean kh\u00e1c, t\u00ean khi ch\u01b0a k\u1ebft h\u00f4n (n\u1ebfu \u0111\u00e3 k\u1ebft h\u00f4n))<\/li>\n<li>Th\u00f4ng tin chi ti\u1ebft v\u1ec1 vi\u1ec7c l\u00e0m (ngh\u1ec1 nghi\u1ec7p, t\u00ean c\u1ee7a ng\u01b0\u1eddi s\u1eed d\u1ee5ng lao \u0111\u1ed9ng, \u0111\u1ecba ch\u1ec9 c\u1ee7a ng\u01b0\u1eddi s\u1eed d\u1ee5ng lao \u0111\u1ed9ng, ng\u00e0y b\u1eaft \u0111\u1ea7u l\u00e0m vi\u1ec7c, m\u1ee9c l\u01b0\u01a1ng\/ti\u1ec1n c\u00f4ng, s\u1ed1 \u0111i\u1ec7n tho\u1ea1i c\u1ee7a ng\u01b0\u1eddi s\u1eed d\u1ee5ng lao \u0111\u1ed9ng)<\/li>\n<\/ul>\n<h3>C\u00e1c h\u1ed3 s\u01a1 sau \u0111\u00e2y c\u1ea7n \u0111\u01b0\u1ee3c n\u1ed9p k\u00e8m v\u1edbi \u0111\u01a1n \u0111\u0103ng k\u00fd s\u1ed1 an sinh x\u00e3 h\u1ed9i:<\/h3>\n<ul>\n<li>B\u1ea3n sao h\u1ed9 chi\u1ebfu<\/li>\n<li>Gi\u1ea5y ch\u1ee9ng nh\u1eadn nh\u1eadp t\u1ecbch<\/li>\n<li>Gi\u1ea5y khai sinh g\u1ed1c<\/li>\n<li>Ch\u1ee9ng ch\u1ec9 r\u1eeda t\u1ed9i (n\u1ebfu c\u00f3)<\/li>\n<li>Gi\u1ea5y ph\u00e9p lao \u0111\u1ed9ng (n\u1ebfu c\u00f3)<\/li>\n<li>Gi\u1ea5y ch\u1ee9ng nh\u1eadn k\u1ebft h\u00f4n (n\u1ebfu c\u00f3)<\/li>\n<li>Gi\u1ea5y ch\u1ee9ng nh\u1eadn c\u1ee7a c\u00f4ng ty (n\u1ebfu c\u00f3)<\/li>\n<\/ul>\n<p>Vui l\u00f2ng l\u01b0u \u00fd r\u1eb1ng c\u00e1c t\u00e0i li\u1ec7u b\u1eb1ng ti\u1ebfng n\u01b0\u1edbc ngo\u00e0i ph\u1ea3i \u0111\u01b0\u1ee3c n\u1ed9p k\u00e8m v\u1edbi b\u1ea3n d\u1ecbch ti\u1ebfng Anh \u0111\u00e3 \u0111\u01b0\u1ee3c ch\u1ee9ng nh\u1eadn.<\/p>\n<p>\u0110\u1ec3 bi\u1ebft th\u00eam th\u00f4ng tin chi ti\u1ebft, vui l\u00f2ng li\u00ean h\u1ec7: <a href=\"mailto:consulate@dominicaconsulateinvietnam.org\">consulate@dominicaconsulateinvietnam.org <\/a><\/p>\n<\/div><\/div><\/div><\/div><\/div><\/div><\/div><\/section>\n","protected":false},"excerpt":{"rendered":"C\u00e1c th\u00f4ng tin sau l\u00e0 b\u1eaft bu\u1ed9c \u0111\u1ed1i v\u1edbi \u0111\u01a1n \u0111\u0103ng k\u00fd s\u1ed1 an sinh x\u00e3 h\u1ed9i: Th\u00f4ng tin li\u00ean l\u1ea1c \u0111\u1ea7y \u0111\u1ee7: (t\u00ean, t\u00ean khi ch\u01b0a k\u1ebft h\u00f4n, \u0111\u1ecba ch\u1ec9 n\u01a1i c\u01b0 tr\u00fa, ng\u00e0y v\u00e0 n\u01a1i sinh, qu\u1ed1c t\u1ecbch, \u0111\u1ecba ch\u1ec9 th\u01b0 \u0111i\u1ec7n t\u1eed, s\u1ed1 an sinh x\u00e3 h\u1ed9i, s\u1ed1 \u0111i\u1ec7n tho\u1ea1i) T\u00ecnh tr\u1ea1ng...","protected":false},"author":1,"featured_media":0,"parent":8275,"menu_order":0,"comment_status":"closed","ping_status":"closed","template":"","meta":{"_acf_changed":false,"footnotes":""},"class_list":["post-8626","page","type-page","status-publish","hentry"],"acf":[],"yoast_head":"<!-- This site is optimized with the Yoast SEO plugin v27.2 - https:\/\/yoast.com\/product\/yoast-seo-wordpress\/ -->\n<title>L\u00e0m th\u1ebf n\u00e0o \u0111\u1ec3 \u0111\u0103ng k\u00fd s\u1ed1 an sinh x\u00e3 h\u1ed9i? - Consulate General of The Commonwealth of Dominica in Ho Chi Minh City<\/title>\n<meta name=\"robots\" content=\"index, follow, max-snippet:-1, max-image-preview:large, max-video-preview:-1\" \/>\n<link rel=\"canonical\" href=\"https:\/\/dominicaconsulateinvietnam.org\/vi\/consular-services\/lam-the-nao-de-dang-ky-so-an-sinh-xa-hoi\/\" \/>\n<meta property=\"og:locale\" content=\"vi_VN\" \/>\n<meta property=\"og:type\" content=\"article\" \/>\n<meta property=\"og:title\" content=\"L\u00e0m th\u1ebf n\u00e0o \u0111\u1ec3 \u0111\u0103ng k\u00fd s\u1ed1 an sinh x\u00e3 h\u1ed9i? - Consulate General of The Commonwealth of Dominica in Ho Chi Minh City\" \/>\n<meta property=\"og:url\" content=\"https:\/\/dominicaconsulateinvietnam.org\/vi\/consular-services\/lam-the-nao-de-dang-ky-so-an-sinh-xa-hoi\/\" \/>\n<meta property=\"og:site_name\" content=\"Consulate General of The Commonwealth of Dominica in Ho Chi Minh City\" \/>\n<meta name=\"twitter:card\" content=\"summary_large_image\" \/>\n<meta name=\"twitter:label1\" content=\"Est. reading time\" \/>\n\t<meta name=\"twitter:data1\" content=\"2 minutes\" \/>\n<script type=\"application\/ld+json\" class=\"yoast-schema-graph\">{\"@context\":\"https:\/\/schema.org\",\"@graph\":[{\"@type\":\"WebPage\",\"@id\":\"https:\/\/dominicaconsulateinvietnam.org\/vi\/consular-services\/lam-the-nao-de-dang-ky-so-an-sinh-xa-hoi\/\",\"url\":\"https:\/\/dominicaconsulateinvietnam.org\/vi\/consular-services\/lam-the-nao-de-dang-ky-so-an-sinh-xa-hoi\/\",\"name\":\"L\u00e0m th\u1ebf n\u00e0o \u0111\u1ec3 \u0111\u0103ng k\u00fd s\u1ed1 an sinh x\u00e3 h\u1ed9i? - Consulate General of The Commonwealth of Dominica in Ho Chi Minh City\",\"isPartOf\":{\"@id\":\"https:\/\/dominicaconsulateinvietnam.org\/#website\"},\"datePublished\":\"2021-09-27T07:48:19+00:00\",\"breadcrumb\":{\"@id\":\"https:\/\/dominicaconsulateinvietnam.org\/vi\/consular-services\/lam-the-nao-de-dang-ky-so-an-sinh-xa-hoi\/#breadcrumb\"},\"inLanguage\":\"vi-VN\",\"potentialAction\":[{\"@type\":\"ReadAction\",\"target\":[\"https:\/\/dominicaconsulateinvietnam.org\/vi\/consular-services\/lam-the-nao-de-dang-ky-so-an-sinh-xa-hoi\/\"]}]},{\"@type\":\"BreadcrumbList\",\"@id\":\"https:\/\/dominicaconsulateinvietnam.org\/vi\/consular-services\/lam-the-nao-de-dang-ky-so-an-sinh-xa-hoi\/#breadcrumb\",\"itemListElement\":[{\"@type\":\"ListItem\",\"position\":1,\"name\":\"Home\",\"item\":\"https:\/\/dominicaconsulateinvietnam.org\/vi\/\"},{\"@type\":\"ListItem\",\"position\":2,\"name\":\"D\u1ecbch v\u1ee5 l\u00e3nh s\u1ef1\",\"item\":\"https:\/\/dominicaconsulateinvietnam.org\/vi\/consular-services\/\"},{\"@type\":\"ListItem\",\"position\":3,\"name\":\"L\u00e0m th\u1ebf n\u00e0o \u0111\u1ec3 \u0111\u0103ng k\u00fd s\u1ed1 an sinh x\u00e3 h\u1ed9i?\"}]},{\"@type\":\"WebSite\",\"@id\":\"https:\/\/dominicaconsulateinvietnam.org\/#website\",\"url\":\"https:\/\/dominicaconsulateinvietnam.org\/\",\"name\":\"Consulate General of The Commonwealth of Dominica in Ho Chi Minh City\",\"description\":\"The Consulate is focused on maintaining, and strengthening these international relationships, and on increasing the profile of Dominica within the international community\",\"potentialAction\":[{\"@type\":\"SearchAction\",\"target\":{\"@type\":\"EntryPoint\",\"urlTemplate\":\"https:\/\/dominicaconsulateinvietnam.org\/?s={search_term_string}\"},\"query-input\":{\"@type\":\"PropertyValueSpecification\",\"valueRequired\":true,\"valueName\":\"search_term_string\"}}],\"inLanguage\":\"vi-VN\"}]}<\/script>\n<!-- \/ Yoast SEO plugin. -->","yoast_head_json":{"title":"L\u00e0m th\u1ebf n\u00e0o \u0111\u1ec3 \u0111\u0103ng k\u00fd s\u1ed1 an sinh x\u00e3 h\u1ed9i? - Consulate General of The Commonwealth of Dominica in Ho Chi Minh City","robots":{"index":"index","follow":"follow","max-snippet":"max-snippet:-1","max-image-preview":"max-image-preview:large","max-video-preview":"max-video-preview:-1"},"canonical":"https:\/\/dominicaconsulateinvietnam.org\/vi\/consular-services\/lam-the-nao-de-dang-ky-so-an-sinh-xa-hoi\/","og_locale":"vi_VN","og_type":"article","og_title":"L\u00e0m th\u1ebf n\u00e0o \u0111\u1ec3 \u0111\u0103ng k\u00fd s\u1ed1 an sinh x\u00e3 h\u1ed9i? - Consulate General of The Commonwealth of Dominica in Ho Chi Minh City","og_url":"https:\/\/dominicaconsulateinvietnam.org\/vi\/consular-services\/lam-the-nao-de-dang-ky-so-an-sinh-xa-hoi\/","og_site_name":"Consulate General of The Commonwealth of Dominica in Ho Chi Minh City","twitter_card":"summary_large_image","twitter_misc":{"Est. reading time":"2 minutes"},"schema":{"@context":"https:\/\/schema.org","@graph":[{"@type":"WebPage","@id":"https:\/\/dominicaconsulateinvietnam.org\/vi\/consular-services\/lam-the-nao-de-dang-ky-so-an-sinh-xa-hoi\/","url":"https:\/\/dominicaconsulateinvietnam.org\/vi\/consular-services\/lam-the-nao-de-dang-ky-so-an-sinh-xa-hoi\/","name":"L\u00e0m th\u1ebf n\u00e0o \u0111\u1ec3 \u0111\u0103ng k\u00fd s\u1ed1 an sinh x\u00e3 h\u1ed9i? - Consulate General of The Commonwealth of Dominica in Ho Chi Minh City","isPartOf":{"@id":"https:\/\/dominicaconsulateinvietnam.org\/#website"},"datePublished":"2021-09-27T07:48:19+00:00","breadcrumb":{"@id":"https:\/\/dominicaconsulateinvietnam.org\/vi\/consular-services\/lam-the-nao-de-dang-ky-so-an-sinh-xa-hoi\/#breadcrumb"},"inLanguage":"vi-VN","potentialAction":[{"@type":"ReadAction","target":["https:\/\/dominicaconsulateinvietnam.org\/vi\/consular-services\/lam-the-nao-de-dang-ky-so-an-sinh-xa-hoi\/"]}]},{"@type":"BreadcrumbList","@id":"https:\/\/dominicaconsulateinvietnam.org\/vi\/consular-services\/lam-the-nao-de-dang-ky-so-an-sinh-xa-hoi\/#breadcrumb","itemListElement":[{"@type":"ListItem","position":1,"name":"Home","item":"https:\/\/dominicaconsulateinvietnam.org\/vi\/"},{"@type":"ListItem","position":2,"name":"D\u1ecbch v\u1ee5 l\u00e3nh s\u1ef1","item":"https:\/\/dominicaconsulateinvietnam.org\/vi\/consular-services\/"},{"@type":"ListItem","position":3,"name":"L\u00e0m th\u1ebf n\u00e0o \u0111\u1ec3 \u0111\u0103ng k\u00fd s\u1ed1 an sinh x\u00e3 h\u1ed9i?"}]},{"@type":"WebSite","@id":"https:\/\/dominicaconsulateinvietnam.org\/#website","url":"https:\/\/dominicaconsulateinvietnam.org\/","name":"Consulate General of The Commonwealth of Dominica in Ho Chi Minh City","description":"The Consulate is focused on maintaining, and strengthening these international relationships, and on increasing the profile of Dominica within the international community","potentialAction":[{"@type":"SearchAction","target":{"@type":"EntryPoint","urlTemplate":"https:\/\/dominicaconsulateinvietnam.org\/?s={search_term_string}"},"query-input":{"@type":"PropertyValueSpecification","valueRequired":true,"valueName":"search_term_string"}}],"inLanguage":"vi-VN"}]}},"_links":{"self":[{"href":"https:\/\/dominicaconsulateinvietnam.org\/vi\/wp-json\/wp\/v2\/pages\/8626","targetHints":{"allow":["GET"]}}],"collection":[{"href":"https:\/\/dominicaconsulateinvietnam.org\/vi\/wp-json\/wp\/v2\/pages"}],"about":[{"href":"https:\/\/dominicaconsulateinvietnam.org\/vi\/wp-json\/wp\/v2\/types\/page"}],"author":[{"embeddable":true,"href":"https:\/\/dominicaconsulateinvietnam.org\/vi\/wp-json\/wp\/v2\/users\/1"}],"replies":[{"embeddable":true,"href":"https:\/\/dominicaconsulateinvietnam.org\/vi\/wp-json\/wp\/v2\/comments?post=8626"}],"version-history":[{"count":2,"href":"https:\/\/dominicaconsulateinvietnam.org\/vi\/wp-json\/wp\/v2\/pages\/8626\/revisions"}],"predecessor-version":[{"id":8628,"href":"https:\/\/dominicaconsulateinvietnam.org\/vi\/wp-json\/wp\/v2\/pages\/8626\/revisions\/8628"}],"up":[{"embeddable":true,"href":"https:\/\/dominicaconsulateinvietnam.org\/vi\/wp-json\/wp\/v2\/pages\/8275"}],"wp:attachment":[{"href":"https:\/\/dominicaconsulateinvietnam.org\/vi\/wp-json\/wp\/v2\/media?parent=8626"}],"curies":[{"name":"wp","href":"https:\/\/api.w.org\/{rel}","templated":true}]}}