{"id":8623,"date":"2021-09-27T07:43:10","date_gmt":"2021-09-27T07:43:10","guid":{"rendered":"https:\/\/dominicaconsulateinvietnam.org\/consular-services\/lam-the-nao-de-dang-ky-ma-so-thue\/"},"modified":"2021-09-27T07:43:12","modified_gmt":"2021-09-27T07:43:12","slug":"lam-the-nao-de-dang-ky-ma-so-thue","status":"publish","type":"page","link":"https:\/\/dominicaconsulateinvietnam.org\/vi\/consular-services\/lam-the-nao-de-dang-ky-ma-so-thue\/","title":{"rendered":"L\u00e0m th\u1ebf n\u00e0o \u0111\u1ec3 \u0111\u0103ng k\u00fd m\u00e3 s\u1ed1 thu\u1ebf?"},"content":{"rendered":"<section class=\"l-section wpb_row height_auto\"><div class=\"l-section-h i-cf\"><div class=\"g-cols vc_row via_flex valign_top type_default stacking_default\"><div class=\"vc_col-sm-12 wpb_column vc_column_container\"><div class=\"vc_column-inner\"><div class=\"wpb_wrapper\"><div class=\"wpb_text_column\"><div class=\"wpb_wrapper\"><h4>M\u00e3 s\u1ed1 thu\u1ebf (TIN) c\u1ee7a C\u1ed9ng \u0111\u1ed3ng Th\u1ecbnh v\u01b0\u1ee3ng Dominica<\/h4>\n<p>M\u00e3 s\u1ed1 nh\u1eadn d\u1ea1ng ng\u01b0\u1eddi n\u1ed9p thu\u1ebf (TIN) l\u00e0 m\u1ed9t con s\u1ed1 \u0111\u1ecbnh d\u1ea1ng, n\u00f3 l\u00e0 m\u00e3 s\u1ed1 x\u1eed l\u00fd thu\u1ebf ch\u1ec9 d\u00e0nh cho m\u1ed9t s\u1ed1 c\u00f4ng d\u00e2n \/ ng\u01b0\u1eddi n\u01b0\u1edbc ngo\u00e0i kh\u00f4ng c\u01b0 tr\u00fa ho\u1eb7c th\u01b0\u1eddng tr\u00fa, v\u1ee3 \/ ch\u1ed3ng v\u00e0 ng\u01b0\u1eddi ph\u1ee5 thu\u1ed9c c\u1ee7a h\u1ecd, m\u00e0 kh\u00f4ng c\u00f3 s\u1ed1 an sinh x\u00e3 h\u1ed9i (SSN) nh\u01b0ng c\u00f3 ngh\u0129a v\u1ee5 n\u1ed9p t\u1edd khai thu\u1ebf.<\/p>\n<p>\u0110\u1ec3 \u0111\u01b0\u1ee3c c\u1ea5p m\u00e3 s\u1ed1 thu\u1ebf, ng\u01b0\u1eddi n\u1ed9p \u0111\u01a1n c\u1ea7n xu\u1ea5t tr\u00ecnh gi\u1ea5y ch\u1ee9ng nh\u1eadn \u0111\u0103ng k\u00fd v\u00e0 \u0111i\u1ec1n v\u00e0o m\u1ed9t bi\u1ec3u m\u1eabu \u0111\u01a1n gi\u1ea3n.<\/p>\n<p>C\u01a1 quan thu\u1ebf c\u1ee7a Dominica c\u1ea5p m\u00e3 s\u1ed1 thu\u1ebf ngay l\u1eadp t\u1ee9c.<\/p>\n<\/div><\/div><\/div><\/div><\/div><\/div><\/div><\/section>\n","protected":false},"excerpt":{"rendered":"M\u00e3 s\u1ed1 thu\u1ebf (TIN) c\u1ee7a C\u1ed9ng \u0111\u1ed3ng Th\u1ecbnh v\u01b0\u1ee3ng Dominica M\u00e3 s\u1ed1 nh\u1eadn d\u1ea1ng ng\u01b0\u1eddi n\u1ed9p thu\u1ebf (TIN) l\u00e0 m\u1ed9t con s\u1ed1 \u0111\u1ecbnh d\u1ea1ng, n\u00f3 l\u00e0 m\u00e3 s\u1ed1 x\u1eed l\u00fd thu\u1ebf ch\u1ec9 d\u00e0nh cho m\u1ed9t s\u1ed1 c\u00f4ng d\u00e2n \/ ng\u01b0\u1eddi n\u01b0\u1edbc ngo\u00e0i kh\u00f4ng c\u01b0 tr\u00fa ho\u1eb7c th\u01b0\u1eddng tr\u00fa, v\u1ee3 \/ ch\u1ed3ng v\u00e0 ng\u01b0\u1eddi ph\u1ee5 thu\u1ed9c...","protected":false},"author":1,"featured_media":8276,"parent":8275,"menu_order":0,"comment_status":"closed","ping_status":"closed","template":"","meta":{"_acf_changed":false,"footnotes":""},"class_list":["post-8623","page","type-page","status-publish","has-post-thumbnail","hentry"],"acf":[],"yoast_head":"<!-- This site is optimized with the Yoast SEO plugin v27.2 - https:\/\/yoast.com\/product\/yoast-seo-wordpress\/ -->\n<title>L\u00e0m th\u1ebf n\u00e0o \u0111\u1ec3 \u0111\u0103ng k\u00fd m\u00e3 s\u1ed1 thu\u1ebf? - Consulate General of The Commonwealth of Dominica in Ho Chi Minh City<\/title>\n<meta name=\"robots\" content=\"index, follow, max-snippet:-1, max-image-preview:large, max-video-preview:-1\" \/>\n<link rel=\"canonical\" href=\"https:\/\/dominicaconsulateinvietnam.org\/vi\/consular-services\/lam-the-nao-de-dang-ky-ma-so-thue\/\" \/>\n<meta property=\"og:locale\" content=\"vi_VN\" \/>\n<meta property=\"og:type\" content=\"article\" \/>\n<meta property=\"og:title\" content=\"L\u00e0m th\u1ebf n\u00e0o \u0111\u1ec3 \u0111\u0103ng k\u00fd m\u00e3 s\u1ed1 thu\u1ebf? - Consulate General of The Commonwealth of Dominica in Ho Chi Minh City\" \/>\n<meta property=\"og:url\" content=\"https:\/\/dominicaconsulateinvietnam.org\/vi\/consular-services\/lam-the-nao-de-dang-ky-ma-so-thue\/\" \/>\n<meta property=\"og:site_name\" content=\"Consulate General of The Commonwealth of Dominica in Ho Chi Minh City\" \/>\n<meta property=\"article:modified_time\" content=\"2021-09-27T07:43:12+00:00\" \/>\n<meta property=\"og:image\" content=\"https:\/\/dominicaconsulateinvietnam.org\/wp-content\/uploads\/2021\/08\/Consular-Service-image.jpg\" \/>\n\t<meta property=\"og:image:width\" content=\"1600\" \/>\n\t<meta property=\"og:image:height\" content=\"700\" \/>\n\t<meta property=\"og:image:type\" content=\"image\/jpeg\" \/>\n<meta name=\"twitter:card\" content=\"summary_large_image\" \/>\n<meta name=\"twitter:label1\" content=\"Est. reading time\" \/>\n\t<meta name=\"twitter:data1\" content=\"1 minute\" \/>\n<script type=\"application\/ld+json\" class=\"yoast-schema-graph\">{\"@context\":\"https:\/\/schema.org\",\"@graph\":[{\"@type\":\"WebPage\",\"@id\":\"https:\/\/dominicaconsulateinvietnam.org\/vi\/consular-services\/lam-the-nao-de-dang-ky-ma-so-thue\/\",\"url\":\"https:\/\/dominicaconsulateinvietnam.org\/vi\/consular-services\/lam-the-nao-de-dang-ky-ma-so-thue\/\",\"name\":\"L\u00e0m th\u1ebf n\u00e0o \u0111\u1ec3 \u0111\u0103ng k\u00fd m\u00e3 s\u1ed1 thu\u1ebf? - Consulate General of The Commonwealth of Dominica in Ho Chi Minh City\",\"isPartOf\":{\"@id\":\"https:\/\/dominicaconsulateinvietnam.org\/#website\"},\"primaryImageOfPage\":{\"@id\":\"https:\/\/dominicaconsulateinvietnam.org\/vi\/consular-services\/lam-the-nao-de-dang-ky-ma-so-thue\/#primaryimage\"},\"image\":{\"@id\":\"https:\/\/dominicaconsulateinvietnam.org\/vi\/consular-services\/lam-the-nao-de-dang-ky-ma-so-thue\/#primaryimage\"},\"thumbnailUrl\":\"https:\/\/dominicaconsulateinvietnam.org\/wp-content\/uploads\/2021\/08\/Consular-Service-image.jpg\",\"datePublished\":\"2021-09-27T07:43:10+00:00\",\"dateModified\":\"2021-09-27T07:43:12+00:00\",\"breadcrumb\":{\"@id\":\"https:\/\/dominicaconsulateinvietnam.org\/vi\/consular-services\/lam-the-nao-de-dang-ky-ma-so-thue\/#breadcrumb\"},\"inLanguage\":\"vi-VN\",\"potentialAction\":[{\"@type\":\"ReadAction\",\"target\":[\"https:\/\/dominicaconsulateinvietnam.org\/vi\/consular-services\/lam-the-nao-de-dang-ky-ma-so-thue\/\"]}]},{\"@type\":\"ImageObject\",\"inLanguage\":\"vi-VN\",\"@id\":\"https:\/\/dominicaconsulateinvietnam.org\/vi\/consular-services\/lam-the-nao-de-dang-ky-ma-so-thue\/#primaryimage\",\"url\":\"https:\/\/dominicaconsulateinvietnam.org\/wp-content\/uploads\/2021\/08\/Consular-Service-image.jpg\",\"contentUrl\":\"https:\/\/dominicaconsulateinvietnam.org\/wp-content\/uploads\/2021\/08\/Consular-Service-image.jpg\",\"width\":1600,\"height\":700},{\"@type\":\"BreadcrumbList\",\"@id\":\"https:\/\/dominicaconsulateinvietnam.org\/vi\/consular-services\/lam-the-nao-de-dang-ky-ma-so-thue\/#breadcrumb\",\"itemListElement\":[{\"@type\":\"ListItem\",\"position\":1,\"name\":\"Home\",\"item\":\"https:\/\/dominicaconsulateinvietnam.org\/vi\/\"},{\"@type\":\"ListItem\",\"position\":2,\"name\":\"D\u1ecbch v\u1ee5 l\u00e3nh s\u1ef1\",\"item\":\"https:\/\/dominicaconsulateinvietnam.org\/vi\/consular-services\/\"},{\"@type\":\"ListItem\",\"position\":3,\"name\":\"L\u00e0m th\u1ebf n\u00e0o \u0111\u1ec3 \u0111\u0103ng k\u00fd m\u00e3 s\u1ed1 thu\u1ebf?\"}]},{\"@type\":\"WebSite\",\"@id\":\"https:\/\/dominicaconsulateinvietnam.org\/#website\",\"url\":\"https:\/\/dominicaconsulateinvietnam.org\/\",\"name\":\"Consulate General of The Commonwealth of Dominica in Ho Chi Minh City\",\"description\":\"The Consulate is focused on maintaining, and strengthening these international relationships, and on increasing the profile of Dominica within the international community\",\"potentialAction\":[{\"@type\":\"SearchAction\",\"target\":{\"@type\":\"EntryPoint\",\"urlTemplate\":\"https:\/\/dominicaconsulateinvietnam.org\/?s={search_term_string}\"},\"query-input\":{\"@type\":\"PropertyValueSpecification\",\"valueRequired\":true,\"valueName\":\"search_term_string\"}}],\"inLanguage\":\"vi-VN\"}]}<\/script>\n<!-- \/ Yoast SEO plugin. -->","yoast_head_json":{"title":"L\u00e0m th\u1ebf n\u00e0o \u0111\u1ec3 \u0111\u0103ng k\u00fd m\u00e3 s\u1ed1 thu\u1ebf? - Consulate General of The Commonwealth of Dominica in Ho Chi Minh City","robots":{"index":"index","follow":"follow","max-snippet":"max-snippet:-1","max-image-preview":"max-image-preview:large","max-video-preview":"max-video-preview:-1"},"canonical":"https:\/\/dominicaconsulateinvietnam.org\/vi\/consular-services\/lam-the-nao-de-dang-ky-ma-so-thue\/","og_locale":"vi_VN","og_type":"article","og_title":"L\u00e0m th\u1ebf n\u00e0o \u0111\u1ec3 \u0111\u0103ng k\u00fd m\u00e3 s\u1ed1 thu\u1ebf? - Consulate General of The Commonwealth of Dominica in Ho Chi Minh City","og_url":"https:\/\/dominicaconsulateinvietnam.org\/vi\/consular-services\/lam-the-nao-de-dang-ky-ma-so-thue\/","og_site_name":"Consulate General of The Commonwealth of Dominica in Ho Chi Minh City","article_modified_time":"2021-09-27T07:43:12+00:00","og_image":[{"width":1600,"height":700,"url":"https:\/\/dominicaconsulateinvietnam.org\/wp-content\/uploads\/2021\/08\/Consular-Service-image.jpg","type":"image\/jpeg"}],"twitter_card":"summary_large_image","twitter_misc":{"Est. reading time":"1 minute"},"schema":{"@context":"https:\/\/schema.org","@graph":[{"@type":"WebPage","@id":"https:\/\/dominicaconsulateinvietnam.org\/vi\/consular-services\/lam-the-nao-de-dang-ky-ma-so-thue\/","url":"https:\/\/dominicaconsulateinvietnam.org\/vi\/consular-services\/lam-the-nao-de-dang-ky-ma-so-thue\/","name":"L\u00e0m th\u1ebf n\u00e0o \u0111\u1ec3 \u0111\u0103ng k\u00fd m\u00e3 s\u1ed1 thu\u1ebf? - Consulate General of The Commonwealth of Dominica in Ho Chi Minh City","isPartOf":{"@id":"https:\/\/dominicaconsulateinvietnam.org\/#website"},"primaryImageOfPage":{"@id":"https:\/\/dominicaconsulateinvietnam.org\/vi\/consular-services\/lam-the-nao-de-dang-ky-ma-so-thue\/#primaryimage"},"image":{"@id":"https:\/\/dominicaconsulateinvietnam.org\/vi\/consular-services\/lam-the-nao-de-dang-ky-ma-so-thue\/#primaryimage"},"thumbnailUrl":"https:\/\/dominicaconsulateinvietnam.org\/wp-content\/uploads\/2021\/08\/Consular-Service-image.jpg","datePublished":"2021-09-27T07:43:10+00:00","dateModified":"2021-09-27T07:43:12+00:00","breadcrumb":{"@id":"https:\/\/dominicaconsulateinvietnam.org\/vi\/consular-services\/lam-the-nao-de-dang-ky-ma-so-thue\/#breadcrumb"},"inLanguage":"vi-VN","potentialAction":[{"@type":"ReadAction","target":["https:\/\/dominicaconsulateinvietnam.org\/vi\/consular-services\/lam-the-nao-de-dang-ky-ma-so-thue\/"]}]},{"@type":"ImageObject","inLanguage":"vi-VN","@id":"https:\/\/dominicaconsulateinvietnam.org\/vi\/consular-services\/lam-the-nao-de-dang-ky-ma-so-thue\/#primaryimage","url":"https:\/\/dominicaconsulateinvietnam.org\/wp-content\/uploads\/2021\/08\/Consular-Service-image.jpg","contentUrl":"https:\/\/dominicaconsulateinvietnam.org\/wp-content\/uploads\/2021\/08\/Consular-Service-image.jpg","width":1600,"height":700},{"@type":"BreadcrumbList","@id":"https:\/\/dominicaconsulateinvietnam.org\/vi\/consular-services\/lam-the-nao-de-dang-ky-ma-so-thue\/#breadcrumb","itemListElement":[{"@type":"ListItem","position":1,"name":"Home","item":"https:\/\/dominicaconsulateinvietnam.org\/vi\/"},{"@type":"ListItem","position":2,"name":"D\u1ecbch v\u1ee5 l\u00e3nh s\u1ef1","item":"https:\/\/dominicaconsulateinvietnam.org\/vi\/consular-services\/"},{"@type":"ListItem","position":3,"name":"L\u00e0m th\u1ebf n\u00e0o \u0111\u1ec3 \u0111\u0103ng k\u00fd m\u00e3 s\u1ed1 thu\u1ebf?"}]},{"@type":"WebSite","@id":"https:\/\/dominicaconsulateinvietnam.org\/#website","url":"https:\/\/dominicaconsulateinvietnam.org\/","name":"Consulate General of The Commonwealth of Dominica in Ho Chi Minh City","description":"The Consulate is focused on maintaining, and strengthening these international relationships, and on increasing the profile of Dominica within the international community","potentialAction":[{"@type":"SearchAction","target":{"@type":"EntryPoint","urlTemplate":"https:\/\/dominicaconsulateinvietnam.org\/?s={search_term_string}"},"query-input":{"@type":"PropertyValueSpecification","valueRequired":true,"valueName":"search_term_string"}}],"inLanguage":"vi-VN"}]}},"_links":{"self":[{"href":"https:\/\/dominicaconsulateinvietnam.org\/vi\/wp-json\/wp\/v2\/pages\/8623","targetHints":{"allow":["GET"]}}],"collection":[{"href":"https:\/\/dominicaconsulateinvietnam.org\/vi\/wp-json\/wp\/v2\/pages"}],"about":[{"href":"https:\/\/dominicaconsulateinvietnam.org\/vi\/wp-json\/wp\/v2\/types\/page"}],"author":[{"embeddable":true,"href":"https:\/\/dominicaconsulateinvietnam.org\/vi\/wp-json\/wp\/v2\/users\/1"}],"replies":[{"embeddable":true,"href":"https:\/\/dominicaconsulateinvietnam.org\/vi\/wp-json\/wp\/v2\/comments?post=8623"}],"version-history":[{"count":2,"href":"https:\/\/dominicaconsulateinvietnam.org\/vi\/wp-json\/wp\/v2\/pages\/8623\/revisions"}],"predecessor-version":[{"id":8625,"href":"https:\/\/dominicaconsulateinvietnam.org\/vi\/wp-json\/wp\/v2\/pages\/8623\/revisions\/8625"}],"up":[{"embeddable":true,"href":"https:\/\/dominicaconsulateinvietnam.org\/vi\/wp-json\/wp\/v2\/pages\/8275"}],"wp:featuredmedia":[{"embeddable":true,"href":"https:\/\/dominicaconsulateinvietnam.org\/vi\/wp-json\/wp\/v2\/media\/8276"}],"wp:attachment":[{"href":"https:\/\/dominicaconsulateinvietnam.org\/vi\/wp-json\/wp\/v2\/media?parent=8623"}],"curies":[{"name":"wp","href":"https:\/\/api.w.org\/{rel}","templated":true}]}}