{"id":8618,"date":"2021-09-27T07:38:00","date_gmt":"2021-09-27T07:38:00","guid":{"rendered":"https:\/\/dominicaconsulateinvietnam.org\/citizenship-by-investment\/giay-chung-nhan-nhan-tho-cho-nguoi-huong-luong-huu-cua-chinh-phu\/"},"modified":"2021-09-27T07:38:00","modified_gmt":"2021-09-27T07:38:00","slug":"giay-chung-nhan-nhan-tho-cho-nguoi-huong-luong-huu-cua-chinh-phu","status":"publish","type":"page","link":"https:\/\/dominicaconsulateinvietnam.org\/vi\/consular-services\/giay-chung-nhan-nhan-tho-cho-nguoi-huong-luong-huu-cua-chinh-phu\/","title":{"rendered":"Gi\u1ea5y ch\u1ee9ng nh\u1eadn nh\u00e2n th\u1ecd cho ng\u01b0\u1eddi h\u01b0\u1edfng l\u01b0\u01a1ng h\u01b0u c\u1ee7a Ch\u00ednh ph\u1ee7"},"content":{"rendered":"<section class=\"l-section wpb_row height_auto\"><div class=\"l-section-h i-cf\"><div class=\"g-cols vc_row via_flex valign_top type_default stacking_default\"><div class=\"vc_col-sm-12 wpb_column vc_column_container\"><div class=\"vc_column-inner\"><div class=\"wpb_wrapper\"><div class=\"wpb_text_column\"><div class=\"wpb_wrapper\"><p>T\u1ea5t c\u1ea3 Ng\u01b0\u1eddi h\u01b0\u1edfng l\u01b0\u01a1ng h\u01b0u c\u1ee7a Ch\u00ednh ph\u1ee7 ph\u1ea3i ho\u00e0n th\u00e0nh v\u00e0 n\u1ed9p Gi\u1ea5y ch\u1ee9ng nh\u1eadn nh\u00e2n th\u1ecd hai l\u1ea7n m\u1ed9t n\u0103m. Ch\u1ee9ng ch\u1ec9 Nh\u00e2n th\u1ecd \u0111\u01b0\u1ee3c s\u1eed d\u1ee5ng \u0111\u1ec3 c\u1eadp nh\u1eadt d\u1eef li\u1ec7u v\u1ec1 Ng\u01b0\u1eddi h\u01b0\u1edfng l\u01b0\u01a1ng h\u01b0u c\u1ee7a Ch\u00ednh ph\u1ee7. C\u00e1c Ch\u1ee9ng ch\u1ec9 Nh\u00e2n th\u1ecd \u0111\u00e3 ho\u00e0n th\u00e0nh ph\u1ea3i \u0111\u01b0\u1ee3c n\u1ed9p l\u1ea1i cho B\u1ed9 Ng\u00e2n kh\u1ed1 tr\u01b0\u1edbc ng\u00e0y 30 th\u00e1ng 6 v\u00e0 tr\u01b0\u1edbc ng\u00e0y 31 th\u00e1ng 12 h\u00e0ng n\u0103m.<\/p>\n<p><a href=\"https:\/\/dominicaconsulateinvietnam.org\/wp-content\/uploads\/2021\/09\/life_certificate_form_Dominica.pdf\">M\u1eabu Gi\u1ea5y ch\u1ee9ng nh\u1eadn nh\u00e2n th\u1ecd<\/a> (PDF, 44,1 KB).<\/p>\n<p>\u0110\u1ec3 bi\u1ebft th\u00eam th\u00f4ng tin, li\u00ean l\u1ea1c:  <\/p>\n<p>Treasury Department<br \/>\n1st Floor, Treasury Building<br \/>\nHillsborough Street<br \/>\nRoseau<br \/>\nCommonwealth of Dominica<br \/>\nTelephone: (767) 266-3311<br \/>\nE-mail: <a href=\"mailto:treasury@dominica.gov.dm\">treasury@dominica.gov.dm<\/a><\/p>\n<\/div><\/div><\/div><\/div><\/div><\/div><\/div><\/section>\n","protected":false},"excerpt":{"rendered":"T\u1ea5t c\u1ea3 Ng\u01b0\u1eddi h\u01b0\u1edfng l\u01b0\u01a1ng h\u01b0u c\u1ee7a Ch\u00ednh ph\u1ee7 ph\u1ea3i ho\u00e0n th\u00e0nh v\u00e0 n\u1ed9p Gi\u1ea5y ch\u1ee9ng nh\u1eadn nh\u00e2n th\u1ecd hai l\u1ea7n m\u1ed9t n\u0103m. Ch\u1ee9ng ch\u1ec9 Nh\u00e2n th\u1ecd \u0111\u01b0\u1ee3c s\u1eed d\u1ee5ng \u0111\u1ec3 c\u1eadp nh\u1eadt d\u1eef li\u1ec7u v\u1ec1 Ng\u01b0\u1eddi h\u01b0\u1edfng l\u01b0\u01a1ng h\u01b0u c\u1ee7a Ch\u00ednh ph\u1ee7. C\u00e1c Ch\u1ee9ng ch\u1ec9 Nh\u00e2n th\u1ecd \u0111\u00e3 ho\u00e0n th\u00e0nh ph\u1ea3i \u0111\u01b0\u1ee3c n\u1ed9p l\u1ea1i...","protected":false},"author":1,"featured_media":8261,"parent":8275,"menu_order":0,"comment_status":"closed","ping_status":"closed","template":"","meta":{"_acf_changed":false,"footnotes":""},"class_list":["post-8618","page","type-page","status-publish","has-post-thumbnail","hentry"],"acf":[],"yoast_head":"<!-- This site is optimized with the Yoast SEO plugin v27.2 - https:\/\/yoast.com\/product\/yoast-seo-wordpress\/ -->\n<title>Gi\u1ea5y ch\u1ee9ng nh\u1eadn nh\u00e2n th\u1ecd cho ng\u01b0\u1eddi h\u01b0\u1edfng l\u01b0\u01a1ng h\u01b0u c\u1ee7a Ch\u00ednh ph\u1ee7 - Consulate General of The Commonwealth of Dominica in Ho Chi Minh City<\/title>\n<meta name=\"robots\" content=\"index, follow, max-snippet:-1, max-image-preview:large, max-video-preview:-1\" \/>\n<link rel=\"canonical\" href=\"https:\/\/dominicaconsulateinvietnam.org\/vi\/consular-services\/giay-chung-nhan-nhan-tho-cho-nguoi-huong-luong-huu-cua-chinh-phu\/\" \/>\n<meta property=\"og:locale\" content=\"vi_VN\" \/>\n<meta property=\"og:type\" content=\"article\" \/>\n<meta property=\"og:title\" content=\"Gi\u1ea5y ch\u1ee9ng nh\u1eadn nh\u00e2n th\u1ecd cho ng\u01b0\u1eddi h\u01b0\u1edfng l\u01b0\u01a1ng h\u01b0u c\u1ee7a Ch\u00ednh ph\u1ee7 - Consulate General of The Commonwealth of Dominica in Ho Chi Minh City\" \/>\n<meta property=\"og:url\" content=\"https:\/\/dominicaconsulateinvietnam.org\/vi\/consular-services\/giay-chung-nhan-nhan-tho-cho-nguoi-huong-luong-huu-cua-chinh-phu\/\" \/>\n<meta property=\"og:site_name\" content=\"Consulate General of The Commonwealth of Dominica in Ho Chi Minh City\" \/>\n<meta property=\"og:image\" content=\"https:\/\/dominicaconsulateinvietnam.org\/wp-content\/uploads\/2021\/08\/Dominica-passport-image-for-CBI-page.jpg\" \/>\n\t<meta property=\"og:image:width\" content=\"960\" \/>\n\t<meta property=\"og:image:height\" content=\"400\" \/>\n\t<meta property=\"og:image:type\" content=\"image\/jpeg\" \/>\n<meta name=\"twitter:card\" content=\"summary_large_image\" \/>\n<meta name=\"twitter:label1\" content=\"Est. reading time\" \/>\n\t<meta name=\"twitter:data1\" content=\"1 minute\" \/>\n<script type=\"application\/ld+json\" class=\"yoast-schema-graph\">{\"@context\":\"https:\/\/schema.org\",\"@graph\":[{\"@type\":\"WebPage\",\"@id\":\"https:\/\/dominicaconsulateinvietnam.org\/vi\/consular-services\/giay-chung-nhan-nhan-tho-cho-nguoi-huong-luong-huu-cua-chinh-phu\/\",\"url\":\"https:\/\/dominicaconsulateinvietnam.org\/vi\/consular-services\/giay-chung-nhan-nhan-tho-cho-nguoi-huong-luong-huu-cua-chinh-phu\/\",\"name\":\"Gi\u1ea5y ch\u1ee9ng nh\u1eadn nh\u00e2n th\u1ecd cho ng\u01b0\u1eddi h\u01b0\u1edfng l\u01b0\u01a1ng h\u01b0u c\u1ee7a Ch\u00ednh ph\u1ee7 - Consulate General of The Commonwealth of Dominica in Ho Chi Minh City\",\"isPartOf\":{\"@id\":\"https:\/\/dominicaconsulateinvietnam.org\/#website\"},\"primaryImageOfPage\":{\"@id\":\"https:\/\/dominicaconsulateinvietnam.org\/vi\/consular-services\/giay-chung-nhan-nhan-tho-cho-nguoi-huong-luong-huu-cua-chinh-phu\/#primaryimage\"},\"image\":{\"@id\":\"https:\/\/dominicaconsulateinvietnam.org\/vi\/consular-services\/giay-chung-nhan-nhan-tho-cho-nguoi-huong-luong-huu-cua-chinh-phu\/#primaryimage\"},\"thumbnailUrl\":\"https:\/\/dominicaconsulateinvietnam.org\/wp-content\/uploads\/2021\/08\/Dominica-passport-image-for-CBI-page.jpg\",\"datePublished\":\"2021-09-27T07:38:00+00:00\",\"breadcrumb\":{\"@id\":\"https:\/\/dominicaconsulateinvietnam.org\/vi\/consular-services\/giay-chung-nhan-nhan-tho-cho-nguoi-huong-luong-huu-cua-chinh-phu\/#breadcrumb\"},\"inLanguage\":\"vi-VN\",\"potentialAction\":[{\"@type\":\"ReadAction\",\"target\":[\"https:\/\/dominicaconsulateinvietnam.org\/vi\/consular-services\/giay-chung-nhan-nhan-tho-cho-nguoi-huong-luong-huu-cua-chinh-phu\/\"]}]},{\"@type\":\"ImageObject\",\"inLanguage\":\"vi-VN\",\"@id\":\"https:\/\/dominicaconsulateinvietnam.org\/vi\/consular-services\/giay-chung-nhan-nhan-tho-cho-nguoi-huong-luong-huu-cua-chinh-phu\/#primaryimage\",\"url\":\"https:\/\/dominicaconsulateinvietnam.org\/wp-content\/uploads\/2021\/08\/Dominica-passport-image-for-CBI-page.jpg\",\"contentUrl\":\"https:\/\/dominicaconsulateinvietnam.org\/wp-content\/uploads\/2021\/08\/Dominica-passport-image-for-CBI-page.jpg\",\"width\":960,\"height\":400},{\"@type\":\"BreadcrumbList\",\"@id\":\"https:\/\/dominicaconsulateinvietnam.org\/vi\/consular-services\/giay-chung-nhan-nhan-tho-cho-nguoi-huong-luong-huu-cua-chinh-phu\/#breadcrumb\",\"itemListElement\":[{\"@type\":\"ListItem\",\"position\":1,\"name\":\"Home\",\"item\":\"https:\/\/dominicaconsulateinvietnam.org\/vi\/\"},{\"@type\":\"ListItem\",\"position\":2,\"name\":\"D\u1ecbch v\u1ee5 l\u00e3nh s\u1ef1\",\"item\":\"https:\/\/dominicaconsulateinvietnam.org\/vi\/consular-services\/\"},{\"@type\":\"ListItem\",\"position\":3,\"name\":\"Gi\u1ea5y ch\u1ee9ng nh\u1eadn nh\u00e2n th\u1ecd cho ng\u01b0\u1eddi h\u01b0\u1edfng l\u01b0\u01a1ng h\u01b0u c\u1ee7a Ch\u00ednh ph\u1ee7\"}]},{\"@type\":\"WebSite\",\"@id\":\"https:\/\/dominicaconsulateinvietnam.org\/#website\",\"url\":\"https:\/\/dominicaconsulateinvietnam.org\/\",\"name\":\"Consulate General of The Commonwealth of Dominica in Ho Chi Minh City\",\"description\":\"The Consulate is focused on maintaining, and strengthening these international relationships, and on increasing the profile of Dominica within the international community\",\"potentialAction\":[{\"@type\":\"SearchAction\",\"target\":{\"@type\":\"EntryPoint\",\"urlTemplate\":\"https:\/\/dominicaconsulateinvietnam.org\/?s={search_term_string}\"},\"query-input\":{\"@type\":\"PropertyValueSpecification\",\"valueRequired\":true,\"valueName\":\"search_term_string\"}}],\"inLanguage\":\"vi-VN\"}]}<\/script>\n<!-- \/ Yoast SEO plugin. -->","yoast_head_json":{"title":"Gi\u1ea5y ch\u1ee9ng nh\u1eadn nh\u00e2n th\u1ecd cho ng\u01b0\u1eddi h\u01b0\u1edfng l\u01b0\u01a1ng h\u01b0u c\u1ee7a Ch\u00ednh ph\u1ee7 - Consulate General of The Commonwealth of Dominica in Ho Chi Minh City","robots":{"index":"index","follow":"follow","max-snippet":"max-snippet:-1","max-image-preview":"max-image-preview:large","max-video-preview":"max-video-preview:-1"},"canonical":"https:\/\/dominicaconsulateinvietnam.org\/vi\/consular-services\/giay-chung-nhan-nhan-tho-cho-nguoi-huong-luong-huu-cua-chinh-phu\/","og_locale":"vi_VN","og_type":"article","og_title":"Gi\u1ea5y ch\u1ee9ng nh\u1eadn nh\u00e2n th\u1ecd cho ng\u01b0\u1eddi h\u01b0\u1edfng l\u01b0\u01a1ng h\u01b0u c\u1ee7a Ch\u00ednh ph\u1ee7 - Consulate General of The Commonwealth of Dominica in Ho Chi Minh City","og_url":"https:\/\/dominicaconsulateinvietnam.org\/vi\/consular-services\/giay-chung-nhan-nhan-tho-cho-nguoi-huong-luong-huu-cua-chinh-phu\/","og_site_name":"Consulate General of The Commonwealth of Dominica in Ho Chi Minh City","og_image":[{"width":960,"height":400,"url":"https:\/\/dominicaconsulateinvietnam.org\/wp-content\/uploads\/2021\/08\/Dominica-passport-image-for-CBI-page.jpg","type":"image\/jpeg"}],"twitter_card":"summary_large_image","twitter_misc":{"Est. reading time":"1 minute"},"schema":{"@context":"https:\/\/schema.org","@graph":[{"@type":"WebPage","@id":"https:\/\/dominicaconsulateinvietnam.org\/vi\/consular-services\/giay-chung-nhan-nhan-tho-cho-nguoi-huong-luong-huu-cua-chinh-phu\/","url":"https:\/\/dominicaconsulateinvietnam.org\/vi\/consular-services\/giay-chung-nhan-nhan-tho-cho-nguoi-huong-luong-huu-cua-chinh-phu\/","name":"Gi\u1ea5y ch\u1ee9ng nh\u1eadn nh\u00e2n th\u1ecd cho ng\u01b0\u1eddi h\u01b0\u1edfng l\u01b0\u01a1ng h\u01b0u c\u1ee7a Ch\u00ednh ph\u1ee7 - Consulate General of The Commonwealth of Dominica in Ho Chi Minh City","isPartOf":{"@id":"https:\/\/dominicaconsulateinvietnam.org\/#website"},"primaryImageOfPage":{"@id":"https:\/\/dominicaconsulateinvietnam.org\/vi\/consular-services\/giay-chung-nhan-nhan-tho-cho-nguoi-huong-luong-huu-cua-chinh-phu\/#primaryimage"},"image":{"@id":"https:\/\/dominicaconsulateinvietnam.org\/vi\/consular-services\/giay-chung-nhan-nhan-tho-cho-nguoi-huong-luong-huu-cua-chinh-phu\/#primaryimage"},"thumbnailUrl":"https:\/\/dominicaconsulateinvietnam.org\/wp-content\/uploads\/2021\/08\/Dominica-passport-image-for-CBI-page.jpg","datePublished":"2021-09-27T07:38:00+00:00","breadcrumb":{"@id":"https:\/\/dominicaconsulateinvietnam.org\/vi\/consular-services\/giay-chung-nhan-nhan-tho-cho-nguoi-huong-luong-huu-cua-chinh-phu\/#breadcrumb"},"inLanguage":"vi-VN","potentialAction":[{"@type":"ReadAction","target":["https:\/\/dominicaconsulateinvietnam.org\/vi\/consular-services\/giay-chung-nhan-nhan-tho-cho-nguoi-huong-luong-huu-cua-chinh-phu\/"]}]},{"@type":"ImageObject","inLanguage":"vi-VN","@id":"https:\/\/dominicaconsulateinvietnam.org\/vi\/consular-services\/giay-chung-nhan-nhan-tho-cho-nguoi-huong-luong-huu-cua-chinh-phu\/#primaryimage","url":"https:\/\/dominicaconsulateinvietnam.org\/wp-content\/uploads\/2021\/08\/Dominica-passport-image-for-CBI-page.jpg","contentUrl":"https:\/\/dominicaconsulateinvietnam.org\/wp-content\/uploads\/2021\/08\/Dominica-passport-image-for-CBI-page.jpg","width":960,"height":400},{"@type":"BreadcrumbList","@id":"https:\/\/dominicaconsulateinvietnam.org\/vi\/consular-services\/giay-chung-nhan-nhan-tho-cho-nguoi-huong-luong-huu-cua-chinh-phu\/#breadcrumb","itemListElement":[{"@type":"ListItem","position":1,"name":"Home","item":"https:\/\/dominicaconsulateinvietnam.org\/vi\/"},{"@type":"ListItem","position":2,"name":"D\u1ecbch v\u1ee5 l\u00e3nh s\u1ef1","item":"https:\/\/dominicaconsulateinvietnam.org\/vi\/consular-services\/"},{"@type":"ListItem","position":3,"name":"Gi\u1ea5y ch\u1ee9ng nh\u1eadn nh\u00e2n th\u1ecd cho ng\u01b0\u1eddi h\u01b0\u1edfng l\u01b0\u01a1ng h\u01b0u c\u1ee7a Ch\u00ednh ph\u1ee7"}]},{"@type":"WebSite","@id":"https:\/\/dominicaconsulateinvietnam.org\/#website","url":"https:\/\/dominicaconsulateinvietnam.org\/","name":"Consulate General of The Commonwealth of Dominica in Ho Chi Minh City","description":"The Consulate is focused on maintaining, and strengthening these international relationships, and on increasing the profile of Dominica within the international community","potentialAction":[{"@type":"SearchAction","target":{"@type":"EntryPoint","urlTemplate":"https:\/\/dominicaconsulateinvietnam.org\/?s={search_term_string}"},"query-input":{"@type":"PropertyValueSpecification","valueRequired":true,"valueName":"search_term_string"}}],"inLanguage":"vi-VN"}]}},"_links":{"self":[{"href":"https:\/\/dominicaconsulateinvietnam.org\/vi\/wp-json\/wp\/v2\/pages\/8618","targetHints":{"allow":["GET"]}}],"collection":[{"href":"https:\/\/dominicaconsulateinvietnam.org\/vi\/wp-json\/wp\/v2\/pages"}],"about":[{"href":"https:\/\/dominicaconsulateinvietnam.org\/vi\/wp-json\/wp\/v2\/types\/page"}],"author":[{"embeddable":true,"href":"https:\/\/dominicaconsulateinvietnam.org\/vi\/wp-json\/wp\/v2\/users\/1"}],"replies":[{"embeddable":true,"href":"https:\/\/dominicaconsulateinvietnam.org\/vi\/wp-json\/wp\/v2\/comments?post=8618"}],"version-history":[{"count":2,"href":"https:\/\/dominicaconsulateinvietnam.org\/vi\/wp-json\/wp\/v2\/pages\/8618\/revisions"}],"predecessor-version":[{"id":8620,"href":"https:\/\/dominicaconsulateinvietnam.org\/vi\/wp-json\/wp\/v2\/pages\/8618\/revisions\/8620"}],"up":[{"embeddable":true,"href":"https:\/\/dominicaconsulateinvietnam.org\/vi\/wp-json\/wp\/v2\/pages\/8275"}],"wp:featuredmedia":[{"embeddable":true,"href":"https:\/\/dominicaconsulateinvietnam.org\/vi\/wp-json\/wp\/v2\/media\/8261"}],"wp:attachment":[{"href":"https:\/\/dominicaconsulateinvietnam.org\/vi\/wp-json\/wp\/v2\/media?parent=8618"}],"curies":[{"name":"wp","href":"https:\/\/api.w.org\/{rel}","templated":true}]}}