{"id":8365,"date":"2021-09-15T18:39:42","date_gmt":"2021-09-15T18:39:42","guid":{"rendered":"https:\/\/dominicaconsulateinvietnam.org\/lam-the-nao-de-dua-dong-vat-den-dominica\/"},"modified":"2024-07-19T04:27:44","modified_gmt":"2024-07-19T04:27:44","slug":"lam-the-nao-de-dua-dong-vat-den-dominica","status":"publish","type":"page","link":"https:\/\/dominicaconsulateinvietnam.org\/vi\/visitors\/lam-the-nao-de-dua-dong-vat-den-dominica\/","title":{"rendered":"L\u00e0m th\u1ebf n\u00e0o \u0111\u1ec3 \u0111\u01b0a \u0110\u1ed9ng v\u1eadt \u0111\u1ebfn Dominica"},"content":{"rendered":"<section class=\"l-section wpb_row height_auto\"><div class=\"l-section-h i-cf\"><div class=\"g-cols vc_row via_flex valign_top type_default stacking_default\"><div class=\"vc_col-sm-12 wpb_column vc_column_container\"><div class=\"vc_column-inner\"><div class=\"wpb_wrapper\"><div class=\"wpb_text_column\"><div class=\"wpb_wrapper\"><h3>\u0110\u01b0a \u0111\u1ed9ng v\u1eadt v\u00e0o Dominica<\/h3>\n<p>Du kh\u00e1ch \/ Ng\u01b0\u1eddi mang \u0111\u1ed9ng v\u1eadt mu\u1ed1n mang Ch\u00f3, M\u00e8o ho\u1eb7c c\u00e1c v\u1eadt nu\u00f4i kh\u00e1c v\u00e0o Dominica tr\u01b0\u1edbc ti\u00ean ph\u1ea3i xin Gi\u1ea5y ph\u00e9p Nh\u1eadp kh\u1ea9u t\u1eeb C\u1ee5c Th\u00fa y tr\u01b0\u1edbc khi nh\u1eadp kh\u1ea9u.<\/p>\n<h3>C\u00e1c nguy\u00ean t\u1eafc v\u1ec1 s\u1ee9c kh\u1ecfe \u0111\u1ed9ng v\u1eadt \/ v\u1eadt nu\u00f4i \u0111\u1ec3 xin gi\u1ea5y ph\u00e9p nh\u1eadp kh\u1ea9u<\/h3>\n<ul>\n<li>\u0110\u1ed9ng v\u1eadt ph\u1ea3i \u0111\u01b0\u1ee3c c\u01a1 quan Th\u00fa y c\u1ea5p ph\u00e9p v\u00e0 ch\u1ee9ng nh\u1eadn t\u1ea1i n\u01b0\u1edbc xu\u1ea5t kh\u1ea9u ki\u1ec3m tra v\u00e0 c\u1ea5p gi\u1ea5y ch\u1ee9ng nh\u1eadn v\u1ec1 t\u00ecnh tr\u1ea1ng s\u1ee9c kh\u1ecfe c\u1ee7a \u0111\u1ed9ng v\u1eadt.<\/li>\n<li>Con v\u1eadt ph\u1ea3i kh\u00f4ng c\u00f3 k\u00fd sinh tr\u00f9ng b\u00ean trong v\u00e0 b\u00ean ngo\u00e0i.<\/li>\n<li>\u0110\u1ed9ng v\u1eadt ph\u1ea3i \u0111\u01b0\u1ee3c x\u00e9t nghi\u1ec7m v\u00e0 \u0111i\u1ec1u tr\u1ecb Giun ch\u1ec9 v\u00e0 \u0111\u01b0\u1ee3c ch\u1ee9ng nh\u1eadn kh\u00f4ng c\u00f3 Giun ch\u1ec9 \u0111\u1ec3 xu\u1ea5t c\u1ea3nh.<\/li>\n<li>H\u1ed3 s\u01a1 s\u1ee9c kh\u1ecfe cho bi\u1ebft T\u00ecnh tr\u1ea1ng Ti\u00eam ch\u1ee7ng c\u1ee7a \u0111\u1ed9ng v\u1eadt ph\u1ea3i \u0111\u01b0\u1ee3c cung c\u1ea5p c\u00f9ng v\u1edbi H\u1ed3 s\u01a1 Ti\u00eam ch\u1ee7ng DHLPP + C hi\u1ec7n t\u1ea1i ho\u1eb7c b\u1ea5t k\u1ef3 b\u1ec7nh d\u1ecbch l\u01b0u h\u00e0nh n\u00e0o c\u00f3 t\u1ea7m quan tr\u1ecdng.<\/li>\n<li>Ch\u00f3 v\u00e0 m\u00e8o \u0111\u1ebfn t\u1eeb t\u1ea5t c\u1ea3 c\u00e1c Qu\u1ed1c gia ph\u1ea3i \u0111\u01b0\u1ee3c b\u00e1c s\u0129 th\u00fa y ch\u00ednh th\u1ee9c ch\u1ee7ng ng\u1eeba b\u1eb1ng lo\u1ea1i V\u1eafc xin D\u1ea1i \u0111\u00e3 \u0111\u01b0\u1ee3c ph\u00ea duy\u1ec7t, n\u00eau r\u00f5 lo\u1ea1i, s\u1ed1 s\u00ea-ri, ng\u00e0y h\u1ebft h\u1ea1n v\u00e0 ng\u00e0y s\u1eed d\u1ee5ng, \u00edt nh\u1ea5t 30 ng\u00e0y v\u00e0 kh\u00f4ng qu\u00e1 m\u1ed9t (1) n\u0103m tr\u01b0\u1edbc khi \u0111\u1ed9ng v\u1eadt xu\u1ea5t c\u1ea3nh.<\/li>\n<li>Ph\u1ea3i l\u1ea5y m\u1eabu m\u00e1u t\u1eeb \u0111\u1ed9ng v\u1eadt v\u00e0 g\u1eedi \u0111\u1ebfn Ph\u00f2ng th\u00ed nghi\u1ec7m tham chi\u1ebfu b\u1ec7nh d\u1ea1i c\u00f3 uy t\u00edn \u0111\u1ec3 th\u1ef1c hi\u1ec7n RNATT * \/ FAVN v\u00e0 k\u1ebft qu\u1ea3 ph\u1ea3i \u0111\u01b0\u1ee3c g\u1eedi tr\u1ef1c ti\u1ebfp \u0111\u1ebfn S\u1edf th\u00fa y tr\u01b0\u1edbc khi c\u1ea5p gi\u1ea5y ph\u00e9p nh\u1eadp kh\u1ea9u. m\u1ee9c kh\u00e1ng th\u1ec3 trong huy\u1ebft thanh \u00edt nh\u1ea5t 0,5 IU \/ mL.<\/li>\n<li>Th\u1eed nghi\u1ec7m ph\u1ea3i \u0111\u01b0\u1ee3c th\u1ef1c hi\u1ec7n kh\u00f4ng \u00edt h\u01a1n m\u1ed9t (1) th\u00e1ng sau khi ti\u00eam v\u1eafc xin ph\u00f2ng b\u1ec7nh D\u1ea1i \u0111\u00e3 \u0111\u01b0\u1ee3c ph\u00ea duy\u1ec7t.<\/li>\n<li>Gi\u1ea5y ph\u00e9p nh\u1eadp kh\u1ea9u s\u1ebd \u0111\u01b0\u1ee3c c\u1ea5p khi c\u00e1c y\u00eau c\u1ea7u \u0111\u01b0\u1ee3c \u0111\u00e1p \u1ee9ng v\u00e0 \u0111\u01b0\u1ee3c g\u1eedi \u0111\u1ebfn nh\u00e0 nh\u1eadp kh\u1ea9u qua fax ho\u1eb7c email. * RNATT- Th\u1eed nghi\u1ec7m chu\u1ea9n \u0111\u1ed9 kh\u00e1ng th\u1ec3 trung h\u00f2a b\u1ec7nh d\u1ea1i<\/li>\n<li>\u0110\u1ed9ng v\u1eadt v\u00e0 c\u00e1c t\u00e0i li\u1ec7u li\u00ean quan s\u1ebd \u0111\u01b0\u1ee3c ki\u1ec3m tra khi \u0111\u1ebfn H\u1ea3i quan b\u1edfi Thanh tra Ki\u1ec3m d\u1ecbch, ng\u01b0\u1eddi c\u00f3 quy\u1ec1n t\u1eeb ch\u1ed1i ho\u1eb7c ch\u1ea5p nh\u1eadn \u0111\u1ed9ng v\u1eadt d\u1ef1a tr\u00ean t\u00ecnh tr\u1ea1ng c\u1ee7a n\u00f3.<\/li>\n<\/ul>\n<p>N.B. Xin l\u01b0u \u00fd r\u1eb1ng x\u00e9t nghi\u1ec7m m\u1ea5t 3-4 tu\u1ea7n ho\u1eb7c l\u00e2u h\u01a1n tr\u01b0\u1edbc khi c\u00f3 k\u1ebft qu\u1ea3. Vui l\u00f2ng \u0111\u01b0\u1ee3c h\u01b0\u1edbng d\u1eabn b\u1edfi th\u00f4ng tin n\u00e0y li\u00ean quan \u0111\u1ebfn k\u1ebf ho\u1ea1ch du l\u1ecbch c\u1ee7a b\u1ea1n.<\/p>\n<p>Qu\u00e1 tr\u00ecnh x\u1eed l\u00fd v\u00e0 c\u00e1c kho\u1ea3n ph\u00ed kh\u00e1c c\u00f3 th\u1ec3 \u0111\u01b0\u1ee3c \u00e1p d\u1ee5ng. \u0110\u1ec3 bi\u1ebft th\u00eam th\u00f4ng tin v\u1ec1 vi\u1ec7c nh\u1eadp kh\u1ea9u th\u1ecbt v\u00e0 c\u00e1c s\u1ea3n ph\u1ea9m t\u1eeb th\u1ecbt, vui l\u00f2ng li\u00ean h\u1ec7:<\/p>\n<p>\u0110\u01a1n v\u1ecb ph\u00e1t tri\u1ec3n ch\u0103n nu\u00f4i<br \/>\nPh\u00f2ng n\u00f4ng nghi\u1ec7p<br \/>\nV\u01b0\u1eddn b\u00e1ch th\u1ea3o, Roseau<br \/>\nDominica:<\/p>\n<p>Email: <a href=\"mailto:agrivet4@hotmail.com\">agrivet4@hotmail.com<\/a> \/ <a href=\"mailto:forestvet@gmail.com\">forestvet@gmail.com<\/a><\/p>\n<\/div><\/div><\/div><\/div><\/div><\/div><\/div><\/section>\n","protected":false},"excerpt":{"rendered":"\u0110\u01b0a \u0111\u1ed9ng v\u1eadt v\u00e0o Dominica Du kh\u00e1ch \/ Ng\u01b0\u1eddi mang \u0111\u1ed9ng v\u1eadt mu\u1ed1n mang Ch\u00f3, M\u00e8o ho\u1eb7c c\u00e1c v\u1eadt nu\u00f4i kh\u00e1c v\u00e0o Dominica tr\u01b0\u1edbc ti\u00ean ph\u1ea3i xin Gi\u1ea5y ph\u00e9p Nh\u1eadp kh\u1ea9u t\u1eeb C\u1ee5c Th\u00fa y tr\u01b0\u1edbc khi nh\u1eadp kh\u1ea9u. C\u00e1c nguy\u00ean t\u1eafc v\u1ec1 s\u1ee9c kh\u1ecfe \u0111\u1ed9ng v\u1eadt \/ v\u1eadt nu\u00f4i \u0111\u1ec3 xin gi\u1ea5y ph\u00e9p nh\u1eadp...","protected":false},"author":1,"featured_media":8368,"parent":8460,"menu_order":0,"comment_status":"closed","ping_status":"closed","template":"","meta":{"_acf_changed":false,"footnotes":""},"class_list":["post-8365","page","type-page","status-publish","has-post-thumbnail","hentry"],"acf":[],"yoast_head":"<!-- This site is optimized with the Yoast SEO plugin v27.2 - https:\/\/yoast.com\/product\/yoast-seo-wordpress\/ -->\n<title>L\u00e0m th\u1ebf n\u00e0o \u0111\u1ec3 \u0111\u01b0a \u0110\u1ed9ng v\u1eadt \u0111\u1ebfn Dominica - Consulate General of The Commonwealth of Dominica in Ho Chi Minh City<\/title>\n<meta name=\"robots\" content=\"index, follow, max-snippet:-1, max-image-preview:large, max-video-preview:-1\" \/>\n<link rel=\"canonical\" href=\"https:\/\/dominicaconsulateinvietnam.org\/vi\/visitors\/lam-the-nao-de-dua-dong-vat-den-dominica\/\" \/>\n<meta property=\"og:locale\" content=\"vi_VN\" \/>\n<meta property=\"og:type\" content=\"article\" \/>\n<meta property=\"og:title\" content=\"L\u00e0m th\u1ebf n\u00e0o \u0111\u1ec3 \u0111\u01b0a \u0110\u1ed9ng v\u1eadt \u0111\u1ebfn Dominica - Consulate General of The Commonwealth of Dominica in Ho Chi Minh City\" \/>\n<meta property=\"og:url\" content=\"https:\/\/dominicaconsulateinvietnam.org\/vi\/visitors\/lam-the-nao-de-dua-dong-vat-den-dominica\/\" \/>\n<meta property=\"og:site_name\" content=\"Consulate General of The Commonwealth of Dominica in Ho Chi Minh City\" \/>\n<meta property=\"article:modified_time\" content=\"2024-07-19T04:27:44+00:00\" \/>\n<meta property=\"og:image\" content=\"https:\/\/dominicaconsulateinvietnam.org\/wp-content\/uploads\/2021\/08\/travel-advisory-image-visitors.jpg\" \/>\n\t<meta property=\"og:image:width\" content=\"1920\" \/>\n\t<meta property=\"og:image:height\" content=\"1080\" \/>\n\t<meta property=\"og:image:type\" content=\"image\/jpeg\" \/>\n<meta name=\"twitter:card\" content=\"summary_large_image\" \/>\n<meta name=\"twitter:label1\" content=\"Est. reading time\" \/>\n\t<meta name=\"twitter:data1\" content=\"4 minutes\" \/>\n<script type=\"application\/ld+json\" class=\"yoast-schema-graph\">{\"@context\":\"https:\/\/schema.org\",\"@graph\":[{\"@type\":\"WebPage\",\"@id\":\"https:\/\/dominicaconsulateinvietnam.org\/vi\/visitors\/lam-the-nao-de-dua-dong-vat-den-dominica\/\",\"url\":\"https:\/\/dominicaconsulateinvietnam.org\/vi\/visitors\/lam-the-nao-de-dua-dong-vat-den-dominica\/\",\"name\":\"L\u00e0m th\u1ebf n\u00e0o \u0111\u1ec3 \u0111\u01b0a \u0110\u1ed9ng v\u1eadt \u0111\u1ebfn Dominica - Consulate General of The Commonwealth of Dominica in Ho Chi Minh City\",\"isPartOf\":{\"@id\":\"https:\/\/dominicaconsulateinvietnam.org\/#website\"},\"primaryImageOfPage\":{\"@id\":\"https:\/\/dominicaconsulateinvietnam.org\/vi\/visitors\/lam-the-nao-de-dua-dong-vat-den-dominica\/#primaryimage\"},\"image\":{\"@id\":\"https:\/\/dominicaconsulateinvietnam.org\/vi\/visitors\/lam-the-nao-de-dua-dong-vat-den-dominica\/#primaryimage\"},\"thumbnailUrl\":\"https:\/\/dominicaconsulateinvietnam.org\/wp-content\/uploads\/2021\/08\/travel-advisory-image-visitors.jpg\",\"datePublished\":\"2021-09-15T18:39:42+00:00\",\"dateModified\":\"2024-07-19T04:27:44+00:00\",\"breadcrumb\":{\"@id\":\"https:\/\/dominicaconsulateinvietnam.org\/vi\/visitors\/lam-the-nao-de-dua-dong-vat-den-dominica\/#breadcrumb\"},\"inLanguage\":\"vi-VN\",\"potentialAction\":[{\"@type\":\"ReadAction\",\"target\":[\"https:\/\/dominicaconsulateinvietnam.org\/vi\/visitors\/lam-the-nao-de-dua-dong-vat-den-dominica\/\"]}]},{\"@type\":\"ImageObject\",\"inLanguage\":\"vi-VN\",\"@id\":\"https:\/\/dominicaconsulateinvietnam.org\/vi\/visitors\/lam-the-nao-de-dua-dong-vat-den-dominica\/#primaryimage\",\"url\":\"https:\/\/dominicaconsulateinvietnam.org\/wp-content\/uploads\/2021\/08\/travel-advisory-image-visitors.jpg\",\"contentUrl\":\"https:\/\/dominicaconsulateinvietnam.org\/wp-content\/uploads\/2021\/08\/travel-advisory-image-visitors.jpg\",\"width\":1920,\"height\":1080},{\"@type\":\"BreadcrumbList\",\"@id\":\"https:\/\/dominicaconsulateinvietnam.org\/vi\/visitors\/lam-the-nao-de-dua-dong-vat-den-dominica\/#breadcrumb\",\"itemListElement\":[{\"@type\":\"ListItem\",\"position\":1,\"name\":\"Home\",\"item\":\"https:\/\/dominicaconsulateinvietnam.org\/vi\/\"},{\"@type\":\"ListItem\",\"position\":2,\"name\":\"kh\u00e1ch\",\"item\":\"https:\/\/dominicaconsulateinvietnam.org\/vi\/visitors\/\"},{\"@type\":\"ListItem\",\"position\":3,\"name\":\"L\u00e0m th\u1ebf n\u00e0o \u0111\u1ec3 \u0111\u01b0a \u0110\u1ed9ng v\u1eadt \u0111\u1ebfn Dominica\"}]},{\"@type\":\"WebSite\",\"@id\":\"https:\/\/dominicaconsulateinvietnam.org\/#website\",\"url\":\"https:\/\/dominicaconsulateinvietnam.org\/\",\"name\":\"Consulate General of The Commonwealth of Dominica in Ho Chi Minh City\",\"description\":\"The Consulate is focused on maintaining, and strengthening these international relationships, and on increasing the profile of Dominica within the international community\",\"potentialAction\":[{\"@type\":\"SearchAction\",\"target\":{\"@type\":\"EntryPoint\",\"urlTemplate\":\"https:\/\/dominicaconsulateinvietnam.org\/?s={search_term_string}\"},\"query-input\":{\"@type\":\"PropertyValueSpecification\",\"valueRequired\":true,\"valueName\":\"search_term_string\"}}],\"inLanguage\":\"vi-VN\"}]}<\/script>\n<!-- \/ Yoast SEO plugin. -->","yoast_head_json":{"title":"L\u00e0m th\u1ebf n\u00e0o \u0111\u1ec3 \u0111\u01b0a \u0110\u1ed9ng v\u1eadt \u0111\u1ebfn Dominica - Consulate General of The Commonwealth of Dominica in Ho Chi Minh City","robots":{"index":"index","follow":"follow","max-snippet":"max-snippet:-1","max-image-preview":"max-image-preview:large","max-video-preview":"max-video-preview:-1"},"canonical":"https:\/\/dominicaconsulateinvietnam.org\/vi\/visitors\/lam-the-nao-de-dua-dong-vat-den-dominica\/","og_locale":"vi_VN","og_type":"article","og_title":"L\u00e0m th\u1ebf n\u00e0o \u0111\u1ec3 \u0111\u01b0a \u0110\u1ed9ng v\u1eadt \u0111\u1ebfn Dominica - Consulate General of The Commonwealth of Dominica in Ho Chi Minh City","og_url":"https:\/\/dominicaconsulateinvietnam.org\/vi\/visitors\/lam-the-nao-de-dua-dong-vat-den-dominica\/","og_site_name":"Consulate General of The Commonwealth of Dominica in Ho Chi Minh City","article_modified_time":"2024-07-19T04:27:44+00:00","og_image":[{"width":1920,"height":1080,"url":"https:\/\/dominicaconsulateinvietnam.org\/wp-content\/uploads\/2021\/08\/travel-advisory-image-visitors.jpg","type":"image\/jpeg"}],"twitter_card":"summary_large_image","twitter_misc":{"Est. reading time":"4 minutes"},"schema":{"@context":"https:\/\/schema.org","@graph":[{"@type":"WebPage","@id":"https:\/\/dominicaconsulateinvietnam.org\/vi\/visitors\/lam-the-nao-de-dua-dong-vat-den-dominica\/","url":"https:\/\/dominicaconsulateinvietnam.org\/vi\/visitors\/lam-the-nao-de-dua-dong-vat-den-dominica\/","name":"L\u00e0m th\u1ebf n\u00e0o \u0111\u1ec3 \u0111\u01b0a \u0110\u1ed9ng v\u1eadt \u0111\u1ebfn Dominica - Consulate General of The Commonwealth of Dominica in Ho Chi Minh City","isPartOf":{"@id":"https:\/\/dominicaconsulateinvietnam.org\/#website"},"primaryImageOfPage":{"@id":"https:\/\/dominicaconsulateinvietnam.org\/vi\/visitors\/lam-the-nao-de-dua-dong-vat-den-dominica\/#primaryimage"},"image":{"@id":"https:\/\/dominicaconsulateinvietnam.org\/vi\/visitors\/lam-the-nao-de-dua-dong-vat-den-dominica\/#primaryimage"},"thumbnailUrl":"https:\/\/dominicaconsulateinvietnam.org\/wp-content\/uploads\/2021\/08\/travel-advisory-image-visitors.jpg","datePublished":"2021-09-15T18:39:42+00:00","dateModified":"2024-07-19T04:27:44+00:00","breadcrumb":{"@id":"https:\/\/dominicaconsulateinvietnam.org\/vi\/visitors\/lam-the-nao-de-dua-dong-vat-den-dominica\/#breadcrumb"},"inLanguage":"vi-VN","potentialAction":[{"@type":"ReadAction","target":["https:\/\/dominicaconsulateinvietnam.org\/vi\/visitors\/lam-the-nao-de-dua-dong-vat-den-dominica\/"]}]},{"@type":"ImageObject","inLanguage":"vi-VN","@id":"https:\/\/dominicaconsulateinvietnam.org\/vi\/visitors\/lam-the-nao-de-dua-dong-vat-den-dominica\/#primaryimage","url":"https:\/\/dominicaconsulateinvietnam.org\/wp-content\/uploads\/2021\/08\/travel-advisory-image-visitors.jpg","contentUrl":"https:\/\/dominicaconsulateinvietnam.org\/wp-content\/uploads\/2021\/08\/travel-advisory-image-visitors.jpg","width":1920,"height":1080},{"@type":"BreadcrumbList","@id":"https:\/\/dominicaconsulateinvietnam.org\/vi\/visitors\/lam-the-nao-de-dua-dong-vat-den-dominica\/#breadcrumb","itemListElement":[{"@type":"ListItem","position":1,"name":"Home","item":"https:\/\/dominicaconsulateinvietnam.org\/vi\/"},{"@type":"ListItem","position":2,"name":"kh\u00e1ch","item":"https:\/\/dominicaconsulateinvietnam.org\/vi\/visitors\/"},{"@type":"ListItem","position":3,"name":"L\u00e0m th\u1ebf n\u00e0o \u0111\u1ec3 \u0111\u01b0a \u0110\u1ed9ng v\u1eadt \u0111\u1ebfn Dominica"}]},{"@type":"WebSite","@id":"https:\/\/dominicaconsulateinvietnam.org\/#website","url":"https:\/\/dominicaconsulateinvietnam.org\/","name":"Consulate General of The Commonwealth of Dominica in Ho Chi Minh City","description":"The Consulate is focused on maintaining, and strengthening these international relationships, and on increasing the profile of Dominica within the international community","potentialAction":[{"@type":"SearchAction","target":{"@type":"EntryPoint","urlTemplate":"https:\/\/dominicaconsulateinvietnam.org\/?s={search_term_string}"},"query-input":{"@type":"PropertyValueSpecification","valueRequired":true,"valueName":"search_term_string"}}],"inLanguage":"vi-VN"}]}},"_links":{"self":[{"href":"https:\/\/dominicaconsulateinvietnam.org\/vi\/wp-json\/wp\/v2\/pages\/8365","targetHints":{"allow":["GET"]}}],"collection":[{"href":"https:\/\/dominicaconsulateinvietnam.org\/vi\/wp-json\/wp\/v2\/pages"}],"about":[{"href":"https:\/\/dominicaconsulateinvietnam.org\/vi\/wp-json\/wp\/v2\/types\/page"}],"author":[{"embeddable":true,"href":"https:\/\/dominicaconsulateinvietnam.org\/vi\/wp-json\/wp\/v2\/users\/1"}],"replies":[{"embeddable":true,"href":"https:\/\/dominicaconsulateinvietnam.org\/vi\/wp-json\/wp\/v2\/comments?post=8365"}],"version-history":[{"count":6,"href":"https:\/\/dominicaconsulateinvietnam.org\/vi\/wp-json\/wp\/v2\/pages\/8365\/revisions"}],"predecessor-version":[{"id":8785,"href":"https:\/\/dominicaconsulateinvietnam.org\/vi\/wp-json\/wp\/v2\/pages\/8365\/revisions\/8785"}],"up":[{"embeddable":true,"href":"https:\/\/dominicaconsulateinvietnam.org\/vi\/wp-json\/wp\/v2\/pages\/8460"}],"wp:featuredmedia":[{"embeddable":true,"href":"https:\/\/dominicaconsulateinvietnam.org\/vi\/wp-json\/wp\/v2\/media\/8368"}],"wp:attachment":[{"href":"https:\/\/dominicaconsulateinvietnam.org\/vi\/wp-json\/wp\/v2\/media?parent=8365"}],"curies":[{"name":"wp","href":"https:\/\/api.w.org\/{rel}","templated":true}]}}