{"id":8360,"date":"2021-09-15T18:37:00","date_gmt":"2021-09-15T18:37:00","guid":{"rendered":"https:\/\/dominicaconsulateinvietnam.org\/yeu-cau-visa-dominica\/"},"modified":"2024-07-19T04:27:19","modified_gmt":"2024-07-19T04:27:19","slug":"yeu-cau-visa-dominica","status":"publish","type":"page","link":"https:\/\/dominicaconsulateinvietnam.org\/vi\/visitors\/yeu-cau-visa-dominica\/","title":{"rendered":"Y\u00eau c\u1ea7u visa Dominica"},"content":{"rendered":"<section class=\"l-section wpb_row height_auto\"><div class=\"l-section-h i-cf\"><div class=\"g-cols vc_row via_flex valign_top type_default stacking_default\"><div class=\"vc_col-sm-12 wpb_column vc_column_container\"><div class=\"vc_column-inner\"><div class=\"wpb_wrapper\"><div class=\"wpb_text_column\"><div class=\"wpb_wrapper\"><h3>Y\u00eau c\u1ea7u v\u1ec1 VISA Dominica \u0111\u1ed1i v\u1edbi kh\u00e1ch du l\u1ecbch n\u01b0\u1edbc ngo\u00e0i<\/h3>\n<p>Nh\u1eefng ng\u01b0\u1eddi t\u1eeb c\u00e1c qu\u1ed1c gia sau \u0111\u00e2y mu\u1ed1n v\u00e0o C\u1ed9ng \u0111\u1ed3ng Th\u1ecbnh v\u01b0\u1ee3ng chung Dominica c\u00f3 th\u1ec3 th\u1ef1c hi\u1ec7n m\u00e0 kh\u00f4ng c\u1ea7n th\u1ecb th\u1ef1c. Th\u1eddi gian l\u01b0u tr\u00fa kh\u00f4ng qu\u00e1 s\u00e1u th\u00e1ng:<\/p>\n<p>C\u00e1c qu\u1ed1c gia th\u00e0nh vi\u00ean c\u1ee7a Kh\u1ed1i th\u1ecbnh v\u01b0\u1ee3ng chung<br \/>\nC\u00e1c qu\u1ed1c gia th\u00e0nh vi\u00ean CARICOM<br \/>\n\u00c1o<br \/>\nBungari<br \/>\nS\u00edp<br \/>\nC\u1ed9ng h\u00f2a S\u00e9c<br \/>\nEstonia<br \/>\nPh\u1ea7n Lan<br \/>\nHungary<br \/>\nLatvia<br \/>\nLithuania<br \/>\nBa Lan<br \/>\nRomania<br \/>\nXl\u00f4-va-ki-a<br \/>\nSlovenia<br \/>\nH\u1ee3p ch\u1ee7ng qu\u1ed1c Hoa K\u1ef3<\/p>\n<p>Nh\u1eefng ng\u01b0\u1eddi t\u1eeb c\u00e1c qu\u1ed1c gia sau \u0111\u00e2y mu\u1ed1n v\u00e0o C\u1ed9ng \u0111\u1ed3ng Th\u1ecbnh v\u01b0\u1ee3ng chung Dominica c\u00f3 th\u1ec3 th\u1ef1c hi\u1ec7n m\u00e0 kh\u00f4ng c\u1ea7n th\u1ecb th\u1ef1c. Th\u1eddi gian l\u01b0u tr\u00fa kh\u00f4ng qu\u00e1 ba th\u00e1ng:<\/p>\n<p>Argentina<br \/>\nB\u1ec9<br \/>\nCosta Rica<br \/>\n\u0110an m\u1ea1ch<br \/>\nPh\u00e1p<br \/>\n\u0110\u1ee9c<br \/>\nHy L\u1ea1p<br \/>\nIreland<br \/>\nIsrael<br \/>\n\u00dd<br \/>\nNh\u1eadt B\u1ea3n<br \/>\nLuxembourg<br \/>\nMalta<br \/>\nMexico<br \/>\nH\u00e0 Lan (bao g\u1ed3m c\u1ea3 \u0110\u1ea3o Antilles c\u1ee7a H\u00e0 Lan)<br \/>\nNa Uy<br \/>\nC\u1ed9ng h\u00f2a nh\u00e2n d\u00e2n Trung Hoa<br \/>\nB\u1ed3 \u0110\u00e0o Nha<br \/>\nH\u00e0n Qu\u1ed1c<br \/>\nT\u00e2y Ban Nha<br \/>\nSuriname<br \/>\nTh\u1ee5y \u0110i\u1ec3n<br \/>\nV\u01b0\u01a1ng qu\u1ed1c Anh<br \/>\nVenezuela<\/p>\n<p>B\u1ea5t k\u1ef3 h\u00e0nh kh\u00e1ch qu\u00e1 c\u1ea3nh ho\u1eb7c kh\u00e1ch du l\u1ecbch ch\u00e2n ch\u00ednh n\u00e0o \u0111ang s\u1edf h\u1eefu v\u00e9 kh\u1ee9 h\u1ed3i v\u00e0 s\u1ef1 cho ph\u00e9p c\u1ee7a Nh\u00e2n vi\u00ean H\u1ea3i quan r\u1eb1ng h\u1ecd kh\u00f4ng c\u00f3 \u00fd \u0111\u1ecbnh \u1edf l\u1ea1i Qu\u1ed1c gia trong th\u1eddi gian v\u01b0\u1ee3t qu\u00e1 hai m\u01b0\u01a1i m\u1ed1t ng\u00e0y.<\/p>\n<p>H\u00e0nh kh\u00e1ch tr\u00ean t\u00e0u du l\u1ecbch.<\/p>\n<p>C\u1ea7n ph\u1ea3i l\u01b0u \u00fd r\u1eb1ng vi\u1ec7c \u0111i \u0111\u1ebfn c\u00e1c qu\u1ed1c gia c\u00f3 th\u1ec3 thay \u0111\u1ed5i. Ch\u00fang t\u00f4i \u0111\u1eb7c bi\u1ec7t khuy\u00ean r\u1eb1ng n\u00ean li\u00ean h\u1ec7 v\u1edbi c\u00e1c c\u01a1 quan Ch\u00ednh ph\u1ee7 v\u00e0 c\u00e1c ph\u00f2ng ban tr\u01b0\u1edbc khi thu x\u1ebfp vi\u1ec7c \u0111i l\u1ea1i.<\/p>\n<p>Vui l\u00f2ng li\u00ean l\u1ea1c \u0111\u1ec3 bi\u1ebft th\u00eam th\u00f4ng tin:<\/p>\n<p>B\u1ed9 ph\u1eadn lao \u0111\u1ed9ng<br \/>\nT\u1ea7ng 2, Tr\u1ee5 s\u1edf Ch\u00ednh ph\u1ee7<br \/>\n\u0110\u1ea1i l\u1ed9 Kennedy<br \/>\nRoseau<br \/>\nC\u1ed9ng \u0111\u1ed3ng Th\u1ecbnh v\u01b0\u1ee3ng chung Dominica<br \/>\n\u0110i\u1ec7n tho\u1ea1i: (767) 266-3553<br \/>\nFax: (767) 448-5200<br \/>\nE-mail: <a href=\"mailto:labourcommissioner@dominica.gov.dm\">labourcommissioner@dominica.gov.dm<\/a><\/p>\n<\/div><\/div><\/div><\/div><\/div><\/div><\/div><\/section>\n","protected":false},"excerpt":{"rendered":"Y\u00eau c\u1ea7u v\u1ec1 VISA Dominica \u0111\u1ed1i v\u1edbi kh\u00e1ch du l\u1ecbch n\u01b0\u1edbc ngo\u00e0i Nh\u1eefng ng\u01b0\u1eddi t\u1eeb c\u00e1c qu\u1ed1c gia sau \u0111\u00e2y mu\u1ed1n v\u00e0o C\u1ed9ng \u0111\u1ed3ng Th\u1ecbnh v\u01b0\u1ee3ng chung Dominica c\u00f3 th\u1ec3 th\u1ef1c hi\u1ec7n m\u00e0 kh\u00f4ng c\u1ea7n th\u1ecb th\u1ef1c. Th\u1eddi gian l\u01b0u tr\u00fa kh\u00f4ng qu\u00e1 s\u00e1u th\u00e1ng: C\u00e1c qu\u1ed1c gia th\u00e0nh vi\u00ean c\u1ee7a Kh\u1ed1i th\u1ecbnh v\u01b0\u1ee3ng chung...","protected":false},"author":1,"featured_media":8363,"parent":8460,"menu_order":0,"comment_status":"closed","ping_status":"closed","template":"","meta":{"_acf_changed":false,"footnotes":""},"class_list":["post-8360","page","type-page","status-publish","has-post-thumbnail","hentry"],"acf":[],"yoast_head":"<!-- This site is optimized with the Yoast SEO plugin v27.2 - https:\/\/yoast.com\/product\/yoast-seo-wordpress\/ -->\n<title>Y\u00eau c\u1ea7u visa Dominica - Consulate General of The Commonwealth of Dominica in Ho Chi Minh City<\/title>\n<meta name=\"robots\" content=\"index, follow, max-snippet:-1, max-image-preview:large, max-video-preview:-1\" \/>\n<link rel=\"canonical\" href=\"https:\/\/dominicaconsulateinvietnam.org\/vi\/visitors\/yeu-cau-visa-dominica\/\" \/>\n<meta property=\"og:locale\" content=\"vi_VN\" \/>\n<meta property=\"og:type\" content=\"article\" \/>\n<meta property=\"og:title\" content=\"Y\u00eau c\u1ea7u visa Dominica - Consulate General of The Commonwealth of Dominica in Ho Chi Minh City\" \/>\n<meta property=\"og:url\" content=\"https:\/\/dominicaconsulateinvietnam.org\/vi\/visitors\/yeu-cau-visa-dominica\/\" \/>\n<meta property=\"og:site_name\" content=\"Consulate General of The Commonwealth of Dominica in Ho Chi Minh City\" \/>\n<meta property=\"article:modified_time\" content=\"2024-07-19T04:27:19+00:00\" \/>\n<meta property=\"og:image\" content=\"https:\/\/dominicaconsulateinvietnam.org\/wp-content\/uploads\/2021\/09\/Dominica_visa-entry-stamp.jpg\" \/>\n\t<meta property=\"og:image:width\" content=\"369\" \/>\n\t<meta property=\"og:image:height\" content=\"297\" \/>\n\t<meta property=\"og:image:type\" content=\"image\/jpeg\" \/>\n<meta name=\"twitter:card\" content=\"summary_large_image\" \/>\n<meta name=\"twitter:label1\" content=\"Est. reading time\" \/>\n\t<meta name=\"twitter:data1\" content=\"2 minutes\" \/>\n<script type=\"application\/ld+json\" class=\"yoast-schema-graph\">{\"@context\":\"https:\/\/schema.org\",\"@graph\":[{\"@type\":\"WebPage\",\"@id\":\"https:\/\/dominicaconsulateinvietnam.org\/vi\/visitors\/yeu-cau-visa-dominica\/\",\"url\":\"https:\/\/dominicaconsulateinvietnam.org\/vi\/visitors\/yeu-cau-visa-dominica\/\",\"name\":\"Y\u00eau c\u1ea7u visa Dominica - Consulate General of The Commonwealth of Dominica in Ho Chi Minh City\",\"isPartOf\":{\"@id\":\"https:\/\/dominicaconsulateinvietnam.org\/#website\"},\"primaryImageOfPage\":{\"@id\":\"https:\/\/dominicaconsulateinvietnam.org\/vi\/visitors\/yeu-cau-visa-dominica\/#primaryimage\"},\"image\":{\"@id\":\"https:\/\/dominicaconsulateinvietnam.org\/vi\/visitors\/yeu-cau-visa-dominica\/#primaryimage\"},\"thumbnailUrl\":\"https:\/\/dominicaconsulateinvietnam.org\/wp-content\/uploads\/2021\/09\/Dominica_visa-entry-stamp.jpg\",\"datePublished\":\"2021-09-15T18:37:00+00:00\",\"dateModified\":\"2024-07-19T04:27:19+00:00\",\"breadcrumb\":{\"@id\":\"https:\/\/dominicaconsulateinvietnam.org\/vi\/visitors\/yeu-cau-visa-dominica\/#breadcrumb\"},\"inLanguage\":\"vi-VN\",\"potentialAction\":[{\"@type\":\"ReadAction\",\"target\":[\"https:\/\/dominicaconsulateinvietnam.org\/vi\/visitors\/yeu-cau-visa-dominica\/\"]}]},{\"@type\":\"ImageObject\",\"inLanguage\":\"vi-VN\",\"@id\":\"https:\/\/dominicaconsulateinvietnam.org\/vi\/visitors\/yeu-cau-visa-dominica\/#primaryimage\",\"url\":\"https:\/\/dominicaconsulateinvietnam.org\/wp-content\/uploads\/2021\/09\/Dominica_visa-entry-stamp.jpg\",\"contentUrl\":\"https:\/\/dominicaconsulateinvietnam.org\/wp-content\/uploads\/2021\/09\/Dominica_visa-entry-stamp.jpg\",\"width\":369,\"height\":297},{\"@type\":\"BreadcrumbList\",\"@id\":\"https:\/\/dominicaconsulateinvietnam.org\/vi\/visitors\/yeu-cau-visa-dominica\/#breadcrumb\",\"itemListElement\":[{\"@type\":\"ListItem\",\"position\":1,\"name\":\"Home\",\"item\":\"https:\/\/dominicaconsulateinvietnam.org\/vi\/\"},{\"@type\":\"ListItem\",\"position\":2,\"name\":\"kh\u00e1ch\",\"item\":\"https:\/\/dominicaconsulateinvietnam.org\/vi\/visitors\/\"},{\"@type\":\"ListItem\",\"position\":3,\"name\":\"Y\u00eau c\u1ea7u visa Dominica\"}]},{\"@type\":\"WebSite\",\"@id\":\"https:\/\/dominicaconsulateinvietnam.org\/#website\",\"url\":\"https:\/\/dominicaconsulateinvietnam.org\/\",\"name\":\"Consulate General of The Commonwealth of Dominica in Ho Chi Minh City\",\"description\":\"The Consulate is focused on maintaining, and strengthening these international relationships, and on increasing the profile of Dominica within the international community\",\"potentialAction\":[{\"@type\":\"SearchAction\",\"target\":{\"@type\":\"EntryPoint\",\"urlTemplate\":\"https:\/\/dominicaconsulateinvietnam.org\/?s={search_term_string}\"},\"query-input\":{\"@type\":\"PropertyValueSpecification\",\"valueRequired\":true,\"valueName\":\"search_term_string\"}}],\"inLanguage\":\"vi-VN\"}]}<\/script>\n<!-- \/ Yoast SEO plugin. -->","yoast_head_json":{"title":"Y\u00eau c\u1ea7u visa Dominica - Consulate General of The Commonwealth of Dominica in Ho Chi Minh City","robots":{"index":"index","follow":"follow","max-snippet":"max-snippet:-1","max-image-preview":"max-image-preview:large","max-video-preview":"max-video-preview:-1"},"canonical":"https:\/\/dominicaconsulateinvietnam.org\/vi\/visitors\/yeu-cau-visa-dominica\/","og_locale":"vi_VN","og_type":"article","og_title":"Y\u00eau c\u1ea7u visa Dominica - Consulate General of The Commonwealth of Dominica in Ho Chi Minh City","og_url":"https:\/\/dominicaconsulateinvietnam.org\/vi\/visitors\/yeu-cau-visa-dominica\/","og_site_name":"Consulate General of The Commonwealth of Dominica in Ho Chi Minh City","article_modified_time":"2024-07-19T04:27:19+00:00","og_image":[{"width":369,"height":297,"url":"https:\/\/dominicaconsulateinvietnam.org\/wp-content\/uploads\/2021\/09\/Dominica_visa-entry-stamp.jpg","type":"image\/jpeg"}],"twitter_card":"summary_large_image","twitter_misc":{"Est. reading time":"2 minutes"},"schema":{"@context":"https:\/\/schema.org","@graph":[{"@type":"WebPage","@id":"https:\/\/dominicaconsulateinvietnam.org\/vi\/visitors\/yeu-cau-visa-dominica\/","url":"https:\/\/dominicaconsulateinvietnam.org\/vi\/visitors\/yeu-cau-visa-dominica\/","name":"Y\u00eau c\u1ea7u visa Dominica - Consulate General of The Commonwealth of Dominica in Ho Chi Minh City","isPartOf":{"@id":"https:\/\/dominicaconsulateinvietnam.org\/#website"},"primaryImageOfPage":{"@id":"https:\/\/dominicaconsulateinvietnam.org\/vi\/visitors\/yeu-cau-visa-dominica\/#primaryimage"},"image":{"@id":"https:\/\/dominicaconsulateinvietnam.org\/vi\/visitors\/yeu-cau-visa-dominica\/#primaryimage"},"thumbnailUrl":"https:\/\/dominicaconsulateinvietnam.org\/wp-content\/uploads\/2021\/09\/Dominica_visa-entry-stamp.jpg","datePublished":"2021-09-15T18:37:00+00:00","dateModified":"2024-07-19T04:27:19+00:00","breadcrumb":{"@id":"https:\/\/dominicaconsulateinvietnam.org\/vi\/visitors\/yeu-cau-visa-dominica\/#breadcrumb"},"inLanguage":"vi-VN","potentialAction":[{"@type":"ReadAction","target":["https:\/\/dominicaconsulateinvietnam.org\/vi\/visitors\/yeu-cau-visa-dominica\/"]}]},{"@type":"ImageObject","inLanguage":"vi-VN","@id":"https:\/\/dominicaconsulateinvietnam.org\/vi\/visitors\/yeu-cau-visa-dominica\/#primaryimage","url":"https:\/\/dominicaconsulateinvietnam.org\/wp-content\/uploads\/2021\/09\/Dominica_visa-entry-stamp.jpg","contentUrl":"https:\/\/dominicaconsulateinvietnam.org\/wp-content\/uploads\/2021\/09\/Dominica_visa-entry-stamp.jpg","width":369,"height":297},{"@type":"BreadcrumbList","@id":"https:\/\/dominicaconsulateinvietnam.org\/vi\/visitors\/yeu-cau-visa-dominica\/#breadcrumb","itemListElement":[{"@type":"ListItem","position":1,"name":"Home","item":"https:\/\/dominicaconsulateinvietnam.org\/vi\/"},{"@type":"ListItem","position":2,"name":"kh\u00e1ch","item":"https:\/\/dominicaconsulateinvietnam.org\/vi\/visitors\/"},{"@type":"ListItem","position":3,"name":"Y\u00eau c\u1ea7u visa Dominica"}]},{"@type":"WebSite","@id":"https:\/\/dominicaconsulateinvietnam.org\/#website","url":"https:\/\/dominicaconsulateinvietnam.org\/","name":"Consulate General of The Commonwealth of Dominica in Ho Chi Minh City","description":"The Consulate is focused on maintaining, and strengthening these international relationships, and on increasing the profile of Dominica within the international community","potentialAction":[{"@type":"SearchAction","target":{"@type":"EntryPoint","urlTemplate":"https:\/\/dominicaconsulateinvietnam.org\/?s={search_term_string}"},"query-input":{"@type":"PropertyValueSpecification","valueRequired":true,"valueName":"search_term_string"}}],"inLanguage":"vi-VN"}]}},"_links":{"self":[{"href":"https:\/\/dominicaconsulateinvietnam.org\/vi\/wp-json\/wp\/v2\/pages\/8360","targetHints":{"allow":["GET"]}}],"collection":[{"href":"https:\/\/dominicaconsulateinvietnam.org\/vi\/wp-json\/wp\/v2\/pages"}],"about":[{"href":"https:\/\/dominicaconsulateinvietnam.org\/vi\/wp-json\/wp\/v2\/types\/page"}],"author":[{"embeddable":true,"href":"https:\/\/dominicaconsulateinvietnam.org\/vi\/wp-json\/wp\/v2\/users\/1"}],"replies":[{"embeddable":true,"href":"https:\/\/dominicaconsulateinvietnam.org\/vi\/wp-json\/wp\/v2\/comments?post=8360"}],"version-history":[{"count":6,"href":"https:\/\/dominicaconsulateinvietnam.org\/vi\/wp-json\/wp\/v2\/pages\/8360\/revisions"}],"predecessor-version":[{"id":8783,"href":"https:\/\/dominicaconsulateinvietnam.org\/vi\/wp-json\/wp\/v2\/pages\/8360\/revisions\/8783"}],"up":[{"embeddable":true,"href":"https:\/\/dominicaconsulateinvietnam.org\/vi\/wp-json\/wp\/v2\/pages\/8460"}],"wp:featuredmedia":[{"embeddable":true,"href":"https:\/\/dominicaconsulateinvietnam.org\/vi\/wp-json\/wp\/v2\/media\/8363"}],"wp:attachment":[{"href":"https:\/\/dominicaconsulateinvietnam.org\/vi\/wp-json\/wp\/v2\/media?parent=8360"}],"curies":[{"name":"wp","href":"https:\/\/api.w.org\/{rel}","templated":true}]}}