{"id":8357,"date":"2021-09-15T18:35:16","date_gmt":"2021-09-15T18:35:16","guid":{"rendered":"https:\/\/dominicaconsulateinvietnam.org\/huong-dan-di-chuyen-trong-mua-covid-19\/"},"modified":"2024-07-19T04:27:59","modified_gmt":"2024-07-19T04:27:59","slug":"huong-dan-di-chuyen-trong-mua-covid-19","status":"publish","type":"page","link":"https:\/\/dominicaconsulateinvietnam.org\/vi\/visitors\/huong-dan-di-chuyen-trong-mua-covid-19\/","title":{"rendered":"H\u01b0\u1edbng d\u1eabn di chuy\u1ec3n trong m\u00f9a Covid-19"},"content":{"rendered":"<section class=\"l-section wpb_row height_auto\"><div class=\"l-section-h i-cf\"><div class=\"g-cols vc_row via_flex valign_top type_default stacking_default\"><div class=\"vc_col-sm-12 wpb_column vc_column_container\"><div class=\"vc_column-inner\"><div class=\"wpb_wrapper\"><div class=\"wpb_text_column\"><div class=\"wpb_wrapper\"><p>Dominica lu\u00f4n lu\u00f4n cung c\u1ea5p cho du kh\u00e1ch \u0111\u1ebfn h\u00f2 \u0111\u1ea3o ch\u00fang t\u00f4i m\u1ed9t tr\u1ea3i nghi\u1ec7m du l\u1ecbch an to\u00e0n t\u1eeb l\u00fac \u0111i cho \u0111\u1ebfn l\u00fac v\u1ec1. hi\u1ec7n t\u1ea1i, v\u1edbi ch\u01b0\u01a1ng tr\u00ecnh \u201cAn to\u00e0n trong thi\u00ean nhi\u00ean\u201d, ch\u00fang t\u00f4i \u0111\u1ea3m b\u1ea3o r\u1eb1ng t\u1ea5t c\u1ea3 nh\u1eefng bi\u1ec7n ph\u00e1p ph\u00f2ng h\u1ed9 \u0111\u00e3 \u0111\u01b0\u1ee3c th\u1ef1c hi\u1ec7n \u0111\u1ec3 \u0111\u1ea3m b\u1ea3o an to\u00e0n cho c\u1ea3 c\u01b0 d\u00e2n \u0111\u1ecba ph\u01b0\u01a1ng v\u00e0 du kh\u00e1ch.<\/p>\n<p>Cho t\u1edbi ng\u00e0y 23 th\u00e1ng 7 n\u0103m 2021, Dominica c\u00f4ng b\u1ed1 quy tr\u00ecnh m\u1edbi cho c\u00e1c du kh\u00e1ch \u0111\u00e3 ti\u00eam ng\u1eeba v\u1eafc xin \u0111\u1ea7y \u0111\u1ee7.<\/p>\n<p>Quy tr\u00ecnh nh\u1eadp c\u1ea3nh:<\/p>\n<p>T\u1ea3i l\u00ean k\u1ebft qu\u1ea3 \u00e2m t\u00ednh b\u1eb1ng ph\u01b0\u01a1ng ph\u00e1p PCR trong v\u00f2ng 72 ti\u1ebfng tr\u01b0\u1edbc khi nh\u1eadp c\u1ea3nh. \u0110i\u1ec1n \u0111\u1ea7y \u0111\u1ee7 phi\u1ebfu kh\u1ea3o s\u00e1t s\u1ee9c kh\u1ecfe trong 24 gi\u1edd tr\u01b0\u1edbc khi \u0111\u1ebfn \u0110\u00f4 mi ni ca. Tr\u1ea3 ph\u00ed tr\u1ef1c tuy\u1ebfn l\u00e0m x\u00e9t nghi\u1ec7m kh\u00e1ng nguy\u00ean \u2013EC$100 t\u1ea1i \u0111\u1ecba ch\u1ec9: https:\/\/epayment.dominica.gov.dm\/.<\/p>\n<p>Phi\u1ebfu kh\u1ea3o s\u00e1t s\u1ee9c kh\u1ecfe:<\/p>\n<p>N\u1ed9p phi\u1ebfu kh\u1ea3o s\u00e1t s\u1ee9c kh\u1ecfe 24 ti\u1ebfng tr\u01b0\u1edbc khi nh\u1eadp c\u1ea3nh t\u1ea1i:<\/p>\n<p><a href=\"https:\/\/domcovid19.dominica.gov.dm\/\">https:\/\/domcovid19.dominica.gov.dm\/<\/a><\/p>\n<p>AN TO\u00c0N TRONG THI\u00caN NHI\u00caN:<\/p>\n<p>Du kh\u00e1ch \u0111\u1ebfn t\u1eeb nh\u1eefng n\u01b0\u1edbc c\u00f3 nguy c\u01a1 r\u1ee7i ro cao c\u1ea7n ph\u1ea3i \u0111\u1eb7t ch\u1ed7 \u1edf \u0111\u01b0\u1ee3c ch\u1ee9ng nh\u1eadn b\u1edfi ch\u01b0\u01a1ng tr\u00ecnh An to\u00e0n trong thi\u00ean nhi\u00ean, \u0111\u1ecdc chi ti\u1ebft d\u01b0\u1edbi \u0111\u00e2y. T\u1ea5t c\u1ea3 c\u00e1c h\u00e0nh kh\u00e1ch \u0111\u1ebfn v\u00e0 phi h\u00e0nh \u0111o\u00e0n s\u1ebd \u0111\u01b0\u1ee3c \u0111eo v\u00f2ng tay c\u00f3 m\u00e3 m\u00e0u. Ch\u01b0\u01a1ng tr\u00ecnh An to\u00e0n trong thi\u00ean nhi\u00ean cam k\u1ebft \u0111\u1ea3m b\u1ea3o m\u1ed9t qu\u1ea3n l\u00fd tr\u1ea3i nghi\u1ec7m trong su\u1ed1t 5-7 ng\u00e0y \u0111\u1ea7u ti\u00ean t\u1ea1i \u0110\u00f4 mi ni ca.<\/p>\n<p>Ch\u01b0\u01a1ng tr\u00ecnh An to\u00e0n trong thi\u00ean nhi\u00ean v\u1edbi x\u00e9t nghi\u1ec7m PCR:<\/p>\n<p>Trong nh\u1eefng quy \u0111\u1ecbnh m\u1edbi k\u1ebft qu\u1ea3 x\u00e9t nghi\u1ec7m \u00e2m t\u00ednh s\u1ebd \u0111\u01b0\u1ee3c g\u1eedi tr\u1ea3 l\u1ea1i l\u1ea7n n\u1eefa, \u0110\u00f4 mi ni ca s\u1ebd m\u1edf r\u1ed9ng ch\u01b0\u01a1ng tr\u00ecnh \u201cAn to\u00e0n trong thi\u00ean nhi\u00ean\u201d bao g\u1ed3m d\u1ecbch v\u1ee5 \u0111\u01b0a \u0111\u00f3n b\u1edfi t\u1ea5t c\u1ea3 c\u00e1c kh\u00e1ch s\u1ea1n tham gia. N\u01a1i l\u01b0u tr\u00fa s\u1ebd h\u01b0\u1edbng d\u1eabn kh\u00e1ch du l\u1ecbch trong su\u1ed1t to\u00e0n b\u1ed9 quy tr\u00ecnh, bao g\u1ed3m l\u00ean l\u1ecbch h\u1eb9n, ph\u1ed1i h\u1ee3p thanh to\u00e1n (US$40), n\u1ebfu kh\u00f4ng th\u1ec3 ki\u1ec3m tra t\u1ea1i ch\u1ed7 th\u00ec c\u01a1 s\u1edf l\u01b0u tr\u00fa s\u1ebd s\u1eafp x\u1ebfp \u0111\u01b0a du kh\u00e1ch \u0111\u1ebfn v\u00e0 \u0111i t\u1eeb n\u01a1i ngh\u1ec9 An to\u00e0n trong Thi\u00ean nhi\u00ean \u0111\u00e3 ch\u1ecdn c\u1ee7a h\u1ecd \u0111\u1ebfn Trung t\u00e2m Y t\u1ebf Roseau n\u01a1i t\u1ea5t c\u1ea3 th\u1eed nghi\u1ec7m PCR \u1edf Dominica di\u1ec5n ra. K\u1ebft qu\u1ea3 ki\u1ec3m tra hi\u1ec7n \u0111ang \u0111\u01b0\u1ee3c tr\u1ea3 l\u1ea1i trong v\u00f2ng 24-48 gi\u1edd \u0111\u1ec3 tu\u00e2n th\u1ee7 c\u00e1c nguy\u00ean t\u1eafc 72 gi\u1edd c\u1ee7a (CDC).<\/p>\n<\/div><\/div><\/div><\/div><\/div><\/div><\/div><\/section>\n","protected":false},"excerpt":{"rendered":"Dominica lu\u00f4n lu\u00f4n cung c\u1ea5p cho du kh\u00e1ch \u0111\u1ebfn h\u00f2 \u0111\u1ea3o ch\u00fang t\u00f4i m\u1ed9t tr\u1ea3i nghi\u1ec7m du l\u1ecbch an to\u00e0n t\u1eeb l\u00fac \u0111i cho \u0111\u1ebfn l\u00fac v\u1ec1. hi\u1ec7n t\u1ea1i, v\u1edbi ch\u01b0\u01a1ng tr\u00ecnh \u201cAn to\u00e0n trong thi\u00ean nhi\u00ean\u201d, ch\u00fang t\u00f4i \u0111\u1ea3m b\u1ea3o r\u1eb1ng t\u1ea5t c\u1ea3 nh\u1eefng bi\u1ec7n ph\u00e1p ph\u00f2ng h\u1ed9 \u0111\u00e3 \u0111\u01b0\u1ee3c th\u1ef1c hi\u1ec7n \u0111\u1ec3 \u0111\u1ea3m...","protected":false},"author":1,"featured_media":0,"parent":8460,"menu_order":0,"comment_status":"closed","ping_status":"closed","template":"","meta":{"_acf_changed":false,"footnotes":""},"class_list":["post-8357","page","type-page","status-publish","hentry"],"acf":[],"yoast_head":"<!-- This site is optimized with the Yoast SEO plugin v27.2 - https:\/\/yoast.com\/product\/yoast-seo-wordpress\/ -->\n<title>H\u01b0\u1edbng d\u1eabn di chuy\u1ec3n trong m\u00f9a Covid-19 - Consulate General of The Commonwealth of Dominica in Ho Chi Minh City<\/title>\n<meta name=\"robots\" content=\"index, follow, max-snippet:-1, max-image-preview:large, max-video-preview:-1\" \/>\n<link rel=\"canonical\" href=\"https:\/\/dominicaconsulateinvietnam.org\/vi\/visitors\/huong-dan-di-chuyen-trong-mua-covid-19\/\" \/>\n<meta property=\"og:locale\" content=\"vi_VN\" \/>\n<meta property=\"og:type\" content=\"article\" \/>\n<meta property=\"og:title\" content=\"H\u01b0\u1edbng d\u1eabn di chuy\u1ec3n trong m\u00f9a Covid-19 - Consulate General of The Commonwealth of Dominica in Ho Chi Minh City\" \/>\n<meta property=\"og:url\" content=\"https:\/\/dominicaconsulateinvietnam.org\/vi\/visitors\/huong-dan-di-chuyen-trong-mua-covid-19\/\" \/>\n<meta property=\"og:site_name\" content=\"Consulate General of The Commonwealth of Dominica in Ho Chi Minh City\" \/>\n<meta property=\"article:modified_time\" content=\"2024-07-19T04:27:59+00:00\" \/>\n<meta name=\"twitter:card\" content=\"summary_large_image\" \/>\n<meta name=\"twitter:label1\" content=\"Est. reading time\" \/>\n\t<meta name=\"twitter:data1\" content=\"3 minutes\" \/>\n<script type=\"application\/ld+json\" class=\"yoast-schema-graph\">{\"@context\":\"https:\/\/schema.org\",\"@graph\":[{\"@type\":\"WebPage\",\"@id\":\"https:\/\/dominicaconsulateinvietnam.org\/vi\/visitors\/huong-dan-di-chuyen-trong-mua-covid-19\/\",\"url\":\"https:\/\/dominicaconsulateinvietnam.org\/vi\/visitors\/huong-dan-di-chuyen-trong-mua-covid-19\/\",\"name\":\"H\u01b0\u1edbng d\u1eabn di chuy\u1ec3n trong m\u00f9a Covid-19 - Consulate General of The Commonwealth of Dominica in Ho Chi Minh City\",\"isPartOf\":{\"@id\":\"https:\/\/dominicaconsulateinvietnam.org\/#website\"},\"datePublished\":\"2021-09-15T18:35:16+00:00\",\"dateModified\":\"2024-07-19T04:27:59+00:00\",\"breadcrumb\":{\"@id\":\"https:\/\/dominicaconsulateinvietnam.org\/vi\/visitors\/huong-dan-di-chuyen-trong-mua-covid-19\/#breadcrumb\"},\"inLanguage\":\"vi-VN\",\"potentialAction\":[{\"@type\":\"ReadAction\",\"target\":[\"https:\/\/dominicaconsulateinvietnam.org\/vi\/visitors\/huong-dan-di-chuyen-trong-mua-covid-19\/\"]}]},{\"@type\":\"BreadcrumbList\",\"@id\":\"https:\/\/dominicaconsulateinvietnam.org\/vi\/visitors\/huong-dan-di-chuyen-trong-mua-covid-19\/#breadcrumb\",\"itemListElement\":[{\"@type\":\"ListItem\",\"position\":1,\"name\":\"Home\",\"item\":\"https:\/\/dominicaconsulateinvietnam.org\/vi\/\"},{\"@type\":\"ListItem\",\"position\":2,\"name\":\"kh\u00e1ch\",\"item\":\"https:\/\/dominicaconsulateinvietnam.org\/vi\/visitors\/\"},{\"@type\":\"ListItem\",\"position\":3,\"name\":\"H\u01b0\u1edbng d\u1eabn di chuy\u1ec3n trong m\u00f9a Covid-19\"}]},{\"@type\":\"WebSite\",\"@id\":\"https:\/\/dominicaconsulateinvietnam.org\/#website\",\"url\":\"https:\/\/dominicaconsulateinvietnam.org\/\",\"name\":\"Consulate General of The Commonwealth of Dominica in Ho Chi Minh City\",\"description\":\"The Consulate is focused on maintaining, and strengthening these international relationships, and on increasing the profile of Dominica within the international community\",\"potentialAction\":[{\"@type\":\"SearchAction\",\"target\":{\"@type\":\"EntryPoint\",\"urlTemplate\":\"https:\/\/dominicaconsulateinvietnam.org\/?s={search_term_string}\"},\"query-input\":{\"@type\":\"PropertyValueSpecification\",\"valueRequired\":true,\"valueName\":\"search_term_string\"}}],\"inLanguage\":\"vi-VN\"}]}<\/script>\n<!-- \/ Yoast SEO plugin. -->","yoast_head_json":{"title":"H\u01b0\u1edbng d\u1eabn di chuy\u1ec3n trong m\u00f9a Covid-19 - Consulate General of The Commonwealth of Dominica in Ho Chi Minh City","robots":{"index":"index","follow":"follow","max-snippet":"max-snippet:-1","max-image-preview":"max-image-preview:large","max-video-preview":"max-video-preview:-1"},"canonical":"https:\/\/dominicaconsulateinvietnam.org\/vi\/visitors\/huong-dan-di-chuyen-trong-mua-covid-19\/","og_locale":"vi_VN","og_type":"article","og_title":"H\u01b0\u1edbng d\u1eabn di chuy\u1ec3n trong m\u00f9a Covid-19 - Consulate General of The Commonwealth of Dominica in Ho Chi Minh City","og_url":"https:\/\/dominicaconsulateinvietnam.org\/vi\/visitors\/huong-dan-di-chuyen-trong-mua-covid-19\/","og_site_name":"Consulate General of The Commonwealth of Dominica in Ho Chi Minh City","article_modified_time":"2024-07-19T04:27:59+00:00","twitter_card":"summary_large_image","twitter_misc":{"Est. reading time":"3 minutes"},"schema":{"@context":"https:\/\/schema.org","@graph":[{"@type":"WebPage","@id":"https:\/\/dominicaconsulateinvietnam.org\/vi\/visitors\/huong-dan-di-chuyen-trong-mua-covid-19\/","url":"https:\/\/dominicaconsulateinvietnam.org\/vi\/visitors\/huong-dan-di-chuyen-trong-mua-covid-19\/","name":"H\u01b0\u1edbng d\u1eabn di chuy\u1ec3n trong m\u00f9a Covid-19 - Consulate General of The Commonwealth of Dominica in Ho Chi Minh City","isPartOf":{"@id":"https:\/\/dominicaconsulateinvietnam.org\/#website"},"datePublished":"2021-09-15T18:35:16+00:00","dateModified":"2024-07-19T04:27:59+00:00","breadcrumb":{"@id":"https:\/\/dominicaconsulateinvietnam.org\/vi\/visitors\/huong-dan-di-chuyen-trong-mua-covid-19\/#breadcrumb"},"inLanguage":"vi-VN","potentialAction":[{"@type":"ReadAction","target":["https:\/\/dominicaconsulateinvietnam.org\/vi\/visitors\/huong-dan-di-chuyen-trong-mua-covid-19\/"]}]},{"@type":"BreadcrumbList","@id":"https:\/\/dominicaconsulateinvietnam.org\/vi\/visitors\/huong-dan-di-chuyen-trong-mua-covid-19\/#breadcrumb","itemListElement":[{"@type":"ListItem","position":1,"name":"Home","item":"https:\/\/dominicaconsulateinvietnam.org\/vi\/"},{"@type":"ListItem","position":2,"name":"kh\u00e1ch","item":"https:\/\/dominicaconsulateinvietnam.org\/vi\/visitors\/"},{"@type":"ListItem","position":3,"name":"H\u01b0\u1edbng d\u1eabn di chuy\u1ec3n trong m\u00f9a Covid-19"}]},{"@type":"WebSite","@id":"https:\/\/dominicaconsulateinvietnam.org\/#website","url":"https:\/\/dominicaconsulateinvietnam.org\/","name":"Consulate General of The Commonwealth of Dominica in Ho Chi Minh City","description":"The Consulate is focused on maintaining, and strengthening these international relationships, and on increasing the profile of Dominica within the international community","potentialAction":[{"@type":"SearchAction","target":{"@type":"EntryPoint","urlTemplate":"https:\/\/dominicaconsulateinvietnam.org\/?s={search_term_string}"},"query-input":{"@type":"PropertyValueSpecification","valueRequired":true,"valueName":"search_term_string"}}],"inLanguage":"vi-VN"}]}},"_links":{"self":[{"href":"https:\/\/dominicaconsulateinvietnam.org\/vi\/wp-json\/wp\/v2\/pages\/8357","targetHints":{"allow":["GET"]}}],"collection":[{"href":"https:\/\/dominicaconsulateinvietnam.org\/vi\/wp-json\/wp\/v2\/pages"}],"about":[{"href":"https:\/\/dominicaconsulateinvietnam.org\/vi\/wp-json\/wp\/v2\/types\/page"}],"author":[{"embeddable":true,"href":"https:\/\/dominicaconsulateinvietnam.org\/vi\/wp-json\/wp\/v2\/users\/1"}],"replies":[{"embeddable":true,"href":"https:\/\/dominicaconsulateinvietnam.org\/vi\/wp-json\/wp\/v2\/comments?post=8357"}],"version-history":[{"count":6,"href":"https:\/\/dominicaconsulateinvietnam.org\/vi\/wp-json\/wp\/v2\/pages\/8357\/revisions"}],"predecessor-version":[{"id":8787,"href":"https:\/\/dominicaconsulateinvietnam.org\/vi\/wp-json\/wp\/v2\/pages\/8357\/revisions\/8787"}],"up":[{"embeddable":true,"href":"https:\/\/dominicaconsulateinvietnam.org\/vi\/wp-json\/wp\/v2\/pages\/8460"}],"wp:attachment":[{"href":"https:\/\/dominicaconsulateinvietnam.org\/vi\/wp-json\/wp\/v2\/media?parent=8357"}],"curies":[{"name":"wp","href":"https:\/\/api.w.org\/{rel}","templated":true}]}}