{"id":8354,"date":"2021-09-15T18:32:44","date_gmt":"2021-09-15T18:32:44","guid":{"rendered":"https:\/\/dominicaconsulateinvietnam.org\/ship-registration\/"},"modified":"2021-09-27T08:13:18","modified_gmt":"2021-09-27T08:13:18","slug":"ship-registration","status":"publish","type":"page","link":"https:\/\/dominicaconsulateinvietnam.org\/vi\/maritime-registry\/ship-registration\/","title":{"rendered":"\u0110\u0103ng k\u00fd T\u00e0u bi\u1ec3n"},"content":{"rendered":"<section class=\"l-section wpb_row height_auto\"><div class=\"l-section-h i-cf\"><div class=\"g-cols vc_row via_flex valign_top type_default stacking_default\"><div class=\"vc_col-sm-12 wpb_column vc_column_container\"><div class=\"vc_column-inner\"><div class=\"wpb_wrapper\"><div class=\"wpb_text_column\"><div class=\"wpb_wrapper\"><p>C\u01a1 quan \u0110\u0103ng k\u00fd T\u00e0u bi\u1ec3n Qu\u1ed1c t\u1ebf c\u1ee7a Kh\u1ed1i th\u1ecbnh v\u01b0\u1ee3ng chung Dominica l\u00e0 m\u1ed9t trong nh\u1eefng C\u01a1 quan \u0110\u0103ng k\u00fd T\u00e0u bi\u1ec3n ph\u00e1t tri\u1ec3n nhanh nh\u1ea5t v\u00e0 \u0111\u01b0\u1ee3c qu\u1ea3n l\u00fd hi\u1ec7u qu\u1ea3 nh\u1ea5t hi\u1ec7n nay. \u0110\u0103ng k\u00fd t\u00e0u \u1edf Dominica hi\u1ec7u qu\u1ea3, \u0111\u01a1n gi\u1ea3n v\u00e0 ti\u1ebft ki\u1ec7m chi ph\u00ed. C\u01a1 quan \u0111\u0103ng k\u00fd c\u1ee7a ch\u00fang t\u00f4i h\u1ed7 tr\u1ee3 kh\u00e1ch h\u00e0ng v\u1ec1 m\u1eb7t h\u00e0nh ch\u00ednh v\u00e0 k\u1ef9 thu\u1eadt cho \u0111\u1ebfn khi ho\u00e0n th\u00e0nh qu\u00e1 tr\u00ecnh \u0111\u0103ng k\u00fd.<\/p>\n<h3>L\u1ee3i \u00edch c\u1ee7a vi\u1ec7c \u0111\u0103ng k\u00fd t\u00e0u bi\u1ec3n t\u1ea1i Dominica<\/h3>\n<ul>\n<li>Gi\u00e1 c\u1ea3 c\u1ea1nh tranh.<\/li>\n<li>\u0110\u1ed9i ng\u0169 nh\u00e2n vi\u00ean t\u1eadn t\u00e2m cung c\u1ea5p d\u1ecbch v\u1ee5 kh\u00e1ch h\u00e0ng nhanh ch\u00f3ng v\u00e0 hi\u1ec7u qu\u1ea3.<\/li>\n<li>M\u1ea1ng l\u01b0\u1edbi h\u1ed7 tr\u1ee3 k\u1ef9 thu\u1eadt to\u00e0n c\u1ea7u r\u1ed9ng kh\u1eafp.<\/li>\n<li>Tham gia IMO (T\u1ed5 ch\u1ee9c h\u00e0ng h\u1ea3i qu\u1ed1c t\u1ebf) ch\u1ee7 \u0111\u1ed9ng.<\/li>\n<li>Statutory Surveys and Certification Program.<\/li>\n<li>Li\u00ean t\u1ee5c c\u1ea3i thi\u1ec7n hi\u1ec7u su\u1ea5t MOU<\/li>\n<li>Nhi\u1ec1u Ch\u01b0\u01a1ng tr\u00ecnh \u01afu \u0111\u00e3i bao g\u1ed3m gi\u1edbi h\u1ea1n ph\u00ed tr\u1ecdng t\u1ea3i.<\/li>\n<li>Foreign Maritime Entity Waiver Program: maintain existing IBC in former domicile.<\/li>\n<li>Flag State Inspection Program to Enhance Port State Compliance and Response Support.<\/li>\n<li>\u0110\u01b0\u1ee3c c\u00e1c ng\u00e2n h\u00e0ng l\u1edbn, ng\u01b0\u1eddi thu\u00ea t\u00e0u v\u00e0 C\u01a1 quan b\u1ea3o hi\u1ec3m ch\u1ea5p nh\u1eadn.<\/li>\n<li>Ch\u1ed1ng c\u01b0\u1edbp bi\u1ec3n: tuy\u1ec3n d\u1ee5ng c\u00e1c nh\u00e2n vi\u00ean an ninh \u0111\u00e3 \u0111\u01b0\u1ee3c ch\u00ednh quy\u1ec1n Dominica ph\u00ea duy\u1ec7t.<\/li>\n<li>H\u1ed7 tr\u1ee3 kh\u1ea9n c\u1ea5p 24 gi\u1edd.<\/li>\n<li>STCW \u201cWhite List\u201d Mariner Training, Licensing and Certification Program for Issuance of Original COC.<\/li>\n<\/ul>\n<p>\u0110\u1ec3 bi\u1ebft th\u00eam th\u00f4ng tin chi ti\u1ebft, vui l\u00f2ng li\u00ean h\u1ec7 v\u1edbi ch\u00fang t\u00f4i theo \u0111\u1ecba ch\u1ec9: <a href=\"mailto:consulate@dominicaconsulateinvietnam.org\">consulate@dominicaconsulateinvietnam.org<\/a><\/p>\n<\/div><\/div><\/div><\/div><\/div><\/div><\/div><\/section>\n","protected":false},"excerpt":{"rendered":"C\u01a1 quan \u0110\u0103ng k\u00fd T\u00e0u bi\u1ec3n Qu\u1ed1c t\u1ebf c\u1ee7a Kh\u1ed1i th\u1ecbnh v\u01b0\u1ee3ng chung Dominica l\u00e0 m\u1ed9t trong nh\u1eefng C\u01a1 quan \u0110\u0103ng k\u00fd T\u00e0u bi\u1ec3n ph\u00e1t tri\u1ec3n nhanh nh\u1ea5t v\u00e0 \u0111\u01b0\u1ee3c qu\u1ea3n l\u00fd hi\u1ec7u qu\u1ea3 nh\u1ea5t hi\u1ec7n nay. \u0110\u0103ng k\u00fd t\u00e0u \u1edf Dominica hi\u1ec7u qu\u1ea3, \u0111\u01a1n gi\u1ea3n v\u00e0 ti\u1ebft ki\u1ec7m chi ph\u00ed. C\u01a1 quan \u0111\u0103ng k\u00fd...","protected":false},"author":1,"featured_media":8352,"parent":8462,"menu_order":0,"comment_status":"closed","ping_status":"closed","template":"","meta":{"_acf_changed":false,"footnotes":""},"class_list":["post-8354","page","type-page","status-publish","has-post-thumbnail","hentry"],"acf":[],"yoast_head":"<!-- This site is optimized with the Yoast SEO plugin v27.2 - https:\/\/yoast.com\/product\/yoast-seo-wordpress\/ -->\n<title>\u0110\u0103ng k\u00fd T\u00e0u bi\u1ec3n - Consulate General of The Commonwealth of Dominica in Ho Chi Minh City<\/title>\n<meta name=\"robots\" content=\"index, follow, max-snippet:-1, max-image-preview:large, max-video-preview:-1\" \/>\n<link rel=\"canonical\" href=\"https:\/\/dominicaconsulateinvietnam.org\/vi\/maritime-registry\/ship-registration\/\" \/>\n<meta property=\"og:locale\" content=\"vi_VN\" \/>\n<meta property=\"og:type\" content=\"article\" \/>\n<meta property=\"og:title\" content=\"\u0110\u0103ng k\u00fd T\u00e0u bi\u1ec3n - Consulate General of The Commonwealth of Dominica in Ho Chi Minh City\" \/>\n<meta property=\"og:url\" content=\"https:\/\/dominicaconsulateinvietnam.org\/vi\/maritime-registry\/ship-registration\/\" \/>\n<meta property=\"og:site_name\" content=\"Consulate General of The Commonwealth of Dominica in Ho Chi Minh City\" \/>\n<meta property=\"article:modified_time\" content=\"2021-09-27T08:13:18+00:00\" \/>\n<meta property=\"og:image\" content=\"https:\/\/dominicaconsulateinvietnam.org\/wp-content\/uploads\/2021\/08\/DMRILogo-with-white_maritime-registry.jpg\" \/>\n\t<meta property=\"og:image:width\" content=\"768\" \/>\n\t<meta property=\"og:image:height\" content=\"764\" \/>\n\t<meta property=\"og:image:type\" content=\"image\/jpeg\" \/>\n<meta name=\"twitter:card\" content=\"summary_large_image\" \/>\n<meta name=\"twitter:label1\" content=\"Est. reading time\" \/>\n\t<meta name=\"twitter:data1\" content=\"2 minutes\" \/>\n<script type=\"application\/ld+json\" class=\"yoast-schema-graph\">{\"@context\":\"https:\/\/schema.org\",\"@graph\":[{\"@type\":\"WebPage\",\"@id\":\"https:\/\/dominicaconsulateinvietnam.org\/vi\/maritime-registry\/ship-registration\/\",\"url\":\"https:\/\/dominicaconsulateinvietnam.org\/vi\/maritime-registry\/ship-registration\/\",\"name\":\"\u0110\u0103ng k\u00fd T\u00e0u bi\u1ec3n - Consulate General of The Commonwealth of Dominica in Ho Chi Minh City\",\"isPartOf\":{\"@id\":\"https:\/\/dominicaconsulateinvietnam.org\/#website\"},\"primaryImageOfPage\":{\"@id\":\"https:\/\/dominicaconsulateinvietnam.org\/vi\/maritime-registry\/ship-registration\/#primaryimage\"},\"image\":{\"@id\":\"https:\/\/dominicaconsulateinvietnam.org\/vi\/maritime-registry\/ship-registration\/#primaryimage\"},\"thumbnailUrl\":\"https:\/\/dominicaconsulateinvietnam.org\/wp-content\/uploads\/2021\/08\/DMRILogo-with-white_maritime-registry.jpg\",\"datePublished\":\"2021-09-15T18:32:44+00:00\",\"dateModified\":\"2021-09-27T08:13:18+00:00\",\"breadcrumb\":{\"@id\":\"https:\/\/dominicaconsulateinvietnam.org\/vi\/maritime-registry\/ship-registration\/#breadcrumb\"},\"inLanguage\":\"vi-VN\",\"potentialAction\":[{\"@type\":\"ReadAction\",\"target\":[\"https:\/\/dominicaconsulateinvietnam.org\/vi\/maritime-registry\/ship-registration\/\"]}]},{\"@type\":\"ImageObject\",\"inLanguage\":\"vi-VN\",\"@id\":\"https:\/\/dominicaconsulateinvietnam.org\/vi\/maritime-registry\/ship-registration\/#primaryimage\",\"url\":\"https:\/\/dominicaconsulateinvietnam.org\/wp-content\/uploads\/2021\/08\/DMRILogo-with-white_maritime-registry.jpg\",\"contentUrl\":\"https:\/\/dominicaconsulateinvietnam.org\/wp-content\/uploads\/2021\/08\/DMRILogo-with-white_maritime-registry.jpg\",\"width\":768,\"height\":764},{\"@type\":\"BreadcrumbList\",\"@id\":\"https:\/\/dominicaconsulateinvietnam.org\/vi\/maritime-registry\/ship-registration\/#breadcrumb\",\"itemListElement\":[{\"@type\":\"ListItem\",\"position\":1,\"name\":\"Home\",\"item\":\"https:\/\/dominicaconsulateinvietnam.org\/vi\/\"},{\"@type\":\"ListItem\",\"position\":2,\"name\":\"\u0110\u0103ng k\u00fd\",\"item\":\"https:\/\/dominicaconsulateinvietnam.org\/vi\/maritime-registry\/\"},{\"@type\":\"ListItem\",\"position\":3,\"name\":\"\u0110\u0103ng k\u00fd T\u00e0u bi\u1ec3n\"}]},{\"@type\":\"WebSite\",\"@id\":\"https:\/\/dominicaconsulateinvietnam.org\/#website\",\"url\":\"https:\/\/dominicaconsulateinvietnam.org\/\",\"name\":\"Consulate General of The Commonwealth of Dominica in Ho Chi Minh City\",\"description\":\"The Consulate is focused on maintaining, and strengthening these international relationships, and on increasing the profile of Dominica within the international community\",\"potentialAction\":[{\"@type\":\"SearchAction\",\"target\":{\"@type\":\"EntryPoint\",\"urlTemplate\":\"https:\/\/dominicaconsulateinvietnam.org\/?s={search_term_string}\"},\"query-input\":{\"@type\":\"PropertyValueSpecification\",\"valueRequired\":true,\"valueName\":\"search_term_string\"}}],\"inLanguage\":\"vi-VN\"}]}<\/script>\n<!-- \/ Yoast SEO plugin. -->","yoast_head_json":{"title":"\u0110\u0103ng k\u00fd T\u00e0u bi\u1ec3n - Consulate General of The Commonwealth of Dominica in Ho Chi Minh City","robots":{"index":"index","follow":"follow","max-snippet":"max-snippet:-1","max-image-preview":"max-image-preview:large","max-video-preview":"max-video-preview:-1"},"canonical":"https:\/\/dominicaconsulateinvietnam.org\/vi\/maritime-registry\/ship-registration\/","og_locale":"vi_VN","og_type":"article","og_title":"\u0110\u0103ng k\u00fd T\u00e0u bi\u1ec3n - Consulate General of The Commonwealth of Dominica in Ho Chi Minh City","og_url":"https:\/\/dominicaconsulateinvietnam.org\/vi\/maritime-registry\/ship-registration\/","og_site_name":"Consulate General of The Commonwealth of Dominica in Ho Chi Minh City","article_modified_time":"2021-09-27T08:13:18+00:00","og_image":[{"width":768,"height":764,"url":"https:\/\/dominicaconsulateinvietnam.org\/wp-content\/uploads\/2021\/08\/DMRILogo-with-white_maritime-registry.jpg","type":"image\/jpeg"}],"twitter_card":"summary_large_image","twitter_misc":{"Est. reading time":"2 minutes"},"schema":{"@context":"https:\/\/schema.org","@graph":[{"@type":"WebPage","@id":"https:\/\/dominicaconsulateinvietnam.org\/vi\/maritime-registry\/ship-registration\/","url":"https:\/\/dominicaconsulateinvietnam.org\/vi\/maritime-registry\/ship-registration\/","name":"\u0110\u0103ng k\u00fd T\u00e0u bi\u1ec3n - Consulate General of The Commonwealth of Dominica in Ho Chi Minh City","isPartOf":{"@id":"https:\/\/dominicaconsulateinvietnam.org\/#website"},"primaryImageOfPage":{"@id":"https:\/\/dominicaconsulateinvietnam.org\/vi\/maritime-registry\/ship-registration\/#primaryimage"},"image":{"@id":"https:\/\/dominicaconsulateinvietnam.org\/vi\/maritime-registry\/ship-registration\/#primaryimage"},"thumbnailUrl":"https:\/\/dominicaconsulateinvietnam.org\/wp-content\/uploads\/2021\/08\/DMRILogo-with-white_maritime-registry.jpg","datePublished":"2021-09-15T18:32:44+00:00","dateModified":"2021-09-27T08:13:18+00:00","breadcrumb":{"@id":"https:\/\/dominicaconsulateinvietnam.org\/vi\/maritime-registry\/ship-registration\/#breadcrumb"},"inLanguage":"vi-VN","potentialAction":[{"@type":"ReadAction","target":["https:\/\/dominicaconsulateinvietnam.org\/vi\/maritime-registry\/ship-registration\/"]}]},{"@type":"ImageObject","inLanguage":"vi-VN","@id":"https:\/\/dominicaconsulateinvietnam.org\/vi\/maritime-registry\/ship-registration\/#primaryimage","url":"https:\/\/dominicaconsulateinvietnam.org\/wp-content\/uploads\/2021\/08\/DMRILogo-with-white_maritime-registry.jpg","contentUrl":"https:\/\/dominicaconsulateinvietnam.org\/wp-content\/uploads\/2021\/08\/DMRILogo-with-white_maritime-registry.jpg","width":768,"height":764},{"@type":"BreadcrumbList","@id":"https:\/\/dominicaconsulateinvietnam.org\/vi\/maritime-registry\/ship-registration\/#breadcrumb","itemListElement":[{"@type":"ListItem","position":1,"name":"Home","item":"https:\/\/dominicaconsulateinvietnam.org\/vi\/"},{"@type":"ListItem","position":2,"name":"\u0110\u0103ng k\u00fd","item":"https:\/\/dominicaconsulateinvietnam.org\/vi\/maritime-registry\/"},{"@type":"ListItem","position":3,"name":"\u0110\u0103ng k\u00fd T\u00e0u bi\u1ec3n"}]},{"@type":"WebSite","@id":"https:\/\/dominicaconsulateinvietnam.org\/#website","url":"https:\/\/dominicaconsulateinvietnam.org\/","name":"Consulate General of The Commonwealth of Dominica in Ho Chi Minh City","description":"The Consulate is focused on maintaining, and strengthening these international relationships, and on increasing the profile of Dominica within the international community","potentialAction":[{"@type":"SearchAction","target":{"@type":"EntryPoint","urlTemplate":"https:\/\/dominicaconsulateinvietnam.org\/?s={search_term_string}"},"query-input":{"@type":"PropertyValueSpecification","valueRequired":true,"valueName":"search_term_string"}}],"inLanguage":"vi-VN"}]}},"_links":{"self":[{"href":"https:\/\/dominicaconsulateinvietnam.org\/vi\/wp-json\/wp\/v2\/pages\/8354","targetHints":{"allow":["GET"]}}],"collection":[{"href":"https:\/\/dominicaconsulateinvietnam.org\/vi\/wp-json\/wp\/v2\/pages"}],"about":[{"href":"https:\/\/dominicaconsulateinvietnam.org\/vi\/wp-json\/wp\/v2\/types\/page"}],"author":[{"embeddable":true,"href":"https:\/\/dominicaconsulateinvietnam.org\/vi\/wp-json\/wp\/v2\/users\/1"}],"replies":[{"embeddable":true,"href":"https:\/\/dominicaconsulateinvietnam.org\/vi\/wp-json\/wp\/v2\/comments?post=8354"}],"version-history":[{"count":7,"href":"https:\/\/dominicaconsulateinvietnam.org\/vi\/wp-json\/wp\/v2\/pages\/8354\/revisions"}],"predecessor-version":[{"id":8660,"href":"https:\/\/dominicaconsulateinvietnam.org\/vi\/wp-json\/wp\/v2\/pages\/8354\/revisions\/8660"}],"up":[{"embeddable":true,"href":"https:\/\/dominicaconsulateinvietnam.org\/vi\/wp-json\/wp\/v2\/pages\/8462"}],"wp:featuredmedia":[{"embeddable":true,"href":"https:\/\/dominicaconsulateinvietnam.org\/vi\/wp-json\/wp\/v2\/media\/8352"}],"wp:attachment":[{"href":"https:\/\/dominicaconsulateinvietnam.org\/vi\/wp-json\/wp\/v2\/media?parent=8354"}],"curies":[{"name":"wp","href":"https:\/\/api.w.org\/{rel}","templated":true}]}}