{"id":8349,"date":"2021-09-15T18:29:33","date_gmt":"2021-09-15T18:29:33","guid":{"rendered":"https:\/\/dominicaconsulateinvietnam.org\/dang-ky-du-thuyen\/"},"modified":"2021-09-20T10:32:20","modified_gmt":"2021-09-20T10:32:20","slug":"dang-ky-du-thuyen","status":"publish","type":"page","link":"https:\/\/dominicaconsulateinvietnam.org\/vi\/maritime-registry\/dang-ky-du-thuyen\/","title":{"rendered":"\u0110\u0103ng k\u00fd Du thuy\u1ec1n"},"content":{"rendered":"<section class=\"l-section wpb_row height_auto\"><div class=\"l-section-h i-cf\"><div class=\"g-cols vc_row via_flex valign_top type_default stacking_default\"><div class=\"vc_col-sm-12 wpb_column vc_column_container\"><div class=\"vc_column-inner\"><div class=\"wpb_wrapper\"><div class=\"wpb_text_column\"><div class=\"wpb_wrapper\"><h3>\u0110\u0103ng k\u00fd du thuy\u1ec1n \u1edf Dominica<\/h3>\n<p>C\u01a1 quan \u0111\u0103ng k\u00fd du thuy\u1ec1n qu\u1ed1c t\u1ebf c\u1ee7a Kh\u1ed1i Th\u1ecbnh V\u01b0\u1ee3ng Chung Dominica l\u00e0 m\u1ed9t trong nh\u1eefng C\u01a1 quan \u0111\u0103ng k\u00fd t\u00e0u bi\u1ec3n ph\u00e1t tri\u1ec3n nhanh nh\u1ea5t v\u00e0 \u0111\u01b0\u1ee3c qu\u1ea3n l\u00fd hi\u1ec7u qu\u1ea3 nh\u1ea5t. \u0110\u0103ng k\u00fd du thuy\u1ec1n theo Kh\u1ed1i th\u1ecbnh v\u01b0\u1ee3ng chung Dominica hi\u1ec7u qu\u1ea3, \u0111\u01a1n gi\u1ea3n, ti\u1ebft ki\u1ec7m chi ph\u00ed v\u00e0 c\u00f3 nhi\u1ec1u l\u1ee3i \u00edch b\u1ed5 sung quan tr\u1ecdng. C\u01a1 quan \u0111\u0103ng k\u00fd c\u1ee7a ch\u00fang t\u00f4i h\u1ed7 tr\u1ee3 kh\u00e1ch h\u00e0ng v\u1ec1 m\u1eb7t h\u00e0nh ch\u00ednh v\u00e0 k\u1ef9 thu\u1eadt cho \u0111\u1ebfn khi ho\u00e0n thi\u1ec7n qu\u00e1 tr\u00ecnh \u0111\u0103ng k\u00fd.<\/p>\n<h3>L\u1ee3i \u00edch khi \u0110\u0103ng k\u00fd Du thuy\u1ec1n T\u01b0 nh\u00e2n \u1edf Dominica:<\/h3>\n<ul>\n<li>\u0110\u0103ng k\u00fd Du thuy\u1ec1n nhanh ch\u00f3ng v\u00e0 \u0111\u01a1n gi\u1ea3n.<\/li>\n<li>Gi\u00e1 c\u1ea3 c\u1ea1nh tranh v\u1edbi ph\u00ed h\u00e0ng n\u0103m th\u1ea5p.<\/li>\n<li>Trung l\u1eadp v\u1ec1 thu\u1ebf.<\/li>\n<li>C\u00e1c th\u1ee7 t\u1ee5c \u0111\u0103ng k\u00fd, h\u1ed3 s\u01a1, ti\u00eau chu\u1ea9n th\u1ebf ch\u1ea5p \u01b0u ti\u00ean, qu\u1ea3n l\u00fd h\u1ee3p \u0111\u1ed3ng \u0111\u01b0\u1ee3c c\u00e1c t\u1ed5 ch\u1ee9c cho vay qu\u1ed1c t\u1ebf c\u00f3 uy t\u00edn th\u1eeba nh\u1eadn.<\/li>\n<li>Du thuy\u1ec1n t\u01b0 nh\u00e2n c\u00f3 chi\u1ec1u d\u00e0i t\u1eeb 12 m\u00e9t tr\u1edf l\u00ean c\u00f3 th\u1ec3 \u0111\u01b0\u1ee3c cho thu\u00ea trong 84 ng\u00e0y m\u1ed7i n\u0103m d\u01b0\u01a1ng l\u1ecbch (theo Quy \u0111\u1ecbnh Qu\u1ed1c t\u1ebf) v\u1edbi \u0111i\u1ec1u ki\u1ec7n du thuy\u1ec1n ho\u1ea1t \u0111\u1ed9ng theo ch\u1ee9ng ch\u1ec9 l\u00e1i an to\u00e0n t\u1ed1i thi\u1ec3u c\u00f9ng v\u1edbi c\u00e1c y\u00eau c\u1ea7u kh\u00e1c.<\/li>\n<li>C\u01a1 quan \u0111\u0103ng k\u00fd cho ph\u00e9p m\u1ed9t du thuy\u1ec1n t\u01b0 nh\u00e2n \u0111\u01b0\u1ee3c cho thu\u00ea t\u00e0u trong t\u1ed1i \u0111a 84 ng\u00e0y trong b\u1ea5t k\u1ef3 m\u1ed9t (1) n\u0103m d\u01b0\u01a1ng l\u1ecbch n\u00e0o \u0111\u1ec3 cho ph\u00e9p ch\u1ee7 s\u1edf h\u1eefu du thuy\u1ec1n b\u00f9 \u0111\u1eafp m\u1ed9t s\u1ed1 chi ph\u00ed ho\u1ea1t \u0111\u1ed9ng c\u1ee7a m\u00ecnh. \u0110\u1eb7c quy\u1ec1n thu\u00ea t\u00e0u n\u00e0y mi\u1ec5n cho du thuy\u1ec1n ph\u1ea3i \u0111\u0103ng k\u00fd nh\u01b0 m\u1ed9t du thuy\u1ec1n th\u01b0\u01a1ng m\u1ea1i.<\/li>\n<li>C\u01a1 quan \u0111\u0103ng ki\u1ec3m cung c\u1ea5p ch\u01b0\u01a1ng tr\u00ecnh t\u1ef1 ki\u1ec3m tra mi\u1ec5n ph\u00ed \u0111\u1ec3 gi\u00fap ch\u1ee7 s\u1edf h\u1eefu du thuy\u1ec1n \u0111\u1ea3m b\u1ea3o an to\u00e0n tr\u00ean t\u00e0u.<\/li>\n<li>M\u1ea1ng l\u01b0\u1edbi H\u1ed7 tr\u1ee3 K\u1ef9 thu\u1eadt To\u00e0n c\u1ea7u r\u1ed9ng kh\u1eafp c\u00f3 s\u1eb5n tr\u00ean to\u00e0n th\u1ebf gi\u1edbi v\u1edbi \u0111\u1ed9i ng\u0169 nh\u00e2n vi\u00ean c\u00f3 tr\u00ecnh \u0111\u1ed9 v\u00e0 kinh nghi\u1ec7m.<\/li>\n<li>\u0110\u1ed9i ng\u0169 nh\u00e2n vi\u00ean t\u1eadn t\u00e2m cung c\u1ea5p d\u1ecbch v\u1ee5 kh\u00e1ch h\u00e0ng nhanh ch\u00f3ng v\u00e0 hi\u1ec7u qu\u1ea3.<\/li>\n<li>H\u1ed7 tr\u1ee3 kh\u1ea9n c\u1ea5p 24 gi\u1edd.<\/li>\n<li>Lu\u1eadt ph\u00e1p linh ho\u1ea1t ph\u00f9 h\u1ee3p v\u1edbi ch\u1ee7 s\u1edf h\u1eefu du thuy\u1ec1n v\u00e0 c\u01a1 c\u1ea5u s\u1edf h\u1eefu \u0111\u1ed1i v\u1edbi si\u00eau du thuy\u1ec1n.<\/li>\n<li>Dominica l\u00e0 m\u1ed9t khu v\u1ef1c ch\u00ednh tr\u1ecb \u1ed5n \u0111\u1ecbnh v\u00e0 an to\u00e0n.<\/li>\n<\/ul>\n<p>C\u01a1 quan \u0110\u0103ng k\u00fd H\u00e0ng h\u1ea3i Dominica h\u1ed7 tr\u1ee3 ch\u1ee7 s\u1edf h\u1eefu du thuy\u1ec1n c\u00f3 th\u1ec3 \u0111\u0103ng k\u00fd du thuy\u1ec1n v\u1edbi chi ph\u00ed hi\u1ec7u qu\u1ea3, kh\u00f4ng c\u00f3 thu\u1ebf tr\u1ecdng t\u1ea3i ho\u1eb7c h\u1ea1n ch\u1ebf k\u00edch th\u01b0\u1edbc. Ngo\u00e0i ra, C\u01a1 quan \u0111\u0103ng ki\u1ec3m c\u00f2n cung c\u1ea5p ch\u01b0\u01a1ng tr\u00ecnh t\u1ef1 ki\u1ec3m tra mi\u1ec5n ph\u00ed \u0111\u1ec3 gi\u00fap Ch\u1ee7 s\u1edf h\u1eefu du thuy\u1ec1n \u0111\u1ea3m b\u1ea3o an to\u00e0n tr\u00ean t\u00e0u.<\/p>\n<p>\u0110\u1ec3 bi\u1ebft th\u00eam th\u00f4ng tin chi ti\u1ebft, vui l\u00f2ng li\u00ean h\u1ec7 v\u1edbi ch\u00fang t\u00f4i theo \u0111\u1ecba ch\u1ec9: <a href=\"mailto:consulate@dominicaconsulateinvietnam.org\">consulate@dominicaconsulateinvietnam.org<\/a><\/p>\n<\/div><\/div><\/div><\/div><\/div><\/div><\/div><\/section>\n","protected":false},"excerpt":{"rendered":"\u0110\u0103ng k\u00fd du thuy\u1ec1n \u1edf Dominica C\u01a1 quan \u0111\u0103ng k\u00fd du thuy\u1ec1n qu\u1ed1c t\u1ebf c\u1ee7a Kh\u1ed1i Th\u1ecbnh V\u01b0\u1ee3ng Chung Dominica l\u00e0 m\u1ed9t trong nh\u1eefng C\u01a1 quan \u0111\u0103ng k\u00fd t\u00e0u bi\u1ec3n ph\u00e1t tri\u1ec3n nhanh nh\u1ea5t v\u00e0 \u0111\u01b0\u1ee3c qu\u1ea3n l\u00fd hi\u1ec7u qu\u1ea3 nh\u1ea5t. \u0110\u0103ng k\u00fd du thuy\u1ec1n theo Kh\u1ed1i th\u1ecbnh v\u01b0\u1ee3ng chung Dominica hi\u1ec7u qu\u1ea3, \u0111\u01a1n gi\u1ea3n,...","protected":false},"author":1,"featured_media":8352,"parent":8462,"menu_order":0,"comment_status":"closed","ping_status":"closed","template":"","meta":{"_acf_changed":false,"footnotes":""},"class_list":["post-8349","page","type-page","status-publish","has-post-thumbnail","hentry"],"acf":[],"yoast_head":"<!-- This site is optimized with the Yoast SEO plugin v27.2 - https:\/\/yoast.com\/product\/yoast-seo-wordpress\/ -->\n<title>\u0110\u0103ng k\u00fd Du thuy\u1ec1n - Consulate General of The Commonwealth of Dominica in Ho Chi Minh City<\/title>\n<meta name=\"robots\" content=\"index, follow, max-snippet:-1, max-image-preview:large, max-video-preview:-1\" \/>\n<link rel=\"canonical\" href=\"https:\/\/dominicaconsulateinvietnam.org\/vi\/maritime-registry\/dang-ky-du-thuyen\/\" \/>\n<meta property=\"og:locale\" content=\"vi_VN\" \/>\n<meta property=\"og:type\" content=\"article\" \/>\n<meta property=\"og:title\" content=\"\u0110\u0103ng k\u00fd Du thuy\u1ec1n - Consulate General of The Commonwealth of Dominica in Ho Chi Minh City\" \/>\n<meta property=\"og:url\" content=\"https:\/\/dominicaconsulateinvietnam.org\/vi\/maritime-registry\/dang-ky-du-thuyen\/\" \/>\n<meta property=\"og:site_name\" content=\"Consulate General of The Commonwealth of Dominica in Ho Chi Minh City\" \/>\n<meta property=\"article:modified_time\" content=\"2021-09-20T10:32:20+00:00\" \/>\n<meta property=\"og:image\" content=\"https:\/\/dominicaconsulateinvietnam.org\/wp-content\/uploads\/2021\/08\/DMRILogo-with-white_maritime-registry.jpg\" \/>\n\t<meta property=\"og:image:width\" content=\"768\" \/>\n\t<meta property=\"og:image:height\" content=\"764\" \/>\n\t<meta property=\"og:image:type\" content=\"image\/jpeg\" \/>\n<meta name=\"twitter:card\" content=\"summary_large_image\" \/>\n<meta name=\"twitter:label1\" content=\"Est. reading time\" \/>\n\t<meta name=\"twitter:data1\" content=\"3 minutes\" \/>\n<script type=\"application\/ld+json\" class=\"yoast-schema-graph\">{\"@context\":\"https:\/\/schema.org\",\"@graph\":[{\"@type\":\"WebPage\",\"@id\":\"https:\/\/dominicaconsulateinvietnam.org\/vi\/maritime-registry\/dang-ky-du-thuyen\/\",\"url\":\"https:\/\/dominicaconsulateinvietnam.org\/vi\/maritime-registry\/dang-ky-du-thuyen\/\",\"name\":\"\u0110\u0103ng k\u00fd Du thuy\u1ec1n - Consulate General of The Commonwealth of Dominica in Ho Chi Minh City\",\"isPartOf\":{\"@id\":\"https:\/\/dominicaconsulateinvietnam.org\/#website\"},\"primaryImageOfPage\":{\"@id\":\"https:\/\/dominicaconsulateinvietnam.org\/vi\/maritime-registry\/dang-ky-du-thuyen\/#primaryimage\"},\"image\":{\"@id\":\"https:\/\/dominicaconsulateinvietnam.org\/vi\/maritime-registry\/dang-ky-du-thuyen\/#primaryimage\"},\"thumbnailUrl\":\"https:\/\/dominicaconsulateinvietnam.org\/wp-content\/uploads\/2021\/08\/DMRILogo-with-white_maritime-registry.jpg\",\"datePublished\":\"2021-09-15T18:29:33+00:00\",\"dateModified\":\"2021-09-20T10:32:20+00:00\",\"breadcrumb\":{\"@id\":\"https:\/\/dominicaconsulateinvietnam.org\/vi\/maritime-registry\/dang-ky-du-thuyen\/#breadcrumb\"},\"inLanguage\":\"vi-VN\",\"potentialAction\":[{\"@type\":\"ReadAction\",\"target\":[\"https:\/\/dominicaconsulateinvietnam.org\/vi\/maritime-registry\/dang-ky-du-thuyen\/\"]}]},{\"@type\":\"ImageObject\",\"inLanguage\":\"vi-VN\",\"@id\":\"https:\/\/dominicaconsulateinvietnam.org\/vi\/maritime-registry\/dang-ky-du-thuyen\/#primaryimage\",\"url\":\"https:\/\/dominicaconsulateinvietnam.org\/wp-content\/uploads\/2021\/08\/DMRILogo-with-white_maritime-registry.jpg\",\"contentUrl\":\"https:\/\/dominicaconsulateinvietnam.org\/wp-content\/uploads\/2021\/08\/DMRILogo-with-white_maritime-registry.jpg\",\"width\":768,\"height\":764},{\"@type\":\"BreadcrumbList\",\"@id\":\"https:\/\/dominicaconsulateinvietnam.org\/vi\/maritime-registry\/dang-ky-du-thuyen\/#breadcrumb\",\"itemListElement\":[{\"@type\":\"ListItem\",\"position\":1,\"name\":\"Home\",\"item\":\"https:\/\/dominicaconsulateinvietnam.org\/vi\/\"},{\"@type\":\"ListItem\",\"position\":2,\"name\":\"\u0110\u0103ng k\u00fd\",\"item\":\"https:\/\/dominicaconsulateinvietnam.org\/vi\/maritime-registry\/\"},{\"@type\":\"ListItem\",\"position\":3,\"name\":\"\u0110\u0103ng k\u00fd Du thuy\u1ec1n\"}]},{\"@type\":\"WebSite\",\"@id\":\"https:\/\/dominicaconsulateinvietnam.org\/#website\",\"url\":\"https:\/\/dominicaconsulateinvietnam.org\/\",\"name\":\"Consulate General of The Commonwealth of Dominica in Ho Chi Minh City\",\"description\":\"The Consulate is focused on maintaining, and strengthening these international relationships, and on increasing the profile of Dominica within the international community\",\"potentialAction\":[{\"@type\":\"SearchAction\",\"target\":{\"@type\":\"EntryPoint\",\"urlTemplate\":\"https:\/\/dominicaconsulateinvietnam.org\/?s={search_term_string}\"},\"query-input\":{\"@type\":\"PropertyValueSpecification\",\"valueRequired\":true,\"valueName\":\"search_term_string\"}}],\"inLanguage\":\"vi-VN\"}]}<\/script>\n<!-- \/ Yoast SEO plugin. -->","yoast_head_json":{"title":"\u0110\u0103ng k\u00fd Du thuy\u1ec1n - Consulate General of The Commonwealth of Dominica in Ho Chi Minh City","robots":{"index":"index","follow":"follow","max-snippet":"max-snippet:-1","max-image-preview":"max-image-preview:large","max-video-preview":"max-video-preview:-1"},"canonical":"https:\/\/dominicaconsulateinvietnam.org\/vi\/maritime-registry\/dang-ky-du-thuyen\/","og_locale":"vi_VN","og_type":"article","og_title":"\u0110\u0103ng k\u00fd Du thuy\u1ec1n - Consulate General of The Commonwealth of Dominica in Ho Chi Minh City","og_url":"https:\/\/dominicaconsulateinvietnam.org\/vi\/maritime-registry\/dang-ky-du-thuyen\/","og_site_name":"Consulate General of The Commonwealth of Dominica in Ho Chi Minh City","article_modified_time":"2021-09-20T10:32:20+00:00","og_image":[{"width":768,"height":764,"url":"https:\/\/dominicaconsulateinvietnam.org\/wp-content\/uploads\/2021\/08\/DMRILogo-with-white_maritime-registry.jpg","type":"image\/jpeg"}],"twitter_card":"summary_large_image","twitter_misc":{"Est. reading time":"3 minutes"},"schema":{"@context":"https:\/\/schema.org","@graph":[{"@type":"WebPage","@id":"https:\/\/dominicaconsulateinvietnam.org\/vi\/maritime-registry\/dang-ky-du-thuyen\/","url":"https:\/\/dominicaconsulateinvietnam.org\/vi\/maritime-registry\/dang-ky-du-thuyen\/","name":"\u0110\u0103ng k\u00fd Du thuy\u1ec1n - Consulate General of The Commonwealth of Dominica in Ho Chi Minh City","isPartOf":{"@id":"https:\/\/dominicaconsulateinvietnam.org\/#website"},"primaryImageOfPage":{"@id":"https:\/\/dominicaconsulateinvietnam.org\/vi\/maritime-registry\/dang-ky-du-thuyen\/#primaryimage"},"image":{"@id":"https:\/\/dominicaconsulateinvietnam.org\/vi\/maritime-registry\/dang-ky-du-thuyen\/#primaryimage"},"thumbnailUrl":"https:\/\/dominicaconsulateinvietnam.org\/wp-content\/uploads\/2021\/08\/DMRILogo-with-white_maritime-registry.jpg","datePublished":"2021-09-15T18:29:33+00:00","dateModified":"2021-09-20T10:32:20+00:00","breadcrumb":{"@id":"https:\/\/dominicaconsulateinvietnam.org\/vi\/maritime-registry\/dang-ky-du-thuyen\/#breadcrumb"},"inLanguage":"vi-VN","potentialAction":[{"@type":"ReadAction","target":["https:\/\/dominicaconsulateinvietnam.org\/vi\/maritime-registry\/dang-ky-du-thuyen\/"]}]},{"@type":"ImageObject","inLanguage":"vi-VN","@id":"https:\/\/dominicaconsulateinvietnam.org\/vi\/maritime-registry\/dang-ky-du-thuyen\/#primaryimage","url":"https:\/\/dominicaconsulateinvietnam.org\/wp-content\/uploads\/2021\/08\/DMRILogo-with-white_maritime-registry.jpg","contentUrl":"https:\/\/dominicaconsulateinvietnam.org\/wp-content\/uploads\/2021\/08\/DMRILogo-with-white_maritime-registry.jpg","width":768,"height":764},{"@type":"BreadcrumbList","@id":"https:\/\/dominicaconsulateinvietnam.org\/vi\/maritime-registry\/dang-ky-du-thuyen\/#breadcrumb","itemListElement":[{"@type":"ListItem","position":1,"name":"Home","item":"https:\/\/dominicaconsulateinvietnam.org\/vi\/"},{"@type":"ListItem","position":2,"name":"\u0110\u0103ng k\u00fd","item":"https:\/\/dominicaconsulateinvietnam.org\/vi\/maritime-registry\/"},{"@type":"ListItem","position":3,"name":"\u0110\u0103ng k\u00fd Du thuy\u1ec1n"}]},{"@type":"WebSite","@id":"https:\/\/dominicaconsulateinvietnam.org\/#website","url":"https:\/\/dominicaconsulateinvietnam.org\/","name":"Consulate General of The Commonwealth of Dominica in Ho Chi Minh City","description":"The Consulate is focused on maintaining, and strengthening these international relationships, and on increasing the profile of Dominica within the international community","potentialAction":[{"@type":"SearchAction","target":{"@type":"EntryPoint","urlTemplate":"https:\/\/dominicaconsulateinvietnam.org\/?s={search_term_string}"},"query-input":{"@type":"PropertyValueSpecification","valueRequired":true,"valueName":"search_term_string"}}],"inLanguage":"vi-VN"}]}},"_links":{"self":[{"href":"https:\/\/dominicaconsulateinvietnam.org\/vi\/wp-json\/wp\/v2\/pages\/8349","targetHints":{"allow":["GET"]}}],"collection":[{"href":"https:\/\/dominicaconsulateinvietnam.org\/vi\/wp-json\/wp\/v2\/pages"}],"about":[{"href":"https:\/\/dominicaconsulateinvietnam.org\/vi\/wp-json\/wp\/v2\/types\/page"}],"author":[{"embeddable":true,"href":"https:\/\/dominicaconsulateinvietnam.org\/vi\/wp-json\/wp\/v2\/users\/1"}],"replies":[{"embeddable":true,"href":"https:\/\/dominicaconsulateinvietnam.org\/vi\/wp-json\/wp\/v2\/comments?post=8349"}],"version-history":[{"count":7,"href":"https:\/\/dominicaconsulateinvietnam.org\/vi\/wp-json\/wp\/v2\/pages\/8349\/revisions"}],"predecessor-version":[{"id":8571,"href":"https:\/\/dominicaconsulateinvietnam.org\/vi\/wp-json\/wp\/v2\/pages\/8349\/revisions\/8571"}],"up":[{"embeddable":true,"href":"https:\/\/dominicaconsulateinvietnam.org\/vi\/wp-json\/wp\/v2\/pages\/8462"}],"wp:featuredmedia":[{"embeddable":true,"href":"https:\/\/dominicaconsulateinvietnam.org\/vi\/wp-json\/wp\/v2\/media\/8352"}],"wp:attachment":[{"href":"https:\/\/dominicaconsulateinvietnam.org\/vi\/wp-json\/wp\/v2\/media?parent=8349"}],"curies":[{"name":"wp","href":"https:\/\/api.w.org\/{rel}","templated":true}]}}