{"id":8343,"date":"2021-09-15T18:23:57","date_gmt":"2021-09-15T18:23:57","guid":{"rendered":"https:\/\/dominicaconsulateinvietnam.org\/services\/cac-chu-the-hang-hai-nuoc-ngoai-fmes\/"},"modified":"2021-09-20T04:04:19","modified_gmt":"2021-09-20T04:04:19","slug":"cac-chu-the-hang-hai-nuoc-ngoai-fmes","status":"publish","type":"page","link":"https:\/\/dominicaconsulateinvietnam.org\/vi\/services\/cac-chu-the-hang-hai-nuoc-ngoai-fmes\/","title":{"rendered":"C\u00e1c ch\u1ee7 th\u1ec3 h\u00e0ng h\u1ea3i n\u01b0\u1edbc ngo\u00e0i (FME\u2019s)"},"content":{"rendered":"<section class=\"l-section wpb_row height_auto\"><div class=\"l-section-h i-cf\"><div class=\"g-cols vc_row via_flex valign_top type_default stacking_default\"><div class=\"vc_col-sm-12 wpb_column vc_column_container\"><div class=\"vc_column-inner\"><div class=\"wpb_wrapper\"><div class=\"wpb_text_column\"><div class=\"wpb_wrapper\"><p>M\u1ed9t ch\u1ee7 th\u1ec3 kinh doanh (Business entities) \u0111\u01b0\u1ee3c th\u00e0nh l\u1eadp t\u1ea1i m\u1ed9t qu\u1ed1c gia kh\u00f4ng ph\u1ea3i l\u00e0 Kh\u1ed1i th\u1ecbnh v\u01b0\u1ee3ng chung Dominica ph\u1ea3i \u0111\u0103ng k\u00fd v\u1edbi t\u01b0 c\u00e1ch l\u00e0 m\u1ed9t Ch\u1ee7 th\u1ec3 H\u00e0ng h\u1ea3i N\u01b0\u1edbc ngo\u00e0i (Foreign Marine Entities) \u0111\u1ec3 \u0111\u1ee7 \u0111i\u1ec1u ki\u1ec7n s\u1edf h\u1eefu m\u1ed9t con t\u00e0u g\u1eafn c\u1edd Dominica.<\/p>\n<p>Th\u00f4ng tin c\u1ea7n thi\u1ebft c\u1ea7n ph\u1ea3i \u0111\u01b0\u1ee3c cung c\u1ea5p cho v\u0103n ph\u00f2ng \u0111\u1ec3 ti\u1ebfn h\u00e0nh \u0111\u0103ng k\u00fd v\u1edbi t\u01b0 c\u00e1ch l\u00e0 Kh\u1ed1i Th\u1ecbnh V\u01b0\u1ee3ng chung Dominica FME nh\u01b0 sau:<\/p>\n<ul>\n<li style=\"list-style-type: none;\">\n<ul>\n<li>B\u1ea3n sao c\u00f3 ch\u1ee9ng th\u1ef1c \u0110i\u1ec1u l\u1ec7 th\u00e0nh l\u1eadp, \u0110i\u1ec1u l\u1ec7 c\u00f4ng ty ho\u1eb7c h\u1ed3 s\u01a1 th\u00e0nh l\u1eadp kh\u00e1c c\u1ee7a ch\u1ee7 th\u1ec3 kinh doanh<\/li>\n<li>B\u1eb1ng ch\u1ee9ng v\u1ec1 s\u1ef1 th\u00e0nh l\u1eadp, ho\u1ea1t \u0111\u1ed9ng c\u1ee7a ch\u1ee7 th\u1ec3 kinh doanh \u0111\u00f3 tu\u00e2n theo lu\u1eadt ph\u00e1p c\u1ee7a qu\u1ed1c gia s\u1edf t\u1ea1i.<\/li>\n<\/ul>\n<\/li>\n<\/ul>\n<p>\u0110\u1ec3 \u0111\u0103ng k\u00fd l\u00e0m \u0111\u01a1n xin FME c\u1ee7a Kh\u1ed1i th\u1ecbnh v\u01b0\u1ee3ng chung Dominica, b\u1ea1n c\u00f3 th\u1ec3 \u0111\u0103ng k\u00fd FME t\u1ea1i \u0111\u00e2y v\u00e0 c\u00f3 th\u1ec3 g\u1eedi c\u00e1c c\u00e2u h\u1ecfi li\u00ean quan \u0111\u1ebfn FME \u0111\u1ebfn: <a href=\"mailto:consulate@dominicaconsulateinvietnam.org\">consulate@dominicaconsulateinvietnam.org<\/a><\/p>\n<ul>\n<li>C\u00e1c m\u1eabu \u0111\u01a1n v\u00e0 \u0111\u0103ng k\u00fd<\/li>\n<\/ul>\n<p>&nbsp;<\/p>\n<p>D\u01b0\u1edbi \u0111\u00e2y l\u00e0 c\u00e1ch \u0111\u0103ng k\u00fd v\u00e0 m\u1eabu \u0111\u01a1n li\u00ean quan \u0111\u1ebfn c\u00e1c d\u1ecbch v\u1ee5 c\u1ee7a c\u00f4ng ty.<br \/>\nFME&#8217;s<\/p>\n<ul>\n<li><a href=\"https:\/\/dominicaconsulateinvietnam.org\/wp-content\/uploads\/2021\/09\/FME-CDVR-2003-Register-v01-Application-for-FME.pdf\">\u0110\u0103ng k\u00fd \u0111\u1ec3 tr\u1edf th\u00e0nh m\u1ed9t Dominica FME (PDF)<\/a><\/li>\n<li><a href=\"https:\/\/dominicaconsulateinvietnam.org\/wp-content\/uploads\/2021\/09\/FME-CDVR-2033-Rev01-Application-to-Amend-FME.pdf\">\u0110\u0103ng k\u00fd s\u1eeda \u0111\u1ed5i Dominica FME (PDF)<\/a><\/li>\n<li><a href=\"https:\/\/dominicaconsulateinvietnam.org\/wp-content\/uploads\/2021\/09\/FME-CDVR-2034-Rev01-Application-to-Withdraw-FME.pdf\">\u0110\u0103ng k\u00fd \u0111\u1ec3 r\u00fat kh\u1ecfi Dominica FME (PDF)<\/a><\/li>\n<\/ul>\n<p>C\u00e1c c\u00e2u h\u1ecfi v\u00e0 bi\u1ec3u m\u1eabu \u0111\u00e3 \u0111i\u1ec1n c\u00f3 th\u1ec3 \u0111\u01b0\u1ee3c g\u1eedi \u0111\u1ebfn: <a href=\"mailto:consulate@dominicaconsulateinvietnam.org\">consulate@dominicaconsulateinvietnam.org<\/a><\/p>\n<\/div><\/div><\/div><\/div><\/div><\/div><\/div><\/section>\n","protected":false},"excerpt":{"rendered":"M\u1ed9t ch\u1ee7 th\u1ec3 kinh doanh (Business entities) \u0111\u01b0\u1ee3c th\u00e0nh l\u1eadp t\u1ea1i m\u1ed9t qu\u1ed1c gia kh\u00f4ng ph\u1ea3i l\u00e0 Kh\u1ed1i th\u1ecbnh v\u01b0\u1ee3ng chung Dominica ph\u1ea3i \u0111\u0103ng k\u00fd v\u1edbi t\u01b0 c\u00e1ch l\u00e0 m\u1ed9t Ch\u1ee7 th\u1ec3 H\u00e0ng h\u1ea3i N\u01b0\u1edbc ngo\u00e0i (Foreign Marine Entities) \u0111\u1ec3 \u0111\u1ee7 \u0111i\u1ec1u ki\u1ec7n s\u1edf h\u1eefu m\u1ed9t con t\u00e0u g\u1eafn c\u1edd Dominica. Th\u00f4ng tin c\u1ea7n thi\u1ebft...","protected":false},"author":1,"featured_media":8310,"parent":8309,"menu_order":0,"comment_status":"closed","ping_status":"closed","template":"","meta":{"_acf_changed":false,"footnotes":""},"class_list":["post-8343","page","type-page","status-publish","has-post-thumbnail","hentry"],"acf":[],"yoast_head":"<!-- This site is optimized with the Yoast SEO plugin v27.2 - https:\/\/yoast.com\/product\/yoast-seo-wordpress\/ -->\n<title>C\u00e1c ch\u1ee7 th\u1ec3 h\u00e0ng h\u1ea3i n\u01b0\u1edbc ngo\u00e0i (FME\u2019s) - Consulate General of The Commonwealth of Dominica in Ho Chi Minh City<\/title>\n<meta name=\"robots\" content=\"index, follow, max-snippet:-1, max-image-preview:large, max-video-preview:-1\" \/>\n<link rel=\"canonical\" href=\"https:\/\/dominicaconsulateinvietnam.org\/vi\/services\/cac-chu-the-hang-hai-nuoc-ngoai-fmes\/\" \/>\n<meta property=\"og:locale\" content=\"vi_VN\" \/>\n<meta property=\"og:type\" content=\"article\" \/>\n<meta property=\"og:title\" content=\"C\u00e1c ch\u1ee7 th\u1ec3 h\u00e0ng h\u1ea3i n\u01b0\u1edbc ngo\u00e0i (FME\u2019s) - Consulate General of The Commonwealth of Dominica in Ho Chi Minh City\" \/>\n<meta property=\"og:url\" content=\"https:\/\/dominicaconsulateinvietnam.org\/vi\/services\/cac-chu-the-hang-hai-nuoc-ngoai-fmes\/\" \/>\n<meta property=\"og:site_name\" content=\"Consulate General of The Commonwealth of Dominica in Ho Chi Minh City\" \/>\n<meta property=\"article:modified_time\" content=\"2021-09-20T04:04:19+00:00\" \/>\n<meta property=\"og:image\" content=\"https:\/\/dominicaconsulateinvietnam.org\/wp-content\/uploads\/2021\/08\/Company-Formation-Services.jpg\" \/>\n\t<meta property=\"og:image:width\" content=\"960\" \/>\n\t<meta property=\"og:image:height\" content=\"445\" \/>\n\t<meta property=\"og:image:type\" content=\"image\/jpeg\" \/>\n<meta name=\"twitter:card\" content=\"summary_large_image\" \/>\n<meta name=\"twitter:label1\" content=\"Est. reading time\" \/>\n\t<meta name=\"twitter:data1\" content=\"2 minutes\" \/>\n<script type=\"application\/ld+json\" class=\"yoast-schema-graph\">{\"@context\":\"https:\/\/schema.org\",\"@graph\":[{\"@type\":\"WebPage\",\"@id\":\"https:\/\/dominicaconsulateinvietnam.org\/vi\/services\/cac-chu-the-hang-hai-nuoc-ngoai-fmes\/\",\"url\":\"https:\/\/dominicaconsulateinvietnam.org\/vi\/services\/cac-chu-the-hang-hai-nuoc-ngoai-fmes\/\",\"name\":\"C\u00e1c ch\u1ee7 th\u1ec3 h\u00e0ng h\u1ea3i n\u01b0\u1edbc ngo\u00e0i (FME\u2019s) - Consulate General of The Commonwealth of Dominica in Ho Chi Minh City\",\"isPartOf\":{\"@id\":\"https:\/\/dominicaconsulateinvietnam.org\/#website\"},\"primaryImageOfPage\":{\"@id\":\"https:\/\/dominicaconsulateinvietnam.org\/vi\/services\/cac-chu-the-hang-hai-nuoc-ngoai-fmes\/#primaryimage\"},\"image\":{\"@id\":\"https:\/\/dominicaconsulateinvietnam.org\/vi\/services\/cac-chu-the-hang-hai-nuoc-ngoai-fmes\/#primaryimage\"},\"thumbnailUrl\":\"https:\/\/dominicaconsulateinvietnam.org\/wp-content\/uploads\/2021\/08\/Company-Formation-Services.jpg\",\"datePublished\":\"2021-09-15T18:23:57+00:00\",\"dateModified\":\"2021-09-20T04:04:19+00:00\",\"breadcrumb\":{\"@id\":\"https:\/\/dominicaconsulateinvietnam.org\/vi\/services\/cac-chu-the-hang-hai-nuoc-ngoai-fmes\/#breadcrumb\"},\"inLanguage\":\"vi-VN\",\"potentialAction\":[{\"@type\":\"ReadAction\",\"target\":[\"https:\/\/dominicaconsulateinvietnam.org\/vi\/services\/cac-chu-the-hang-hai-nuoc-ngoai-fmes\/\"]}]},{\"@type\":\"ImageObject\",\"inLanguage\":\"vi-VN\",\"@id\":\"https:\/\/dominicaconsulateinvietnam.org\/vi\/services\/cac-chu-the-hang-hai-nuoc-ngoai-fmes\/#primaryimage\",\"url\":\"https:\/\/dominicaconsulateinvietnam.org\/wp-content\/uploads\/2021\/08\/Company-Formation-Services.jpg\",\"contentUrl\":\"https:\/\/dominicaconsulateinvietnam.org\/wp-content\/uploads\/2021\/08\/Company-Formation-Services.jpg\",\"width\":960,\"height\":445},{\"@type\":\"BreadcrumbList\",\"@id\":\"https:\/\/dominicaconsulateinvietnam.org\/vi\/services\/cac-chu-the-hang-hai-nuoc-ngoai-fmes\/#breadcrumb\",\"itemListElement\":[{\"@type\":\"ListItem\",\"position\":1,\"name\":\"Home\",\"item\":\"https:\/\/dominicaconsulateinvietnam.org\/vi\/\"},{\"@type\":\"ListItem\",\"position\":2,\"name\":\"D\u1ecbch v\u1ee5\",\"item\":\"https:\/\/dominicaconsulateinvietnam.org\/vi\/services\/\"},{\"@type\":\"ListItem\",\"position\":3,\"name\":\"C\u00e1c ch\u1ee7 th\u1ec3 h\u00e0ng h\u1ea3i n\u01b0\u1edbc ngo\u00e0i (FME\u2019s)\"}]},{\"@type\":\"WebSite\",\"@id\":\"https:\/\/dominicaconsulateinvietnam.org\/#website\",\"url\":\"https:\/\/dominicaconsulateinvietnam.org\/\",\"name\":\"Consulate General of The Commonwealth of Dominica in Ho Chi Minh City\",\"description\":\"The Consulate is focused on maintaining, and strengthening these international relationships, and on increasing the profile of Dominica within the international community\",\"potentialAction\":[{\"@type\":\"SearchAction\",\"target\":{\"@type\":\"EntryPoint\",\"urlTemplate\":\"https:\/\/dominicaconsulateinvietnam.org\/?s={search_term_string}\"},\"query-input\":{\"@type\":\"PropertyValueSpecification\",\"valueRequired\":true,\"valueName\":\"search_term_string\"}}],\"inLanguage\":\"vi-VN\"}]}<\/script>\n<!-- \/ Yoast SEO plugin. -->","yoast_head_json":{"title":"C\u00e1c ch\u1ee7 th\u1ec3 h\u00e0ng h\u1ea3i n\u01b0\u1edbc ngo\u00e0i (FME\u2019s) - Consulate General of The Commonwealth of Dominica in Ho Chi Minh City","robots":{"index":"index","follow":"follow","max-snippet":"max-snippet:-1","max-image-preview":"max-image-preview:large","max-video-preview":"max-video-preview:-1"},"canonical":"https:\/\/dominicaconsulateinvietnam.org\/vi\/services\/cac-chu-the-hang-hai-nuoc-ngoai-fmes\/","og_locale":"vi_VN","og_type":"article","og_title":"C\u00e1c ch\u1ee7 th\u1ec3 h\u00e0ng h\u1ea3i n\u01b0\u1edbc ngo\u00e0i (FME\u2019s) - Consulate General of The Commonwealth of Dominica in Ho Chi Minh City","og_url":"https:\/\/dominicaconsulateinvietnam.org\/vi\/services\/cac-chu-the-hang-hai-nuoc-ngoai-fmes\/","og_site_name":"Consulate General of The Commonwealth of Dominica in Ho Chi Minh City","article_modified_time":"2021-09-20T04:04:19+00:00","og_image":[{"width":960,"height":445,"url":"https:\/\/dominicaconsulateinvietnam.org\/wp-content\/uploads\/2021\/08\/Company-Formation-Services.jpg","type":"image\/jpeg"}],"twitter_card":"summary_large_image","twitter_misc":{"Est. reading time":"2 minutes"},"schema":{"@context":"https:\/\/schema.org","@graph":[{"@type":"WebPage","@id":"https:\/\/dominicaconsulateinvietnam.org\/vi\/services\/cac-chu-the-hang-hai-nuoc-ngoai-fmes\/","url":"https:\/\/dominicaconsulateinvietnam.org\/vi\/services\/cac-chu-the-hang-hai-nuoc-ngoai-fmes\/","name":"C\u00e1c ch\u1ee7 th\u1ec3 h\u00e0ng h\u1ea3i n\u01b0\u1edbc ngo\u00e0i (FME\u2019s) - Consulate General of The Commonwealth of Dominica in Ho Chi Minh City","isPartOf":{"@id":"https:\/\/dominicaconsulateinvietnam.org\/#website"},"primaryImageOfPage":{"@id":"https:\/\/dominicaconsulateinvietnam.org\/vi\/services\/cac-chu-the-hang-hai-nuoc-ngoai-fmes\/#primaryimage"},"image":{"@id":"https:\/\/dominicaconsulateinvietnam.org\/vi\/services\/cac-chu-the-hang-hai-nuoc-ngoai-fmes\/#primaryimage"},"thumbnailUrl":"https:\/\/dominicaconsulateinvietnam.org\/wp-content\/uploads\/2021\/08\/Company-Formation-Services.jpg","datePublished":"2021-09-15T18:23:57+00:00","dateModified":"2021-09-20T04:04:19+00:00","breadcrumb":{"@id":"https:\/\/dominicaconsulateinvietnam.org\/vi\/services\/cac-chu-the-hang-hai-nuoc-ngoai-fmes\/#breadcrumb"},"inLanguage":"vi-VN","potentialAction":[{"@type":"ReadAction","target":["https:\/\/dominicaconsulateinvietnam.org\/vi\/services\/cac-chu-the-hang-hai-nuoc-ngoai-fmes\/"]}]},{"@type":"ImageObject","inLanguage":"vi-VN","@id":"https:\/\/dominicaconsulateinvietnam.org\/vi\/services\/cac-chu-the-hang-hai-nuoc-ngoai-fmes\/#primaryimage","url":"https:\/\/dominicaconsulateinvietnam.org\/wp-content\/uploads\/2021\/08\/Company-Formation-Services.jpg","contentUrl":"https:\/\/dominicaconsulateinvietnam.org\/wp-content\/uploads\/2021\/08\/Company-Formation-Services.jpg","width":960,"height":445},{"@type":"BreadcrumbList","@id":"https:\/\/dominicaconsulateinvietnam.org\/vi\/services\/cac-chu-the-hang-hai-nuoc-ngoai-fmes\/#breadcrumb","itemListElement":[{"@type":"ListItem","position":1,"name":"Home","item":"https:\/\/dominicaconsulateinvietnam.org\/vi\/"},{"@type":"ListItem","position":2,"name":"D\u1ecbch v\u1ee5","item":"https:\/\/dominicaconsulateinvietnam.org\/vi\/services\/"},{"@type":"ListItem","position":3,"name":"C\u00e1c ch\u1ee7 th\u1ec3 h\u00e0ng h\u1ea3i n\u01b0\u1edbc ngo\u00e0i (FME\u2019s)"}]},{"@type":"WebSite","@id":"https:\/\/dominicaconsulateinvietnam.org\/#website","url":"https:\/\/dominicaconsulateinvietnam.org\/","name":"Consulate General of The Commonwealth of Dominica in Ho Chi Minh City","description":"The Consulate is focused on maintaining, and strengthening these international relationships, and on increasing the profile of Dominica within the international community","potentialAction":[{"@type":"SearchAction","target":{"@type":"EntryPoint","urlTemplate":"https:\/\/dominicaconsulateinvietnam.org\/?s={search_term_string}"},"query-input":{"@type":"PropertyValueSpecification","valueRequired":true,"valueName":"search_term_string"}}],"inLanguage":"vi-VN"}]}},"_links":{"self":[{"href":"https:\/\/dominicaconsulateinvietnam.org\/vi\/wp-json\/wp\/v2\/pages\/8343","targetHints":{"allow":["GET"]}}],"collection":[{"href":"https:\/\/dominicaconsulateinvietnam.org\/vi\/wp-json\/wp\/v2\/pages"}],"about":[{"href":"https:\/\/dominicaconsulateinvietnam.org\/vi\/wp-json\/wp\/v2\/types\/page"}],"author":[{"embeddable":true,"href":"https:\/\/dominicaconsulateinvietnam.org\/vi\/wp-json\/wp\/v2\/users\/1"}],"replies":[{"embeddable":true,"href":"https:\/\/dominicaconsulateinvietnam.org\/vi\/wp-json\/wp\/v2\/comments?post=8343"}],"version-history":[{"count":7,"href":"https:\/\/dominicaconsulateinvietnam.org\/vi\/wp-json\/wp\/v2\/pages\/8343\/revisions"}],"predecessor-version":[{"id":8519,"href":"https:\/\/dominicaconsulateinvietnam.org\/vi\/wp-json\/wp\/v2\/pages\/8343\/revisions\/8519"}],"up":[{"embeddable":true,"href":"https:\/\/dominicaconsulateinvietnam.org\/vi\/wp-json\/wp\/v2\/pages\/8309"}],"wp:featuredmedia":[{"embeddable":true,"href":"https:\/\/dominicaconsulateinvietnam.org\/vi\/wp-json\/wp\/v2\/media\/8310"}],"wp:attachment":[{"href":"https:\/\/dominicaconsulateinvietnam.org\/vi\/wp-json\/wp\/v2\/media?parent=8343"}],"curies":[{"name":"wp","href":"https:\/\/api.w.org\/{rel}","templated":true}]}}