{"id":8340,"date":"2021-09-15T18:19:25","date_gmt":"2021-09-15T18:19:25","guid":{"rendered":"https:\/\/dominicaconsulateinvietnam.org\/services\/dominica-ibc-international-business-companies-benefits-application-requirements\/"},"modified":"2021-09-28T07:43:36","modified_gmt":"2021-09-28T07:43:36","slug":"dominica-ibc-international-business-companies-benefits-application-requirements","status":"publish","type":"page","link":"https:\/\/dominicaconsulateinvietnam.org\/vi\/services\/dominica-ibc-international-business-companies-benefits-application-requirements\/","title":{"rendered":"C\u00e1c C\u00f4ng ty Kinh doanh Qu\u1ed1c t\u1ebf (IBC) Dominica &#8211; Quy\u1ec1n l\u1ee3i, \u0110\u0103ng k\u00fd &#038; Y\u00eau c\u1ea7u"},"content":{"rendered":"<section class=\"l-section wpb_row height_auto\"><div class=\"l-section-h i-cf\"><div class=\"g-cols vc_row via_flex valign_top type_default stacking_default\"><div class=\"vc_col-sm-12 wpb_column vc_column_container\"><div class=\"vc_column-inner\"><div class=\"wpb_wrapper\"><div class=\"wpb_text_column\"><div class=\"wpb_wrapper\"><h3>Th\u00f4ng tin chung<\/h3>\n<p>\u0110\u1ec3 th\u00e0nh l\u1eadp IBC Dominica, h\u00e3y nh\u1ea5p v\u00e0o \u0111\u00e2y \u0111\u1ec3 t\u1ea3i xu\u1ed1ng \u0111\u01a1n \u0111\u0103ng k\u00fd. B\u1ea1n c\u00f3 th\u1ec3 g\u1eedi l\u1ea1i bi\u1ec3u m\u1eabu \u0111\u00e3 \u0111i\u1ec1n v\u00e0o consulate@dominicaconsulateinvietnam.org v\u00e0 sau \u0111\u00f3 s\u1ebd c\u00f3 \u0111\u1ea1i di\u1ec7n li\u00ean h\u1ec7 v\u1edbi b\u1ea1n \u0111\u1ec3 cung c\u1ea5p th\u00eam th\u00f4ng tin v\u00e0 tr\u1ee3 gi\u00fap.<br \/>\nC\u01a1 quan \u0111\u0103ng k\u00fd doanh nghi\u1ec7p qu\u1ed1c t\u1ebf c\u1ee7a Kh\u1ed1i th\u1ecbnh v\u01b0\u1ee3ng chung Dominica l\u00e0 m\u1ed9t trong nh\u1eefng c\u01a1 quan \u0111\u0103ng k\u00fd doanh nghi\u1ec7p ph\u00e1t tri\u1ec3n nhanh nh\u1ea5t v\u00e0 \u0111\u01b0\u1ee3c qu\u1ea3n l\u00fd hi\u1ec7u qu\u1ea3 nh\u1ea5t hi\u1ec7n nay.<br \/>\n\u0110\u1ea1o lu\u1eadt Kinh doanh Qu\u1ed1c t\u1ebf n\u0103m 1996 cho ph\u00e9p th\u00e0nh l\u1eadp International Business Company (IBC) \u1edf Dominica m\u1ed9t c\u00e1ch thu\u1eadn ti\u1ec7n v\u00e0 d\u1ec5 d\u00e0ng. Vi\u1ec7c th\u00e0nh l\u1eadp c\u00f4ng ty c\u00f3 th\u1ec3 do m\u1ed9t ng\u01b0\u1eddi th\u1ef1c hi\u1ec7n v\u00e0 kh\u00f4ng c\u00f3 y\u00eau c\u1ea7u ph\u1ea3i c\u00f3 c\u00e1c c\u1ed5 \u0111\u00f4ng ho\u1eb7c gi\u00e1m \u0111\u1ed1c b\u1ea3n \u0111\u1ecba \u0111\u1ed1i v\u1edbi IBC Dominica.<br \/>\nC\u00e1c c\u00f4ng ty n\u01b0\u1edbc ngo\u00e0i \u0111\u01b0\u1ee3c th\u00e0nh l\u1eadp t\u1ea1i Dominica \u0111\u01b0\u1ee3c mi\u1ec5n thu\u1ebf thu nh\u1eadp v\u00e0 l\u00e3i v\u1ed1n, c\u0169ng nh\u01b0 thu\u1ebf kh\u1ea5u l\u01b0u, chuy\u1ec3n nh\u01b0\u1ee3ng v\u00e0 \u0111\u00f3ng d\u1ea5u.<br \/>\nC\u0169ng kh\u00f4ng c\u00f3 y\u00eau c\u1ea7u \u0111\u1ed1i v\u1edbi c\u00e1c cu\u1ed9c h\u1ecdp h\u00e0ng n\u0103m ho\u1eb7c y\u00eau c\u1ea7u ki\u1ec3m to\u00e1n v\u00e0 kh\u00f4ng c\u00f3 y\u00eau c\u1ea7u ph\u1ea3i n\u1ed9p h\u1ed3 s\u01a1 h\u00e0ng n\u0103m. B\u1ea3o m\u1eadt th\u00f4ng tin r\u1ea5t quan tr\u1ecdng n\u00ean t\u00ean c\u1ee7a c\u00e1c gi\u00e1m \u0111\u1ed1c v\u00e0 c\u1ed5 \u0111\u00f4ng s\u1ebd kh\u00f4ng n\u1eb1m trong b\u1ea5t k\u1ef3 h\u1ed3 s\u01a1 c\u00f4ng khai n\u00e0o.<br \/>\nCh\u00ednh quy\u1ec1n Dominica t\u1ef1 h\u00e0o v\u1ec1 s\u1ef1 trung th\u1ef1c, li\u00eam ch\u00ednh v\u00e0 cam k\u1ebft trong vi\u1ec7c ph\u1ee5c v\u1ee5 c\u1ed9ng \u0111\u1ed3ng doanh nghi\u1ec7p n\u00f3i chung.<br \/>\nDominica IBC \u0111\u01b0\u1ee3c thi\u1ebft k\u1ebf ho\u00e0n h\u1ea3o cho nh\u1eefng ch\u1ee7 doanh nghi\u1ec7p ng\u00e0y nay v\u00e0 th\u00e0nh l\u1eadp n\u00ean m\u1ed9t Dominica IBC kh\u00f4ng t\u1ed1n qu\u00e1 nhi\u1ec1u th\u1eddi gian v\u00e0 chi ph\u00ed.<\/p>\n<\/div><\/div><div class=\"w-separator size_small\"><\/div><\/div><\/div><\/div><\/div><\/div><\/section><section class=\"l-section wpb_row height_small\"><div class=\"l-section-h i-cf\"><div class=\"g-cols vc_row via_flex valign_top type_default stacking_default\"><div class=\"vc_col-sm-6 wpb_column vc_column_container\"><div class=\"vc_column-inner\"><div class=\"wpb_wrapper\"><div class=\"wpb_text_column\"><div class=\"wpb_wrapper\"><h4>\u01afu \u0111i\u1ec3m c\u1ee7a Dominica IBC<\/h4>\n<p>C\u00e1c c\u00f4ng ty qu\u1ed1c t\u1ebf ch\u1ecdn \u0111\u1eb7t tr\u1ee5 s\u1edf t\u1ea1i Dominica \u0111\u01b0\u1ee3c h\u01b0\u1edfng c\u00e1c l\u1ee3i th\u1ebf bao g\u1ed3m mi\u1ec5n thu\u1ebf, v\u1ed1n, c\u1ea5u tr\u00fac t\u1ed5 ch\u1ee9c linh ho\u1ea1t c\u0169ng nh\u01b0 t\u00ednh b\u1ea3o m\u1eadt c\u1ee7a th\u00e0nh vi\u00ean.<br \/>\n\u0110\u1ea1o lu\u1eadt C\u00f4ng ty Kinh doanh Qu\u1ed1c t\u1ebf Dominica \u0111\u01b0\u1ee3c th\u00f4ng qua v\u00e0o n\u0103m 1996 nh\u1eb1m m\u1ee5c \u0111\u00edch t\u1ea1o ra m\u1ed9t m\u00f4i tr\u01b0\u1eddng c\u1ea1nh tranh cho c\u00e1c c\u00f4ng ty \u0111ang t\u00ecm ki\u1ebfm m\u1ed9t qu\u1ed1c gia mi\u1ec5n thu\u1ebf ho\u1eb7c thu\u1ebf su\u1ea5t th\u1ea5p, b\u1ea3o m\u1eadt th\u00f4ng tin, kh\u00f4ng qu\u00e1 nhi\u1ec1u lu\u1eadt l\u1ec7 can thi\u1ec7p (offshore jurisdiction) \u1edf n\u01b0\u1edbc ngo\u00e0i \u0111\u1ec3 \u0111\u1eb7t tr\u1ee5 s\u1edf ho\u1ea1t \u0111\u1ed9ng.<br \/>\nK\u1ec3 t\u1eeb khi \u0110\u1ea1o lu\u1eadt ban \u0111\u1ea7u \u0111\u01b0\u1ee3c th\u00f4ng qua v\u00e0o n\u0103m 1996, c\u00e1c s\u1eeda \u0111\u1ed5i ti\u1ebfn b\u1ed9 \u0111\u00e3 \u0111\u01b0\u1ee3c th\u00f4ng qua \u0111\u1ec3 n\u00e2ng cao h\u01a1n n\u1eefa s\u1ee9c h\u1ea5p d\u1eabn c\u1ee7a Dominica \u0111\u1ed1i v\u1edbi c\u00e1c doanh nh\u00e2n ti\u1ec1m n\u0103ng.<\/p>\n<\/div><\/div><\/div><\/div><\/div><div class=\"vc_col-sm-6 wpb_column vc_column_container\"><div class=\"vc_column-inner\"><div class=\"wpb_wrapper\"><div class=\"wpb_text_column\"><div class=\"wpb_wrapper\"><h5>C\u00e1c l\u1ee3i \u00edch c\u1ee7a vi\u1ec7c c\u00f3 IBC c\u00f3 tr\u1ee5 s\u1edf t\u1ea1i Dominica bao g\u1ed3m:<\/h5>\n<p><strong>THU\u1ebe<\/strong><br \/>\nC\u00e1c c\u00f4ng ty n\u01b0\u1edbc ngo\u00e0i \u0111\u01b0\u1ee3c th\u00e0nh l\u1eadp t\u1ea1i Dominica \u0111\u01b0\u1ee3c mi\u1ec5n ho\u00e0n to\u00e0n c\u00e1c lo\u1ea1i thu\u1ebf \u0111\u1ecba ph\u01b0\u01a1ng, bao g\u1ed3m:<\/p>\n<ul>\n<li>Thu\u1ebf thu nh\u1eadp v\u00e0 l\u00e3i v\u1ed1n<\/li>\n<li>Kh\u1ea5u tr\u1eeb thu\u1ebf<\/li>\n<li>Chuy\u1ec3n thu\u1ebf<\/li>\n<li>Nhi\u1ec7m v\u1ee5 \u0111\u00f3ng d\u1ea5u<\/li>\n<\/ul>\n<\/div><\/div><\/div><\/div><\/div><\/div><\/div><\/section><section class=\"l-section wpb_row height_small\"><div class=\"l-section-h i-cf\"><div class=\"g-cols vc_row via_flex valign_top type_default stacking_default\"><div class=\"vc_col-sm-6 wpb_column vc_column_container\"><div class=\"vc_column-inner\"><div class=\"wpb_wrapper\"><div class=\"wpb_text_column\"><div class=\"wpb_wrapper\"><h5>V\u1ed0N<\/h5>\n<ul>\n<li>Kh\u00f4ng c\u00f3 v\u1ed1n c\u1ed5 ph\u1ea7n \u0111\u00e3 tr\u1ea3 t\u1ed1i thi\u1ec3u No minimum paid up share capital<\/li>\n<li>V\u1ed1n c\u00f3 th\u1ec3 \u0111\u01b0\u1ee3c m\u1ec7nh gi\u00e1 b\u1eb1ng b\u1ea5t k\u1ef3 lo\u1ea1i ti\u1ec1n n\u00e0o<\/li>\n<li>V\u1ed1n c\u00f3 th\u1ec3 \u0111\u01b0\u1ee3c ghi b\u1eb1ng c\u00e1c \u0111\u01a1n v\u1ecb ti\u1ec1n t\u1ec7 kh\u00e1c nhau<\/li>\n<\/ul>\n<\/div><\/div><\/div><\/div><\/div><div class=\"vc_col-sm-6 wpb_column vc_column_container\"><div class=\"vc_column-inner\"><div class=\"wpb_wrapper\"><div class=\"wpb_text_column\"><div class=\"wpb_wrapper\"><h5>C\u1ed4 PHI\u1ebeU<\/h5>\n<ul>\n<li>C\u00f3 th\u1ec3 ph\u00e1t h\u00e0nh t\u1ed1i thi\u1ec3u m\u1ed9t c\u1ed5 phi\u1ebfu<\/li>\n<li>C\u1ed5 phi\u1ebfu c\u00f3 th\u1ec3 \u0111\u01b0\u1ee3c ph\u00e1t h\u00e0nh c\u00f3 ho\u1eb7c kh\u00f4ng c\u00f3 m\u1ec7nh gi\u00e1<\/li>\n<li>C\u1ed5 phi\u1ebfu c\u00f3 th\u1ec3 \u0111\u01b0\u1ee3c m\u1ec7nh gi\u00e1 b\u1eb1ng b\u1ea5t k\u1ef3 lo\u1ea1i ti\u1ec1n n\u00e0o<\/li>\n<li>C\u1ed5 phi\u1ebfu c\u00f3 th\u1ec3 \u0111\u01b0\u1ee3c mua l\u1ea1i, ph\u00e1t h\u00e0nh l\u1ea1i ho\u1eb7c mua<\/li>\n<\/ul>\n<\/div><\/div><\/div><\/div><\/div><\/div><\/div><\/section><section class=\"l-section wpb_row height_small\"><div class=\"l-section-h i-cf\"><div class=\"g-cols vc_row via_flex valign_top type_default stacking_default\"><div class=\"vc_col-sm-6 wpb_column vc_column_container\"><div class=\"vc_column-inner\"><div class=\"wpb_wrapper\"><div class=\"wpb_text_column\"><div class=\"wpb_wrapper\"><h5>GI\u00c1M \u0110\u1ed0C &#038; C\u1ed4 \u0110\u00d4NG<\/h5>\n<ul>\n<li>Y\u00eau c\u1ea7u t\u1ed1i thi\u1ec3u m\u1ed9t c\u1ed5 \u0111\u00f4ng v\u00e0 m\u1ed9t gi\u00e1m \u0111\u1ed1c<\/li>\n<li>C\u1ed5 \u0111\u00f4ng \/ gi\u00e1m \u0111\u1ed1c c\u00f3 th\u1ec3 l\u00e0 c\u00e1 nh\u00e2n ho\u1eb7c t\u1eadp \u0111o\u00e0n<\/li>\n<li>Kh\u00f4ng c\u1ea7n t\u1ed5 ch\u1ee9c \u0111\u1ea1i h\u1ed9i \u0111\u1ed3ng c\u1ed5 \u0111\u00f4ng th\u01b0\u1eddng ni\u00ean<\/li>\n<li>C\u1ed5 \u0111\u00f4ng \/ gi\u00e1m \u0111\u1ed1c kh\u00f4ng c\u1ea7n c\u01b0 tr\u00fa t\u1ea1i Dominica<\/li>\n<li>Kh\u00f4ng c\u1ea7n gi\u1ea5y ph\u00e9p kinh doanh<\/li>\n<li>C\u00e1c cu\u1ed9c h\u1ecdp c\u1ed5 \u0111\u00f4ng \/ gi\u00e1m \u0111\u1ed1c l\u00e0 t\u00f9y ch\u1ecdn<\/li>\n<li>C\u00e1c cu\u1ed9c h\u1ecdp c\u00f3 th\u1ec3 di\u1ec5n ra b\u00ean ngo\u00e0i Dominica<\/li>\n<\/ul>\n<\/div><\/div><\/div><\/div><\/div><div class=\"vc_col-sm-6 wpb_column vc_column_container\"><div class=\"vc_column-inner\"><div class=\"wpb_wrapper\"><div class=\"wpb_text_column\"><div class=\"wpb_wrapper\"><h5>T\u00cdNH DI \u0110\u1ed8NG \/ B\u1ea2O M\u1eacT<\/h5>\n<ul>\n<li>H\u00f2a gi\u1ea3i l\u1ea1i \u0111\u01b0\u1ee3c cho ph\u00e9p v\u00e0o ho\u1eb7c t\u1eeb Dominica Re-domiciliation is permitted either into or from Dominica<\/li>\n<li>T\u00e0i s\u1ea3n IBC c\u00f3 th\u1ec3 \u0111\u01b0\u1ee3c chuy\u1ec3n cho Ng\u01b0\u1eddi \u0111\u01b0\u1ee3c \u1ee7y th\u00e1c trong ho\u1eb7c ngo\u00e0i Dominica IBC assets may be transferred to Trustees either within or outside Dominica<\/li>\n<li>B\u1ea3o m\u1eadt t\u1ed1i \u0111a \u0111\u01b0\u1ee3c \u0111\u1ea3m b\u1ea3o b\u1edfi lu\u1eadt Dominica<\/li>\n<\/ul>\n<h5>QU\u1ea2N L\u00dd V\u00c0 \u0110\u0102NG K\u00dd<\/h5>\n<ul>\n<li>Dominica IBC c\u00f3 th\u1ec3 \u0111\u01b0\u01a1c th\u00e0nh l\u1eadp trong v\u00f2ng 24-48 gi\u1edd sau khi n\u1ed9p \u0111\u01a1n cho Dominica Maritime<\/li>\n<li>L\u1ee3i nhu\u1eadn h\u00e0ng n\u0103m kh\u00f4ng c\u1ea7n ph\u1ea3i \u0111\u01b0\u1ee3c n\u1ed9p ho\u1eb7c c\u00f4ng b\u1ed1<\/li>\n<\/ul>\n<h5>T\u00caN DOANH NGHI\u1ec6P<\/h5>\n<ul>\n<li>B\u1ea5t k\u1ef3 c\u00f4ng ty n\u00e0o \u0111\u0103ng k\u00fd l\u00e0m IBC \u1edf Dominica \u0111\u1ec1u ph\u1ea3i ch\u1ee9a c\u1ee5m t\u1eeb Limited (Ltd), Sociedad Anonima (S.A.), Corporation (Corp.) ho\u1eb7c Incorporation (Inc.) l\u00e0m h\u1eadu t\u1ed1 cho t\u00ean c\u1ee7a c\u00f4ng ty.<\/li>\n<li>Kh\u00f4ng m\u1ed9t c\u00f4ng ty n\u00e0o th\u00e0nh l\u1eadp \u1edf Dominica \u0111\u01b0\u1ee3c ph\u00e9p ch\u1ee9a c\u00e1c t\u1eeb \u201cDominica\u201d, \u201cho\u00e0ng gia\u201d, \u201cqu\u1ed1c gia\u201d, \u201cph\u00f2ng th\u01b0\u01a1ng m\u1ea1i\u201d ho\u1eb7c b\u1ea5t k\u1ef3 t\u1eeb n\u00e0o kh\u00e1c c\u00f3 th\u1ec3 \u0111\u01b0\u1ee3c hi\u1ec3u l\u00e0 c\u00f3 b\u1ea5t k\u1ef3 li\u00ean quan n\u00e0o \u0111\u1ebfn Ch\u00ednh ph\u1ee7 Dominica ho\u1eb7c c\u00e1c ho\u1ea1t \u0111\u1ed9ng c\u1ee7a ch\u00ednh ph\u1ee7.<\/li>\n<li>Kh\u00f4ng \u0111\u01b0\u1ee3c s\u1eed d\u1ee5ng t\u00ean \u0111\u00e3 t\u1ed3n t\u1ea1i trong Dominica IBC \u0111\u1ec3 \u0111\u0103ng k\u00fd.<br \/>\n\u0110\u1ec3 bi\u1ebft th\u00eam th\u00f4ng tin chi ti\u1ebft, vui l\u00f2ng li\u00ean h\u1ec7 consulate@dominicaconsulateinvietnam.org<\/li>\n<p>Bi\u1ec3u m\u1eabu &#038; \u0110\u0103ng k\u00fd<br \/>\nC\u00e1c c\u00e2u h\u1ecfi v\u00e0 bi\u1ec3u m\u1eabu \u0111\u00e3 \u0111i\u1ec1n c\u00f3 th\u1ec3 \u0111\u01b0\u1ee3c g\u1eedi \u0111\u1ebfn consulate@dominicaconsulateinvietnam.org<\/p>\n<\/div><\/div><\/div><\/div><\/div><\/div><\/div><\/section><section class=\"l-section wpb_row height_small\"><div class=\"l-section-h i-cf\"><div class=\"g-cols vc_row via_flex valign_top type_default stacking_default\"><div class=\"vc_col-sm-12 wpb_column vc_column_container\"><div class=\"vc_column-inner\"><div class=\"wpb_wrapper\"><div class=\"wpb_text_column\"><div class=\"wpb_wrapper\"><p>C\u00e1c ch\u1ee7 th\u1ec3 h\u00e0ng h\u1ea3i n\u01b0\u1edbc ngo\u00e0i (FME\u2019s)<br \/>\nM\u1ed9t ch\u1ee7 th\u1ec3 kinh doanh (Business entities) \u0111\u01b0\u1ee3c th\u00e0nh l\u1eadp t\u1ea1i m\u1ed9t qu\u1ed1c gia kh\u00f4ng ph\u1ea3i l\u00e0 Kh\u1ed1i th\u1ecbnh v\u01b0\u1ee3ng chung Dominica ph\u1ea3i \u0111\u0103ng k\u00fd v\u1edbi t\u01b0 c\u00e1ch l\u00e0 m\u1ed9t Ch\u1ee7 th\u1ec3 H\u00e0ng h\u1ea3i N\u01b0\u1edbc ngo\u00e0i (Foreign Marine Entities) \u0111\u1ec3 \u0111\u1ee7 \u0111i\u1ec1u ki\u1ec7n s\u1edf h\u1eefu m\u1ed9t con t\u00e0u g\u1eafn c\u1edd Dominica.<\/p>\n<p>Th\u00f4ng tin c\u1ea7n thi\u1ebft c\u1ea7n ph\u1ea3i \u0111\u01b0\u1ee3c cung c\u1ea5p cho v\u0103n ph\u00f2ng \u0111\u1ec3 ti\u1ebfn h\u00e0nh \u0111\u0103ng k\u00fd v\u1edbi t\u01b0 c\u00e1ch l\u00e0 Kh\u1ed1i Th\u1ecbnh V\u01b0\u1ee3ng chung Dominica FME nh\u01b0 sau:<\/p>\n<ul>\n<li>B\u1ea3n sao c\u00f3 ch\u1ee9ng th\u1ef1c \u0110i\u1ec1u l\u1ec7 th\u00e0nh l\u1eadp, \u0110i\u1ec1u l\u1ec7 c\u00f4ng ty ho\u1eb7c h\u1ed3 s\u01a1 th\u00e0nh l\u1eadp kh\u00e1c c\u1ee7a ch\u1ee7 th\u1ec3 kinh doanh<\/li>\n<li>B\u1eb1ng ch\u1ee9ng v\u1ec1 s\u1ef1 th\u00e0nh l\u1eadp, ho\u1ea1t \u0111\u1ed9ng c\u1ee7a ch\u1ee7 th\u1ec3 kinh doanh \u0111\u00f3 tu\u00e2n theo lu\u1eadt ph\u00e1p c\u1ee7a qu\u1ed1c gia s\u1edf t\u1ea1i.<\/li>\n<li>\u0110\u1ec3 \u0111\u0103ng k\u00fd l\u00e0m \u0111\u01a1n xin FME c\u1ee7a Kh\u1ed1i th\u1ecbnh v\u01b0\u1ee3ng chung Dominica, b\u1ea1n c\u00f3 th\u1ec3 \u0111\u0103ng k\u00fd FME t\u1ea1i \u0111\u00e2y v\u00e0 c\u00f3 th\u1ec3 g\u1eedi c\u00e1c c\u00e2u h\u1ecfi li\u00ean quan \u0111\u1ebfn FME \u0111\u1ebfn: consulate@dominicaconsulateinvietnam.org<\/li>\n<li>C\u00e1c m\u1eabu \u0111\u01a1n v\u00e0 \u0111\u0103ng k\u00fd<\/li>\n<\/ul>\n<p>D\u01b0\u1edbi \u0111\u00e2y l\u00e0 c\u00e1ch \u0111\u0103ng k\u00fd v\u00e0 m\u1eabu \u0111\u01a1n li\u00ean quan \u0111\u1ebfn c\u00e1c d\u1ecbch v\u1ee5 c\u1ee7a c\u00f4ng ty.<br \/>\nFME&#8217;s<\/p>\n<ul>\n<li>\u0110\u0103ng k\u00fd \u0111\u1ec3 tr\u1edf th\u00e0nh m\u1ed9t Dominica FME (PDF)<\/li>\n<li>\u0110\u0103ng k\u00fd s\u1eeda \u0111\u1ed5i Dominica FME (PDF)<\/li>\n<li>\u0110\u0103ng k\u00fd \u0111\u1ec3 r\u00fat kh\u1ecfi Dominica FME (PDF)<\/li>\n<\/ul>\n<p>C\u00e1c c\u00e2u h\u1ecfi v\u00e0 bi\u1ec3u m\u1eabu \u0111\u00e3 \u0111i\u1ec1n c\u00f3 th\u1ec3 \u0111\u01b0\u1ee3c g\u1eedi \u0111\u1ebfn: consulate@dominicaconsulateinvietnam.org<\/p>\n<\/div><\/div><\/div><\/div><\/div><\/div><\/div><\/section>\n","protected":false},"excerpt":{"rendered":"Th\u00f4ng tin chung \u0110\u1ec3 th\u00e0nh l\u1eadp IBC Dominica, h\u00e3y nh\u1ea5p v\u00e0o \u0111\u00e2y \u0111\u1ec3 t\u1ea3i xu\u1ed1ng \u0111\u01a1n \u0111\u0103ng k\u00fd. B\u1ea1n c\u00f3 th\u1ec3 g\u1eedi l\u1ea1i bi\u1ec3u m\u1eabu \u0111\u00e3 \u0111i\u1ec1n v\u00e0o consulate@dominicaconsulateinvietnam.org v\u00e0 sau \u0111\u00f3 s\u1ebd c\u00f3 \u0111\u1ea1i di\u1ec7n li\u00ean h\u1ec7 v\u1edbi b\u1ea1n \u0111\u1ec3 cung c\u1ea5p th\u00eam th\u00f4ng tin v\u00e0 tr\u1ee3 gi\u00fap. C\u01a1 quan \u0111\u0103ng k\u00fd doanh nghi\u1ec7p...","protected":false},"author":1,"featured_media":8310,"parent":8309,"menu_order":0,"comment_status":"closed","ping_status":"closed","template":"","meta":{"_acf_changed":false,"footnotes":""},"class_list":["post-8340","page","type-page","status-publish","has-post-thumbnail","hentry"],"acf":[],"yoast_head":"<!-- This site is optimized with the Yoast SEO plugin v27.2 - https:\/\/yoast.com\/product\/yoast-seo-wordpress\/ -->\n<title>C\u00e1c C\u00f4ng ty Kinh doanh Qu\u1ed1c t\u1ebf (IBC) Dominica - Quy\u1ec1n l\u1ee3i, \u0110\u0103ng k\u00fd &amp; Y\u00eau c\u1ea7u - Consulate General of The Commonwealth of Dominica in Ho Chi Minh City<\/title>\n<meta name=\"robots\" content=\"index, follow, max-snippet:-1, max-image-preview:large, max-video-preview:-1\" \/>\n<link rel=\"canonical\" href=\"https:\/\/dominicaconsulateinvietnam.org\/vi\/services\/dominica-ibc-international-business-companies-benefits-application-requirements\/\" \/>\n<meta property=\"og:locale\" content=\"vi_VN\" \/>\n<meta property=\"og:type\" content=\"article\" \/>\n<meta property=\"og:title\" content=\"C\u00e1c C\u00f4ng ty Kinh doanh Qu\u1ed1c t\u1ebf (IBC) Dominica - Quy\u1ec1n l\u1ee3i, \u0110\u0103ng k\u00fd &amp; Y\u00eau c\u1ea7u - Consulate General of The Commonwealth of Dominica in Ho Chi Minh City\" \/>\n<meta property=\"og:url\" content=\"https:\/\/dominicaconsulateinvietnam.org\/vi\/services\/dominica-ibc-international-business-companies-benefits-application-requirements\/\" \/>\n<meta property=\"og:site_name\" content=\"Consulate General of The Commonwealth of Dominica in Ho Chi Minh City\" \/>\n<meta property=\"article:modified_time\" content=\"2021-09-28T07:43:36+00:00\" \/>\n<meta property=\"og:image\" content=\"https:\/\/dominicaconsulateinvietnam.org\/wp-content\/uploads\/2021\/08\/Company-Formation-Services.jpg\" \/>\n\t<meta property=\"og:image:width\" content=\"960\" \/>\n\t<meta property=\"og:image:height\" content=\"445\" \/>\n\t<meta property=\"og:image:type\" content=\"image\/jpeg\" \/>\n<meta name=\"twitter:card\" content=\"summary_large_image\" \/>\n<meta name=\"twitter:label1\" content=\"Est. reading time\" \/>\n\t<meta name=\"twitter:data1\" content=\"9 minutes\" \/>\n<script type=\"application\/ld+json\" class=\"yoast-schema-graph\">{\"@context\":\"https:\/\/schema.org\",\"@graph\":[{\"@type\":\"WebPage\",\"@id\":\"https:\/\/dominicaconsulateinvietnam.org\/vi\/services\/dominica-ibc-international-business-companies-benefits-application-requirements\/\",\"url\":\"https:\/\/dominicaconsulateinvietnam.org\/vi\/services\/dominica-ibc-international-business-companies-benefits-application-requirements\/\",\"name\":\"C\u00e1c C\u00f4ng ty Kinh doanh Qu\u1ed1c t\u1ebf (IBC) Dominica - Quy\u1ec1n l\u1ee3i, \u0110\u0103ng k\u00fd & Y\u00eau c\u1ea7u - Consulate General of The Commonwealth of Dominica in Ho Chi Minh City\",\"isPartOf\":{\"@id\":\"https:\/\/dominicaconsulateinvietnam.org\/#website\"},\"primaryImageOfPage\":{\"@id\":\"https:\/\/dominicaconsulateinvietnam.org\/vi\/services\/dominica-ibc-international-business-companies-benefits-application-requirements\/#primaryimage\"},\"image\":{\"@id\":\"https:\/\/dominicaconsulateinvietnam.org\/vi\/services\/dominica-ibc-international-business-companies-benefits-application-requirements\/#primaryimage\"},\"thumbnailUrl\":\"https:\/\/dominicaconsulateinvietnam.org\/wp-content\/uploads\/2021\/08\/Company-Formation-Services.jpg\",\"datePublished\":\"2021-09-15T18:19:25+00:00\",\"dateModified\":\"2021-09-28T07:43:36+00:00\",\"breadcrumb\":{\"@id\":\"https:\/\/dominicaconsulateinvietnam.org\/vi\/services\/dominica-ibc-international-business-companies-benefits-application-requirements\/#breadcrumb\"},\"inLanguage\":\"vi-VN\",\"potentialAction\":[{\"@type\":\"ReadAction\",\"target\":[\"https:\/\/dominicaconsulateinvietnam.org\/vi\/services\/dominica-ibc-international-business-companies-benefits-application-requirements\/\"]}]},{\"@type\":\"ImageObject\",\"inLanguage\":\"vi-VN\",\"@id\":\"https:\/\/dominicaconsulateinvietnam.org\/vi\/services\/dominica-ibc-international-business-companies-benefits-application-requirements\/#primaryimage\",\"url\":\"https:\/\/dominicaconsulateinvietnam.org\/wp-content\/uploads\/2021\/08\/Company-Formation-Services.jpg\",\"contentUrl\":\"https:\/\/dominicaconsulateinvietnam.org\/wp-content\/uploads\/2021\/08\/Company-Formation-Services.jpg\",\"width\":960,\"height\":445},{\"@type\":\"BreadcrumbList\",\"@id\":\"https:\/\/dominicaconsulateinvietnam.org\/vi\/services\/dominica-ibc-international-business-companies-benefits-application-requirements\/#breadcrumb\",\"itemListElement\":[{\"@type\":\"ListItem\",\"position\":1,\"name\":\"Home\",\"item\":\"https:\/\/dominicaconsulateinvietnam.org\/vi\/\"},{\"@type\":\"ListItem\",\"position\":2,\"name\":\"D\u1ecbch v\u1ee5\",\"item\":\"https:\/\/dominicaconsulateinvietnam.org\/vi\/services\/\"},{\"@type\":\"ListItem\",\"position\":3,\"name\":\"C\u00e1c C\u00f4ng ty Kinh doanh Qu\u1ed1c t\u1ebf (IBC) Dominica &#8211; Quy\u1ec1n l\u1ee3i, \u0110\u0103ng k\u00fd &#038; Y\u00eau c\u1ea7u\"}]},{\"@type\":\"WebSite\",\"@id\":\"https:\/\/dominicaconsulateinvietnam.org\/#website\",\"url\":\"https:\/\/dominicaconsulateinvietnam.org\/\",\"name\":\"Consulate General of The Commonwealth of Dominica in Ho Chi Minh City\",\"description\":\"The Consulate is focused on maintaining, and strengthening these international relationships, and on increasing the profile of Dominica within the international community\",\"potentialAction\":[{\"@type\":\"SearchAction\",\"target\":{\"@type\":\"EntryPoint\",\"urlTemplate\":\"https:\/\/dominicaconsulateinvietnam.org\/?s={search_term_string}\"},\"query-input\":{\"@type\":\"PropertyValueSpecification\",\"valueRequired\":true,\"valueName\":\"search_term_string\"}}],\"inLanguage\":\"vi-VN\"}]}<\/script>\n<!-- \/ Yoast SEO plugin. -->","yoast_head_json":{"title":"C\u00e1c C\u00f4ng ty Kinh doanh Qu\u1ed1c t\u1ebf (IBC) Dominica - Quy\u1ec1n l\u1ee3i, \u0110\u0103ng k\u00fd & Y\u00eau c\u1ea7u - Consulate General of The Commonwealth of Dominica in Ho Chi Minh City","robots":{"index":"index","follow":"follow","max-snippet":"max-snippet:-1","max-image-preview":"max-image-preview:large","max-video-preview":"max-video-preview:-1"},"canonical":"https:\/\/dominicaconsulateinvietnam.org\/vi\/services\/dominica-ibc-international-business-companies-benefits-application-requirements\/","og_locale":"vi_VN","og_type":"article","og_title":"C\u00e1c C\u00f4ng ty Kinh doanh Qu\u1ed1c t\u1ebf (IBC) Dominica - Quy\u1ec1n l\u1ee3i, \u0110\u0103ng k\u00fd & Y\u00eau c\u1ea7u - Consulate General of The Commonwealth of Dominica in Ho Chi Minh City","og_url":"https:\/\/dominicaconsulateinvietnam.org\/vi\/services\/dominica-ibc-international-business-companies-benefits-application-requirements\/","og_site_name":"Consulate General of The Commonwealth of Dominica in Ho Chi Minh City","article_modified_time":"2021-09-28T07:43:36+00:00","og_image":[{"width":960,"height":445,"url":"https:\/\/dominicaconsulateinvietnam.org\/wp-content\/uploads\/2021\/08\/Company-Formation-Services.jpg","type":"image\/jpeg"}],"twitter_card":"summary_large_image","twitter_misc":{"Est. reading time":"9 minutes"},"schema":{"@context":"https:\/\/schema.org","@graph":[{"@type":"WebPage","@id":"https:\/\/dominicaconsulateinvietnam.org\/vi\/services\/dominica-ibc-international-business-companies-benefits-application-requirements\/","url":"https:\/\/dominicaconsulateinvietnam.org\/vi\/services\/dominica-ibc-international-business-companies-benefits-application-requirements\/","name":"C\u00e1c C\u00f4ng ty Kinh doanh Qu\u1ed1c t\u1ebf (IBC) Dominica - Quy\u1ec1n l\u1ee3i, \u0110\u0103ng k\u00fd & Y\u00eau c\u1ea7u - Consulate General of The Commonwealth of Dominica in Ho Chi Minh City","isPartOf":{"@id":"https:\/\/dominicaconsulateinvietnam.org\/#website"},"primaryImageOfPage":{"@id":"https:\/\/dominicaconsulateinvietnam.org\/vi\/services\/dominica-ibc-international-business-companies-benefits-application-requirements\/#primaryimage"},"image":{"@id":"https:\/\/dominicaconsulateinvietnam.org\/vi\/services\/dominica-ibc-international-business-companies-benefits-application-requirements\/#primaryimage"},"thumbnailUrl":"https:\/\/dominicaconsulateinvietnam.org\/wp-content\/uploads\/2021\/08\/Company-Formation-Services.jpg","datePublished":"2021-09-15T18:19:25+00:00","dateModified":"2021-09-28T07:43:36+00:00","breadcrumb":{"@id":"https:\/\/dominicaconsulateinvietnam.org\/vi\/services\/dominica-ibc-international-business-companies-benefits-application-requirements\/#breadcrumb"},"inLanguage":"vi-VN","potentialAction":[{"@type":"ReadAction","target":["https:\/\/dominicaconsulateinvietnam.org\/vi\/services\/dominica-ibc-international-business-companies-benefits-application-requirements\/"]}]},{"@type":"ImageObject","inLanguage":"vi-VN","@id":"https:\/\/dominicaconsulateinvietnam.org\/vi\/services\/dominica-ibc-international-business-companies-benefits-application-requirements\/#primaryimage","url":"https:\/\/dominicaconsulateinvietnam.org\/wp-content\/uploads\/2021\/08\/Company-Formation-Services.jpg","contentUrl":"https:\/\/dominicaconsulateinvietnam.org\/wp-content\/uploads\/2021\/08\/Company-Formation-Services.jpg","width":960,"height":445},{"@type":"BreadcrumbList","@id":"https:\/\/dominicaconsulateinvietnam.org\/vi\/services\/dominica-ibc-international-business-companies-benefits-application-requirements\/#breadcrumb","itemListElement":[{"@type":"ListItem","position":1,"name":"Home","item":"https:\/\/dominicaconsulateinvietnam.org\/vi\/"},{"@type":"ListItem","position":2,"name":"D\u1ecbch v\u1ee5","item":"https:\/\/dominicaconsulateinvietnam.org\/vi\/services\/"},{"@type":"ListItem","position":3,"name":"C\u00e1c C\u00f4ng ty Kinh doanh Qu\u1ed1c t\u1ebf (IBC) Dominica &#8211; Quy\u1ec1n l\u1ee3i, \u0110\u0103ng k\u00fd &#038; Y\u00eau c\u1ea7u"}]},{"@type":"WebSite","@id":"https:\/\/dominicaconsulateinvietnam.org\/#website","url":"https:\/\/dominicaconsulateinvietnam.org\/","name":"Consulate General of The Commonwealth of Dominica in Ho Chi Minh City","description":"The Consulate is focused on maintaining, and strengthening these international relationships, and on increasing the profile of Dominica within the international community","potentialAction":[{"@type":"SearchAction","target":{"@type":"EntryPoint","urlTemplate":"https:\/\/dominicaconsulateinvietnam.org\/?s={search_term_string}"},"query-input":{"@type":"PropertyValueSpecification","valueRequired":true,"valueName":"search_term_string"}}],"inLanguage":"vi-VN"}]}},"_links":{"self":[{"href":"https:\/\/dominicaconsulateinvietnam.org\/vi\/wp-json\/wp\/v2\/pages\/8340","targetHints":{"allow":["GET"]}}],"collection":[{"href":"https:\/\/dominicaconsulateinvietnam.org\/vi\/wp-json\/wp\/v2\/pages"}],"about":[{"href":"https:\/\/dominicaconsulateinvietnam.org\/vi\/wp-json\/wp\/v2\/types\/page"}],"author":[{"embeddable":true,"href":"https:\/\/dominicaconsulateinvietnam.org\/vi\/wp-json\/wp\/v2\/users\/1"}],"replies":[{"embeddable":true,"href":"https:\/\/dominicaconsulateinvietnam.org\/vi\/wp-json\/wp\/v2\/comments?post=8340"}],"version-history":[{"count":9,"href":"https:\/\/dominicaconsulateinvietnam.org\/vi\/wp-json\/wp\/v2\/pages\/8340\/revisions"}],"predecessor-version":[{"id":8714,"href":"https:\/\/dominicaconsulateinvietnam.org\/vi\/wp-json\/wp\/v2\/pages\/8340\/revisions\/8714"}],"up":[{"embeddable":true,"href":"https:\/\/dominicaconsulateinvietnam.org\/vi\/wp-json\/wp\/v2\/pages\/8309"}],"wp:featuredmedia":[{"embeddable":true,"href":"https:\/\/dominicaconsulateinvietnam.org\/vi\/wp-json\/wp\/v2\/media\/8310"}],"wp:attachment":[{"href":"https:\/\/dominicaconsulateinvietnam.org\/vi\/wp-json\/wp\/v2\/media?parent=8340"}],"curies":[{"name":"wp","href":"https:\/\/api.w.org\/{rel}","templated":true}]}}