{"id":8333,"date":"2021-09-15T18:03:29","date_gmt":"2021-09-15T18:03:29","guid":{"rendered":"https:\/\/dominicaconsulateinvietnam.org\/services\/dau-tu-vao-dominica\/"},"modified":"2021-09-20T10:32:42","modified_gmt":"2021-09-20T10:32:42","slug":"dau-tu-vao-dominica","status":"publish","type":"page","link":"https:\/\/dominicaconsulateinvietnam.org\/vi\/services\/dau-tu-vao-dominica\/","title":{"rendered":"\u0110\u1ea7u t\u01b0 v\u00e0o Dominica"},"content":{"rendered":"<section class=\"l-section wpb_row height_auto\"><div class=\"l-section-h i-cf\"><div class=\"g-cols vc_row via_flex valign_top type_default stacking_default\"><div class=\"vc_col-sm-12 wpb_column vc_column_container\"><div class=\"vc_column-inner\"><div class=\"wpb_wrapper\"><div class=\"wpb_text_column\"><div class=\"wpb_wrapper\"><h3>T\u1ea1i sao n\u00ean \u0111\u1ea7u t\u01b0 v\u00e0o Dominica?<\/h3>\n<ul>\n<li>Dominica x\u1ebfp h\u1ea1ng th\u1ee9 6 theo FDI Intelligence v\u1ec1 hi\u1ec7u qu\u1ea3 s\u1eed d\u1ee5ng chi ph\u00ed \u1edf Caribbean &#038; M\u1ef9 La tinh <\/li>\n<li>\u201cC\u1eeda ng\u00f5 \u0111\u1ebfn Ch\u00e2u \u00c2u\u201d: 15 ph\u00fat b\u1eb1ng \u0111\u01b0\u1eddng h\u00e0ng kh\u00f4ng \u0111\u1ebfn S\u1edf H\u1ea3i ngo\u1ea1i c\u1ee7a Ph\u00e1p \u1edf Martinique v\u00e0 Guadeloupe v\u00e0 ch\u01b0a \u0111\u1ebfn 2 gi\u1edd \u0111\u1ec3 \u0111\u1ebfn c\u1ea3ng Hoa K\u1ef3 g\u1ea7n nh\u1ea5t.<\/li>\n<li>L\u1ee3i nhu\u1eadn v\u00e0 c\u1ed5 t\u1ee9c \u0111\u01b0\u1ee3c di chuy\u1ec3n t\u1ef1 do m\u00e0 kh\u00f4ng c\u00f3 thu\u1ebf v\u1ec1 l\u00e3i v\u1ed1n, b\u1ea5t \u0111\u1ed9ng s\u1ea3n ho\u1eb7c thu\u1ebf t\u1eed tu\u1ea5t<\/li>\n<li>L\u1ef1c l\u01b0\u1ee3ng lao \u0111\u1ed9ng n\u00f3i ti\u1ebfng Anh, c\u00f3 tr\u00ecnh \u0111\u1ed9 h\u1ecdc v\u1ea5n v\u00e0 c\u00f3 kh\u1ea3 n\u0103ng \u0111\u00e0o t\u1ea1o v\u1edbi t\u1ef7 l\u1ec7 bi\u1ebft \u0111\u1ecdc bi\u1ebft vi\u1ebft l\u00e0 95%.<\/li>\n<li>Dominica \u0111\u01b0\u1ee3c x\u1ebfp h\u1ea1ng th\u1ee9 8 b\u1edfi FDI Intelligence v\u1ec1 s\u1ef1 an to\u00e0n, \u1ed5n \u0111\u1ecbnh ch\u00ednh tr\u1ecb, d\u1ecbch v\u1ee5 y t\u1ebf v\u00e0 gi\u00e1o d\u1ee5c tr\u00ean t\u1ef7 l\u1ec7 d\u00e2n s\u1ed1 v\u00e0 tu\u1ed5i th\u1ecd.<\/li>\n<li>C\u01a1 h\u1ed9i tuy\u1ec7t v\u1eddi \u0111\u1ec3 \u0111\u1ea7u t\u01b0 v\u00e0o m\u1ed9t n\u01a1i kh\u00f4ng ch\u1ecbu qu\u00e1 nhi\u1ec1u s\u1ef1 \u1ea3nh h\u01b0\u1edfng c\u1ee7a s\u1ef1 ph\u00e1t tri\u1ec3n b\u00ean ngo\u00e0i nh\u01b0ng l\u1ea1i c\u00f3 m\u00f4i tr\u01b0\u1eddng kinh doanh n\u0103ng \u0111\u1ed9ng cho c\u00e1c ho\u1ea1t \u0111\u1ed9ng l\u0129nh v\u1ef1c xanh trong c\u00e1c l\u0129nh v\u1ef1c \u0111\u1ea7u t\u01b0.( but has the business climate for strong green field operations in several investment sectors.)<\/li>\n<li>M\u00f4i tr\u01b0\u1eddng kinh t\u1ebf v\u0129 m\u00f4 \u1ed5n \u0111\u1ecbnh v\u00e0 n\u1ec1n d\u00e2n ch\u1ee7 \u1ed5n \u0111\u1ecbnh.<\/li>\n<li>S\u1edf h\u1eefu n\u01b0\u1edbc ngo\u00e0i kh\u00f4ng h\u1ea1n ch\u1ebf \u0111\u1ed1i v\u1edbi doanh nghi\u1ec7p.<\/li>\n<li>Ph\u01b0\u01a1ng th\u1ee9c nh\u01b0\u1ee3ng quy\u1ec1n linh ho\u1ea1t v\u00e0 ph\u00f9 h\u1ee3p cho c\u00e1c d\u1ef1 \u00e1n \u0111\u1ea7u t\u01b0 l\u1edbn v\u00e0 nh\u1ecf.<\/li>\n<li>D\u00e2n s\u1ed1 \u0111\u1ecbnh c\u01b0 \u0111a d\u1ea1ng, bao g\u1ed3m nhi\u1ec1u qu\u1ed1c t\u1ecbch, bao g\u1ed3m c\u1ea3 ng\u01b0\u1eddi Kalinago b\u1ea3n \u0111\u1ecba, g\u00f3p ph\u1ea7n t\u1ea1o n\u00ean m\u1ed9t l\u1ef1c l\u01b0\u1ee3ng lao \u0111\u1ed9ng \u0111a ng\u00f4n ng\u1eef v\u00e0 t\u00e0i n\u0103ng.<\/li>\n<li>V\u1eadn chuy\u1ec3n \u0111\u01b0\u1eddng bi\u1ec3n v\u00e0 \u0111\u01b0\u1eddng h\u00e0ng kh\u00f4ng th\u01b0\u1eddng xuy\u00ean \u0111\u1ebfn c\u00e1c th\u1ecb tr\u01b0\u1eddng l\u1edbn v\u00e0 nhi\u1ec1u \u0111i\u1ec3m \u0111\u1ebfn.<\/li>\n<li>\u0110\u01b0\u1ee3c \u01b0u \u0111\u00e3i ti\u1ebfp c\u1eadn c\u00e1c th\u1ecb tr\u01b0\u1eddng qu\u1ed1c t\u1ebf l\u1edbn v\u00e0 c\u00e1c hi\u1ec7p \u0111\u1ecbnh v\u1edbi Ch\u00e2u \u00c2u (EPA) v\u00e0 CARICOM.<\/li>\n<\/ul>\n<p>Vui l\u00f2ng li\u00ean l\u1ea1c \u0111\u1ec3 bi\u1ebft th\u00eam th\u00f4ng tin:<br \/>\n\u0110\u1ea7u t\u01b0 Dominica Authority<br \/>\n5-7 Ph\u1ed1 Great Marlborough Roseau, Dominica<br \/>\nT: +1 (767) 448-2045<br \/>\nF: +1 (767) 448-5840<br \/>\nE: <a href=\"mailto:info@investdominica.dm\">info@investdominica.dm <\/a><br \/>\nW: <a href=\"http:\/\/www.investdominica.com\/country-profile-of-the-commonwealth-of-dominica\/reasons-to-invest-in-dominica\/\" target=\"_blank\" rel=\"noopener\">http:\/\/www.investdominica.com\/country-profile-of-the-commonwealth-of-dominica\/reasons-to-invest-in-dominica\/<\/a><\/p>\n<\/div><\/div><\/div><\/div><\/div><\/div><\/div><\/section>\n","protected":false},"excerpt":{"rendered":"T\u1ea1i sao n\u00ean \u0111\u1ea7u t\u01b0 v\u00e0o Dominica? Dominica x\u1ebfp h\u1ea1ng th\u1ee9 6 theo FDI Intelligence v\u1ec1 hi\u1ec7u qu\u1ea3 s\u1eed d\u1ee5ng chi ph\u00ed \u1edf Caribbean &#038; M\u1ef9 La tinh \u201cC\u1eeda ng\u00f5 \u0111\u1ebfn Ch\u00e2u \u00c2u\u201d: 15 ph\u00fat b\u1eb1ng \u0111\u01b0\u1eddng h\u00e0ng kh\u00f4ng \u0111\u1ebfn S\u1edf H\u1ea3i ngo\u1ea1i c\u1ee7a Ph\u00e1p \u1edf Martinique v\u00e0 Guadeloupe v\u00e0 ch\u01b0a \u0111\u1ebfn 2 gi\u1edd \u0111\u1ec3...","protected":false},"author":1,"featured_media":8336,"parent":8309,"menu_order":0,"comment_status":"closed","ping_status":"closed","template":"","meta":{"_acf_changed":false,"footnotes":""},"class_list":["post-8333","page","type-page","status-publish","has-post-thumbnail","hentry"],"acf":[],"yoast_head":"<!-- This site is optimized with the Yoast SEO plugin v27.5 - https:\/\/yoast.com\/product\/yoast-seo-wordpress\/ -->\n<title>\u0110\u1ea7u t\u01b0 v\u00e0o Dominica - Consulate General of The Commonwealth of Dominica in Ho Chi Minh City<\/title>\n<meta name=\"robots\" content=\"index, follow, max-snippet:-1, max-image-preview:large, max-video-preview:-1\" \/>\n<link rel=\"canonical\" href=\"https:\/\/dominicaconsulateinvietnam.org\/vi\/services\/dau-tu-vao-dominica\/\" \/>\n<meta property=\"og:locale\" content=\"vi_VN\" \/>\n<meta property=\"og:type\" content=\"article\" \/>\n<meta property=\"og:title\" content=\"\u0110\u1ea7u t\u01b0 v\u00e0o Dominica - Consulate General of The Commonwealth of Dominica in Ho Chi Minh City\" \/>\n<meta property=\"og:url\" content=\"https:\/\/dominicaconsulateinvietnam.org\/vi\/services\/dau-tu-vao-dominica\/\" \/>\n<meta property=\"og:site_name\" content=\"Consulate General of The Commonwealth of Dominica in Ho Chi Minh City\" \/>\n<meta property=\"article:modified_time\" content=\"2021-09-20T10:32:42+00:00\" \/>\n<meta property=\"og:image\" content=\"https:\/\/dominicaconsulateinvietnam.org\/wp-content\/uploads\/2021\/09\/invest-in-Dominica.jpg\" \/>\n\t<meta property=\"og:image:width\" content=\"640\" \/>\n\t<meta property=\"og:image:height\" content=\"426\" \/>\n\t<meta property=\"og:image:type\" content=\"image\/jpeg\" \/>\n<meta name=\"twitter:card\" content=\"summary_large_image\" \/>\n<meta name=\"twitter:label1\" content=\"Est. reading time\" \/>\n\t<meta name=\"twitter:data1\" content=\"3 minutes\" \/>\n<script type=\"application\/ld+json\" class=\"yoast-schema-graph\">{\"@context\":\"https:\\\/\\\/schema.org\",\"@graph\":[{\"@type\":\"WebPage\",\"@id\":\"https:\\\/\\\/dominicaconsulateinvietnam.org\\\/vi\\\/services\\\/dau-tu-vao-dominica\\\/\",\"url\":\"https:\\\/\\\/dominicaconsulateinvietnam.org\\\/vi\\\/services\\\/dau-tu-vao-dominica\\\/\",\"name\":\"\u0110\u1ea7u t\u01b0 v\u00e0o Dominica - Consulate General of The Commonwealth of Dominica in Ho Chi Minh City\",\"isPartOf\":{\"@id\":\"https:\\\/\\\/dominicaconsulateinvietnam.org\\\/#website\"},\"primaryImageOfPage\":{\"@id\":\"https:\\\/\\\/dominicaconsulateinvietnam.org\\\/vi\\\/services\\\/dau-tu-vao-dominica\\\/#primaryimage\"},\"image\":{\"@id\":\"https:\\\/\\\/dominicaconsulateinvietnam.org\\\/vi\\\/services\\\/dau-tu-vao-dominica\\\/#primaryimage\"},\"thumbnailUrl\":\"https:\\\/\\\/dominicaconsulateinvietnam.org\\\/wp-content\\\/uploads\\\/2021\\\/09\\\/invest-in-Dominica.jpg\",\"datePublished\":\"2021-09-15T18:03:29+00:00\",\"dateModified\":\"2021-09-20T10:32:42+00:00\",\"breadcrumb\":{\"@id\":\"https:\\\/\\\/dominicaconsulateinvietnam.org\\\/vi\\\/services\\\/dau-tu-vao-dominica\\\/#breadcrumb\"},\"inLanguage\":\"vi-VN\",\"potentialAction\":[{\"@type\":\"ReadAction\",\"target\":[\"https:\\\/\\\/dominicaconsulateinvietnam.org\\\/vi\\\/services\\\/dau-tu-vao-dominica\\\/\"]}]},{\"@type\":\"ImageObject\",\"inLanguage\":\"vi-VN\",\"@id\":\"https:\\\/\\\/dominicaconsulateinvietnam.org\\\/vi\\\/services\\\/dau-tu-vao-dominica\\\/#primaryimage\",\"url\":\"https:\\\/\\\/dominicaconsulateinvietnam.org\\\/wp-content\\\/uploads\\\/2021\\\/09\\\/invest-in-Dominica.jpg\",\"contentUrl\":\"https:\\\/\\\/dominicaconsulateinvietnam.org\\\/wp-content\\\/uploads\\\/2021\\\/09\\\/invest-in-Dominica.jpg\",\"width\":640,\"height\":426},{\"@type\":\"BreadcrumbList\",\"@id\":\"https:\\\/\\\/dominicaconsulateinvietnam.org\\\/vi\\\/services\\\/dau-tu-vao-dominica\\\/#breadcrumb\",\"itemListElement\":[{\"@type\":\"ListItem\",\"position\":1,\"name\":\"Home\",\"item\":\"https:\\\/\\\/dominicaconsulateinvietnam.org\\\/vi\\\/\"},{\"@type\":\"ListItem\",\"position\":2,\"name\":\"D\u1ecbch v\u1ee5\",\"item\":\"https:\\\/\\\/dominicaconsulateinvietnam.org\\\/vi\\\/services\\\/\"},{\"@type\":\"ListItem\",\"position\":3,\"name\":\"\u0110\u1ea7u t\u01b0 v\u00e0o Dominica\"}]},{\"@type\":\"WebSite\",\"@id\":\"https:\\\/\\\/dominicaconsulateinvietnam.org\\\/#website\",\"url\":\"https:\\\/\\\/dominicaconsulateinvietnam.org\\\/\",\"name\":\"Consulate General of The Commonwealth of Dominica in Ho Chi Minh City\",\"description\":\"The Consulate is focused on maintaining, and strengthening these international relationships, and on increasing the profile of Dominica within the international community\",\"potentialAction\":[{\"@type\":\"SearchAction\",\"target\":{\"@type\":\"EntryPoint\",\"urlTemplate\":\"https:\\\/\\\/dominicaconsulateinvietnam.org\\\/?s={search_term_string}\"},\"query-input\":{\"@type\":\"PropertyValueSpecification\",\"valueRequired\":true,\"valueName\":\"search_term_string\"}}],\"inLanguage\":\"vi-VN\"}]}<\/script>\n<!-- \/ Yoast SEO plugin. -->","yoast_head_json":{"title":"\u0110\u1ea7u t\u01b0 v\u00e0o Dominica - Consulate General of The Commonwealth of Dominica in Ho Chi Minh City","robots":{"index":"index","follow":"follow","max-snippet":"max-snippet:-1","max-image-preview":"max-image-preview:large","max-video-preview":"max-video-preview:-1"},"canonical":"https:\/\/dominicaconsulateinvietnam.org\/vi\/services\/dau-tu-vao-dominica\/","og_locale":"vi_VN","og_type":"article","og_title":"\u0110\u1ea7u t\u01b0 v\u00e0o Dominica - Consulate General of The Commonwealth of Dominica in Ho Chi Minh City","og_url":"https:\/\/dominicaconsulateinvietnam.org\/vi\/services\/dau-tu-vao-dominica\/","og_site_name":"Consulate General of The Commonwealth of Dominica in Ho Chi Minh City","article_modified_time":"2021-09-20T10:32:42+00:00","og_image":[{"width":640,"height":426,"url":"https:\/\/dominicaconsulateinvietnam.org\/wp-content\/uploads\/2021\/09\/invest-in-Dominica.jpg","type":"image\/jpeg"}],"twitter_card":"summary_large_image","twitter_misc":{"Est. reading time":"3 minutes"},"schema":{"@context":"https:\/\/schema.org","@graph":[{"@type":"WebPage","@id":"https:\/\/dominicaconsulateinvietnam.org\/vi\/services\/dau-tu-vao-dominica\/","url":"https:\/\/dominicaconsulateinvietnam.org\/vi\/services\/dau-tu-vao-dominica\/","name":"\u0110\u1ea7u t\u01b0 v\u00e0o Dominica - Consulate General of The Commonwealth of Dominica in Ho Chi Minh City","isPartOf":{"@id":"https:\/\/dominicaconsulateinvietnam.org\/#website"},"primaryImageOfPage":{"@id":"https:\/\/dominicaconsulateinvietnam.org\/vi\/services\/dau-tu-vao-dominica\/#primaryimage"},"image":{"@id":"https:\/\/dominicaconsulateinvietnam.org\/vi\/services\/dau-tu-vao-dominica\/#primaryimage"},"thumbnailUrl":"https:\/\/dominicaconsulateinvietnam.org\/wp-content\/uploads\/2021\/09\/invest-in-Dominica.jpg","datePublished":"2021-09-15T18:03:29+00:00","dateModified":"2021-09-20T10:32:42+00:00","breadcrumb":{"@id":"https:\/\/dominicaconsulateinvietnam.org\/vi\/services\/dau-tu-vao-dominica\/#breadcrumb"},"inLanguage":"vi-VN","potentialAction":[{"@type":"ReadAction","target":["https:\/\/dominicaconsulateinvietnam.org\/vi\/services\/dau-tu-vao-dominica\/"]}]},{"@type":"ImageObject","inLanguage":"vi-VN","@id":"https:\/\/dominicaconsulateinvietnam.org\/vi\/services\/dau-tu-vao-dominica\/#primaryimage","url":"https:\/\/dominicaconsulateinvietnam.org\/wp-content\/uploads\/2021\/09\/invest-in-Dominica.jpg","contentUrl":"https:\/\/dominicaconsulateinvietnam.org\/wp-content\/uploads\/2021\/09\/invest-in-Dominica.jpg","width":640,"height":426},{"@type":"BreadcrumbList","@id":"https:\/\/dominicaconsulateinvietnam.org\/vi\/services\/dau-tu-vao-dominica\/#breadcrumb","itemListElement":[{"@type":"ListItem","position":1,"name":"Home","item":"https:\/\/dominicaconsulateinvietnam.org\/vi\/"},{"@type":"ListItem","position":2,"name":"D\u1ecbch v\u1ee5","item":"https:\/\/dominicaconsulateinvietnam.org\/vi\/services\/"},{"@type":"ListItem","position":3,"name":"\u0110\u1ea7u t\u01b0 v\u00e0o Dominica"}]},{"@type":"WebSite","@id":"https:\/\/dominicaconsulateinvietnam.org\/#website","url":"https:\/\/dominicaconsulateinvietnam.org\/","name":"Consulate General of The Commonwealth of Dominica in Ho Chi Minh City","description":"The Consulate is focused on maintaining, and strengthening these international relationships, and on increasing the profile of Dominica within the international community","potentialAction":[{"@type":"SearchAction","target":{"@type":"EntryPoint","urlTemplate":"https:\/\/dominicaconsulateinvietnam.org\/?s={search_term_string}"},"query-input":{"@type":"PropertyValueSpecification","valueRequired":true,"valueName":"search_term_string"}}],"inLanguage":"vi-VN"}]}},"_links":{"self":[{"href":"https:\/\/dominicaconsulateinvietnam.org\/vi\/wp-json\/wp\/v2\/pages\/8333","targetHints":{"allow":["GET"]}}],"collection":[{"href":"https:\/\/dominicaconsulateinvietnam.org\/vi\/wp-json\/wp\/v2\/pages"}],"about":[{"href":"https:\/\/dominicaconsulateinvietnam.org\/vi\/wp-json\/wp\/v2\/types\/page"}],"author":[{"embeddable":true,"href":"https:\/\/dominicaconsulateinvietnam.org\/vi\/wp-json\/wp\/v2\/users\/1"}],"replies":[{"embeddable":true,"href":"https:\/\/dominicaconsulateinvietnam.org\/vi\/wp-json\/wp\/v2\/comments?post=8333"}],"version-history":[{"count":4,"href":"https:\/\/dominicaconsulateinvietnam.org\/vi\/wp-json\/wp\/v2\/pages\/8333\/revisions"}],"predecessor-version":[{"id":8582,"href":"https:\/\/dominicaconsulateinvietnam.org\/vi\/wp-json\/wp\/v2\/pages\/8333\/revisions\/8582"}],"up":[{"embeddable":true,"href":"https:\/\/dominicaconsulateinvietnam.org\/vi\/wp-json\/wp\/v2\/pages\/8309"}],"wp:featuredmedia":[{"embeddable":true,"href":"https:\/\/dominicaconsulateinvietnam.org\/vi\/wp-json\/wp\/v2\/media\/8336"}],"wp:attachment":[{"href":"https:\/\/dominicaconsulateinvietnam.org\/vi\/wp-json\/wp\/v2\/media?parent=8333"}],"curies":[{"name":"wp","href":"https:\/\/api.w.org\/{rel}","templated":true}]}}