{"id":8330,"date":"2021-09-15T17:57:13","date_gmt":"2021-09-15T17:57:13","guid":{"rendered":"https:\/\/dominicaconsulateinvietnam.org\/services\/offshore-banking-license-in-dominca\/"},"modified":"2021-09-27T08:09:59","modified_gmt":"2021-09-27T08:09:59","slug":"offshore-banking-license-in-dominca","status":"publish","type":"page","link":"https:\/\/dominicaconsulateinvietnam.org\/vi\/services\/offshore-banking-license-in-dominca\/","title":{"rendered":"Gi\u1ea5y ph\u00e9p cho ho\u1ea1t \u0111\u1ed9ng ng\u00e2n h\u00e0ng n\u01b0\u1edbc ngo\u00e0i \u1edf Dominica"},"content":{"rendered":"<section class=\"l-section wpb_row height_auto\"><div class=\"l-section-h i-cf\"><div class=\"g-cols vc_row via_flex valign_top type_default stacking_default\"><div class=\"vc_col-sm-12 wpb_column vc_column_container\"><div class=\"vc_column-inner\"><div class=\"wpb_wrapper\"><div class=\"wpb_text_column\"><div class=\"wpb_wrapper\"><h3>Gi\u1ea5y ph\u00e9p th\u00e0nh l\u1eadp ng\u00e2n h\u00e0ng \u1edf Dominica v\u00e0 nh\u1eefng y\u00eau c\u1ea7u \u0111\u1ec3 th\u00e0nh l\u1eadp Ng\u00e2n h\u00e0ng N\u01b0\u1edbc ngo\u00e0i<\/h3>\n<p>Dominica l\u00e0 m\u1ed9t n\u01a1i c\u00f3 th\u1ea7m quy\u1ec1n v\u00e0 \u0111\u00e1ng tin c\u1eady trong vi\u1ec7c th\u00e0nh l\u1eadp m\u1ed9t ng\u00e2n h\u00e0ng n\u01b0\u1edbc ngo\u00e0i. Ngo\u00e0i ra, Dominica c\u00f3 danh ti\u1ebfng v\u1eefng ch\u1eafc v\u1ec1 vi\u1ec7c duy tr\u00ec quy\u1ec1n ri\u00eang t\u01b0 c\u1ee7a kh\u00e1ch h\u00e0ng nh\u1edd lu\u1eadt b\u1ea3o m\u1eadt nghi\u00eam ng\u1eb7t, \u0111\u00f3 l\u00e0 \u0111i\u1ec1u thu h\u00fat nhi\u1ec1u kh\u00e1ch h\u00e0ng \u0111\u1ebfn \u0111\u1ecba \u0111i\u1ec3m n\u00e0y \u0111\u1ec3 m\u1edf t\u00e0i kho\u1ea3n ng\u00e2n h\u00e0ng. Ng\u00e0nh ng\u00e2n h\u00e0ng Dominica \u0111\u01b0\u1ee3c quy \u0111\u1ecbnh b\u1edfi Financial Services Unit (FSU). Gi\u1ea5y ph\u00e9p ng\u00e2n h\u00e0ng n\u01b0\u1edbc ngo\u00e0i c\u1ee7a Dominica \u0111\u01b0\u1ee3c quy \u0111\u1ecbnh b\u1edfi \u0110\u1ea1o lu\u1eadt Ng\u00e2n h\u00e0ng N\u01b0\u1edbc ngo\u00e0i n\u0103m 1996 v\u00e0 \u0110\u1ea1o lu\u1eadt Ng\u00e2n h\u00e0ng N\u01b0\u1edbc ngo\u00e0i n\u0103m 1997 \u0111\u00e3 \u0111\u01b0\u1ee3c s\u1eeda \u0111\u1ed5i v\u00e0 b\u1ed5 sung qua c\u00e1c n\u0103m.<\/p>\n<p>Gi\u1ea5y ph\u00e9p Ng\u00e2n h\u00e0ng N\u01b0\u1edbc ngo\u00e0i do Financial Services Unit (FSU) c\u1ea5p l\u00e0 Gi\u1ea5y ph\u00e9p Ng\u00e2n h\u00e0ng To\u00e0n di\u1ec7n, t\u01b0\u01a1ng \u0111\u01b0\u01a1ng v\u1edbi Lo\u1ea1i A \u1edf c\u00e1c khu v\u1ef1c ph\u00e1p l\u00fd kh\u00e1c, trong \u0111\u00f3 gi\u1ea5y ph\u00e9p Ng\u00e2n h\u00e0ng \u0111\u01b0\u1ee3c chia th\u00e0nh c\u00e1c Lo\u1ea1i.<\/p>\n<p>Financial Services Unit (FSU)<\/p>\n<p>Ng\u00e0nh ng\u00e2n h\u00e0ng Dominica \u0111\u01b0\u1ee3c quy \u0111\u1ecbnh b\u1edfi FSU. Gi\u1ea5y ph\u00e9p ng\u00e2n h\u00e0ng n\u01b0\u1edbc ngo\u00e0i c\u1ee7a Dominica \u0111\u01b0\u1ee3c quy \u0111\u1ecbnh b\u1edfi \u0110\u1ea1o lu\u1eadt ng\u00e2n h\u00e0ng n\u01b0\u1edbc ngo\u00e0i n\u0103m 1996 v\u00e0 \u0110\u1ea1o lu\u1eadt ng\u00e2n h\u00e0ng n\u01b0\u1edbc ngo\u00e0i n\u0103m 1997 \u0111\u00e3 \u0111\u01b0\u1ee3c s\u1eeda \u0111\u1ed5i v\u00e0 b\u1ed5 sung trong su\u1ed1t nhi\u1ec1u n\u0103m. Gi\u1ea5y ph\u00e9p Ng\u00e2n h\u00e0ng N\u01b0\u1edbc ngo\u00e0i do FSU c\u1ea5p l\u00e0 gi\u1ea5y ph\u00e9p ng\u00e2n h\u00e0ng to\u00e0n di\u1ec7n v\u00e0 t\u01b0\u01a1ng \u0111\u01b0\u01a1ng v\u1edbi Lo\u1ea1i A \u1edf c\u00e1c khu v\u1ef1c ph\u00e1p l\u00fd kh\u00e1c. \u1ede \u0111\u00f3, gi\u1ea5y ph\u00e9p Ng\u00e2n h\u00e0ng \u0111\u01b0\u1ee3c chia th\u00e0nh c\u00e1c lo\u1ea1i:<\/p>\n<p>C\u00e1c lo\u1ea1i gi\u1ea5y ph\u00e9p ng\u00e2n h\u00e0ng:<br \/>\nC\u00f3 b\u1ed1n lo\u1ea1i gi\u1ea5y ph\u00e9p ng\u00e2n h\u00e0ng n\u01b0\u1edbc ngo\u00e0i nh\u01b0 sau:<\/p>\n<ul>\n<li>Ng\u00e2n h\u00e0ng b\u00e1n l\u1ebb<\/li>\n<li>Ng\u00e2n h\u00e0ng \u0111\u1ea7u t\u01b0<\/li>\n<li>Ng\u00e2n h\u00e0ng ti\u1ec1n \u0111i\u1ec7n t\u1eed (m\u1ed9t trong nh\u1eefng c\u01a1 quan c\u00f3 th\u1ea9m quy\u1ec1n duy nh\u1ea5t hi\u1ec7n cho ph\u00e9p)<\/li>\n<li>L\u00e3nh th\u1ed5 b\u1ecb h\u1ea1n ch\u1ebf v\u00e0 C\u00f4ng d\u00e2n: C\u00e1c n\u01b0\u1edbc CARICOM v\u00e0 C\u00f4ng d\u00e2n c\u1ee7a h\u1ecd<\/li>\n<\/ul>\n<h3>Gi\u1ea5y ph\u00e9p th\u00e0nh l\u1eadp ng\u00e2n h\u00e0ng n\u01b0\u1edbc ngo\u00e0i t\u1ea1i Dominica:<\/h3>\n<p>Y\u00eau c\u1ea7u v\u1ed1n t\u1ed1i thi\u1ec3u:<\/p>\n<ul>\n<li>C\u1ed1 \u0111\u1ecbnh \u1edf m\u1ee9c t\u1ed1i thi\u1ec3u 1.000.000 USD (t\u1ed1i thi\u1ec3u)<\/li>\n<li>V\u1ed1n c\u00f3 th\u1ec3 \u0111\u01b0\u1ee3c g\u1eedi v\u00e0o t\u00e0i kho\u1ea3n d\u01b0\u1edbi danh ngh\u0129a c\u1ee7a ng\u00e2n h\u00e0ng \u1edf b\u00ean ngo\u00e0i Dominica, cam k\u1ebft \u1ee7ng h\u1ed9 Ch\u00ednh ph\u1ee7 Dominica.<\/li>\n<\/ul>\n<p>Gi\u00e1m \u0111\u1ed1c:<\/p>\n<ul>\n&#8211; T\u1ed1i thi\u1ec3u M\u1ed8T Ng\u01b0\u1eddi \/ C\u01b0 tr\u00fa t\u1ea1i Kh\u1ed1i th\u1ecbnh v\u01b0\u1ee3ng chung Dominica<\/li>\n<p>&#8211; T\u1ed1i thi\u1ec3u M\u1ed8T vi\u00ean ch\u1ee9c<\/li>\n<p>&#8211; C\u1ea3 hai \u0111\u1ec1u ph\u1ea3i \u0111\u01b0\u1ee3c FSU ch\u1ea5p thu\u1eadn<\/li>\n<p>C\u00f3 th\u1ec3 b\u1ed5 sung c\u00e1c gi\u00e1m \u0111\u1ed1c kh\u00f4ng th\u01b0\u1eddng tr\u00fa mi\u1ec5n l\u00e0 h\u1ecd \u0111\u00e3 \u0111\u01b0\u1ee3c FSU ch\u1ea5p thu\u1eadn (B\u1eaft bu\u1ed9c ph\u1ea3i c\u00f3 qu\u00e1 tr\u00ecnh ki\u1ec3m tra l\u00fd l\u1ecbch)<\/li>\n<\/ul>\n<p>C\u1ed5 \u0111\u00f4ng:<\/p>\n<ul>\n<li>T\u1ed1i thi\u1ec3u M\u1ed8T C\u00e1 nh\u00e2n HO\u1eb6C Ph\u00e1p nh\u00e2n C\u00f4ng ty<\/li>\n<li>T\u1ea5t c\u1ea3 c\u00e1c c\u00e1 nh\u00e2n c\u1ea7n ph\u1ea3i \u0111\u01b0\u1ee3c FSU ch\u1ea5p thu\u1eadn (B\u1eaft bu\u1ed9c ph\u1ea3i c\u00f3 qu\u00e1 tr\u00ecnh ki\u1ec3m tra l\u00fd l\u1ecbch)<\/li>\n<\/ul>\n<p>Ch\u00ednh ph\u1ee7 Dominica ti\u1ebfn h\u00e0nh th\u1ea9m \u0111\u1ecbnh \u0111\u1ed1i v\u1edbi t\u1ea5t c\u1ea3 nh\u1eefng ng\u01b0\u1eddi n\u1ed9p \u0111\u01a1n v\u00e0 t\u1ea5t c\u1ea3 th\u00f4ng tin \u0111\u1ec1u ph\u1ea3i \u0111\u01b0\u1ee3c n\u1ed9p cho FSU.<\/p>\n<p>FSU c\u1ee7a Kh\u1ed1i th\u1ecbnh v\u01b0\u1ee3ng chung Dominica l\u00e0 c\u01a1 quan qu\u1ea3n l\u00fd duy nh\u1ea5t c\u1ee7a Khu v\u1ef1c T\u00e0i ch\u00ednh Phi ng\u00e2n h\u00e0ng \u1edf Dominica v\u00e0 C\u01a1 quan Gi\u00e1m s\u00e1t R\u1eeda ti\u1ec1n.<br \/>\nC\u00e1c h\u1ed3 s\u01a1 b\u1eaft bu\u1ed9c c\u00f9ng v\u1edbi c\u00e1c m\u1eabu \u0111\u01a1n \u0111\u00e3 \u0111\u01b0\u1ee3c ho\u00e0n th\u00e0nh \u0111\u01b0\u1ee3c y\u00eau c\u1ea7u \u0111\u1ec3 x\u1eed l\u00fd c\u1ea5p Gi\u1ea5y ph\u00e9p Ng\u00e2n h\u00e0ng N\u01b0\u1edbc ngo\u00e0i c\u1ee7a Dominica.<\/p>\n<p>Y\u00eau c\u1ea7u \u0111\u1ec3 xin c\u1ea5p Gi\u1ea5y ph\u00e9p Ng\u00e2n h\u00e0ng N\u01b0\u1edbc ngo\u00e0i Dominica<br \/>\nC\u00e1c y\u00eau c\u1ea7u \u0111\u1ec3 xin c\u1ea5p gi\u1ea5y ph\u00e9p Ng\u00e2n h\u00e0ng \u1edf Kh\u1ed1i th\u1ecbnh v\u01b0\u1ee3ng chung Dominica nh\u01b0 sau:<\/p>\n<p>1. Bi\u00ean b\u1ea3n c\u00f4ng khai th\u00f4ng tin<br \/>\n2. Bi\u00ean b\u1ea3n th\u1ecfa thu\u1eadn<br \/>\n3. Ph\u00e1p ch\u1ebf<br \/>\n4. \u0110\u1ea1o lu\u1eadt Ng\u00e2n h\u00e0ng n\u01b0\u1edbc ngo\u00e0i (S\u1eeda \u0111\u1ed5i) (S\u1ed1 2), 2019, \u0110\u1ea1o lu\u1eadt 4 n\u0103m 2019<br \/>\n5. \u0110\u1ea1o lu\u1eadt ng\u00e2n h\u00e0ng n\u01b0\u1edbc ngo\u00e0i (S\u1eeda \u0111\u1ed5i) 2019, \u0110\u1ea1o lu\u1eadt 1 n\u0103m 2019<br \/>\n6. \u0110\u1ea1o lu\u1eadt ng\u00e2n h\u00e0ng n\u01b0\u1edbc ngo\u00e0i (s\u1eeda \u0111\u1ed5i) n\u0103m 1997, \u0110\u1ea1o lu\u1eadt 2 n\u0103m 1997<br \/>\n7. \u0110\u1ea1o lu\u1eadt ng\u00e2n h\u00e0ng n\u01b0\u1edbc ngo\u00e0i (s\u1eeda \u0111\u1ed5i) n\u0103m 1999, \u0110\u1ea1o lu\u1eadt 18 n\u0103m 1999<br \/>\n8. \u0110\u1ea1o lu\u1eadt ng\u00e2n h\u00e0ng n\u01b0\u1edbc ngo\u00e0i (s\u1eeda \u0111\u1ed5i) n\u0103m 2000, \u0110\u1ea1o lu\u1eadt 16 n\u0103m 2000<br \/>\n9. \u0110\u1ea1o lu\u1eadt ng\u00e2n h\u00e0ng n\u01b0\u1edbc ngo\u00e0i (s\u1eeda \u0111\u1ed5i) n\u0103m 2008, \u0110\u1ea1o lu\u1eadt 16 n\u0103m 2008<br \/>\n10. Quy \u0111\u1ecbnh v\u1ec1 Ng\u00e2n h\u00e0ng n\u01b0\u1edbc ngo\u00e0i (Ph\u00ed), 1996, SRO 58 n\u0103m 1996<\/p>\n<p>T\u1ea1i sao ch\u1ecdn Dominica \u0111\u1ec3 th\u00e0nh l\u1eadp Ng\u00e2n h\u00e0ng n\u01b0\u1edbc ngo\u00e0i<\/p>\n<ul>\n<li>Dominica l\u00e0 m\u1ed9t qu\u1ed1c gia c\u00f3 th\u1ea9m quy\u1ec1n r\u1ea5t cao \u0111\u1ec3 th\u00e0nh l\u1eadp m\u1ed9t ng\u00e2n h\u00e0ng n\u01b0\u1edbc ngo\u00e0i.<\/li>\n<li>Dominica c\u00f3 m\u1ed9t danh ti\u1ebfng v\u1eefng ch\u1eafc khi n\u00f3i \u0111\u1ebfn vi\u1ec7c duy tr\u00ec quy\u1ec1n ri\u00eang t\u01b0 c\u1ee7a kh\u00e1ch h\u00e0ng, nh\u1edd lu\u1eadt b\u1ea3o m\u1eadt nghi\u00eam ng\u1eb7t v\u00e0 do \u0111\u00f3, thu h\u00fat nhi\u1ec1u kh\u00e1ch h\u00e0ng qu\u1ed1c t\u1ebf m\u1edf t\u00e0i kho\u1ea3n ng\u00e2n h\u00e0ng.<\/li>\n<\/ul>\n<p>L\u00e0m th\u1ebf n\u00e0o \u0111\u1ec3 c\u00f3 \u0111\u01b0\u1ee3c Gi\u1ea5y ph\u00e9p Ng\u00e2n h\u00e0ng N\u01b0\u1edbc ngo\u00e0i \u1edf Dominica<\/p>\n<p>1. DUE DILIGENCE of the Promoter\/Incorporator\/Purchaser of an Existing Bank License. A strict and exhaustive Due Diligence is mandated at the expense of the Interested Party. The Report (Normal or Expedited) is delivered DIRECTLY to the FSU for assessment. If the assessment of the FSU is positive then the eligible party may become Promoter\/Incorporator of a new License OR acquire an existing one. Additionally, he may also act as one of the Directors. APPLICANTS have to be of a High Repute and Clean Criminal Record in all countries they reside or have resided and have or had business activities.<br \/>\nY\u00eau c\u1ea7u v\u1ec1 th\u1ea9m \u0111\u1ecbnh \u0111\u1ed1i v\u1edbi ng\u01b0\u1eddi n\u1ed9p \u0111\u01a1n:<\/p>\n<ul>\n<li>B\u1ea3n sao H\u1ed9 chi\u1ebfu \u0111\u01b0\u1ee3c C\u00f4ng ch\u1ee9ng v\u00e0 H\u1ee3p ph\u00e1p h\u00f3a qua Apostille;<\/li>\n<li>B\u1ea3n sao Ch\u1ee9ng minh nh\u00e2n d\u00e2n v\u00e0 Gi\u1ea5y ph\u00e9p L\u00e1i xe \u0111\u01b0\u1ee3c C\u00f4ng ch\u1ee9ng v\u00e0 H\u1ee3p ph\u00e1p h\u00f3a qua Apostille;<\/li>\n<li>H\u00f3a \u0111\u01a1n \u0111i\u1ec7n n\u01b0\u1edbc (d\u01b0\u1edbi 2 th\u00e1ng);<\/li>\n<li>Tham chi\u1ebfu t\u1eeb m\u1ed9t Lu\u1eadt s\u01b0;<\/li>\n<li>Tham chi\u1ebfu t\u1eeb m\u1ed9t K\u1ebf to\u00e1n vi\u00ean;<\/li>\n<li>Ng\u00e2n h\u00e0ng tham chi\u1ebfu (quan h\u1ec7 ng\u00e2n h\u00e0ng ph\u1ea3i tr\u00ean 2 n\u0103m);<\/li>\n<li>S\u01a1 y\u1ebfu l\u00fd l\u1ecbch;<\/li>\n<li>Ngo\u00e0i ra, \u1edf giai \u0111o\u1ea1n n\u00e0y, ch\u00fang t\u00f4i c\u0169ng c\u00f3 th\u1ec3 y\u00eau c\u1ea7u B\u1eb1ng ch\u1ee9ng v\u00e0 Ngu\u1ed3n c\u1ee7a c\u00e1c Qu\u1ef9 d\u00e0nh cho C\u00f4ng ty C\u1ed5 ph\u1ea7n Ng\u00e2n h\u00e0ng V\u1ed1n h\u00f3a;<\/li>\n<\/ul>\n<p>2. Incorporation of Company OR Existing License BUY OUT<br \/>\n3. Filling an Application OR a New Business Plan for the acquired BANK. C\u00e1c m\u1eabu \u0111\u01a1n c\u00f3 s\u1eb5n theo y\u00eau c\u1ea7u.<\/p>\n<p>\u0110\u1ec3 bi\u1ebft th\u00eam th\u00f4ng tin chi ti\u1ebft, vui l\u00f2ng li\u00ean h\u1ec7: <a href=\"mailto:consulate@dominicaconsulateinvietnam.org\">consulate@dominicaconsulateinvietnam.org<\/a><\/p>\n<\/div><\/div><\/div><\/div><\/div><\/div><\/div><\/section>\n","protected":false},"excerpt":{"rendered":"Gi\u1ea5y ph\u00e9p th\u00e0nh l\u1eadp ng\u00e2n h\u00e0ng \u1edf Dominica v\u00e0 nh\u1eefng y\u00eau c\u1ea7u \u0111\u1ec3 th\u00e0nh l\u1eadp Ng\u00e2n h\u00e0ng N\u01b0\u1edbc ngo\u00e0i Dominica l\u00e0 m\u1ed9t n\u01a1i c\u00f3 th\u1ea7m quy\u1ec1n v\u00e0 \u0111\u00e1ng tin c\u1eady trong vi\u1ec7c th\u00e0nh l\u1eadp m\u1ed9t ng\u00e2n h\u00e0ng n\u01b0\u1edbc ngo\u00e0i. Ngo\u00e0i ra, Dominica c\u00f3 danh ti\u1ebfng v\u1eefng ch\u1eafc v\u1ec1 vi\u1ec7c duy tr\u00ec quy\u1ec1n ri\u00eang t\u01b0 c\u1ee7a...","protected":false},"author":1,"featured_media":8310,"parent":8309,"menu_order":0,"comment_status":"closed","ping_status":"closed","template":"","meta":{"_acf_changed":false,"footnotes":""},"class_list":["post-8330","page","type-page","status-publish","has-post-thumbnail","hentry"],"acf":[],"yoast_head":"<!-- This site is optimized with the Yoast SEO plugin v27.2 - https:\/\/yoast.com\/product\/yoast-seo-wordpress\/ -->\n<title>Gi\u1ea5y ph\u00e9p cho ho\u1ea1t \u0111\u1ed9ng ng\u00e2n h\u00e0ng n\u01b0\u1edbc ngo\u00e0i \u1edf Dominica - Consulate General of The Commonwealth of Dominica in Ho Chi Minh City<\/title>\n<meta name=\"robots\" content=\"index, follow, max-snippet:-1, max-image-preview:large, max-video-preview:-1\" \/>\n<link rel=\"canonical\" href=\"https:\/\/dominicaconsulateinvietnam.org\/vi\/services\/offshore-banking-license-in-dominca\/\" \/>\n<meta property=\"og:locale\" content=\"vi_VN\" \/>\n<meta property=\"og:type\" content=\"article\" \/>\n<meta property=\"og:title\" content=\"Gi\u1ea5y ph\u00e9p cho ho\u1ea1t \u0111\u1ed9ng ng\u00e2n h\u00e0ng n\u01b0\u1edbc ngo\u00e0i \u1edf Dominica - Consulate General of The Commonwealth of Dominica in Ho Chi Minh City\" \/>\n<meta property=\"og:url\" content=\"https:\/\/dominicaconsulateinvietnam.org\/vi\/services\/offshore-banking-license-in-dominca\/\" \/>\n<meta property=\"og:site_name\" content=\"Consulate General of The Commonwealth of Dominica in Ho Chi Minh City\" \/>\n<meta property=\"article:modified_time\" content=\"2021-09-27T08:09:59+00:00\" \/>\n<meta property=\"og:image\" content=\"https:\/\/dominicaconsulateinvietnam.org\/wp-content\/uploads\/2021\/08\/Company-Formation-Services.jpg\" \/>\n\t<meta property=\"og:image:width\" content=\"960\" \/>\n\t<meta property=\"og:image:height\" content=\"445\" \/>\n\t<meta property=\"og:image:type\" content=\"image\/jpeg\" \/>\n<meta name=\"twitter:card\" content=\"summary_large_image\" \/>\n<meta name=\"twitter:label1\" content=\"Est. reading time\" \/>\n\t<meta name=\"twitter:data1\" content=\"8 minutes\" \/>\n<script type=\"application\/ld+json\" class=\"yoast-schema-graph\">{\"@context\":\"https:\/\/schema.org\",\"@graph\":[{\"@type\":\"WebPage\",\"@id\":\"https:\/\/dominicaconsulateinvietnam.org\/vi\/services\/offshore-banking-license-in-dominca\/\",\"url\":\"https:\/\/dominicaconsulateinvietnam.org\/vi\/services\/offshore-banking-license-in-dominca\/\",\"name\":\"Gi\u1ea5y ph\u00e9p cho ho\u1ea1t \u0111\u1ed9ng ng\u00e2n h\u00e0ng n\u01b0\u1edbc ngo\u00e0i \u1edf Dominica - Consulate General of The Commonwealth of Dominica in Ho Chi Minh City\",\"isPartOf\":{\"@id\":\"https:\/\/dominicaconsulateinvietnam.org\/#website\"},\"primaryImageOfPage\":{\"@id\":\"https:\/\/dominicaconsulateinvietnam.org\/vi\/services\/offshore-banking-license-in-dominca\/#primaryimage\"},\"image\":{\"@id\":\"https:\/\/dominicaconsulateinvietnam.org\/vi\/services\/offshore-banking-license-in-dominca\/#primaryimage\"},\"thumbnailUrl\":\"https:\/\/dominicaconsulateinvietnam.org\/wp-content\/uploads\/2021\/08\/Company-Formation-Services.jpg\",\"datePublished\":\"2021-09-15T17:57:13+00:00\",\"dateModified\":\"2021-09-27T08:09:59+00:00\",\"breadcrumb\":{\"@id\":\"https:\/\/dominicaconsulateinvietnam.org\/vi\/services\/offshore-banking-license-in-dominca\/#breadcrumb\"},\"inLanguage\":\"vi-VN\",\"potentialAction\":[{\"@type\":\"ReadAction\",\"target\":[\"https:\/\/dominicaconsulateinvietnam.org\/vi\/services\/offshore-banking-license-in-dominca\/\"]}]},{\"@type\":\"ImageObject\",\"inLanguage\":\"vi-VN\",\"@id\":\"https:\/\/dominicaconsulateinvietnam.org\/vi\/services\/offshore-banking-license-in-dominca\/#primaryimage\",\"url\":\"https:\/\/dominicaconsulateinvietnam.org\/wp-content\/uploads\/2021\/08\/Company-Formation-Services.jpg\",\"contentUrl\":\"https:\/\/dominicaconsulateinvietnam.org\/wp-content\/uploads\/2021\/08\/Company-Formation-Services.jpg\",\"width\":960,\"height\":445},{\"@type\":\"BreadcrumbList\",\"@id\":\"https:\/\/dominicaconsulateinvietnam.org\/vi\/services\/offshore-banking-license-in-dominca\/#breadcrumb\",\"itemListElement\":[{\"@type\":\"ListItem\",\"position\":1,\"name\":\"Home\",\"item\":\"https:\/\/dominicaconsulateinvietnam.org\/vi\/\"},{\"@type\":\"ListItem\",\"position\":2,\"name\":\"D\u1ecbch v\u1ee5\",\"item\":\"https:\/\/dominicaconsulateinvietnam.org\/vi\/services\/\"},{\"@type\":\"ListItem\",\"position\":3,\"name\":\"Gi\u1ea5y ph\u00e9p cho ho\u1ea1t \u0111\u1ed9ng ng\u00e2n h\u00e0ng n\u01b0\u1edbc ngo\u00e0i \u1edf Dominica\"}]},{\"@type\":\"WebSite\",\"@id\":\"https:\/\/dominicaconsulateinvietnam.org\/#website\",\"url\":\"https:\/\/dominicaconsulateinvietnam.org\/\",\"name\":\"Consulate General of The Commonwealth of Dominica in Ho Chi Minh City\",\"description\":\"The Consulate is focused on maintaining, and strengthening these international relationships, and on increasing the profile of Dominica within the international community\",\"potentialAction\":[{\"@type\":\"SearchAction\",\"target\":{\"@type\":\"EntryPoint\",\"urlTemplate\":\"https:\/\/dominicaconsulateinvietnam.org\/?s={search_term_string}\"},\"query-input\":{\"@type\":\"PropertyValueSpecification\",\"valueRequired\":true,\"valueName\":\"search_term_string\"}}],\"inLanguage\":\"vi-VN\"}]}<\/script>\n<!-- \/ Yoast SEO plugin. -->","yoast_head_json":{"title":"Gi\u1ea5y ph\u00e9p cho ho\u1ea1t \u0111\u1ed9ng ng\u00e2n h\u00e0ng n\u01b0\u1edbc ngo\u00e0i \u1edf Dominica - Consulate General of The Commonwealth of Dominica in Ho Chi Minh City","robots":{"index":"index","follow":"follow","max-snippet":"max-snippet:-1","max-image-preview":"max-image-preview:large","max-video-preview":"max-video-preview:-1"},"canonical":"https:\/\/dominicaconsulateinvietnam.org\/vi\/services\/offshore-banking-license-in-dominca\/","og_locale":"vi_VN","og_type":"article","og_title":"Gi\u1ea5y ph\u00e9p cho ho\u1ea1t \u0111\u1ed9ng ng\u00e2n h\u00e0ng n\u01b0\u1edbc ngo\u00e0i \u1edf Dominica - Consulate General of The Commonwealth of Dominica in Ho Chi Minh City","og_url":"https:\/\/dominicaconsulateinvietnam.org\/vi\/services\/offshore-banking-license-in-dominca\/","og_site_name":"Consulate General of The Commonwealth of Dominica in Ho Chi Minh City","article_modified_time":"2021-09-27T08:09:59+00:00","og_image":[{"width":960,"height":445,"url":"https:\/\/dominicaconsulateinvietnam.org\/wp-content\/uploads\/2021\/08\/Company-Formation-Services.jpg","type":"image\/jpeg"}],"twitter_card":"summary_large_image","twitter_misc":{"Est. reading time":"8 minutes"},"schema":{"@context":"https:\/\/schema.org","@graph":[{"@type":"WebPage","@id":"https:\/\/dominicaconsulateinvietnam.org\/vi\/services\/offshore-banking-license-in-dominca\/","url":"https:\/\/dominicaconsulateinvietnam.org\/vi\/services\/offshore-banking-license-in-dominca\/","name":"Gi\u1ea5y ph\u00e9p cho ho\u1ea1t \u0111\u1ed9ng ng\u00e2n h\u00e0ng n\u01b0\u1edbc ngo\u00e0i \u1edf Dominica - Consulate General of The Commonwealth of Dominica in Ho Chi Minh City","isPartOf":{"@id":"https:\/\/dominicaconsulateinvietnam.org\/#website"},"primaryImageOfPage":{"@id":"https:\/\/dominicaconsulateinvietnam.org\/vi\/services\/offshore-banking-license-in-dominca\/#primaryimage"},"image":{"@id":"https:\/\/dominicaconsulateinvietnam.org\/vi\/services\/offshore-banking-license-in-dominca\/#primaryimage"},"thumbnailUrl":"https:\/\/dominicaconsulateinvietnam.org\/wp-content\/uploads\/2021\/08\/Company-Formation-Services.jpg","datePublished":"2021-09-15T17:57:13+00:00","dateModified":"2021-09-27T08:09:59+00:00","breadcrumb":{"@id":"https:\/\/dominicaconsulateinvietnam.org\/vi\/services\/offshore-banking-license-in-dominca\/#breadcrumb"},"inLanguage":"vi-VN","potentialAction":[{"@type":"ReadAction","target":["https:\/\/dominicaconsulateinvietnam.org\/vi\/services\/offshore-banking-license-in-dominca\/"]}]},{"@type":"ImageObject","inLanguage":"vi-VN","@id":"https:\/\/dominicaconsulateinvietnam.org\/vi\/services\/offshore-banking-license-in-dominca\/#primaryimage","url":"https:\/\/dominicaconsulateinvietnam.org\/wp-content\/uploads\/2021\/08\/Company-Formation-Services.jpg","contentUrl":"https:\/\/dominicaconsulateinvietnam.org\/wp-content\/uploads\/2021\/08\/Company-Formation-Services.jpg","width":960,"height":445},{"@type":"BreadcrumbList","@id":"https:\/\/dominicaconsulateinvietnam.org\/vi\/services\/offshore-banking-license-in-dominca\/#breadcrumb","itemListElement":[{"@type":"ListItem","position":1,"name":"Home","item":"https:\/\/dominicaconsulateinvietnam.org\/vi\/"},{"@type":"ListItem","position":2,"name":"D\u1ecbch v\u1ee5","item":"https:\/\/dominicaconsulateinvietnam.org\/vi\/services\/"},{"@type":"ListItem","position":3,"name":"Gi\u1ea5y ph\u00e9p cho ho\u1ea1t \u0111\u1ed9ng ng\u00e2n h\u00e0ng n\u01b0\u1edbc ngo\u00e0i \u1edf Dominica"}]},{"@type":"WebSite","@id":"https:\/\/dominicaconsulateinvietnam.org\/#website","url":"https:\/\/dominicaconsulateinvietnam.org\/","name":"Consulate General of The Commonwealth of Dominica in Ho Chi Minh City","description":"The Consulate is focused on maintaining, and strengthening these international relationships, and on increasing the profile of Dominica within the international community","potentialAction":[{"@type":"SearchAction","target":{"@type":"EntryPoint","urlTemplate":"https:\/\/dominicaconsulateinvietnam.org\/?s={search_term_string}"},"query-input":{"@type":"PropertyValueSpecification","valueRequired":true,"valueName":"search_term_string"}}],"inLanguage":"vi-VN"}]}},"_links":{"self":[{"href":"https:\/\/dominicaconsulateinvietnam.org\/vi\/wp-json\/wp\/v2\/pages\/8330","targetHints":{"allow":["GET"]}}],"collection":[{"href":"https:\/\/dominicaconsulateinvietnam.org\/vi\/wp-json\/wp\/v2\/pages"}],"about":[{"href":"https:\/\/dominicaconsulateinvietnam.org\/vi\/wp-json\/wp\/v2\/types\/page"}],"author":[{"embeddable":true,"href":"https:\/\/dominicaconsulateinvietnam.org\/vi\/wp-json\/wp\/v2\/users\/1"}],"replies":[{"embeddable":true,"href":"https:\/\/dominicaconsulateinvietnam.org\/vi\/wp-json\/wp\/v2\/comments?post=8330"}],"version-history":[{"count":7,"href":"https:\/\/dominicaconsulateinvietnam.org\/vi\/wp-json\/wp\/v2\/pages\/8330\/revisions"}],"predecessor-version":[{"id":8654,"href":"https:\/\/dominicaconsulateinvietnam.org\/vi\/wp-json\/wp\/v2\/pages\/8330\/revisions\/8654"}],"up":[{"embeddable":true,"href":"https:\/\/dominicaconsulateinvietnam.org\/vi\/wp-json\/wp\/v2\/pages\/8309"}],"wp:featuredmedia":[{"embeddable":true,"href":"https:\/\/dominicaconsulateinvietnam.org\/vi\/wp-json\/wp\/v2\/media\/8310"}],"wp:attachment":[{"href":"https:\/\/dominicaconsulateinvietnam.org\/vi\/wp-json\/wp\/v2\/media?parent=8330"}],"curies":[{"name":"wp","href":"https:\/\/api.w.org\/{rel}","templated":true}]}}