{"id":8315,"date":"2021-09-15T17:31:11","date_gmt":"2021-09-15T17:31:11","guid":{"rendered":"https:\/\/dominicaconsulateinvietnam.org\/services\/xin-cap-thi-thuc-cong-dong-thinh-vuong-dominica\/"},"modified":"2021-09-20T10:32:26","modified_gmt":"2021-09-20T10:32:26","slug":"xin-cap-thi-thuc-cong-dong-thinh-vuong-dominica","status":"publish","type":"page","link":"https:\/\/dominicaconsulateinvietnam.org\/vi\/services\/xin-cap-thi-thuc-cong-dong-thinh-vuong-dominica\/","title":{"rendered":"Xin c\u1ea5p th\u1ecb th\u1ef1c C\u1ed9ng \u0111\u1ed3ng Th\u1ecbnh v\u01b0\u1ee3ng Dominica"},"content":{"rendered":"<section class=\"l-section wpb_row height_auto\"><div class=\"l-section-h i-cf\"><div class=\"g-cols vc_row via_flex valign_top type_default stacking_default\"><div class=\"vc_col-sm-12 wpb_column vc_column_container\"><div class=\"vc_column-inner\"><div class=\"wpb_wrapper\"><div class=\"wpb_text_column\"><div class=\"wpb_wrapper\"><p>\u0110\u01a1n xin c\u1ea5p th\u1ecb th\u1ef1c \u0111\u01b0\u1ee3c x\u1eed l\u00fd t\u1ea1i Dominica, tuy nhi\u00ean, \u0111\u01a1n c\u00f3 th\u1ec3 \u0111\u01b0\u1ee3c n\u1ed9p th\u00f4ng qua T\u1ed5ng L\u00e3nh s\u1ef1 qu\u00e1n t\u1ea1i TP. HCM.<\/p>\n<h3>Y\u00eau c\u1ea7u:<\/h3>\n<ul>\n<li>M\u1eabu \u0111\u01a1n xin c\u1ea5p th\u1ecb th\u1ef1c \u0111\u00e3 \u0111i\u1ec1n \u0111\u1ea7y \u0111\u1ee7 th\u00f4ng tin<\/li>\n<li>H\u1ed9 chi\u1ebfu h\u1ee3p l\u1ec7 v\u00e0 hai \u1ea3nh c\u1ee1 h\u1ed9 chi\u1ebfu<\/li>\n<li>Th\u01b0 m\u1eddi<\/li>\n<li>L\u00fd l\u1ecbch t\u01b0 ph\u00e1p (\u0111\u01b0\u1ee3c c\u1ea5p ch\u01b0a qu\u00e1 ba th\u00e1ng)<\/li>\n<li>Sao k\u00ea ng\u00e2n h\u00e0ng c\u1ee7a \u0111\u01b0\u01a1ng \u0111\u01a1n ho\u1eb7c ng\u01b0\u1eddi b\u1ea3o l\u00e3nh<\/li>\n<li>X\u00e1c nh\u1eadn vi\u1ec7c l\u00e0m (\u0111\u1ed1i v\u1edbi ng\u01b0\u1eddi lao \u0111\u1ed9ng) ho\u1eb7c b\u1eb1ng ch\u1ee9ng v\u1ec1 vi\u1ec7c t\u1ef1 kinh doanh<\/li>\n<li>Ph\u00ed n\u1ed9p \u0111\u01a1n (h\u1ed1i phi\u1ebfu ng\u00e2n h\u00e0ng \/ l\u1ec7nh b\u01b0u \u0111i\u1ec7n \/ s\u00e9c) ph\u1ea3i ghi s\u1eb5n l\u00e0 tr\u1ea3 cho T\u1ed5ng L\u00e3nh s\u1ef1 qu\u00e1n Dominica)<\/li>\n<li>B\u00e1o c\u00e1o s\u1ee9c kh\u1ecfe bao g\u1ed3m x\u00e9t nghi\u1ec7m HIV \/ AIDS<\/li>\n<li>Th\u1ecb th\u1ef1c \u0111\u01b0\u1ee3c c\u1ea5p trong v\u00f2ng 10 ng\u00e0y<\/li>\n<li>T\u1ea5t c\u1ea3 th\u00f4ng tin b\u1eb1ng ti\u1ebfng n\u01b0\u1edbc ngo\u00e0i ph\u1ea3i \u0111\u01b0\u1ee3c d\u1ecbch thu\u1eadt c\u00f4ng ch\u1ee9ng v\u00e0 \u0111\u00f3ng d\u1ea5u h\u1ee3p l\u1ec7.<\/li>\n<li>T\u1ea5t c\u1ea3 c\u00e1c t\u00e0i li\u1ec7u \/ b\u1ea3n sao ph\u1ea3i \u0111\u01b0\u1ee3c sao y c\u00f4ng ch\u1ee9ng.<\/li>\n<p>\u0110\u1ec3 bi\u1ebft th\u00eam th\u00f4ng tin, vui l\u00f2ng li\u00ean h\u1ec7 T\u1ed5ng L\u00e3nh s\u1ef1 qu\u00e1n Dominica.<\/li>\n<\/ul>\n<p>Nh\u1eefng ng\u01b0\u1eddi sau \u0111\u00e2y kh\u00f4ng c\u1ea7n th\u1ecb th\u1ef1c \u0111\u1ec3 nh\u1eadp c\u1ea3nh v\u00e0o C\u1ed9ng \u0111\u1ed3ng Th\u1ecbnh v\u01b0\u1ee3ng Dominica:<\/p>\n<p>C\u00f4ng d\u00e2n c\u00e1c qu\u1ed1c gia sau \u0111\u00e2y mu\u1ed1n nh\u1eadp c\u1ea3nh v\u00e0o C\u1ed9ng \u0111\u1ed3ng Th\u1ecbnh v\u01b0\u1ee3ng Dominica trong kho\u1ea3ng th\u1eddi gian kh\u00f4ng qu\u00e1 s\u00e1u th\u00e1ng:<\/p>\n<ul>\n<li>C\u00e1c qu\u1ed1c gia th\u00e0nh vi\u00ean c\u1ee7a Kh\u1ed1i Th\u1ecbnh v\u01b0\u1ee3ng chung Anh<\/li>\n<li>C\u00e1c qu\u1ed1c gia th\u00e0nh vi\u00ean CARICOM<\/li>\n<li>\u00c1o<\/li>\n<li>Bungari<\/li>\n<li>S\u00edp<\/li>\n<li>C\u1ed9ng h\u00f2a S\u00e9c<\/li>\n<li>Estonia<\/li>\n<li>Ph\u1ea7n Lan<\/li>\n<li>Hungary<\/li>\n<li>Latvia<\/li>\n<li>Lithuania<\/li>\n<li>Ba Lan<\/li>\n<li>Romania<\/li>\n<li>Xl\u00f4-va-ki-a<\/li>\n<li>Slovenia<\/li>\n<li>H\u1ee3p ch\u1ee7ng qu\u1ed1c Hoa K\u1ef3<\/li>\n<ul>\nC\u00f4ng d\u00e2n c\u00e1c qu\u1ed1c gia sau \u0111\u00e2y mu\u1ed1n nh\u1eadp c\u1ea3nh v\u00e0o C\u1ed9ng \u0111\u1ed3ng Th\u1ecbnh v\u01b0\u1ee3ng Dominica trong kho\u1ea3ng th\u1eddi gian kh\u00f4ng qu\u00e1 ba th\u00e1ng:<\/p>\n<ul>\n<li>Argentina<\/li>\n<li>B\u1ec9<\/li>\n<li>Costa Rica<\/li>\n<li>\u0110an M\u1ea1ch<\/li>\n<li>Ph\u00e1p<\/li>\n<li>\u0110\u1ee9c<\/li>\n<li>Hy L\u1ea1p<\/li>\n<li>Ireland<\/li>\n<li>Israel<\/li>\n<li>\u00dd<\/li>\n<li>Nh\u1eadt B\u1ea3n<\/li>\n<li>Luxembourg<\/li>\n<li>Malta<\/li>\n<li>Mexico<\/li>\n<li>H\u00e0 Lan (bao g\u1ed3m c\u1ea3 Antilles thu\u1ed9c H\u00e0 Lan)<\/li>\n<li>Na Uy<\/li>\n<li>C\u1ed9ng h\u00f2a Nh\u00e2n d\u00e2n Trung Hoa<\/li>\n<li>B\u1ed3 \u0110\u00e0o Nha<\/li>\n<li>H\u00e0n Qu\u1ed1c<\/li>\n<li>T\u00e2y Ban Nha<\/li>\n<li>Suriname<\/li>\n<li>Th\u1ee5y \u0110i\u1ec3n<\/li>\n<li>V\u01b0\u01a1ng qu\u1ed1c Anh<\/li>\n<li>Venezuela<\/li>\n<\/ul>\n<p>B\u1ea5t k\u1ef3 h\u00e0nh kh\u00e1ch qu\u00e1 c\u1ea3nh ho\u1eb7c kh\u00e1ch du l\u1ecbch ch\u00e2n ch\u00ednh n\u00e0o c\u00f3 v\u00e9 m\u00e1y bay kh\u1ee9 h\u1ed3i m\u00e0 theo \u0111\u00e1nh gi\u00e1 c\u1ee7a vi\u00ean ch\u1ee9c xu\u1ea5t nh\u1eadp c\u1ea3nh th\u00ec ng\u01b0\u1eddi \u0111\u00f3 kh\u00f4ng c\u00f3 \u00fd \u0111\u1ecbnh \u1edf l\u1ea1i Dominica qu\u00e1 21 ng\u00e0y.<\/p>\n<p>H\u00e0nh kh\u00e1ch tr\u00ean t\u00e0u du l\u1ecbch &#8211; ??<\/p>\n<\/div><\/div><\/div><\/div><\/div><\/div><\/div><\/section>\n","protected":false},"excerpt":{"rendered":"\u0110\u01a1n xin c\u1ea5p th\u1ecb th\u1ef1c \u0111\u01b0\u1ee3c x\u1eed l\u00fd t\u1ea1i Dominica, tuy nhi\u00ean, \u0111\u01a1n c\u00f3 th\u1ec3 \u0111\u01b0\u1ee3c n\u1ed9p th\u00f4ng qua T\u1ed5ng L\u00e3nh s\u1ef1 qu\u00e1n t\u1ea1i TP. HCM. Y\u00eau c\u1ea7u: M\u1eabu \u0111\u01a1n xin c\u1ea5p th\u1ecb th\u1ef1c \u0111\u00e3 \u0111i\u1ec1n \u0111\u1ea7y \u0111\u1ee7 th\u00f4ng tin H\u1ed9 chi\u1ebfu h\u1ee3p l\u1ec7 v\u00e0 hai \u1ea3nh c\u1ee1 h\u1ed9 chi\u1ebfu Th\u01b0 m\u1eddi L\u00fd l\u1ecbch t\u01b0...","protected":false},"author":1,"featured_media":8310,"parent":8309,"menu_order":0,"comment_status":"closed","ping_status":"closed","template":"","meta":{"_acf_changed":false,"footnotes":""},"class_list":["post-8315","page","type-page","status-publish","has-post-thumbnail","hentry"],"acf":[],"yoast_head":"<!-- This site is optimized with the Yoast SEO plugin v27.2 - https:\/\/yoast.com\/product\/yoast-seo-wordpress\/ -->\n<title>Xin c\u1ea5p th\u1ecb th\u1ef1c C\u1ed9ng \u0111\u1ed3ng Th\u1ecbnh v\u01b0\u1ee3ng Dominica - Consulate General of The Commonwealth of Dominica in Ho Chi Minh City<\/title>\n<meta name=\"robots\" content=\"index, follow, max-snippet:-1, max-image-preview:large, max-video-preview:-1\" \/>\n<link rel=\"canonical\" href=\"https:\/\/dominicaconsulateinvietnam.org\/vi\/services\/xin-cap-thi-thuc-cong-dong-thinh-vuong-dominica\/\" \/>\n<meta property=\"og:locale\" content=\"vi_VN\" \/>\n<meta property=\"og:type\" content=\"article\" \/>\n<meta property=\"og:title\" content=\"Xin c\u1ea5p th\u1ecb th\u1ef1c C\u1ed9ng \u0111\u1ed3ng Th\u1ecbnh v\u01b0\u1ee3ng Dominica - Consulate General of The Commonwealth of Dominica in Ho Chi Minh City\" \/>\n<meta property=\"og:url\" content=\"https:\/\/dominicaconsulateinvietnam.org\/vi\/services\/xin-cap-thi-thuc-cong-dong-thinh-vuong-dominica\/\" \/>\n<meta property=\"og:site_name\" content=\"Consulate General of The Commonwealth of Dominica in Ho Chi Minh City\" \/>\n<meta property=\"article:modified_time\" content=\"2021-09-20T10:32:26+00:00\" \/>\n<meta property=\"og:image\" content=\"https:\/\/dominicaconsulateinvietnam.org\/wp-content\/uploads\/2021\/08\/Company-Formation-Services.jpg\" \/>\n\t<meta property=\"og:image:width\" content=\"960\" \/>\n\t<meta property=\"og:image:height\" content=\"445\" \/>\n\t<meta property=\"og:image:type\" content=\"image\/jpeg\" \/>\n<meta name=\"twitter:card\" content=\"summary_large_image\" \/>\n<meta name=\"twitter:label1\" content=\"Est. reading time\" \/>\n\t<meta name=\"twitter:data1\" content=\"3 minutes\" \/>\n<script type=\"application\/ld+json\" class=\"yoast-schema-graph\">{\"@context\":\"https:\/\/schema.org\",\"@graph\":[{\"@type\":\"WebPage\",\"@id\":\"https:\/\/dominicaconsulateinvietnam.org\/vi\/services\/xin-cap-thi-thuc-cong-dong-thinh-vuong-dominica\/\",\"url\":\"https:\/\/dominicaconsulateinvietnam.org\/vi\/services\/xin-cap-thi-thuc-cong-dong-thinh-vuong-dominica\/\",\"name\":\"Xin c\u1ea5p th\u1ecb th\u1ef1c C\u1ed9ng \u0111\u1ed3ng Th\u1ecbnh v\u01b0\u1ee3ng Dominica - Consulate General of The Commonwealth of Dominica in Ho Chi Minh City\",\"isPartOf\":{\"@id\":\"https:\/\/dominicaconsulateinvietnam.org\/#website\"},\"primaryImageOfPage\":{\"@id\":\"https:\/\/dominicaconsulateinvietnam.org\/vi\/services\/xin-cap-thi-thuc-cong-dong-thinh-vuong-dominica\/#primaryimage\"},\"image\":{\"@id\":\"https:\/\/dominicaconsulateinvietnam.org\/vi\/services\/xin-cap-thi-thuc-cong-dong-thinh-vuong-dominica\/#primaryimage\"},\"thumbnailUrl\":\"https:\/\/dominicaconsulateinvietnam.org\/wp-content\/uploads\/2021\/08\/Company-Formation-Services.jpg\",\"datePublished\":\"2021-09-15T17:31:11+00:00\",\"dateModified\":\"2021-09-20T10:32:26+00:00\",\"breadcrumb\":{\"@id\":\"https:\/\/dominicaconsulateinvietnam.org\/vi\/services\/xin-cap-thi-thuc-cong-dong-thinh-vuong-dominica\/#breadcrumb\"},\"inLanguage\":\"vi-VN\",\"potentialAction\":[{\"@type\":\"ReadAction\",\"target\":[\"https:\/\/dominicaconsulateinvietnam.org\/vi\/services\/xin-cap-thi-thuc-cong-dong-thinh-vuong-dominica\/\"]}]},{\"@type\":\"ImageObject\",\"inLanguage\":\"vi-VN\",\"@id\":\"https:\/\/dominicaconsulateinvietnam.org\/vi\/services\/xin-cap-thi-thuc-cong-dong-thinh-vuong-dominica\/#primaryimage\",\"url\":\"https:\/\/dominicaconsulateinvietnam.org\/wp-content\/uploads\/2021\/08\/Company-Formation-Services.jpg\",\"contentUrl\":\"https:\/\/dominicaconsulateinvietnam.org\/wp-content\/uploads\/2021\/08\/Company-Formation-Services.jpg\",\"width\":960,\"height\":445},{\"@type\":\"BreadcrumbList\",\"@id\":\"https:\/\/dominicaconsulateinvietnam.org\/vi\/services\/xin-cap-thi-thuc-cong-dong-thinh-vuong-dominica\/#breadcrumb\",\"itemListElement\":[{\"@type\":\"ListItem\",\"position\":1,\"name\":\"Home\",\"item\":\"https:\/\/dominicaconsulateinvietnam.org\/vi\/\"},{\"@type\":\"ListItem\",\"position\":2,\"name\":\"D\u1ecbch v\u1ee5\",\"item\":\"https:\/\/dominicaconsulateinvietnam.org\/vi\/services\/\"},{\"@type\":\"ListItem\",\"position\":3,\"name\":\"Xin c\u1ea5p th\u1ecb th\u1ef1c C\u1ed9ng \u0111\u1ed3ng Th\u1ecbnh v\u01b0\u1ee3ng Dominica\"}]},{\"@type\":\"WebSite\",\"@id\":\"https:\/\/dominicaconsulateinvietnam.org\/#website\",\"url\":\"https:\/\/dominicaconsulateinvietnam.org\/\",\"name\":\"Consulate General of The Commonwealth of Dominica in Ho Chi Minh City\",\"description\":\"The Consulate is focused on maintaining, and strengthening these international relationships, and on increasing the profile of Dominica within the international community\",\"potentialAction\":[{\"@type\":\"SearchAction\",\"target\":{\"@type\":\"EntryPoint\",\"urlTemplate\":\"https:\/\/dominicaconsulateinvietnam.org\/?s={search_term_string}\"},\"query-input\":{\"@type\":\"PropertyValueSpecification\",\"valueRequired\":true,\"valueName\":\"search_term_string\"}}],\"inLanguage\":\"vi-VN\"}]}<\/script>\n<!-- \/ Yoast SEO plugin. -->","yoast_head_json":{"title":"Xin c\u1ea5p th\u1ecb th\u1ef1c C\u1ed9ng \u0111\u1ed3ng Th\u1ecbnh v\u01b0\u1ee3ng Dominica - Consulate General of The Commonwealth of Dominica in Ho Chi Minh City","robots":{"index":"index","follow":"follow","max-snippet":"max-snippet:-1","max-image-preview":"max-image-preview:large","max-video-preview":"max-video-preview:-1"},"canonical":"https:\/\/dominicaconsulateinvietnam.org\/vi\/services\/xin-cap-thi-thuc-cong-dong-thinh-vuong-dominica\/","og_locale":"vi_VN","og_type":"article","og_title":"Xin c\u1ea5p th\u1ecb th\u1ef1c C\u1ed9ng \u0111\u1ed3ng Th\u1ecbnh v\u01b0\u1ee3ng Dominica - Consulate General of The Commonwealth of Dominica in Ho Chi Minh City","og_url":"https:\/\/dominicaconsulateinvietnam.org\/vi\/services\/xin-cap-thi-thuc-cong-dong-thinh-vuong-dominica\/","og_site_name":"Consulate General of The Commonwealth of Dominica in Ho Chi Minh City","article_modified_time":"2021-09-20T10:32:26+00:00","og_image":[{"width":960,"height":445,"url":"https:\/\/dominicaconsulateinvietnam.org\/wp-content\/uploads\/2021\/08\/Company-Formation-Services.jpg","type":"image\/jpeg"}],"twitter_card":"summary_large_image","twitter_misc":{"Est. reading time":"3 minutes"},"schema":{"@context":"https:\/\/schema.org","@graph":[{"@type":"WebPage","@id":"https:\/\/dominicaconsulateinvietnam.org\/vi\/services\/xin-cap-thi-thuc-cong-dong-thinh-vuong-dominica\/","url":"https:\/\/dominicaconsulateinvietnam.org\/vi\/services\/xin-cap-thi-thuc-cong-dong-thinh-vuong-dominica\/","name":"Xin c\u1ea5p th\u1ecb th\u1ef1c C\u1ed9ng \u0111\u1ed3ng Th\u1ecbnh v\u01b0\u1ee3ng Dominica - Consulate General of The Commonwealth of Dominica in Ho Chi Minh City","isPartOf":{"@id":"https:\/\/dominicaconsulateinvietnam.org\/#website"},"primaryImageOfPage":{"@id":"https:\/\/dominicaconsulateinvietnam.org\/vi\/services\/xin-cap-thi-thuc-cong-dong-thinh-vuong-dominica\/#primaryimage"},"image":{"@id":"https:\/\/dominicaconsulateinvietnam.org\/vi\/services\/xin-cap-thi-thuc-cong-dong-thinh-vuong-dominica\/#primaryimage"},"thumbnailUrl":"https:\/\/dominicaconsulateinvietnam.org\/wp-content\/uploads\/2021\/08\/Company-Formation-Services.jpg","datePublished":"2021-09-15T17:31:11+00:00","dateModified":"2021-09-20T10:32:26+00:00","breadcrumb":{"@id":"https:\/\/dominicaconsulateinvietnam.org\/vi\/services\/xin-cap-thi-thuc-cong-dong-thinh-vuong-dominica\/#breadcrumb"},"inLanguage":"vi-VN","potentialAction":[{"@type":"ReadAction","target":["https:\/\/dominicaconsulateinvietnam.org\/vi\/services\/xin-cap-thi-thuc-cong-dong-thinh-vuong-dominica\/"]}]},{"@type":"ImageObject","inLanguage":"vi-VN","@id":"https:\/\/dominicaconsulateinvietnam.org\/vi\/services\/xin-cap-thi-thuc-cong-dong-thinh-vuong-dominica\/#primaryimage","url":"https:\/\/dominicaconsulateinvietnam.org\/wp-content\/uploads\/2021\/08\/Company-Formation-Services.jpg","contentUrl":"https:\/\/dominicaconsulateinvietnam.org\/wp-content\/uploads\/2021\/08\/Company-Formation-Services.jpg","width":960,"height":445},{"@type":"BreadcrumbList","@id":"https:\/\/dominicaconsulateinvietnam.org\/vi\/services\/xin-cap-thi-thuc-cong-dong-thinh-vuong-dominica\/#breadcrumb","itemListElement":[{"@type":"ListItem","position":1,"name":"Home","item":"https:\/\/dominicaconsulateinvietnam.org\/vi\/"},{"@type":"ListItem","position":2,"name":"D\u1ecbch v\u1ee5","item":"https:\/\/dominicaconsulateinvietnam.org\/vi\/services\/"},{"@type":"ListItem","position":3,"name":"Xin c\u1ea5p th\u1ecb th\u1ef1c C\u1ed9ng \u0111\u1ed3ng Th\u1ecbnh v\u01b0\u1ee3ng Dominica"}]},{"@type":"WebSite","@id":"https:\/\/dominicaconsulateinvietnam.org\/#website","url":"https:\/\/dominicaconsulateinvietnam.org\/","name":"Consulate General of The Commonwealth of Dominica in Ho Chi Minh City","description":"The Consulate is focused on maintaining, and strengthening these international relationships, and on increasing the profile of Dominica within the international community","potentialAction":[{"@type":"SearchAction","target":{"@type":"EntryPoint","urlTemplate":"https:\/\/dominicaconsulateinvietnam.org\/?s={search_term_string}"},"query-input":{"@type":"PropertyValueSpecification","valueRequired":true,"valueName":"search_term_string"}}],"inLanguage":"vi-VN"}]}},"_links":{"self":[{"href":"https:\/\/dominicaconsulateinvietnam.org\/vi\/wp-json\/wp\/v2\/pages\/8315","targetHints":{"allow":["GET"]}}],"collection":[{"href":"https:\/\/dominicaconsulateinvietnam.org\/vi\/wp-json\/wp\/v2\/pages"}],"about":[{"href":"https:\/\/dominicaconsulateinvietnam.org\/vi\/wp-json\/wp\/v2\/types\/page"}],"author":[{"embeddable":true,"href":"https:\/\/dominicaconsulateinvietnam.org\/vi\/wp-json\/wp\/v2\/users\/1"}],"replies":[{"embeddable":true,"href":"https:\/\/dominicaconsulateinvietnam.org\/vi\/wp-json\/wp\/v2\/comments?post=8315"}],"version-history":[{"count":4,"href":"https:\/\/dominicaconsulateinvietnam.org\/vi\/wp-json\/wp\/v2\/pages\/8315\/revisions"}],"predecessor-version":[{"id":8574,"href":"https:\/\/dominicaconsulateinvietnam.org\/vi\/wp-json\/wp\/v2\/pages\/8315\/revisions\/8574"}],"up":[{"embeddable":true,"href":"https:\/\/dominicaconsulateinvietnam.org\/vi\/wp-json\/wp\/v2\/pages\/8309"}],"wp:featuredmedia":[{"embeddable":true,"href":"https:\/\/dominicaconsulateinvietnam.org\/vi\/wp-json\/wp\/v2\/media\/8310"}],"wp:attachment":[{"href":"https:\/\/dominicaconsulateinvietnam.org\/vi\/wp-json\/wp\/v2\/media?parent=8315"}],"curies":[{"name":"wp","href":"https:\/\/api.w.org\/{rel}","templated":true}]}}