{"id":8312,"date":"2021-09-15T17:23:54","date_gmt":"2021-09-15T17:23:54","guid":{"rendered":"https:\/\/dominicaconsulateinvietnam.org\/services\/ho-chieu-cong-dong-thinh-vuong-dominica\/"},"modified":"2021-09-27T08:00:12","modified_gmt":"2021-09-27T08:00:12","slug":"ho-chieu-cong-dong-thinh-vuong-dominica","status":"publish","type":"page","link":"https:\/\/dominicaconsulateinvietnam.org\/vi\/services\/ho-chieu-cong-dong-thinh-vuong-dominica\/","title":{"rendered":"H\u1ed9 chi\u1ebfu C\u1ed9ng \u0111\u1ed3ng Th\u1ecbnh v\u01b0\u1ee3ng Dominica"},"content":{"rendered":"<section class=\"l-section wpb_row height_auto\"><div class=\"l-section-h i-cf\"><div class=\"g-cols vc_row via_flex valign_top type_default stacking_default\"><div class=\"vc_col-sm-12 wpb_column vc_column_container\"><div class=\"vc_column-inner\"><div class=\"wpb_wrapper\"><div class=\"wpb_text_column\"><div class=\"wpb_wrapper\"><p>T\u1ea5t c\u1ea3 h\u1ed9 chi\u1ebfu \u0111\u1ec1u \u0111\u01b0\u1ee3c c\u1ea5p \u1edf Dominica. \u0110\u01a1n \u0111\u1ec1 ngh\u1ecb c\u1ea5p h\u1ed9 chi\u1ebfu c\u00f3 th\u1ec3 \u0111\u01b0\u1ee3c x\u1eed l\u00fd t\u1ea1i T\u1ed5ng L\u00e3nh s\u1ef1 qu\u00e1n Dominica t\u1ea1i TP. HCM, Vi\u1ec7t Nam v\u00e0 \u0111\u01b0\u1ee3c chuy\u1ec3n \u0111\u1ebfn V\u0103n ph\u00f2ng H\u1ed9 chi\u1ebfu \u1edf Dominica \u0111\u1ec3 in. H\u1ed9 chi\u1ebfu \u0111\u01b0\u1ee3c g\u1eedi tr\u1ea3 l\u1ea1i cho T\u1ed5ng L\u00e3nh s\u1ef1 qu\u00e1n Dominica t\u1ea1i TP. HCM, Vi\u1ec7t Nam \u0111\u1ec3 giao nh\u1eadn\/chuy\u1ec3n ti\u1ebfp.<\/p>\n<\/div><\/div><div class=\"w-separator size_small\"><\/div><div class=\"wpb_text_column\"><div class=\"wpb_wrapper\"><h3>Y\u00eau c\u1ea7u \u0111\u1ec3 xin c\u1ea5p H\u1ed9 chi\u1ebfu Dominica:<\/h3>\n<h5>1) <a href=\"https:\/\/dominicaconsulateinvietnam.org\/wp-content\/uploads\/2021\/09\/Dominca_PASSPORT-FORM_APPLICATION-FOR-A-PASSPORT-AND-INSTRUCTIONS-ON-HOW-TO-COMPLETE.pdf\">M\u1eabu \u0111\u01a1n \u0111\u00e3 \u0111i\u1ec1n \u0111\u1ea7y \u0111\u1ee7 th\u00f4ng tin<\/a> (PDF, 203 KB)<\/h5>\n<h5>2) \u1ea2nh ch\u1ee5p<\/h5>\n<p>Y\u00eau c\u1ea7u 02 \u1ea3nh: (QUAN TR\u1eccNG: L\u01b0u \u00fd k\u00edch th\u01b0\u1edbc \u1ea3nh ch\u00ednh x\u00e1c)<br \/>\n\u1ea2nh kh\u00f4ng \u0111\u01b0\u1ee3c ch\u1ee5p qu\u00e1 s\u00e1u th\u00e1ng v\u00e0 ph\u1ea3i c\u00f3 k\u00edch th\u01b0\u1edbc nh\u01b0 sau: Chi\u1ec1u cao 45mm x chi\u1ec1u r\u1ed9ng 38mm ho\u1eb7c (1 3\/4 &#8221; x 1 1\/2 ). H\u00ecnh \u1ea3nh ph\u1ea3i c\u00e1ch m\u00e9p tr\u00ean 3 \u0111\u1ebfn 5mm, c\u00e1ch \u0111\u00e1y 10 \u0111\u1ebfn 12mm v\u00e0 hi\u1ec3n th\u1ecb c\u1eadn c\u1ea3nh \u0111\u1ea7u c\u1ee7a ng\u01b0\u1eddi n\u1ed9p \u0111\u01a1n v\u00e0 \u0111\u1ec9nh c\u1ee7a \u0111\u00f4i vai. Khu\u00f4n m\u1eb7t ph\u1ea3i nh\u00ecn th\u1eb3ng v\u00e0o m\u00e1y \u1ea3nh v\u00e0 nh\u00ecn r\u00f5 hai tai, chi\u1ebfm 70-80 ph\u1ea7n tr\u0103m chi\u1ec1u d\u1ecdc c\u1ee7a b\u1ee9c \u1ea3nh. \u1ea2nh ph\u1ea3i \u0111\u01b0\u1ee3c in tr\u00ean gi\u1ea5y ch\u1ea5t l\u01b0\u1ee3ng cao v\u1edbi \u0111\u1ed9 ph\u00e2n gi\u1ea3i cao. \u1ea2nh kh\u00f4ng \u0111\u01b0\u1ee3c th\u1eeba hay thi\u1ebfu \u00e1nh s\u00e1ng, kh\u00f4ng \u0111\u01b0\u1ee3c c\u00f3 b\u00f3ng. M\u00e0u n\u1ec1n ph\u1ea3i l\u00e0 m\u00e0u tr\u1eafng, x\u00e1m nh\u1ea1t, xanh d\u01b0\u01a1ng nh\u1ea1t, n\u00e2u nh\u1ea1t, ho\u1eb7c m\u00e0u be.<\/p>\n<p>Ph\u1ea3i c\u00f3 s\u1ef1 t\u01b0\u01a1ng ph\u1ea3n gi\u1eefa h\u00ecnh \u1ea3nh v\u00e0 n\u1ec1n, v\u00ed d\u1ee5: kh\u00f4ng m\u1eb7c \u00e1o s\u01a1 mi tr\u1eafng tr\u00ean n\u1ec1n tr\u1eafng, v.v.<\/p>\n<ul>\n<li>Kh\u00f4ng m\u1eb7c \u00e1o c\u1ed9c tay ho\u1eb7c \u00e1o ba l\u1ed7. \u00c1o ph\u1ea3i ph\u1ee7 k\u00edn v\u00f9ng ng\u1ef1c.<\/li>\n<li>Kh\u00f4ng \u0111eo k\u00ednh r\u00e2m.<\/li>\n<li>Kh\u00f4ng \u0111\u1ec3 \u00e1nh s\u00e1ng ph\u1ea3n chi\u1ebfu l\u00ean k\u00ednh.<\/li>\n<li>Kh\u00f4ng che \u0111\u1ea7u tr\u1eeb tr\u01b0\u1eddng h\u1ee3p ng\u01b0\u1eddi theo \u0111\u1ea1o H\u1ed3i (ph\u1ea3i nh\u00ecn th\u1ea5y c\u1ea3 hai tai v\u00e0 tr\u00e1n).<\/li>\n<li>Kh\u00f4ng m\u1eb7c \u00e1o c\u00f3 h\u1ecda ti\u1ebft in \u0111\u1eadm, \u00e1o s\u01a1 mi qu\u00e2n \u0111\u1ed9i ho\u1eb7c c\u00f3 h\u1ecda ti\u1ebft r\u1eb1n ri.<\/li>\n<li>N\u00e9t m\u1eb7t b\u00ecnh th\u01b0\u1eddng (c\u00f3 th\u1ec3 m\u1ec9m c\u01b0\u1eddi nh\u01b0ng mi\u1ec7ng kh\u00f4ng \u0111\u01b0\u1ee3c m\u1edf).<\/li>\n<\/ul>\n<p>B\u1ea3n ch\u00ednh v\u00e0 b\u1ea3n sao gi\u1ea5y khai sinh ho\u1eb7c b\u1ea3n ch\u00ednh gi\u1ea5y ch\u1ee9ng nh\u1eadn nh\u1eadp t\u1ecbch.<\/p>\n<p>Nh\u1eefng ng\u01b0\u1eddi n\u1ed9p \u0111\u01a1n l\u1ea7n \u0111\u1ea7u ph\u1ea3i \u0111\u01b0\u1ee3c ph\u1ecfng v\u1ea5n. \u0110\u01b0\u01a1ng \u0111\u01a1n n\u00ean li\u00ean h\u1ec7 v\u1edbi T\u1ed5ng L\u00e3nh s\u1ef1 qu\u00e1n Dominica t\u1ea1i TP. HCM, Vi\u1ec7t Nam qua \u0111\u1ecba ch\u1ec9 email <a href=\"mailto:consulate@dominicaconsulateinvietnam.org\">consulate@dominicaconsulateinvietnam.org<\/a> \u0111\u1ec3 s\u1eafp x\u1ebfp cu\u1ed9c h\u1eb9n.<\/p>\n<p>Ng\u01b0\u1eddi nh\u1eadn h\u1ed9 chi\u1ebfu thay cho \u0111\u01b0\u01a1ng \u0111\u01a1n ph\u1ea3i c\u00f3 gi\u1ea5y \u1ee7y quy\u1ec1n \u0111\u01b0\u1ee3c c\u00f4ng ch\u1ee9ng (\u0111\u01b0\u1ee3c th\u1ef1c hi\u1ec7n v\u1edbi s\u1ef1 c\u00f3 m\u1eb7t c\u1ee7a C\u00f4ng ch\u1ee9ng vi\u00ean) t\u1eeb \u0111\u01b0\u01a1ng \u0111\u01a1n. \u0110i\u1ec1u n\u00e0y \u00e1p d\u1ee5ng ngay c\u1ea3 khi ng\u01b0\u1eddi \u0111\u00f3 mang \u0111\u01a1n \u0111\u1ebfn n\u1ed9p thay m\u1eb7t cho \u0111\u01b0\u01a1ng \u0111\u01a1n.<\/p>\n<h5>3) H\u1ed9 chi\u1ebfu b\u1ecb m\u1ea5t \/ h\u01b0 h\u1ecfng \/ b\u1ecb \u0111\u00e1nh c\u1eafp<\/h5>\n<p>Y\u00eau c\u1ea7u \u0111\u1ed1i v\u1edbi vi\u1ec7c xin c\u1ea5p h\u1ed9 chi\u1ebfu m\u1edbi v\u00ec l\u00fd do h\u1ed9 chi\u1ebfu tr\u01b0\u1edbc \u0111\u00f3 \u0111\u00e3 b\u1ecb m\u1ea5t, b\u1ecb \u0111\u00e1nh c\u1eafp ho\u1eb7c b\u1ecb h\u1ecfng:<\/p>\n<ul>\n<li>Gi\u1ea5y x\u00e1c nh\u1eadn c\u1ee7a C\u1ea3nh s\u00e1t v\u1ec1 vi\u1ec7c tr\u00ecnh b\u00e1o m\u1ea5t h\u1ed9 chi\u1ebfu. T\u00f9y tr\u01b0\u1eddng h\u1ee3p, c\u00f3 th\u1ec3 c\u1ea7n b\u1ea3n d\u1ecbch ti\u1ebfng Anh ch\u00ednh th\u1ee9c c\u1ee7a \u0111\u01a1n tr\u00ecnh b\u00e1o C\u1ea3nh s\u00e1t.<\/li>\n<li>\u0110\u01a1n tr\u00ecnh b\u00e1o ph\u1ea3i \u0111\u01b0\u1ee3c n\u1ed9p cho C\u1ea3nh s\u00e1t \u1edf C\u1ed9ng \u0111\u1ed3ng Th\u1ecbnh v\u01b0\u1ee3ng Dominica, Tr\u1ee5 s\u1edf C\u1ea3nh s\u00e1t, Roseau, C\u1ed9ng \u0111\u1ed3ng Th\u1ecbnh v\u01b0\u1ee3ng Dominica, \u0110i\u1ec7n tho\u1ea1i: +1 767 448 2222, Fax: +1 767 448 6204; Th\u01b0 \u0111i\u1ec7n t\u1eed: dompol@cwdom.dm. Vui l\u00f2ng vi\u1ebft t\u00ean c\u1ee7a vi\u00ean ch\u1ee9c c\u1ea3nh s\u00e1t \u0111\u00e3 ti\u1ebfp nh\u1eadn \u0111\u01a1n tr\u00ecnh b\u00e1o tr\u00ean \u0111\u01a1n \u0111\u0103ng k\u00fd c\u1ea5p l\u1ea1i h\u1ed9 chi\u1ebfu, trong ph\u1ea7n \u201cTH\u00d4NG TIN B\u1ed4 SUNG&#8221;.<\/li>\n<li>B\u1ea3n tuy\u00ean th\u1ec7 theo quy \u0111\u1ecbnh v\u1edbi s\u1ef1 ch\u1ee9ng ki\u1ebfn c\u1ee7a C\u00f4ng ch\u1ee9ng vi\u00ean ho\u1eb7c \u1ee6y vi\u00ean tuy\u00ean th\u1ec7 (m\u1eabu b\u1ea3n tuy\u00ean th\u1ec7 c\u00f3 th\u1ec3 \u0111\u01b0\u1ee3c T\u1ed5ng L\u00e3nh s\u1ef1 qu\u00e1n cung c\u1ea5p ho\u1eb7c t\u1ea3i v\u1ec1 t\u1ea1i \u0111\u00e2y).<\/li>\n<\/ul>\n<h5>4) Ng\u01b0\u1eddi gi\u1edbi thi\u1ec7u<\/h5>\n<p>M\u1ee5c 8 c\u1ee7a \u0110\u01a1n \u0111\u0103ng k\u00fd ph\u1ea3i \u0111\u01b0\u1ee3c \u0111i\u1ec1n b\u1edfi m\u1ed9t ng\u01b0\u1eddi \u0111\u01b0\u1ee3c ch\u1ea5p nh\u1eadn, \u0111\u00e3 bi\u1ebft \u0111\u01b0\u01a1ng \u0111\u01a1n \u00edt nh\u1ea5t 2 n\u0103m. C\u00e1c ng\u00e0nh ngh\u1ec1 \u0111\u01b0\u1ee3c ch\u1ea5p nh\u1eadn \u0111\u01b0\u1ee3c li\u1ec7t k\u00ea \u1edf m\u1eb7t tr\u01b0\u1edbc c\u1ee7a \u0110\u01a1n \u0111\u0103ng k\u00fd.<\/p>\n<ul>\n<li>B\u1ea3n ch\u00ednh gi\u1ea5y khai sinh c\u1ee7a \u0111\u01b0\u01a1ng \u0111\u01a1n ho\u1eb7c Gi\u1ea5y ch\u1ee9ng nh\u1eadn nh\u1eadp t\u1ecbch (t\u00f9y tr\u01b0\u1eddng h\u1ee3p)<\/li>\n<li>M\u1eabu \u0111\u01a1n xin c\u1ea5p h\u1ed9 chi\u1ebfu \u0111\u00e3 \u0111i\u1ec1n \u0111\u1ea7y \u0111\u1ee7 th\u00f4ng tin (m\u1eabu c\u00f3 th\u1ec3 t\u1ea3i xu\u1ed1ng)<\/li>\n<li>T\u1ea5t c\u1ea3 c\u00e1c t\u00e0i li\u1ec7u ph\u1ea3i b\u1eb1ng ti\u1ebfng Anh. T\u00e0i li\u1ec7u b\u1eb1ng ng\u00f4n ng\u1eef kh\u00e1c ph\u1ea3i \u0111\u01b0\u1ee3c n\u1ed9p k\u00e8m v\u1edbi b\u1ea3n d\u1ecbch ti\u1ebfng Anh ch\u00ednh th\u1ee9c.<\/li>\n<\/ul>\n<h5>5) Ph\u00ed h\u1ed9 chi\u1ebfu<\/h5>\n<p>\u0110\u1ec3 tr\u00e1nh s\u1ef1 ch\u1eadm tr\u1ec5, \u0111\u01b0\u01a1ng \u0111\u01a1n \u0111\u01b0\u1ee3c y\u00eau c\u1ea7u thanh to\u00e1n cho T\u1ed5ng L\u00e3nh s\u1ef1 qu\u00e1n Dominica.<\/p>\n<ul>\n<li>Tr\u1ebb em d\u01b0\u1edbi 16 tu\u1ed5i: EC$ 50,00<\/li>\n<li>Ng\u01b0\u1eddi l\u1edbn (16 tu\u1ed5i tr\u1edf l\u00ean): $ 100,00<\/li>\n<li>H\u1ed9 chi\u1ebfu b\u1ecb m\u1ea5t \/ b\u1ecb \u0111\u00e1nh c\u1eafp: Ph\u00ed ph\u1ea1t $ 400,00 c\u1ed9ng v\u1edbi l\u1ec7 ph\u00ed \u0111\u0103ng k\u00fd.<\/li>\n<li>Bi\u00ean lai kho b\u1ea1c l\u00e0m b\u1eb1ng ch\u1ee9ng thanh to\u00e1n l\u1ec7 ph\u00ed n\u1ed9p \u0111\u01a1n.<\/li>\n<li>Th\u1eddi gian x\u1eed l\u00fd th\u00f4ng th\u01b0\u1eddng \u0111\u1ed1i v\u1edbi h\u1ed9 chi\u1ebfu l\u00e0 hai (2) tu\u1ea7n. Trong tr\u01b0\u1eddng h\u1ee3p kh\u1ea9n c\u1ea5p, v\u00ed d\u1ee5, trong tr\u01b0\u1eddng h\u1ee3p b\u1ec7nh t\u1eadt, h\u1ed9 chi\u1ebfu c\u00f3 th\u1ec3 \u0111\u01b0\u1ee3c x\u1eed l\u00fd g\u1ea7n nh\u01b0 ngay l\u1eadp t\u1ee9c ho\u1eb7c trong v\u00f2ng hai \u0111\u1ebfn ba ng\u00e0y l\u00e0m vi\u1ec7c.<\/li>\n<li>\u0110\u00f3ng d\u1ea5u kh\u00f4ng c\u00f2n c\u1ea7n thi\u1ebft \u0111\u1ed1i v\u1edbi \u0111\u01a1n xin c\u1ea5p h\u1ed9 chi\u1ebfu.<\/li>\n<\/ul>\n<\/div><\/div><\/div><\/div><\/div><\/div><\/div><\/section>\n","protected":false},"excerpt":{"rendered":"T\u1ea5t c\u1ea3 h\u1ed9 chi\u1ebfu \u0111\u1ec1u \u0111\u01b0\u1ee3c c\u1ea5p \u1edf Dominica. \u0110\u01a1n \u0111\u1ec1 ngh\u1ecb c\u1ea5p h\u1ed9 chi\u1ebfu c\u00f3 th\u1ec3 \u0111\u01b0\u1ee3c x\u1eed l\u00fd t\u1ea1i T\u1ed5ng L\u00e3nh s\u1ef1 qu\u00e1n Dominica t\u1ea1i TP. HCM, Vi\u1ec7t Nam v\u00e0 \u0111\u01b0\u1ee3c chuy\u1ec3n \u0111\u1ebfn V\u0103n ph\u00f2ng H\u1ed9 chi\u1ebfu \u1edf Dominica \u0111\u1ec3 in. H\u1ed9 chi\u1ebfu \u0111\u01b0\u1ee3c g\u1eedi tr\u1ea3 l\u1ea1i cho T\u1ed5ng L\u00e3nh s\u1ef1 qu\u00e1n Dominica...","protected":false},"author":1,"featured_media":8310,"parent":8309,"menu_order":0,"comment_status":"closed","ping_status":"closed","template":"","meta":{"_acf_changed":false,"footnotes":""},"class_list":["post-8312","page","type-page","status-publish","has-post-thumbnail","hentry"],"acf":[],"yoast_head":"<!-- This site is optimized with the Yoast SEO plugin v27.2 - https:\/\/yoast.com\/product\/yoast-seo-wordpress\/ -->\n<title>H\u1ed9 chi\u1ebfu C\u1ed9ng \u0111\u1ed3ng Th\u1ecbnh v\u01b0\u1ee3ng Dominica - Consulate General of The Commonwealth of Dominica in Ho Chi Minh City<\/title>\n<meta name=\"robots\" content=\"index, follow, max-snippet:-1, max-image-preview:large, max-video-preview:-1\" \/>\n<link rel=\"canonical\" href=\"https:\/\/dominicaconsulateinvietnam.org\/vi\/services\/ho-chieu-cong-dong-thinh-vuong-dominica\/\" \/>\n<meta property=\"og:locale\" content=\"vi_VN\" \/>\n<meta property=\"og:type\" content=\"article\" \/>\n<meta property=\"og:title\" content=\"H\u1ed9 chi\u1ebfu C\u1ed9ng \u0111\u1ed3ng Th\u1ecbnh v\u01b0\u1ee3ng Dominica - Consulate General of The Commonwealth of Dominica in Ho Chi Minh City\" \/>\n<meta property=\"og:url\" content=\"https:\/\/dominicaconsulateinvietnam.org\/vi\/services\/ho-chieu-cong-dong-thinh-vuong-dominica\/\" \/>\n<meta property=\"og:site_name\" content=\"Consulate General of The Commonwealth of Dominica in Ho Chi Minh City\" \/>\n<meta property=\"article:modified_time\" content=\"2021-09-27T08:00:12+00:00\" \/>\n<meta property=\"og:image\" content=\"https:\/\/dominicaconsulateinvietnam.org\/wp-content\/uploads\/2021\/08\/Company-Formation-Services.jpg\" \/>\n\t<meta property=\"og:image:width\" content=\"960\" \/>\n\t<meta property=\"og:image:height\" content=\"445\" \/>\n\t<meta property=\"og:image:type\" content=\"image\/jpeg\" \/>\n<meta name=\"twitter:card\" content=\"summary_large_image\" \/>\n<meta name=\"twitter:label1\" content=\"Est. reading time\" \/>\n\t<meta name=\"twitter:data1\" content=\"6 minutes\" \/>\n<script type=\"application\/ld+json\" class=\"yoast-schema-graph\">{\"@context\":\"https:\/\/schema.org\",\"@graph\":[{\"@type\":\"WebPage\",\"@id\":\"https:\/\/dominicaconsulateinvietnam.org\/vi\/services\/ho-chieu-cong-dong-thinh-vuong-dominica\/\",\"url\":\"https:\/\/dominicaconsulateinvietnam.org\/vi\/services\/ho-chieu-cong-dong-thinh-vuong-dominica\/\",\"name\":\"H\u1ed9 chi\u1ebfu C\u1ed9ng \u0111\u1ed3ng Th\u1ecbnh v\u01b0\u1ee3ng Dominica - Consulate General of The Commonwealth of Dominica in Ho Chi Minh City\",\"isPartOf\":{\"@id\":\"https:\/\/dominicaconsulateinvietnam.org\/#website\"},\"primaryImageOfPage\":{\"@id\":\"https:\/\/dominicaconsulateinvietnam.org\/vi\/services\/ho-chieu-cong-dong-thinh-vuong-dominica\/#primaryimage\"},\"image\":{\"@id\":\"https:\/\/dominicaconsulateinvietnam.org\/vi\/services\/ho-chieu-cong-dong-thinh-vuong-dominica\/#primaryimage\"},\"thumbnailUrl\":\"https:\/\/dominicaconsulateinvietnam.org\/wp-content\/uploads\/2021\/08\/Company-Formation-Services.jpg\",\"datePublished\":\"2021-09-15T17:23:54+00:00\",\"dateModified\":\"2021-09-27T08:00:12+00:00\",\"breadcrumb\":{\"@id\":\"https:\/\/dominicaconsulateinvietnam.org\/vi\/services\/ho-chieu-cong-dong-thinh-vuong-dominica\/#breadcrumb\"},\"inLanguage\":\"vi-VN\",\"potentialAction\":[{\"@type\":\"ReadAction\",\"target\":[\"https:\/\/dominicaconsulateinvietnam.org\/vi\/services\/ho-chieu-cong-dong-thinh-vuong-dominica\/\"]}]},{\"@type\":\"ImageObject\",\"inLanguage\":\"vi-VN\",\"@id\":\"https:\/\/dominicaconsulateinvietnam.org\/vi\/services\/ho-chieu-cong-dong-thinh-vuong-dominica\/#primaryimage\",\"url\":\"https:\/\/dominicaconsulateinvietnam.org\/wp-content\/uploads\/2021\/08\/Company-Formation-Services.jpg\",\"contentUrl\":\"https:\/\/dominicaconsulateinvietnam.org\/wp-content\/uploads\/2021\/08\/Company-Formation-Services.jpg\",\"width\":960,\"height\":445},{\"@type\":\"BreadcrumbList\",\"@id\":\"https:\/\/dominicaconsulateinvietnam.org\/vi\/services\/ho-chieu-cong-dong-thinh-vuong-dominica\/#breadcrumb\",\"itemListElement\":[{\"@type\":\"ListItem\",\"position\":1,\"name\":\"Home\",\"item\":\"https:\/\/dominicaconsulateinvietnam.org\/vi\/\"},{\"@type\":\"ListItem\",\"position\":2,\"name\":\"D\u1ecbch v\u1ee5\",\"item\":\"https:\/\/dominicaconsulateinvietnam.org\/vi\/services\/\"},{\"@type\":\"ListItem\",\"position\":3,\"name\":\"H\u1ed9 chi\u1ebfu C\u1ed9ng \u0111\u1ed3ng Th\u1ecbnh v\u01b0\u1ee3ng Dominica\"}]},{\"@type\":\"WebSite\",\"@id\":\"https:\/\/dominicaconsulateinvietnam.org\/#website\",\"url\":\"https:\/\/dominicaconsulateinvietnam.org\/\",\"name\":\"Consulate General of The Commonwealth of Dominica in Ho Chi Minh City\",\"description\":\"The Consulate is focused on maintaining, and strengthening these international relationships, and on increasing the profile of Dominica within the international community\",\"potentialAction\":[{\"@type\":\"SearchAction\",\"target\":{\"@type\":\"EntryPoint\",\"urlTemplate\":\"https:\/\/dominicaconsulateinvietnam.org\/?s={search_term_string}\"},\"query-input\":{\"@type\":\"PropertyValueSpecification\",\"valueRequired\":true,\"valueName\":\"search_term_string\"}}],\"inLanguage\":\"vi-VN\"}]}<\/script>\n<!-- \/ Yoast SEO plugin. -->","yoast_head_json":{"title":"H\u1ed9 chi\u1ebfu C\u1ed9ng \u0111\u1ed3ng Th\u1ecbnh v\u01b0\u1ee3ng Dominica - Consulate General of The Commonwealth of Dominica in Ho Chi Minh City","robots":{"index":"index","follow":"follow","max-snippet":"max-snippet:-1","max-image-preview":"max-image-preview:large","max-video-preview":"max-video-preview:-1"},"canonical":"https:\/\/dominicaconsulateinvietnam.org\/vi\/services\/ho-chieu-cong-dong-thinh-vuong-dominica\/","og_locale":"vi_VN","og_type":"article","og_title":"H\u1ed9 chi\u1ebfu C\u1ed9ng \u0111\u1ed3ng Th\u1ecbnh v\u01b0\u1ee3ng Dominica - Consulate General of The Commonwealth of Dominica in Ho Chi Minh City","og_url":"https:\/\/dominicaconsulateinvietnam.org\/vi\/services\/ho-chieu-cong-dong-thinh-vuong-dominica\/","og_site_name":"Consulate General of The Commonwealth of Dominica in Ho Chi Minh City","article_modified_time":"2021-09-27T08:00:12+00:00","og_image":[{"width":960,"height":445,"url":"https:\/\/dominicaconsulateinvietnam.org\/wp-content\/uploads\/2021\/08\/Company-Formation-Services.jpg","type":"image\/jpeg"}],"twitter_card":"summary_large_image","twitter_misc":{"Est. reading time":"6 minutes"},"schema":{"@context":"https:\/\/schema.org","@graph":[{"@type":"WebPage","@id":"https:\/\/dominicaconsulateinvietnam.org\/vi\/services\/ho-chieu-cong-dong-thinh-vuong-dominica\/","url":"https:\/\/dominicaconsulateinvietnam.org\/vi\/services\/ho-chieu-cong-dong-thinh-vuong-dominica\/","name":"H\u1ed9 chi\u1ebfu C\u1ed9ng \u0111\u1ed3ng Th\u1ecbnh v\u01b0\u1ee3ng Dominica - Consulate General of The Commonwealth of Dominica in Ho Chi Minh City","isPartOf":{"@id":"https:\/\/dominicaconsulateinvietnam.org\/#website"},"primaryImageOfPage":{"@id":"https:\/\/dominicaconsulateinvietnam.org\/vi\/services\/ho-chieu-cong-dong-thinh-vuong-dominica\/#primaryimage"},"image":{"@id":"https:\/\/dominicaconsulateinvietnam.org\/vi\/services\/ho-chieu-cong-dong-thinh-vuong-dominica\/#primaryimage"},"thumbnailUrl":"https:\/\/dominicaconsulateinvietnam.org\/wp-content\/uploads\/2021\/08\/Company-Formation-Services.jpg","datePublished":"2021-09-15T17:23:54+00:00","dateModified":"2021-09-27T08:00:12+00:00","breadcrumb":{"@id":"https:\/\/dominicaconsulateinvietnam.org\/vi\/services\/ho-chieu-cong-dong-thinh-vuong-dominica\/#breadcrumb"},"inLanguage":"vi-VN","potentialAction":[{"@type":"ReadAction","target":["https:\/\/dominicaconsulateinvietnam.org\/vi\/services\/ho-chieu-cong-dong-thinh-vuong-dominica\/"]}]},{"@type":"ImageObject","inLanguage":"vi-VN","@id":"https:\/\/dominicaconsulateinvietnam.org\/vi\/services\/ho-chieu-cong-dong-thinh-vuong-dominica\/#primaryimage","url":"https:\/\/dominicaconsulateinvietnam.org\/wp-content\/uploads\/2021\/08\/Company-Formation-Services.jpg","contentUrl":"https:\/\/dominicaconsulateinvietnam.org\/wp-content\/uploads\/2021\/08\/Company-Formation-Services.jpg","width":960,"height":445},{"@type":"BreadcrumbList","@id":"https:\/\/dominicaconsulateinvietnam.org\/vi\/services\/ho-chieu-cong-dong-thinh-vuong-dominica\/#breadcrumb","itemListElement":[{"@type":"ListItem","position":1,"name":"Home","item":"https:\/\/dominicaconsulateinvietnam.org\/vi\/"},{"@type":"ListItem","position":2,"name":"D\u1ecbch v\u1ee5","item":"https:\/\/dominicaconsulateinvietnam.org\/vi\/services\/"},{"@type":"ListItem","position":3,"name":"H\u1ed9 chi\u1ebfu C\u1ed9ng \u0111\u1ed3ng Th\u1ecbnh v\u01b0\u1ee3ng Dominica"}]},{"@type":"WebSite","@id":"https:\/\/dominicaconsulateinvietnam.org\/#website","url":"https:\/\/dominicaconsulateinvietnam.org\/","name":"Consulate General of The Commonwealth of Dominica in Ho Chi Minh City","description":"The Consulate is focused on maintaining, and strengthening these international relationships, and on increasing the profile of Dominica within the international community","potentialAction":[{"@type":"SearchAction","target":{"@type":"EntryPoint","urlTemplate":"https:\/\/dominicaconsulateinvietnam.org\/?s={search_term_string}"},"query-input":{"@type":"PropertyValueSpecification","valueRequired":true,"valueName":"search_term_string"}}],"inLanguage":"vi-VN"}]}},"_links":{"self":[{"href":"https:\/\/dominicaconsulateinvietnam.org\/vi\/wp-json\/wp\/v2\/pages\/8312","targetHints":{"allow":["GET"]}}],"collection":[{"href":"https:\/\/dominicaconsulateinvietnam.org\/vi\/wp-json\/wp\/v2\/pages"}],"about":[{"href":"https:\/\/dominicaconsulateinvietnam.org\/vi\/wp-json\/wp\/v2\/types\/page"}],"author":[{"embeddable":true,"href":"https:\/\/dominicaconsulateinvietnam.org\/vi\/wp-json\/wp\/v2\/users\/1"}],"replies":[{"embeddable":true,"href":"https:\/\/dominicaconsulateinvietnam.org\/vi\/wp-json\/wp\/v2\/comments?post=8312"}],"version-history":[{"count":8,"href":"https:\/\/dominicaconsulateinvietnam.org\/vi\/wp-json\/wp\/v2\/pages\/8312\/revisions"}],"predecessor-version":[{"id":8647,"href":"https:\/\/dominicaconsulateinvietnam.org\/vi\/wp-json\/wp\/v2\/pages\/8312\/revisions\/8647"}],"up":[{"embeddable":true,"href":"https:\/\/dominicaconsulateinvietnam.org\/vi\/wp-json\/wp\/v2\/pages\/8309"}],"wp:featuredmedia":[{"embeddable":true,"href":"https:\/\/dominicaconsulateinvietnam.org\/vi\/wp-json\/wp\/v2\/media\/8310"}],"wp:attachment":[{"href":"https:\/\/dominicaconsulateinvietnam.org\/vi\/wp-json\/wp\/v2\/media?parent=8312"}],"curies":[{"name":"wp","href":"https:\/\/api.w.org\/{rel}","templated":true}]}}