{"id":8298,"date":"2021-09-15T07:57:35","date_gmt":"2021-09-15T07:57:35","guid":{"rendered":"https:\/\/dominicaconsulateinvietnam.org\/consular-services\/lam-cach-nao-de-gia-han-ho-chieu\/"},"modified":"2021-09-20T10:32:11","modified_gmt":"2021-09-20T10:32:11","slug":"lam-cach-nao-de-gia-han-ho-chieu","status":"publish","type":"page","link":"https:\/\/dominicaconsulateinvietnam.org\/vi\/consular-services\/lam-cach-nao-de-gia-han-ho-chieu\/","title":{"rendered":"L\u00e0m c\u00e1ch n\u00e0o \u0111\u1ec3 gia h\u1ea1n h\u1ed9 chi\u1ebfu?"},"content":{"rendered":"<section class=\"l-section wpb_row height_auto\"><div class=\"l-section-h i-cf\"><div class=\"g-cols vc_row via_flex valign_top type_default stacking_default\"><div class=\"vc_col-sm-12 wpb_column vc_column_container\"><div class=\"vc_column-inner\"><div class=\"wpb_wrapper\"><div class=\"wpb_text_column\"><div class=\"wpb_wrapper\"><h3>Gia h\u1ea1n H\u1ed9 chi\u1ebfu t\u1ea1i L\u00e3nh s\u1ef1 qu\u00e1n Dominica<\/h3>\n<p>C\u00e1c gi\u1ea5y t\u1edd c\u1ea7n thi\u1ebft \u0111\u1ec3 gia h\u1ea1n H\u1ed9 chi\u1ebfu C\u1ed9ng \u0111\u1ed3ng Th\u1ecbnh v\u01b0\u1ee3ng Dominica c\u1ee7a b\u1ea1n:<\/p>\n<ol>\n<li>B\u1ea3n sao c\u00f4ng ch\u1ee9ng Gi\u1ea5y khai sinh ho\u1eb7c b\u1ea3n tr\u00edch l\u1ee5c Gi\u1ea5y khai sinh, \u0111\u01b0\u1ee3c d\u1ecbch sang ti\u1ebfng Anh h\u1ee3p l\u1ec7.<\/li>\n<li>B\u1ea3n sao gi\u1ea5y ch\u1ee9ng nh\u1eadn nh\u1eadp t\u1ecbch.<\/li>\n<li>B\u1ea3n sao H\u1ed9 chi\u1ebfu Dominica (h\u1ed9 chi\u1ebfu c\u0169).<\/li>\n<li>\u0110\u01a1n xin c\u1ea5p H\u1ed9 chi\u1ebfu.\n<\/li>\n<\/ol>\n<p>Hai (2) \u1ea3nh c\u1ee1 h\u1ed9 chi\u1ebfu \u0111\u1ed1i v\u1edbi \u0111\u01a1n xin c\u1ea5p h\u1ed9 chi\u1ebfu.<br \/>\nC\u00e1c t\u00e0i li\u1ec7u kh\u00f4ng ph\u1ea3i ti\u1ebfng Anh ph\u1ea3i \u0111\u01b0\u1ee3c d\u1ecbch sang ti\u1ebfng Anh<br \/>\nT\u1ea5t c\u1ea3 c\u00e1c t\u00e0i li\u1ec7u kh\u00f4ng ph\u1ea3i b\u1eb1ng ti\u1ebfng Anh ph\u1ea3i \u0111\u01b0\u1ee3c d\u1ecbch sang ti\u1ebfng Anh b\u1edfi m\u1ed9t ng\u01b0\u1eddi d\u1ecbch \u0111\u01b0\u1ee3c ch\u1ea5p thu\u1eadn.<\/p>\n<p>B\u1ea3n d\u1ecbch ph\u1ea3i \u0111\u01b0\u1ee3c \u0111\u00ednh k\u00e8m v\u1edbi t\u00e0i li\u1ec7u g\u1ed1c, \u0111\u01b0\u1ee3c d\u1ecbch v\u00e0 c\u00f3 ch\u1eef k\u00fd c\u1ee7a ng\u01b0\u1eddi d\u1ecbch, h\u1ecd t\u00ean v\u00e0 chi ti\u1ebft li\u00ean h\u1ec7 c\u1ee7a ng\u01b0\u1eddi d\u1ecbch.<\/p>\n<p>C\u00e1c t\u00e0i li\u1ec7u kh\u00f4ng \u0111\u01b0\u1ee3c ghi tr\u01b0\u1edbc ng\u00e0y n\u1ed9p \u0111\u01a1n cho c\u00e1c c\u01a1 quan c\u00f3 th\u1ea9m quy\u1ec1n c\u1ee7a Dominica qu\u00e1 ba (3) th\u00e1ng.<\/p>\n<p>T\u1ea5t c\u1ea3 c\u00e1c t\u00e0i li\u1ec7u \u0111\u01b0\u1ee3c cung c\u1ea5p d\u01b0\u1edbi d\u1ea1ng b\u1ea3n sao (thay v\u00ec b\u1ea3n g\u1ed1c), ch\u1eb3ng h\u1ea1n nh\u01b0 gi\u1ea5y khai sinh, ph\u1ea3i \u0111\u01b0\u1ee3c c\u00f4ng ch\u1ee9ng (v\u00e0 sau \u0111\u00f3 ph\u1ea3i d\u1ecbch m\u1ed9t b\u1ea3n sao c\u00f3 c\u00f4ng ch\u1ee9ng).<\/p>\n<p>T\u1ea5t c\u1ea3 c\u00e1c y\u00eau c\u1ea7u h\u1ee3p ph\u00e1p h\u00f3a, l\u1eddi tuy\u00ean th\u1ec7 v\u00e0 l\u1ea5y l\u1ea1i d\u1ea5u v\u00e2n tay c\u00f3 th\u1ec3 \u0111\u01b0\u1ee3c ti\u1ebfn h\u00e0nh t\u1ea1i tr\u1ee5 s\u1edf v\u0103n ph\u00f2ng c\u1ee7a ch\u00fang t\u00f4i.<\/p>\n<p>\u0110\u1ec3 bi\u1ebft th\u00eam th\u00f4ng tin, vui l\u00f2ng li\u00ean h\u1ec7 v\u1edbi ch\u00fang t\u00f4i t\u1ea1i: <a href=\"mailto:consulate@dominicaconsulateinvietnam.org\">consulate@dominicaconsulateinvietnam.org<\/a><\/p>\n<\/div><\/div><\/div><\/div><\/div><\/div><\/div><\/section>\n","protected":false},"excerpt":{"rendered":"Gia h\u1ea1n H\u1ed9 chi\u1ebfu t\u1ea1i L\u00e3nh s\u1ef1 qu\u00e1n Dominica C\u00e1c gi\u1ea5y t\u1edd c\u1ea7n thi\u1ebft \u0111\u1ec3 gia h\u1ea1n H\u1ed9 chi\u1ebfu C\u1ed9ng \u0111\u1ed3ng Th\u1ecbnh v\u01b0\u1ee3ng Dominica c\u1ee7a b\u1ea1n: B\u1ea3n sao c\u00f4ng ch\u1ee9ng Gi\u1ea5y khai sinh ho\u1eb7c b\u1ea3n tr\u00edch l\u1ee5c Gi\u1ea5y khai sinh, \u0111\u01b0\u1ee3c d\u1ecbch sang ti\u1ebfng Anh h\u1ee3p l\u1ec7. B\u1ea3n sao gi\u1ea5y ch\u1ee9ng nh\u1eadn nh\u1eadp t\u1ecbch. B\u1ea3n...","protected":false},"author":1,"featured_media":8276,"parent":8275,"menu_order":0,"comment_status":"closed","ping_status":"closed","template":"","meta":{"_acf_changed":false,"footnotes":""},"class_list":["post-8298","page","type-page","status-publish","has-post-thumbnail","hentry"],"acf":[],"yoast_head":"<!-- This site is optimized with the Yoast SEO plugin v27.2 - https:\/\/yoast.com\/product\/yoast-seo-wordpress\/ -->\n<title>L\u00e0m c\u00e1ch n\u00e0o \u0111\u1ec3 gia h\u1ea1n h\u1ed9 chi\u1ebfu? - Consulate General of The Commonwealth of Dominica in Ho Chi Minh City<\/title>\n<meta name=\"robots\" content=\"index, follow, max-snippet:-1, max-image-preview:large, max-video-preview:-1\" \/>\n<link rel=\"canonical\" href=\"https:\/\/dominicaconsulateinvietnam.org\/vi\/consular-services\/lam-cach-nao-de-gia-han-ho-chieu\/\" \/>\n<meta property=\"og:locale\" content=\"vi_VN\" \/>\n<meta property=\"og:type\" content=\"article\" \/>\n<meta property=\"og:title\" content=\"L\u00e0m c\u00e1ch n\u00e0o \u0111\u1ec3 gia h\u1ea1n h\u1ed9 chi\u1ebfu? - Consulate General of The Commonwealth of Dominica in Ho Chi Minh City\" \/>\n<meta property=\"og:url\" content=\"https:\/\/dominicaconsulateinvietnam.org\/vi\/consular-services\/lam-cach-nao-de-gia-han-ho-chieu\/\" \/>\n<meta property=\"og:site_name\" content=\"Consulate General of The Commonwealth of Dominica in Ho Chi Minh City\" \/>\n<meta property=\"article:modified_time\" content=\"2021-09-20T10:32:11+00:00\" \/>\n<meta property=\"og:image\" content=\"https:\/\/dominicaconsulateinvietnam.org\/wp-content\/uploads\/2021\/08\/Consular-Service-image.jpg\" \/>\n\t<meta property=\"og:image:width\" content=\"1600\" \/>\n\t<meta property=\"og:image:height\" content=\"700\" \/>\n\t<meta property=\"og:image:type\" content=\"image\/jpeg\" \/>\n<meta name=\"twitter:card\" content=\"summary_large_image\" \/>\n<meta name=\"twitter:label1\" content=\"Est. reading time\" \/>\n\t<meta name=\"twitter:data1\" content=\"2 minutes\" \/>\n<script type=\"application\/ld+json\" class=\"yoast-schema-graph\">{\"@context\":\"https:\/\/schema.org\",\"@graph\":[{\"@type\":\"WebPage\",\"@id\":\"https:\/\/dominicaconsulateinvietnam.org\/vi\/consular-services\/lam-cach-nao-de-gia-han-ho-chieu\/\",\"url\":\"https:\/\/dominicaconsulateinvietnam.org\/vi\/consular-services\/lam-cach-nao-de-gia-han-ho-chieu\/\",\"name\":\"L\u00e0m c\u00e1ch n\u00e0o \u0111\u1ec3 gia h\u1ea1n h\u1ed9 chi\u1ebfu? - Consulate General of The Commonwealth of Dominica in Ho Chi Minh City\",\"isPartOf\":{\"@id\":\"https:\/\/dominicaconsulateinvietnam.org\/#website\"},\"primaryImageOfPage\":{\"@id\":\"https:\/\/dominicaconsulateinvietnam.org\/vi\/consular-services\/lam-cach-nao-de-gia-han-ho-chieu\/#primaryimage\"},\"image\":{\"@id\":\"https:\/\/dominicaconsulateinvietnam.org\/vi\/consular-services\/lam-cach-nao-de-gia-han-ho-chieu\/#primaryimage\"},\"thumbnailUrl\":\"https:\/\/dominicaconsulateinvietnam.org\/wp-content\/uploads\/2021\/08\/Consular-Service-image.jpg\",\"datePublished\":\"2021-09-15T07:57:35+00:00\",\"dateModified\":\"2021-09-20T10:32:11+00:00\",\"breadcrumb\":{\"@id\":\"https:\/\/dominicaconsulateinvietnam.org\/vi\/consular-services\/lam-cach-nao-de-gia-han-ho-chieu\/#breadcrumb\"},\"inLanguage\":\"vi-VN\",\"potentialAction\":[{\"@type\":\"ReadAction\",\"target\":[\"https:\/\/dominicaconsulateinvietnam.org\/vi\/consular-services\/lam-cach-nao-de-gia-han-ho-chieu\/\"]}]},{\"@type\":\"ImageObject\",\"inLanguage\":\"vi-VN\",\"@id\":\"https:\/\/dominicaconsulateinvietnam.org\/vi\/consular-services\/lam-cach-nao-de-gia-han-ho-chieu\/#primaryimage\",\"url\":\"https:\/\/dominicaconsulateinvietnam.org\/wp-content\/uploads\/2021\/08\/Consular-Service-image.jpg\",\"contentUrl\":\"https:\/\/dominicaconsulateinvietnam.org\/wp-content\/uploads\/2021\/08\/Consular-Service-image.jpg\",\"width\":1600,\"height\":700},{\"@type\":\"BreadcrumbList\",\"@id\":\"https:\/\/dominicaconsulateinvietnam.org\/vi\/consular-services\/lam-cach-nao-de-gia-han-ho-chieu\/#breadcrumb\",\"itemListElement\":[{\"@type\":\"ListItem\",\"position\":1,\"name\":\"Home\",\"item\":\"https:\/\/dominicaconsulateinvietnam.org\/vi\/\"},{\"@type\":\"ListItem\",\"position\":2,\"name\":\"D\u1ecbch v\u1ee5 l\u00e3nh s\u1ef1\",\"item\":\"https:\/\/dominicaconsulateinvietnam.org\/vi\/consular-services\/\"},{\"@type\":\"ListItem\",\"position\":3,\"name\":\"L\u00e0m c\u00e1ch n\u00e0o \u0111\u1ec3 gia h\u1ea1n h\u1ed9 chi\u1ebfu?\"}]},{\"@type\":\"WebSite\",\"@id\":\"https:\/\/dominicaconsulateinvietnam.org\/#website\",\"url\":\"https:\/\/dominicaconsulateinvietnam.org\/\",\"name\":\"Consulate General of The Commonwealth of Dominica in Ho Chi Minh City\",\"description\":\"The Consulate is focused on maintaining, and strengthening these international relationships, and on increasing the profile of Dominica within the international community\",\"potentialAction\":[{\"@type\":\"SearchAction\",\"target\":{\"@type\":\"EntryPoint\",\"urlTemplate\":\"https:\/\/dominicaconsulateinvietnam.org\/?s={search_term_string}\"},\"query-input\":{\"@type\":\"PropertyValueSpecification\",\"valueRequired\":true,\"valueName\":\"search_term_string\"}}],\"inLanguage\":\"vi-VN\"}]}<\/script>\n<!-- \/ Yoast SEO plugin. -->","yoast_head_json":{"title":"L\u00e0m c\u00e1ch n\u00e0o \u0111\u1ec3 gia h\u1ea1n h\u1ed9 chi\u1ebfu? - Consulate General of The Commonwealth of Dominica in Ho Chi Minh City","robots":{"index":"index","follow":"follow","max-snippet":"max-snippet:-1","max-image-preview":"max-image-preview:large","max-video-preview":"max-video-preview:-1"},"canonical":"https:\/\/dominicaconsulateinvietnam.org\/vi\/consular-services\/lam-cach-nao-de-gia-han-ho-chieu\/","og_locale":"vi_VN","og_type":"article","og_title":"L\u00e0m c\u00e1ch n\u00e0o \u0111\u1ec3 gia h\u1ea1n h\u1ed9 chi\u1ebfu? - Consulate General of The Commonwealth of Dominica in Ho Chi Minh City","og_url":"https:\/\/dominicaconsulateinvietnam.org\/vi\/consular-services\/lam-cach-nao-de-gia-han-ho-chieu\/","og_site_name":"Consulate General of The Commonwealth of Dominica in Ho Chi Minh City","article_modified_time":"2021-09-20T10:32:11+00:00","og_image":[{"width":1600,"height":700,"url":"https:\/\/dominicaconsulateinvietnam.org\/wp-content\/uploads\/2021\/08\/Consular-Service-image.jpg","type":"image\/jpeg"}],"twitter_card":"summary_large_image","twitter_misc":{"Est. reading time":"2 minutes"},"schema":{"@context":"https:\/\/schema.org","@graph":[{"@type":"WebPage","@id":"https:\/\/dominicaconsulateinvietnam.org\/vi\/consular-services\/lam-cach-nao-de-gia-han-ho-chieu\/","url":"https:\/\/dominicaconsulateinvietnam.org\/vi\/consular-services\/lam-cach-nao-de-gia-han-ho-chieu\/","name":"L\u00e0m c\u00e1ch n\u00e0o \u0111\u1ec3 gia h\u1ea1n h\u1ed9 chi\u1ebfu? - Consulate General of The Commonwealth of Dominica in Ho Chi Minh City","isPartOf":{"@id":"https:\/\/dominicaconsulateinvietnam.org\/#website"},"primaryImageOfPage":{"@id":"https:\/\/dominicaconsulateinvietnam.org\/vi\/consular-services\/lam-cach-nao-de-gia-han-ho-chieu\/#primaryimage"},"image":{"@id":"https:\/\/dominicaconsulateinvietnam.org\/vi\/consular-services\/lam-cach-nao-de-gia-han-ho-chieu\/#primaryimage"},"thumbnailUrl":"https:\/\/dominicaconsulateinvietnam.org\/wp-content\/uploads\/2021\/08\/Consular-Service-image.jpg","datePublished":"2021-09-15T07:57:35+00:00","dateModified":"2021-09-20T10:32:11+00:00","breadcrumb":{"@id":"https:\/\/dominicaconsulateinvietnam.org\/vi\/consular-services\/lam-cach-nao-de-gia-han-ho-chieu\/#breadcrumb"},"inLanguage":"vi-VN","potentialAction":[{"@type":"ReadAction","target":["https:\/\/dominicaconsulateinvietnam.org\/vi\/consular-services\/lam-cach-nao-de-gia-han-ho-chieu\/"]}]},{"@type":"ImageObject","inLanguage":"vi-VN","@id":"https:\/\/dominicaconsulateinvietnam.org\/vi\/consular-services\/lam-cach-nao-de-gia-han-ho-chieu\/#primaryimage","url":"https:\/\/dominicaconsulateinvietnam.org\/wp-content\/uploads\/2021\/08\/Consular-Service-image.jpg","contentUrl":"https:\/\/dominicaconsulateinvietnam.org\/wp-content\/uploads\/2021\/08\/Consular-Service-image.jpg","width":1600,"height":700},{"@type":"BreadcrumbList","@id":"https:\/\/dominicaconsulateinvietnam.org\/vi\/consular-services\/lam-cach-nao-de-gia-han-ho-chieu\/#breadcrumb","itemListElement":[{"@type":"ListItem","position":1,"name":"Home","item":"https:\/\/dominicaconsulateinvietnam.org\/vi\/"},{"@type":"ListItem","position":2,"name":"D\u1ecbch v\u1ee5 l\u00e3nh s\u1ef1","item":"https:\/\/dominicaconsulateinvietnam.org\/vi\/consular-services\/"},{"@type":"ListItem","position":3,"name":"L\u00e0m c\u00e1ch n\u00e0o \u0111\u1ec3 gia h\u1ea1n h\u1ed9 chi\u1ebfu?"}]},{"@type":"WebSite","@id":"https:\/\/dominicaconsulateinvietnam.org\/#website","url":"https:\/\/dominicaconsulateinvietnam.org\/","name":"Consulate General of The Commonwealth of Dominica in Ho Chi Minh City","description":"The Consulate is focused on maintaining, and strengthening these international relationships, and on increasing the profile of Dominica within the international community","potentialAction":[{"@type":"SearchAction","target":{"@type":"EntryPoint","urlTemplate":"https:\/\/dominicaconsulateinvietnam.org\/?s={search_term_string}"},"query-input":{"@type":"PropertyValueSpecification","valueRequired":true,"valueName":"search_term_string"}}],"inLanguage":"vi-VN"}]}},"_links":{"self":[{"href":"https:\/\/dominicaconsulateinvietnam.org\/vi\/wp-json\/wp\/v2\/pages\/8298","targetHints":{"allow":["GET"]}}],"collection":[{"href":"https:\/\/dominicaconsulateinvietnam.org\/vi\/wp-json\/wp\/v2\/pages"}],"about":[{"href":"https:\/\/dominicaconsulateinvietnam.org\/vi\/wp-json\/wp\/v2\/types\/page"}],"author":[{"embeddable":true,"href":"https:\/\/dominicaconsulateinvietnam.org\/vi\/wp-json\/wp\/v2\/users\/1"}],"replies":[{"embeddable":true,"href":"https:\/\/dominicaconsulateinvietnam.org\/vi\/wp-json\/wp\/v2\/comments?post=8298"}],"version-history":[{"count":4,"href":"https:\/\/dominicaconsulateinvietnam.org\/vi\/wp-json\/wp\/v2\/pages\/8298\/revisions"}],"predecessor-version":[{"id":8567,"href":"https:\/\/dominicaconsulateinvietnam.org\/vi\/wp-json\/wp\/v2\/pages\/8298\/revisions\/8567"}],"up":[{"embeddable":true,"href":"https:\/\/dominicaconsulateinvietnam.org\/vi\/wp-json\/wp\/v2\/pages\/8275"}],"wp:featuredmedia":[{"embeddable":true,"href":"https:\/\/dominicaconsulateinvietnam.org\/vi\/wp-json\/wp\/v2\/media\/8276"}],"wp:attachment":[{"href":"https:\/\/dominicaconsulateinvietnam.org\/vi\/wp-json\/wp\/v2\/media?parent=8298"}],"curies":[{"name":"wp","href":"https:\/\/api.w.org\/{rel}","templated":true}]}}