{"id":8295,"date":"2021-09-15T07:52:54","date_gmt":"2021-09-15T07:52:54","guid":{"rendered":"https:\/\/dominicaconsulateinvietnam.org\/consular-services\/how-do-i-apply-for-a-residency-permit\/"},"modified":"2021-09-28T07:55:14","modified_gmt":"2021-09-28T07:55:14","slug":"how-do-i-apply-for-a-residency-permit","status":"publish","type":"page","link":"https:\/\/dominicaconsulateinvietnam.org\/vi\/consular-services\/how-do-i-apply-for-a-residency-permit\/","title":{"rendered":"L\u00e0m c\u00e1ch n\u00e0o \u0111\u1ec3 xin gi\u1ea5y ph\u00e9p c\u01b0 tr\u00fa?"},"content":{"rendered":"<section class=\"l-section wpb_row height_auto\"><div class=\"l-section-h i-cf\"><div class=\"g-cols vc_row via_flex valign_top type_default stacking_default\"><div class=\"vc_col-sm-12 wpb_column vc_column_container\"><div class=\"vc_column-inner\"><div class=\"wpb_wrapper\"><div class=\"wpb_text_column\"><div class=\"wpb_wrapper\"><h3>Y\u00eau c\u1ea7u \u0111\u1ec3 c\u00f3 \u0111\u01b0\u1ee3c Th\u01b0\u1eddng tr\u00fa nh\u00e2n \u1edf Dominica<\/h3>\n<p>Nh\u1eefng ng\u01b0\u1eddi mu\u1ed1n c\u00f3 \u0111\u01b0\u1ee3c th\u01b0\u1eddng tr\u00fa nh\u00e2n t\u1ea1i Dominica ph\u1ea3i gia h\u1ea1n gi\u1ea5y ph\u00e9p c\u01b0 tr\u00fa t\u1ea1m th\u1eddi 1 n\u0103m, m\u1ed7i n\u0103m trong 5 n\u0103m li\u00ean t\u1ee5c. Ngo\u00e0i ra, h\u1ecd c\u00f3 th\u1ec3 c\u00f3 gi\u1ea5y ph\u00e9p lao \u0111\u1ed9ng h\u1ee3p l\u1ec7 t\u1ea1i \u0111\u1ea3o trong 5 n\u0103m. C\u01a1 quan c\u00f3 th\u1ea9m quy\u1ec1n n\u1ed9p \u0110\u01a1n xin th\u01b0\u1eddng tr\u00fa nh\u00e2n l\u00e0 B\u1ed9 Ngo\u1ea1i giao, Di tr\u00fa v\u00e0 Lao \u0111\u1ed9ng.<\/p>\n<h3>N\u1ebfu \u0111\u00e2y l\u00e0 \u0111\u01a1n \u0111\u0103ng k\u00fd l\u1ea7n \u0111\u1ea7u, Ng\u01b0\u1eddi n\u1ed9p \u0111\u01a1n ph\u1ea3i cung c\u1ea5p:<\/h3>\n<h4>1. H\u1ed9 chi\u1ebfu c\u00f2n h\u1ea1n t\u1ed1i thi\u1ec3u S\u00c1UTH\u00c1NG tr\u01b0\u1edbc khi h\u1ebft h\u1ea1n<\/h4>\n<p>Ng\u01b0\u1eddi n\u1ed9p \u0111\u01a1n n\u00ean ti\u1ebfn h\u00e0nh gia h\u1ea1n h\u1ed9 chi\u1ebfu tr\u01b0\u1edbc khi n\u1ed9p \u0111\u01a1n xin Gi\u1ea5y ph\u00e9p c\u01b0 tr\u00fa Dominica \u0111\u1ec3 \u0111\u00e1p \u1ee9ng y\u00eau c\u1ea7u b\u1eaft bu\u1ed9c n\u00eau tr\u00ean.<\/p>\n<h4>2. Gia h\u1ea1n l\u01b0u tr\u00fa<\/h4>\n<p>Nh\u1eefng du kh\u00e1ch mu\u1ed1n xin Gi\u1ea5y ph\u00e9p C\u01b0 tr\u00fa Dominica, tr\u01b0\u1edbc \u0111\u00f3 ph\u1ea3i n\u1ed9p \u0111\u01a1n xin gia h\u1ea1n th\u1eddi gian l\u01b0u tr\u00fa t\u1ea1i S\u1edf Di tr\u00fa.<br \/>\nVi\u1ec7c gia h\u1ea1n \u0111\u01b0\u1ee3c ghi h\u1ee3p l\u1ec7 trong H\u1ed9 chi\u1ebfu c\u1ee7a h\u1ecd. Ngo\u00e0i ra, vi\u1ec7c Gia h\u1ea1n L\u01b0u tr\u00fa l\u00e0 kh\u00f4ng c\u1ea7n thi\u1ebft n\u1ebfu T\u00ecnh tr\u1ea1ng c\u1ee7a Ng\u01b0\u1eddi n\u1ed9p \u0111\u01a1n thay \u0111\u1ed5i th\u00e0nh Gi\u1ea5y ph\u00e9p L\u00e0m vi\u1ec7c ho\u1eb7c C\u01b0 tr\u00fa.<\/p>\n<p>V\u1ec1 m\u1eb7t n\u00e0y, Du kh\u00e1ch tr\u00ean \u0110\u1ea3o, nh\u1eefng ng\u01b0\u1eddi mu\u1ed1n c\u00f3 Gi\u1ea5y ph\u00e9p C\u01b0 tr\u00fa Dominica v\u00e0 ch\u01b0a xin Gia h\u1ea1n L\u01b0u tr\u00fa, \u0111\u01b0\u1ee3c coi l\u00e0 B\u1ea4T H\u1ee2P PH\u00c1P.<br \/>\nTr\u1eeb khi t\u00ecnh tr\u1ea1ng Du kh\u00e1ch c\u1ee7a h\u1ecd \u0111\u01b0\u1ee3c quy \u0111\u1ecbnh, s\u1ebd kh\u00f4ng c\u00f3 m\u1eabu \u0111\u01a1n xin Gi\u1ea5y ph\u00e9p C\u01b0 tr\u00fa n\u00e0o \u0111\u01b0\u1ee3c chuy\u1ec3n cho h\u1ecd.<\/p>\n<h4>3. \u1ee8ng vi\u00ean \u0111\u00e1p \u1ee9ng c\u00e1c \u0111i\u1ec1u ki\u1ec7n tr\u00ean s\u1ebd \u0111\u01b0\u1ee3c c\u1ea5p H\u1ed2 S\u01a0 C\u01af TR\u00da DOMINICA<\/h4>\n<p>H\u1ed3 s\u01a1 bao g\u1ed3m HAI M\u1eaaU \u0110\u01a0N v\u00e0 m\u1ed9t DANH S\u00c1CH KI\u1ec2M TRA H\u1ed2 S\u01a0:<\/p>\n<h4>A. M\u1eaaU \u0110\u01a0N XIN C\u01af TR\u00da<\/h4>\n<p>Ng\u01b0\u1eddi n\u1ed9p \u0111\u01a1n ph\u1ea3i \u0111i\u1ec1n v\u00e0o m\u1eabu \u0111\u01a1n n\u00e0y. T\u1ea5t c\u1ea3 c\u00e1c c\u00e2u h\u1ecfi c\u1ea7n \u0111\u01b0\u1ee3c tr\u1ea3 l\u1eddi. Gia h\u1ea1n l\u01b0u tr\u00fa tr\u00ean h\u1ed9 chi\u1ebfu ph\u1ea3i \u0111\u01b0\u1ee3c \u0111i\u1ec1n v\u00e0o cu\u1ed1i bi\u1ec3u m\u1eabu.<\/p>\n<h4>B. M\u1eaaU \u0110\u01a0N Y T\u1ebe<\/h4>\n<p>B\u00e1c s\u0129 Y khoa \u0111\u1ecba ph\u01b0\u01a1ng Y\u00eau c\u1ea7u Ki\u1ec3m tra Y t\u1ebf. C\u00e1c x\u00e9t nghi\u1ec7m \u0111\u01b0\u1ee3c bao g\u1ed3m HIV v\u00e0 ch\u1ee5p X-quang ph\u1ed5i v\u00e0 k\u1ebft qu\u1ea3 ph\u1ea3i \u0111\u01b0\u1ee3c ghi l\u1ea1i tr\u00ean bi\u1ec3u m\u1eabu y t\u1ebf.<\/p>\n<h4>C. DANH S\u00c1CH KI\u1ec2M TRA<\/h4>\n<p>C\u00e1c t\u00e0i li\u1ec7u c\u1ea7n thi\u1ebft \u0111\u1ec3 xin Gi\u1ea5y ph\u00e9p c\u01b0 tr\u00fa<br \/>\n&#8211; NB T\u1ea5t c\u1ea3 c\u00e1c t\u00e0i li\u1ec7u b\u1eaft bu\u1ed9c ph\u1ea3i \u0111\u01b0\u1ee3c n\u1ed9p c\u00f9ng v\u1edbi \u0111\u01a1n \u0111\u0103ng k\u00fd, n\u1ebfu kh\u00f4ng \u0111\u01a1n \u0111\u0103ng k\u00fd s\u1ebd kh\u00f4ng \u0111\u01b0\u1ee3c ch\u1ea5p nh\u1eadn.<\/p>\n<\/div><\/div><\/div><\/div><\/div><\/div><\/div><\/section>\n","protected":false},"excerpt":{"rendered":"Y\u00eau c\u1ea7u \u0111\u1ec3 c\u00f3 \u0111\u01b0\u1ee3c Th\u01b0\u1eddng tr\u00fa nh\u00e2n \u1edf Dominica Nh\u1eefng ng\u01b0\u1eddi mu\u1ed1n c\u00f3 \u0111\u01b0\u1ee3c th\u01b0\u1eddng tr\u00fa nh\u00e2n t\u1ea1i Dominica ph\u1ea3i gia h\u1ea1n gi\u1ea5y ph\u00e9p c\u01b0 tr\u00fa t\u1ea1m th\u1eddi 1 n\u0103m, m\u1ed7i n\u0103m trong 5 n\u0103m li\u00ean t\u1ee5c. Ngo\u00e0i ra, h\u1ecd c\u00f3 th\u1ec3 c\u00f3 gi\u1ea5y ph\u00e9p lao \u0111\u1ed9ng h\u1ee3p l\u1ec7 t\u1ea1i \u0111\u1ea3o trong 5 n\u0103m....","protected":false},"author":1,"featured_media":8276,"parent":8275,"menu_order":0,"comment_status":"closed","ping_status":"closed","template":"","meta":{"_acf_changed":false,"footnotes":""},"class_list":["post-8295","page","type-page","status-publish","has-post-thumbnail","hentry"],"acf":[],"yoast_head":"<!-- This site is optimized with the Yoast SEO plugin v27.2 - https:\/\/yoast.com\/product\/yoast-seo-wordpress\/ -->\n<title>L\u00e0m c\u00e1ch n\u00e0o \u0111\u1ec3 xin gi\u1ea5y ph\u00e9p c\u01b0 tr\u00fa? - Consulate General of The Commonwealth of Dominica in Ho Chi Minh City<\/title>\n<meta name=\"robots\" content=\"index, follow, max-snippet:-1, max-image-preview:large, max-video-preview:-1\" \/>\n<link rel=\"canonical\" href=\"https:\/\/dominicaconsulateinvietnam.org\/vi\/consular-services\/how-do-i-apply-for-a-residency-permit\/\" \/>\n<meta property=\"og:locale\" content=\"vi_VN\" \/>\n<meta property=\"og:type\" content=\"article\" \/>\n<meta property=\"og:title\" content=\"L\u00e0m c\u00e1ch n\u00e0o \u0111\u1ec3 xin gi\u1ea5y ph\u00e9p c\u01b0 tr\u00fa? - Consulate General of The Commonwealth of Dominica in Ho Chi Minh City\" \/>\n<meta property=\"og:url\" content=\"https:\/\/dominicaconsulateinvietnam.org\/vi\/consular-services\/how-do-i-apply-for-a-residency-permit\/\" \/>\n<meta property=\"og:site_name\" content=\"Consulate General of The Commonwealth of Dominica in Ho Chi Minh City\" \/>\n<meta property=\"article:modified_time\" content=\"2021-09-28T07:55:14+00:00\" \/>\n<meta property=\"og:image\" content=\"https:\/\/dominicaconsulateinvietnam.org\/wp-content\/uploads\/2021\/08\/Consular-Service-image.jpg\" \/>\n\t<meta property=\"og:image:width\" content=\"1600\" \/>\n\t<meta property=\"og:image:height\" content=\"700\" \/>\n\t<meta property=\"og:image:type\" content=\"image\/jpeg\" \/>\n<meta name=\"twitter:card\" content=\"summary_large_image\" \/>\n<meta name=\"twitter:label1\" content=\"Est. reading time\" \/>\n\t<meta name=\"twitter:data1\" content=\"3 minutes\" \/>\n<script type=\"application\/ld+json\" class=\"yoast-schema-graph\">{\"@context\":\"https:\/\/schema.org\",\"@graph\":[{\"@type\":\"WebPage\",\"@id\":\"https:\/\/dominicaconsulateinvietnam.org\/vi\/consular-services\/how-do-i-apply-for-a-residency-permit\/\",\"url\":\"https:\/\/dominicaconsulateinvietnam.org\/vi\/consular-services\/how-do-i-apply-for-a-residency-permit\/\",\"name\":\"L\u00e0m c\u00e1ch n\u00e0o \u0111\u1ec3 xin gi\u1ea5y ph\u00e9p c\u01b0 tr\u00fa? - Consulate General of The Commonwealth of Dominica in Ho Chi Minh City\",\"isPartOf\":{\"@id\":\"https:\/\/dominicaconsulateinvietnam.org\/#website\"},\"primaryImageOfPage\":{\"@id\":\"https:\/\/dominicaconsulateinvietnam.org\/vi\/consular-services\/how-do-i-apply-for-a-residency-permit\/#primaryimage\"},\"image\":{\"@id\":\"https:\/\/dominicaconsulateinvietnam.org\/vi\/consular-services\/how-do-i-apply-for-a-residency-permit\/#primaryimage\"},\"thumbnailUrl\":\"https:\/\/dominicaconsulateinvietnam.org\/wp-content\/uploads\/2021\/08\/Consular-Service-image.jpg\",\"datePublished\":\"2021-09-15T07:52:54+00:00\",\"dateModified\":\"2021-09-28T07:55:14+00:00\",\"breadcrumb\":{\"@id\":\"https:\/\/dominicaconsulateinvietnam.org\/vi\/consular-services\/how-do-i-apply-for-a-residency-permit\/#breadcrumb\"},\"inLanguage\":\"vi-VN\",\"potentialAction\":[{\"@type\":\"ReadAction\",\"target\":[\"https:\/\/dominicaconsulateinvietnam.org\/vi\/consular-services\/how-do-i-apply-for-a-residency-permit\/\"]}]},{\"@type\":\"ImageObject\",\"inLanguage\":\"vi-VN\",\"@id\":\"https:\/\/dominicaconsulateinvietnam.org\/vi\/consular-services\/how-do-i-apply-for-a-residency-permit\/#primaryimage\",\"url\":\"https:\/\/dominicaconsulateinvietnam.org\/wp-content\/uploads\/2021\/08\/Consular-Service-image.jpg\",\"contentUrl\":\"https:\/\/dominicaconsulateinvietnam.org\/wp-content\/uploads\/2021\/08\/Consular-Service-image.jpg\",\"width\":1600,\"height\":700},{\"@type\":\"BreadcrumbList\",\"@id\":\"https:\/\/dominicaconsulateinvietnam.org\/vi\/consular-services\/how-do-i-apply-for-a-residency-permit\/#breadcrumb\",\"itemListElement\":[{\"@type\":\"ListItem\",\"position\":1,\"name\":\"Home\",\"item\":\"https:\/\/dominicaconsulateinvietnam.org\/vi\/\"},{\"@type\":\"ListItem\",\"position\":2,\"name\":\"D\u1ecbch v\u1ee5 l\u00e3nh s\u1ef1\",\"item\":\"https:\/\/dominicaconsulateinvietnam.org\/vi\/consular-services\/\"},{\"@type\":\"ListItem\",\"position\":3,\"name\":\"L\u00e0m c\u00e1ch n\u00e0o \u0111\u1ec3 xin gi\u1ea5y ph\u00e9p c\u01b0 tr\u00fa?\"}]},{\"@type\":\"WebSite\",\"@id\":\"https:\/\/dominicaconsulateinvietnam.org\/#website\",\"url\":\"https:\/\/dominicaconsulateinvietnam.org\/\",\"name\":\"Consulate General of The Commonwealth of Dominica in Ho Chi Minh City\",\"description\":\"The Consulate is focused on maintaining, and strengthening these international relationships, and on increasing the profile of Dominica within the international community\",\"potentialAction\":[{\"@type\":\"SearchAction\",\"target\":{\"@type\":\"EntryPoint\",\"urlTemplate\":\"https:\/\/dominicaconsulateinvietnam.org\/?s={search_term_string}\"},\"query-input\":{\"@type\":\"PropertyValueSpecification\",\"valueRequired\":true,\"valueName\":\"search_term_string\"}}],\"inLanguage\":\"vi-VN\"}]}<\/script>\n<!-- \/ Yoast SEO plugin. -->","yoast_head_json":{"title":"L\u00e0m c\u00e1ch n\u00e0o \u0111\u1ec3 xin gi\u1ea5y ph\u00e9p c\u01b0 tr\u00fa? - Consulate General of The Commonwealth of Dominica in Ho Chi Minh City","robots":{"index":"index","follow":"follow","max-snippet":"max-snippet:-1","max-image-preview":"max-image-preview:large","max-video-preview":"max-video-preview:-1"},"canonical":"https:\/\/dominicaconsulateinvietnam.org\/vi\/consular-services\/how-do-i-apply-for-a-residency-permit\/","og_locale":"vi_VN","og_type":"article","og_title":"L\u00e0m c\u00e1ch n\u00e0o \u0111\u1ec3 xin gi\u1ea5y ph\u00e9p c\u01b0 tr\u00fa? - Consulate General of The Commonwealth of Dominica in Ho Chi Minh City","og_url":"https:\/\/dominicaconsulateinvietnam.org\/vi\/consular-services\/how-do-i-apply-for-a-residency-permit\/","og_site_name":"Consulate General of The Commonwealth of Dominica in Ho Chi Minh City","article_modified_time":"2021-09-28T07:55:14+00:00","og_image":[{"width":1600,"height":700,"url":"https:\/\/dominicaconsulateinvietnam.org\/wp-content\/uploads\/2021\/08\/Consular-Service-image.jpg","type":"image\/jpeg"}],"twitter_card":"summary_large_image","twitter_misc":{"Est. reading time":"3 minutes"},"schema":{"@context":"https:\/\/schema.org","@graph":[{"@type":"WebPage","@id":"https:\/\/dominicaconsulateinvietnam.org\/vi\/consular-services\/how-do-i-apply-for-a-residency-permit\/","url":"https:\/\/dominicaconsulateinvietnam.org\/vi\/consular-services\/how-do-i-apply-for-a-residency-permit\/","name":"L\u00e0m c\u00e1ch n\u00e0o \u0111\u1ec3 xin gi\u1ea5y ph\u00e9p c\u01b0 tr\u00fa? - Consulate General of The Commonwealth of Dominica in Ho Chi Minh City","isPartOf":{"@id":"https:\/\/dominicaconsulateinvietnam.org\/#website"},"primaryImageOfPage":{"@id":"https:\/\/dominicaconsulateinvietnam.org\/vi\/consular-services\/how-do-i-apply-for-a-residency-permit\/#primaryimage"},"image":{"@id":"https:\/\/dominicaconsulateinvietnam.org\/vi\/consular-services\/how-do-i-apply-for-a-residency-permit\/#primaryimage"},"thumbnailUrl":"https:\/\/dominicaconsulateinvietnam.org\/wp-content\/uploads\/2021\/08\/Consular-Service-image.jpg","datePublished":"2021-09-15T07:52:54+00:00","dateModified":"2021-09-28T07:55:14+00:00","breadcrumb":{"@id":"https:\/\/dominicaconsulateinvietnam.org\/vi\/consular-services\/how-do-i-apply-for-a-residency-permit\/#breadcrumb"},"inLanguage":"vi-VN","potentialAction":[{"@type":"ReadAction","target":["https:\/\/dominicaconsulateinvietnam.org\/vi\/consular-services\/how-do-i-apply-for-a-residency-permit\/"]}]},{"@type":"ImageObject","inLanguage":"vi-VN","@id":"https:\/\/dominicaconsulateinvietnam.org\/vi\/consular-services\/how-do-i-apply-for-a-residency-permit\/#primaryimage","url":"https:\/\/dominicaconsulateinvietnam.org\/wp-content\/uploads\/2021\/08\/Consular-Service-image.jpg","contentUrl":"https:\/\/dominicaconsulateinvietnam.org\/wp-content\/uploads\/2021\/08\/Consular-Service-image.jpg","width":1600,"height":700},{"@type":"BreadcrumbList","@id":"https:\/\/dominicaconsulateinvietnam.org\/vi\/consular-services\/how-do-i-apply-for-a-residency-permit\/#breadcrumb","itemListElement":[{"@type":"ListItem","position":1,"name":"Home","item":"https:\/\/dominicaconsulateinvietnam.org\/vi\/"},{"@type":"ListItem","position":2,"name":"D\u1ecbch v\u1ee5 l\u00e3nh s\u1ef1","item":"https:\/\/dominicaconsulateinvietnam.org\/vi\/consular-services\/"},{"@type":"ListItem","position":3,"name":"L\u00e0m c\u00e1ch n\u00e0o \u0111\u1ec3 xin gi\u1ea5y ph\u00e9p c\u01b0 tr\u00fa?"}]},{"@type":"WebSite","@id":"https:\/\/dominicaconsulateinvietnam.org\/#website","url":"https:\/\/dominicaconsulateinvietnam.org\/","name":"Consulate General of The Commonwealth of Dominica in Ho Chi Minh City","description":"The Consulate is focused on maintaining, and strengthening these international relationships, and on increasing the profile of Dominica within the international community","potentialAction":[{"@type":"SearchAction","target":{"@type":"EntryPoint","urlTemplate":"https:\/\/dominicaconsulateinvietnam.org\/?s={search_term_string}"},"query-input":{"@type":"PropertyValueSpecification","valueRequired":true,"valueName":"search_term_string"}}],"inLanguage":"vi-VN"}]}},"_links":{"self":[{"href":"https:\/\/dominicaconsulateinvietnam.org\/vi\/wp-json\/wp\/v2\/pages\/8295","targetHints":{"allow":["GET"]}}],"collection":[{"href":"https:\/\/dominicaconsulateinvietnam.org\/vi\/wp-json\/wp\/v2\/pages"}],"about":[{"href":"https:\/\/dominicaconsulateinvietnam.org\/vi\/wp-json\/wp\/v2\/types\/page"}],"author":[{"embeddable":true,"href":"https:\/\/dominicaconsulateinvietnam.org\/vi\/wp-json\/wp\/v2\/users\/1"}],"replies":[{"embeddable":true,"href":"https:\/\/dominicaconsulateinvietnam.org\/vi\/wp-json\/wp\/v2\/comments?post=8295"}],"version-history":[{"count":9,"href":"https:\/\/dominicaconsulateinvietnam.org\/vi\/wp-json\/wp\/v2\/pages\/8295\/revisions"}],"predecessor-version":[{"id":8727,"href":"https:\/\/dominicaconsulateinvietnam.org\/vi\/wp-json\/wp\/v2\/pages\/8295\/revisions\/8727"}],"up":[{"embeddable":true,"href":"https:\/\/dominicaconsulateinvietnam.org\/vi\/wp-json\/wp\/v2\/pages\/8275"}],"wp:featuredmedia":[{"embeddable":true,"href":"https:\/\/dominicaconsulateinvietnam.org\/vi\/wp-json\/wp\/v2\/media\/8276"}],"wp:attachment":[{"href":"https:\/\/dominicaconsulateinvietnam.org\/vi\/wp-json\/wp\/v2\/media?parent=8295"}],"curies":[{"name":"wp","href":"https:\/\/api.w.org\/{rel}","templated":true}]}}