{"id":8292,"date":"2021-09-15T07:22:26","date_gmt":"2021-09-15T07:22:26","guid":{"rendered":"https:\/\/dominicaconsulateinvietnam.org\/consular-services\/lam-cach-nao-de-xin-ho-chieu\/"},"modified":"2021-09-28T07:54:38","modified_gmt":"2021-09-28T07:54:38","slug":"lam-cach-nao-de-xin-ho-chieu","status":"publish","type":"page","link":"https:\/\/dominicaconsulateinvietnam.org\/vi\/consular-services\/lam-cach-nao-de-xin-ho-chieu\/","title":{"rendered":"L\u00e0m c\u00e1ch n\u00e0o \u0111\u1ec3 xin h\u1ed9 chi\u1ebfu?"},"content":{"rendered":"<section class=\"l-section wpb_row height_auto\"><div class=\"l-section-h i-cf\"><div class=\"g-cols vc_row via_flex valign_top type_default stacking_default\"><div class=\"vc_col-sm-12 wpb_column vc_column_container\"><div class=\"vc_column-inner\"><div class=\"wpb_wrapper\"><div class=\"wpb_text_column\"><div class=\"wpb_wrapper\"><h3>C\u1ed9ng \u0111\u1ed3ng Th\u1ecbnh v\u01b0\u1ee3ng Dominica &#8211; Y\u00eau c\u1ea7u v\u1ec1 \u0110\u01a1n xin c\u1ea5p H\u1ed9 chi\u1ebfu<\/h3>\n<p>T\u1ea5t c\u1ea3 c\u00e1c h\u1ed9 chi\u1ebfu \u0111\u1ec1u \u0111\u01b0\u1ee3c c\u1ea5p \u1edf Dominica. H\u1ed3 s\u01a1 \u0111\u01b0\u1ee3c x\u1eed l\u00fd t\u1ea1i L\u00e3nh s\u1ef1 qu\u00e1n Dominica t\u1ea1i Th\u00e0nh ph\u1ed1 H\u1ed3 Ch\u00ed Minh v\u00e0 \u0111\u01b0\u1ee3c chuy\u1ec3n \u0111\u1ebfn V\u0103n ph\u00f2ng H\u1ed9 chi\u1ebfu t\u1ea1i Dominica \u0111\u1ec3 in. H\u1ed9 chi\u1ebfu \u0111\u01b0\u1ee3c tr\u1ea3 l\u1ea1i cho L\u00e3nh s\u1ef1 qu\u00e1n Dominica t\u1ea1i Th\u00e0nh ph\u1ed1 H\u1ed3 Ch\u00ed Minh \u0111\u1ec3 nh\u1eadn \/ g\u1eedi \u0111i.<\/p>\n<h3>Y\u00eau c\u1ea7u \u0111\u1ec3 xin H\u1ed9 chi\u1ebfu Dominica<\/h3>\n<ol>\n<li><a href=\"https:\/\/dominicaconsulateinvietnam.org\/wp-content\/uploads\/2021\/09\/Passport-Application-Form_Dominica.pdf\">M\u1eabu \u0111\u01a1n \u0111\u00e3 ho\u00e0n th\u00e0nh<\/a> (PDF, 203 KB)<\/li>\n<li>H\u00ecnh \u1ea3nh<\/li>\n<li>Nh\u1eefng \u0111i\u1ec1u sau \u0111\u00e2y l\u00e0 b\u1eaft bu\u1ed9c:\n<ul>\n<li>Y\u00eau c\u1ea7u 2 \u1ea3nh: (QUAN TR\u1eccNG L\u01b0u \u00fd k\u00edch th\u01b0\u1edbc \u1ea3nh ch\u00ednh x\u00e1c)<\/li>\n<li>\u1ea2nh kh\u00f4ng qu\u00e1 s\u00e1u th\u00e1ng v\u00e0 c\u00f3 k\u00edch th\u01b0\u1edbc chi\u1ec1u cao 45mm x chi\u1ec1u r\u1ed9ng 38mm ho\u1eb7c (1 3\/4 \u2033 x 1 1\/2 \u2033).<\/li>\n<li>H\u00ecnh \u1ea3nh ph\u1ea3i c\u00e1ch m\u00e9p tr\u00ean t\u1eeb 3 \u0111\u1ebfn 5mm v\u00e0 c\u00e1ch m\u00e9p d\u01b0\u1edbi 10 \u0111\u1ebfn 12mm v\u00e0 cho th\u1ea5y c\u1eadn c\u1ea3nh \u0111\u1ea7u v\u00e0 \u0111\u1ec9nh vai c\u1ee7a ng\u01b0\u1eddi n\u1ed9p \u0111\u01a1n.<\/li>\n<li>Khu\u00f4n m\u1eb7t nh\u00ecn th\u1eb3ng v\u00e0o m\u00e1y \u1ea3nh v\u1edbi c\u1ea3 hai tai v\u00e0 ph\u1ea3i chi\u1ebfm 70-80 ph\u1ea7n tr\u0103m chi\u1ec1u d\u1ecdc c\u1ee7a h\u00ecnh \u1ea3nh.<\/li>\n<li>\u1ea2nh in tr\u00ean gi\u1ea5y ch\u1ea5t l\u01b0\u1ee3ng cao, \u0111\u1ed9 ph\u00e2n gi\u1ea3i cao.<\/li>\n<li>\u1ea2nh kh\u00f4ng \u0111\u01b0\u1ee3c th\u1eeba s\u00e1ng c\u0169ng kh\u00f4ng \u0111\u01b0\u1ee3c thi\u1ebfu s\u00e1ng.<\/li>\n<li>Kh\u00f4ng c\u00f3 b\u00f3ng. M\u00e0u n\u1ec1n n\u00ean l\u00e0 tr\u1eafng, x\u00e1m nh\u1ea1t, xanh lam nh\u1ea1t, n\u00e2u nh\u1ea1t, be.<\/li>\n<li>Ph\u1ea3i c\u00f3 s\u1ef1 t\u01b0\u01a1ng ph\u1ea3n gi\u1eefa h\u00ecnh \u1ea3nh v\u00e0 n\u1ec1n, v\u00ed d\u1ee5: kh\u00f4ng c\u00f3 \u00e1o s\u01a1 mi tr\u1eafng tr\u00ean n\u1ec1n tr\u1eafng, v.v.<\/li>\n<li>Kh\u00f4ng c\u00f3 \u00e1o c\u1ed9c tay ho\u1eb7c \u00e1o ba l\u1ed7. V\u00f9ng ng\u1ef1c ph\u1ea3i \u0111\u01b0\u1ee3c che ph\u1ee7.<\/li>\n<li>Kh\u00f4ng c\u00f3 k\u00ednh r\u00e2m ho\u1eb7c k\u00ednh r\u00e2m.<\/li>\n<li>Kh\u00f4ng c\u00f3 ph\u1ea3n x\u1ea1 \u00e1nh s\u00e1ng tr\u00ean k\u00ednh.<\/li>\n<li>Kh\u00f4ng che \u0111\u1ea7u tr\u1eeb tr\u01b0\u1eddng h\u1ee3p ng\u01b0\u1eddi theo \u0111\u1ea1o H\u1ed3i (Ph\u1ea3i l\u1ed9 c\u1ea3 tai v\u00e0 tr\u00e1n).<\/li>\n<li>Kh\u00f4ng c\u00f3 h\u00ecnh in \u0111\u1eadm, ho\u1eb7c \u00e1o s\u01a1 mi qu\u00e2n \u0111\u1ed9i, ho\u1eb7c r\u1eb1n ri.<\/li>\n<li>N\u00e9t m\u1eb7t ph\u1ea3i trung t\u00ednh. (Ng\u01b0\u1eddi c\u00f3 th\u1ec3 m\u1ec9m c\u01b0\u1eddi nh\u01b0ng mi\u1ec7ng kh\u00f4ng \u0111\u01b0\u1ee3c m\u1edf)<\/li>\n<li>B\u1ea3n ch\u00ednh v\u00e0 b\u1ea3n sao gi\u1ea5y khai sinh ho\u1eb7c b\u1ea3n ch\u00ednh gi\u1ea5y ch\u1ee9ng nh\u1eadn nh\u1eadp qu\u1ed1c t\u1ecbch.<\/li>\n<li>Nh\u1eefng ng\u01b0\u1eddi n\u1ed9p \u0111\u01a1n l\u1ea7n \u0111\u1ea7u ph\u1ea3i \u0111\u01b0\u1ee3c ph\u1ecfng v\u1ea5n. Ng\u01b0\u1eddi n\u1ed9p \u0111\u01a1n n\u00ean g\u1ecdi \u0111\u1ebfn L\u00e3nh s\u1ef1 qu\u00e1n Dominica t\u1ea1i Athens, Hy L\u1ea1p theo s\u1ed1 +30 210 36 27 889 \u0111\u1ec3 s\u1eafp x\u1ebfp m\u1ed9t cu\u1ed9c h\u1eb9n.<\/li>\n<li>Ng\u01b0\u1eddi \u0111\u1ebfn nh\u1eadn h\u1ed9 chi\u1ebfu thay m\u1eb7t ng\u01b0\u1eddi n\u1ed9p h\u1ed3 s\u01a1 ph\u1ea3i c\u00f3 gi\u1ea5y \u1ee7y quy\u1ec1n (c\u00f3 s\u1ef1 ch\u1ee9ng ki\u1ebfn c\u1ee7a C\u00f4ng ch\u1ee9ng vi\u00ean) c\u1ee7a ng\u01b0\u1eddi n\u1ed9p h\u1ed3 s\u01a1.<\/li>\n<li>\u0110i\u1ec1u n\u00e0y \u00e1p d\u1ee5ng ngay c\u1ea3 khi ng\u01b0\u1eddi n\u1ed9p \u0111\u01a1n thay m\u1eb7t cho ng\u01b0\u1eddi n\u1ed9p \u0111\u01a1n.<\/li>\n<\/ul>\n<\/li>\n<\/ol>\n<h3>H\u1ed9 chi\u1ebfu Dominica b\u1ecb m\u1ea5t, b\u1ecb h\u1ecfng ho\u1eb7c b\u1ecb \u0111\u00e1nh c\u1eafp<\/h3>\n<p>Y\u00eau c\u1ea7u \u0111\u1ed1i v\u1edbi vi\u1ec7c xin c\u1ea5p h\u1ed9 chi\u1ebfu m\u1edbi v\u1edbi l\u00fd do h\u1ed9 chi\u1ebfu tr\u01b0\u1edbc \u0111\u00f3 \u0111\u00e3 b\u1ecb m\u1ea5t, b\u1ecb \u0111\u00e1nh c\u1eafp ho\u1eb7c b\u1ecb h\u01b0 h\u1ecfng:<\/p>\n<ul>\n<li>Gi\u1ea5y x\u00e1c nh\u1eadn c\u1ee7a c\u1ea3nh s\u00e1t b\u00e1o m\u1ea5t h\u1ed9 chi\u1ebfu. N\u1ebfu c\u00f3 th\u1ec3, c\u1ea7n c\u00f3 b\u1ea3n d\u1ecbch ti\u1ebfng Anh ch\u00ednh th\u1ee9c c\u1ee7a b\u00e1o c\u00e1o c\u1ea3nh s\u00e1t.<\/li>\n<li>M\u1ed9t b\u00e1o c\u00e1o ph\u1ea3i \u0111\u01b0\u1ee3c n\u1ed9p cho C\u1ea3nh s\u00e1t C\u1ed9ng \u0111\u1ed3ng Th\u1ecbnh v\u01b0\u1ee3ng Dominica, Tr\u1ee5 s\u1edf C\u1ea3nh s\u00e1t, Roseau, C\u1ed9ng \u0111\u1ed3ng Th\u1ecbnh v\u01b0\u1ee3ng Dominica.<\/li>\n<\/ul>\n<p>\u0110i\u1ec7n tho\u1ea1i +1 767 448 2222<br \/>\nFax +1 767 4486204<br \/>\nEmail: <a href=\"mailto:dompol@cwdom.dm\">dompol@cwdom.dm<\/a>.<\/p>\n<p>Vui l\u00f2ng ghi t\u00ean c\u1ee7a nh\u00e2n vi\u00ean v\u00e0o bi\u00ean b\u1ea3n \u0111\u00e3 \u0111\u01b0\u1ee3c th\u1ef1c hi\u1ec7n v\u00e0o m\u1eabu \u0111\u01a1n xin c\u1ea5p h\u1ed9 chi\u1ebfu t\u1ea1i M\u1ee5c 10.<\/p>\n<p>Tuy\u00ean b\u1ed1 ph\u00e1p l\u00fd c\u00f3 hi\u1ec7u l\u1ef1c \u0111\u00f3, c\u00f3 s\u1ef1 ch\u1ee9ng ki\u1ebfn c\u1ee7a C\u00f4ng ch\u1ee9ng vi\u00ean ho\u1eb7c \u1ee6y vi\u00ean Tuy\u00ean th\u1ec7 (c\u00f3 th\u1ec3 l\u1ea5y b\u1ea3n sao c\u1ee7a tuy\u00ean b\u1ed1 m\u1eabu t\u1eeb L\u00e3nh s\u1ef1 qu\u00e1n ho\u1eb7c t\u1ea3i xu\u1ed1ng t\u1ea1i \u0111\u00e2y).<\/p>\n<p>M\u1ee5c 8:<\/p>\n<p>Ph\u1ea7n n\u00e0y ph\u1ea3i \u0111\u01b0\u1ee3c ho\u00e0n th\u00e0nh b\u1edfi m\u1ed9t ng\u01b0\u1eddi \u0111\u01b0\u1ee3c ch\u1ea5p nh\u1eadn, ng\u01b0\u1eddi \u0111\u00e3 bi\u1ebft ng\u01b0\u1eddi n\u1ed9p \u0111\u01a1n \u00edt nh\u1ea5t 2 n\u0103m. C\u00e1c ng\u00e0nh ngh\u1ec1 \u0111\u01b0\u1ee3c ch\u1ea5p nh\u1eadn \u0111\u01b0\u1ee3c li\u1ec7t k\u00ea \u1edf m\u1eb7t tr\u01b0\u1edbc c\u1ee7a \u0111\u01a1n \u0111\u0103ng k\u00fd.<\/p>\n<p>B\u1ea3n ch\u00ednh gi\u1ea5y khai sinh c\u1ee7a \u0111\u01b0\u01a1ng \u0111\u01a1n ho\u1eb7c Gi\u1ea5y ch\u1ee9ng nh\u1eadn nh\u1eadp t\u1ecbch (n\u1ebfu c\u00f3).<\/p>\n<p>\u0110\u01a1n xin c\u1ea5p h\u1ed9 chi\u1ebfu \u0111\u00e3 \u0111i\u1ec1n \u0111\u1ea7y \u0111\u1ee7 th\u00f4ng tin (m\u1eabu c\u00f3 th\u1ec3 t\u1ea3i xu\u1ed1ng).<\/p>\n<p>T\u1ea5t c\u1ea3 c\u00e1c t\u00e0i li\u1ec7u ph\u1ea3i b\u1eb1ng ti\u1ebfng Anh. C\u00e1c t\u00e0i li\u1ec7u b\u1eb1ng ng\u00f4n ng\u1eef kh\u00e1c ph\u1ea3i \u0111\u01b0\u1ee3c k\u00e8m theo b\u1ea3n d\u1ecbch ti\u1ebfng Anh ch\u00ednh th\u1ee9c.<\/p>\n<p>Chi ph\u00ed \u0111\u0103ng k\u00fd h\u1ed9 chi\u1ebfu Dominica<\/p>\n<p>\u0110\u1ec3 tr\u00e1nh b\u1ecb ch\u1eadm tr\u1ec5, ng\u01b0\u1eddi n\u1ed9p \u0111\u01a1n \u0111\u01b0\u1ee3c y\u00eau c\u1ea7u thanh to\u00e1n cho L\u00e3nh s\u1ef1 qu\u00e1n Dominica. L\u1ec7 ph\u00ed xin c\u1ea5p h\u1ed9 chi\u1ebfu &#8211; \u0111\u01b0\u1ee3c n\u1ed9p t\u1ea1i Kho b\u1ea1c Ch\u00ednh ph\u1ee7 v\u00e0 bi\u00ean lai \u0111\u01b0\u1ee3c n\u1ed9p c\u00f9ng v\u1edbi \u0111\u01a1n \u0111\u0103ng k\u00fd. Vui l\u00f2ng xem b\u00ean d\u01b0\u1edbi \u0111\u1ec3 bi\u1ebft b\u1ea3ng ph\u00e2n t\u00edch c\u00e1c kho\u1ea3n ph\u00ed kh\u00e1c nhau c\u00f3 li\u00ean quan:<\/p>\n<ul>\n<li style=\"list-style-type: none;\">\n<ul>\n<li>Tr\u1ebb em d\u01b0\u1edbi 16 tu\u1ed5i: EC $ 50,00<\/li>\n<li>Ng\u01b0\u1eddi l\u1edbn (16 tu\u1ed5i): $ 100,00<\/li>\n<li>H\u1ed9 chi\u1ebfu b\u1ecb m\u1ea5t \/ b\u1ecb \u0111\u00e1nh c\u1eafp: Ph\u00ed ph\u1ea1t $ 400.00 ngo\u00e0i ph\u00ed \u0111\u0103ng k\u00fd.\n<ul>Bi\u00ean lai kho b\u1ea1c l\u00e0m b\u1eb1ng ch\u1ee9ng thanh to\u00e1n l\u1ec7 ph\u00ed n\u1ed9p h\u1ed3 s\u01a1.<\/ul>\n<\/li>\n<\/ul>\n<\/li>\n<\/ul>\n<p>Th\u1eddi gian x\u1eed l\u00fd th\u00f4ng th\u01b0\u1eddng \u0111\u1ed1i v\u1edbi h\u1ed9 chi\u1ebfu l\u00e0 hai (2) tu\u1ea7n.<\/p>\n<p>Trong tr\u01b0\u1eddng h\u1ee3p kh\u1ea9n c\u1ea5p, v\u00ed d\u1ee5, trong tr\u01b0\u1eddng h\u1ee3p b\u1ecb \u1ed1m, h\u1ed9 chi\u1ebfu c\u00f3 th\u1ec3 \u0111\u01b0\u1ee3c x\u1eed l\u00fd g\u1ea7n nh\u01b0 ngay l\u1eadp t\u1ee9c, ho\u1eb7c trong v\u00f2ng hai \u0111\u1ebfn ba ng\u00e0y l\u00e0m vi\u1ec7c.<br \/>\n\u0110\u00f3ng d\u1ea5u kh\u00f4ng c\u00f2n c\u1ea7n thi\u1ebft cho c\u00e1c \u1ee9ng d\u1ee5ng h\u1ed9 chi\u1ebfu.<\/p>\n<h3>Li\u00ean h\u1ec7 v\u1edbi S\u1edf Di tr\u00fa v\u00e0 H\u1ed9 chi\u1ebfu Dominica<\/h3>\n<p>C\u1ee5c qu\u1ea3n l\u00fd xu\u1ea5t nh\u1eadp c\u1ea3nh<br \/>\nTr\u1ee5 s\u1edf c\u1ea3nh s\u00e1t<br \/>\n\u0110\u01b0\u1eddng Bath<br \/>\nRoseau<br \/>\nC\u1ed9ng \u0111\u1ed3ng Th\u1ecbnh v\u01b0\u1ee3ng Dominica<br \/>\n\u0110i\u1ec7n tho\u1ea1i: (767) 266 5159<br \/>\nFax: (767) 448 6204<br \/>\nE-mail: <a href=\"mailto:dompol@cwdom.dm\">dompol@cwdom.dm<\/a><\/p>\n<\/div><\/div><\/div><\/div><\/div><\/div><\/div><\/section>\n","protected":false},"excerpt":{"rendered":"C\u1ed9ng \u0111\u1ed3ng Th\u1ecbnh v\u01b0\u1ee3ng Dominica &#8211; Y\u00eau c\u1ea7u v\u1ec1 \u0110\u01a1n xin c\u1ea5p H\u1ed9 chi\u1ebfu T\u1ea5t c\u1ea3 c\u00e1c h\u1ed9 chi\u1ebfu \u0111\u1ec1u \u0111\u01b0\u1ee3c c\u1ea5p \u1edf Dominica. H\u1ed3 s\u01a1 \u0111\u01b0\u1ee3c x\u1eed l\u00fd t\u1ea1i L\u00e3nh s\u1ef1 qu\u00e1n Dominica t\u1ea1i Th\u00e0nh ph\u1ed1 H\u1ed3 Ch\u00ed Minh v\u00e0 \u0111\u01b0\u1ee3c chuy\u1ec3n \u0111\u1ebfn V\u0103n ph\u00f2ng H\u1ed9 chi\u1ebfu t\u1ea1i Dominica \u0111\u1ec3 in. H\u1ed9 chi\u1ebfu \u0111\u01b0\u1ee3c...","protected":false},"author":1,"featured_media":8276,"parent":8275,"menu_order":0,"comment_status":"closed","ping_status":"closed","template":"","meta":{"_acf_changed":false,"footnotes":""},"class_list":["post-8292","page","type-page","status-publish","has-post-thumbnail","hentry"],"acf":[],"yoast_head":"<!-- This site is optimized with the Yoast SEO plugin v27.2 - https:\/\/yoast.com\/product\/yoast-seo-wordpress\/ -->\n<title>L\u00e0m c\u00e1ch n\u00e0o \u0111\u1ec3 xin h\u1ed9 chi\u1ebfu? - Consulate General of The Commonwealth of Dominica in Ho Chi Minh City<\/title>\n<meta name=\"robots\" content=\"index, follow, max-snippet:-1, max-image-preview:large, max-video-preview:-1\" \/>\n<link rel=\"canonical\" href=\"https:\/\/dominicaconsulateinvietnam.org\/vi\/consular-services\/lam-cach-nao-de-xin-ho-chieu\/\" \/>\n<meta property=\"og:locale\" content=\"vi_VN\" \/>\n<meta property=\"og:type\" content=\"article\" \/>\n<meta property=\"og:title\" content=\"L\u00e0m c\u00e1ch n\u00e0o \u0111\u1ec3 xin h\u1ed9 chi\u1ebfu? - Consulate General of The Commonwealth of Dominica in Ho Chi Minh City\" \/>\n<meta property=\"og:url\" content=\"https:\/\/dominicaconsulateinvietnam.org\/vi\/consular-services\/lam-cach-nao-de-xin-ho-chieu\/\" \/>\n<meta property=\"og:site_name\" content=\"Consulate General of The Commonwealth of Dominica in Ho Chi Minh City\" \/>\n<meta property=\"article:modified_time\" content=\"2021-09-28T07:54:38+00:00\" \/>\n<meta property=\"og:image\" content=\"https:\/\/dominicaconsulateinvietnam.org\/wp-content\/uploads\/2021\/08\/Consular-Service-image.jpg\" \/>\n\t<meta property=\"og:image:width\" content=\"1600\" \/>\n\t<meta property=\"og:image:height\" content=\"700\" \/>\n\t<meta property=\"og:image:type\" content=\"image\/jpeg\" \/>\n<meta name=\"twitter:card\" content=\"summary_large_image\" \/>\n<meta name=\"twitter:label1\" content=\"Est. reading time\" \/>\n\t<meta name=\"twitter:data1\" content=\"7 minutes\" \/>\n<script type=\"application\/ld+json\" class=\"yoast-schema-graph\">{\"@context\":\"https:\/\/schema.org\",\"@graph\":[{\"@type\":\"WebPage\",\"@id\":\"https:\/\/dominicaconsulateinvietnam.org\/vi\/consular-services\/lam-cach-nao-de-xin-ho-chieu\/\",\"url\":\"https:\/\/dominicaconsulateinvietnam.org\/vi\/consular-services\/lam-cach-nao-de-xin-ho-chieu\/\",\"name\":\"L\u00e0m c\u00e1ch n\u00e0o \u0111\u1ec3 xin h\u1ed9 chi\u1ebfu? - Consulate General of The Commonwealth of Dominica in Ho Chi Minh City\",\"isPartOf\":{\"@id\":\"https:\/\/dominicaconsulateinvietnam.org\/#website\"},\"primaryImageOfPage\":{\"@id\":\"https:\/\/dominicaconsulateinvietnam.org\/vi\/consular-services\/lam-cach-nao-de-xin-ho-chieu\/#primaryimage\"},\"image\":{\"@id\":\"https:\/\/dominicaconsulateinvietnam.org\/vi\/consular-services\/lam-cach-nao-de-xin-ho-chieu\/#primaryimage\"},\"thumbnailUrl\":\"https:\/\/dominicaconsulateinvietnam.org\/wp-content\/uploads\/2021\/08\/Consular-Service-image.jpg\",\"datePublished\":\"2021-09-15T07:22:26+00:00\",\"dateModified\":\"2021-09-28T07:54:38+00:00\",\"breadcrumb\":{\"@id\":\"https:\/\/dominicaconsulateinvietnam.org\/vi\/consular-services\/lam-cach-nao-de-xin-ho-chieu\/#breadcrumb\"},\"inLanguage\":\"vi-VN\",\"potentialAction\":[{\"@type\":\"ReadAction\",\"target\":[\"https:\/\/dominicaconsulateinvietnam.org\/vi\/consular-services\/lam-cach-nao-de-xin-ho-chieu\/\"]}]},{\"@type\":\"ImageObject\",\"inLanguage\":\"vi-VN\",\"@id\":\"https:\/\/dominicaconsulateinvietnam.org\/vi\/consular-services\/lam-cach-nao-de-xin-ho-chieu\/#primaryimage\",\"url\":\"https:\/\/dominicaconsulateinvietnam.org\/wp-content\/uploads\/2021\/08\/Consular-Service-image.jpg\",\"contentUrl\":\"https:\/\/dominicaconsulateinvietnam.org\/wp-content\/uploads\/2021\/08\/Consular-Service-image.jpg\",\"width\":1600,\"height\":700},{\"@type\":\"BreadcrumbList\",\"@id\":\"https:\/\/dominicaconsulateinvietnam.org\/vi\/consular-services\/lam-cach-nao-de-xin-ho-chieu\/#breadcrumb\",\"itemListElement\":[{\"@type\":\"ListItem\",\"position\":1,\"name\":\"Home\",\"item\":\"https:\/\/dominicaconsulateinvietnam.org\/vi\/\"},{\"@type\":\"ListItem\",\"position\":2,\"name\":\"D\u1ecbch v\u1ee5 l\u00e3nh s\u1ef1\",\"item\":\"https:\/\/dominicaconsulateinvietnam.org\/vi\/consular-services\/\"},{\"@type\":\"ListItem\",\"position\":3,\"name\":\"L\u00e0m c\u00e1ch n\u00e0o \u0111\u1ec3 xin h\u1ed9 chi\u1ebfu?\"}]},{\"@type\":\"WebSite\",\"@id\":\"https:\/\/dominicaconsulateinvietnam.org\/#website\",\"url\":\"https:\/\/dominicaconsulateinvietnam.org\/\",\"name\":\"Consulate General of The Commonwealth of Dominica in Ho Chi Minh City\",\"description\":\"The Consulate is focused on maintaining, and strengthening these international relationships, and on increasing the profile of Dominica within the international community\",\"potentialAction\":[{\"@type\":\"SearchAction\",\"target\":{\"@type\":\"EntryPoint\",\"urlTemplate\":\"https:\/\/dominicaconsulateinvietnam.org\/?s={search_term_string}\"},\"query-input\":{\"@type\":\"PropertyValueSpecification\",\"valueRequired\":true,\"valueName\":\"search_term_string\"}}],\"inLanguage\":\"vi-VN\"}]}<\/script>\n<!-- \/ Yoast SEO plugin. -->","yoast_head_json":{"title":"L\u00e0m c\u00e1ch n\u00e0o \u0111\u1ec3 xin h\u1ed9 chi\u1ebfu? - Consulate General of The Commonwealth of Dominica in Ho Chi Minh City","robots":{"index":"index","follow":"follow","max-snippet":"max-snippet:-1","max-image-preview":"max-image-preview:large","max-video-preview":"max-video-preview:-1"},"canonical":"https:\/\/dominicaconsulateinvietnam.org\/vi\/consular-services\/lam-cach-nao-de-xin-ho-chieu\/","og_locale":"vi_VN","og_type":"article","og_title":"L\u00e0m c\u00e1ch n\u00e0o \u0111\u1ec3 xin h\u1ed9 chi\u1ebfu? - Consulate General of The Commonwealth of Dominica in Ho Chi Minh City","og_url":"https:\/\/dominicaconsulateinvietnam.org\/vi\/consular-services\/lam-cach-nao-de-xin-ho-chieu\/","og_site_name":"Consulate General of The Commonwealth of Dominica in Ho Chi Minh City","article_modified_time":"2021-09-28T07:54:38+00:00","og_image":[{"width":1600,"height":700,"url":"https:\/\/dominicaconsulateinvietnam.org\/wp-content\/uploads\/2021\/08\/Consular-Service-image.jpg","type":"image\/jpeg"}],"twitter_card":"summary_large_image","twitter_misc":{"Est. reading time":"7 minutes"},"schema":{"@context":"https:\/\/schema.org","@graph":[{"@type":"WebPage","@id":"https:\/\/dominicaconsulateinvietnam.org\/vi\/consular-services\/lam-cach-nao-de-xin-ho-chieu\/","url":"https:\/\/dominicaconsulateinvietnam.org\/vi\/consular-services\/lam-cach-nao-de-xin-ho-chieu\/","name":"L\u00e0m c\u00e1ch n\u00e0o \u0111\u1ec3 xin h\u1ed9 chi\u1ebfu? - Consulate General of The Commonwealth of Dominica in Ho Chi Minh City","isPartOf":{"@id":"https:\/\/dominicaconsulateinvietnam.org\/#website"},"primaryImageOfPage":{"@id":"https:\/\/dominicaconsulateinvietnam.org\/vi\/consular-services\/lam-cach-nao-de-xin-ho-chieu\/#primaryimage"},"image":{"@id":"https:\/\/dominicaconsulateinvietnam.org\/vi\/consular-services\/lam-cach-nao-de-xin-ho-chieu\/#primaryimage"},"thumbnailUrl":"https:\/\/dominicaconsulateinvietnam.org\/wp-content\/uploads\/2021\/08\/Consular-Service-image.jpg","datePublished":"2021-09-15T07:22:26+00:00","dateModified":"2021-09-28T07:54:38+00:00","breadcrumb":{"@id":"https:\/\/dominicaconsulateinvietnam.org\/vi\/consular-services\/lam-cach-nao-de-xin-ho-chieu\/#breadcrumb"},"inLanguage":"vi-VN","potentialAction":[{"@type":"ReadAction","target":["https:\/\/dominicaconsulateinvietnam.org\/vi\/consular-services\/lam-cach-nao-de-xin-ho-chieu\/"]}]},{"@type":"ImageObject","inLanguage":"vi-VN","@id":"https:\/\/dominicaconsulateinvietnam.org\/vi\/consular-services\/lam-cach-nao-de-xin-ho-chieu\/#primaryimage","url":"https:\/\/dominicaconsulateinvietnam.org\/wp-content\/uploads\/2021\/08\/Consular-Service-image.jpg","contentUrl":"https:\/\/dominicaconsulateinvietnam.org\/wp-content\/uploads\/2021\/08\/Consular-Service-image.jpg","width":1600,"height":700},{"@type":"BreadcrumbList","@id":"https:\/\/dominicaconsulateinvietnam.org\/vi\/consular-services\/lam-cach-nao-de-xin-ho-chieu\/#breadcrumb","itemListElement":[{"@type":"ListItem","position":1,"name":"Home","item":"https:\/\/dominicaconsulateinvietnam.org\/vi\/"},{"@type":"ListItem","position":2,"name":"D\u1ecbch v\u1ee5 l\u00e3nh s\u1ef1","item":"https:\/\/dominicaconsulateinvietnam.org\/vi\/consular-services\/"},{"@type":"ListItem","position":3,"name":"L\u00e0m c\u00e1ch n\u00e0o \u0111\u1ec3 xin h\u1ed9 chi\u1ebfu?"}]},{"@type":"WebSite","@id":"https:\/\/dominicaconsulateinvietnam.org\/#website","url":"https:\/\/dominicaconsulateinvietnam.org\/","name":"Consulate General of The Commonwealth of Dominica in Ho Chi Minh City","description":"The Consulate is focused on maintaining, and strengthening these international relationships, and on increasing the profile of Dominica within the international community","potentialAction":[{"@type":"SearchAction","target":{"@type":"EntryPoint","urlTemplate":"https:\/\/dominicaconsulateinvietnam.org\/?s={search_term_string}"},"query-input":{"@type":"PropertyValueSpecification","valueRequired":true,"valueName":"search_term_string"}}],"inLanguage":"vi-VN"}]}},"_links":{"self":[{"href":"https:\/\/dominicaconsulateinvietnam.org\/vi\/wp-json\/wp\/v2\/pages\/8292","targetHints":{"allow":["GET"]}}],"collection":[{"href":"https:\/\/dominicaconsulateinvietnam.org\/vi\/wp-json\/wp\/v2\/pages"}],"about":[{"href":"https:\/\/dominicaconsulateinvietnam.org\/vi\/wp-json\/wp\/v2\/types\/page"}],"author":[{"embeddable":true,"href":"https:\/\/dominicaconsulateinvietnam.org\/vi\/wp-json\/wp\/v2\/users\/1"}],"replies":[{"embeddable":true,"href":"https:\/\/dominicaconsulateinvietnam.org\/vi\/wp-json\/wp\/v2\/comments?post=8292"}],"version-history":[{"count":6,"href":"https:\/\/dominicaconsulateinvietnam.org\/vi\/wp-json\/wp\/v2\/pages\/8292\/revisions"}],"predecessor-version":[{"id":8725,"href":"https:\/\/dominicaconsulateinvietnam.org\/vi\/wp-json\/wp\/v2\/pages\/8292\/revisions\/8725"}],"up":[{"embeddable":true,"href":"https:\/\/dominicaconsulateinvietnam.org\/vi\/wp-json\/wp\/v2\/pages\/8275"}],"wp:featuredmedia":[{"embeddable":true,"href":"https:\/\/dominicaconsulateinvietnam.org\/vi\/wp-json\/wp\/v2\/media\/8276"}],"wp:attachment":[{"href":"https:\/\/dominicaconsulateinvietnam.org\/vi\/wp-json\/wp\/v2\/media?parent=8292"}],"curies":[{"name":"wp","href":"https:\/\/api.w.org\/{rel}","templated":true}]}}