{"id":8289,"date":"2021-09-15T07:15:28","date_gmt":"2021-09-15T07:15:28","guid":{"rendered":"https:\/\/dominicaconsulateinvietnam.org\/consular-services\/lam-cach-nao-de-dang-ky-giay-phep-lai-xe\/"},"modified":"2021-09-15T07:15:28","modified_gmt":"2021-09-15T07:15:28","slug":"lam-cach-nao-de-dang-ky-giay-phep-lai-xe","status":"publish","type":"page","link":"https:\/\/dominicaconsulateinvietnam.org\/vi\/consular-services\/lam-cach-nao-de-dang-ky-giay-phep-lai-xe\/","title":{"rendered":"L\u00e0m c\u00e1ch n\u00e0o \u0111\u1ec3 \u0111\u0103ng k\u00fd Gi\u1ea5y ph\u00e9p L\u00e1i xe?"},"content":{"rendered":"<section class=\"l-section wpb_row height_auto\"><div class=\"l-section-h i-cf\"><div class=\"g-cols vc_row via_flex valign_top type_default stacking_default\"><div class=\"vc_col-sm-12 wpb_column vc_column_container\"><div class=\"vc_column-inner\"><div class=\"wpb_wrapper\"><div class=\"wpb_text_column\"><div class=\"wpb_wrapper\"><h3>T\u1ea1i Dominica, n\u0103m (5) h\u1ea1ng gi\u1ea5y ph\u00e9p l\u00e1i xe \u0111\u01b0\u1ee3c c\u1ea5p:<\/h3>\n<ol>\n<li>H\u1ea1ng A\n<li>H\u1ea1ng B<\/li>\n<li>H\u1ea1ng C<\/li>\n<li>B\u1eb1ng l\u00e1i t\u1ea1m th\u1eddi <\/li>\n<li>B\u1eb1ng l\u00e1i qu\u1ed1c t\u1ebf<\/li>\n<\/ol>\n<p>Nh\u1eefng ng\u01b0\u1eddi \u0111\u0103ng k\u00fd gi\u1ea5y ph\u00e9p l\u00e1i xe Qu\u1ed1c t\u1ebf c\u1ee7a Dominica ph\u1ea3i ho\u00e0n th\u00e0nh \u0111\u01a1n \u0111\u0103ng k\u00fd n\u00eau r\u00f5 h\u1ecd t\u00ean, ng\u00e0y th\u00e1ng n\u0103m sinh, qu\u1ed1c t\u1ecbch v\u00e0 c\u00e1c th\u00f4ng tin li\u00ean quan kh\u00e1c.<\/p>\n<p>H\u1ed9 chi\u1ebfu ho\u1eb7c gi\u1ea5y khai sinh c\u1ee7a ng\u01b0\u1eddi n\u1ed9p \u0111\u01a1n c\u00f9ng v\u1edbi \u0111\u01a1n \u0111\u0103ng k\u00fd \u0111\u00e3 \u0111i\u1ec1n \u0111\u1ea7y \u0111\u1ee7 th\u00f4ng tin \u0111\u01b0\u1ee3c y\u00eau c\u1ea7u \u0111\u1ec3 l\u00e0m th\u1ee7 t\u1ee5c c\u1ea5p b\u1eb1ng l\u00e1i xe.<\/p>\n<h3>B\u1eb1ng ch\u1ee9ng v\u1ec1 H\u1ed3 s\u01a1<\/h3>\n<ul>\n<li>\u0110\u1ecba ch\u1ec9 \u1edf Dominica<\/li>\n<li>B\u1ea3n sao h\u1ed9 chi\u1ebfu<\/li>\n<li>Gi\u1ea5y ch\u1ee9ng nh\u1eadn<\/li>\n<li>Nh\u1eadp t\u1ecbch<\/li>\n<li>Gi\u1ea5y ph\u00e9p l\u00e1i xe qu\u1ed1c gia hi\u1ec7n t\u1ea1i<\/li>\n<li>H\u1ed9 chi\u1ebfu<\/li>\n<li>\u1ea2nh c\u00f3 \u0111\u1ed9 ph\u00e2n gi\u1ea3i t\u1ed1t v\u00e0 n\u1ec1n xanh lam<\/li>\n<li>Ch\u1eef k\u00fd M\u1eabu Dominica<\/li>\n<h3>Gi\u1ea5y ph\u00e9p L\u00e1i xe Qu\u1ed1c t\u1ebf c\u00f3 th\u1eddi h\u1ea1n m\u1ed9t n\u0103m (Y\u00eau c\u1ea7u)<\/h3>\n<ul>\n<li>Ng\u01b0\u1eddi n\u1ed9p \u0111\u01a1n ph\u1ea3i \u00edt nh\u1ea5t m\u01b0\u1eddi t\u00e1m (18) tu\u1ed5i \u0111\u1ec3 \u0111\u0103ng k\u00fd gi\u1ea5y ph\u00e9p l\u00e1i xe c\u01a1 gi\u1edbi v\u00e0 \u00edt nh\u1ea5t m\u01b0\u1eddi b\u1ea3y (17) tu\u1ed5i \u0111\u1ec3 \u0111\u0103ng k\u00fd gi\u1ea5y ph\u00e9p l\u00e1i xe m\u00f4 t\u00f4<\/li>\n<\/ul>\n<p>\u0110\u1ec3 bi\u1ebft th\u00eam th\u00f4ng tin, vui l\u00f2ng li\u00ean h\u1ec7 v\u1edbi ch\u00fang t\u00f4i t\u1ea1i: <a href=\"mailto:consulate@dominicaconsulateinvietnam.org\">consulate@dominicaconsulateinvietnam.org<\/a><\/p>\n<\/div><\/div><\/div><\/div><\/div><\/div><\/div><\/section>\n","protected":false},"excerpt":{"rendered":"T\u1ea1i Dominica, n\u0103m (5) h\u1ea1ng gi\u1ea5y ph\u00e9p l\u00e1i xe \u0111\u01b0\u1ee3c c\u1ea5p: H\u1ea1ng A H\u1ea1ng B H\u1ea1ng C B\u1eb1ng l\u00e1i t\u1ea1m th\u1eddi B\u1eb1ng l\u00e1i qu\u1ed1c t\u1ebf Nh\u1eefng ng\u01b0\u1eddi \u0111\u0103ng k\u00fd gi\u1ea5y ph\u00e9p l\u00e1i xe Qu\u1ed1c t\u1ebf c\u1ee7a Dominica ph\u1ea3i ho\u00e0n th\u00e0nh \u0111\u01a1n \u0111\u0103ng k\u00fd n\u00eau r\u00f5 h\u1ecd t\u00ean, ng\u00e0y th\u00e1ng n\u0103m sinh, qu\u1ed1c t\u1ecbch v\u00e0 c\u00e1c...","protected":false},"author":1,"featured_media":0,"parent":8275,"menu_order":0,"comment_status":"closed","ping_status":"closed","template":"","meta":{"_acf_changed":false,"footnotes":""},"class_list":["post-8289","page","type-page","status-publish","hentry"],"acf":[],"yoast_head":"<!-- This site is optimized with the Yoast SEO plugin v27.2 - https:\/\/yoast.com\/product\/yoast-seo-wordpress\/ -->\n<title>L\u00e0m c\u00e1ch n\u00e0o \u0111\u1ec3 \u0111\u0103ng k\u00fd Gi\u1ea5y ph\u00e9p L\u00e1i xe? - Consulate General of The Commonwealth of Dominica in Ho Chi Minh City<\/title>\n<meta name=\"robots\" content=\"index, follow, max-snippet:-1, max-image-preview:large, max-video-preview:-1\" \/>\n<link rel=\"canonical\" href=\"https:\/\/dominicaconsulateinvietnam.org\/vi\/consular-services\/lam-cach-nao-de-dang-ky-giay-phep-lai-xe\/\" \/>\n<meta property=\"og:locale\" content=\"vi_VN\" \/>\n<meta property=\"og:type\" content=\"article\" \/>\n<meta property=\"og:title\" content=\"L\u00e0m c\u00e1ch n\u00e0o \u0111\u1ec3 \u0111\u0103ng k\u00fd Gi\u1ea5y ph\u00e9p L\u00e1i xe? - Consulate General of The Commonwealth of Dominica in Ho Chi Minh City\" \/>\n<meta property=\"og:url\" content=\"https:\/\/dominicaconsulateinvietnam.org\/vi\/consular-services\/lam-cach-nao-de-dang-ky-giay-phep-lai-xe\/\" \/>\n<meta property=\"og:site_name\" content=\"Consulate General of The Commonwealth of Dominica in Ho Chi Minh City\" \/>\n<meta name=\"twitter:card\" content=\"summary_large_image\" \/>\n<meta name=\"twitter:label1\" content=\"Est. reading time\" \/>\n\t<meta name=\"twitter:data1\" content=\"2 minutes\" \/>\n<script type=\"application\/ld+json\" class=\"yoast-schema-graph\">{\"@context\":\"https:\/\/schema.org\",\"@graph\":[{\"@type\":\"WebPage\",\"@id\":\"https:\/\/dominicaconsulateinvietnam.org\/vi\/consular-services\/lam-cach-nao-de-dang-ky-giay-phep-lai-xe\/\",\"url\":\"https:\/\/dominicaconsulateinvietnam.org\/vi\/consular-services\/lam-cach-nao-de-dang-ky-giay-phep-lai-xe\/\",\"name\":\"L\u00e0m c\u00e1ch n\u00e0o \u0111\u1ec3 \u0111\u0103ng k\u00fd Gi\u1ea5y ph\u00e9p L\u00e1i xe? - Consulate General of The Commonwealth of Dominica in Ho Chi Minh City\",\"isPartOf\":{\"@id\":\"https:\/\/dominicaconsulateinvietnam.org\/#website\"},\"datePublished\":\"2021-09-15T07:15:28+00:00\",\"breadcrumb\":{\"@id\":\"https:\/\/dominicaconsulateinvietnam.org\/vi\/consular-services\/lam-cach-nao-de-dang-ky-giay-phep-lai-xe\/#breadcrumb\"},\"inLanguage\":\"vi-VN\",\"potentialAction\":[{\"@type\":\"ReadAction\",\"target\":[\"https:\/\/dominicaconsulateinvietnam.org\/vi\/consular-services\/lam-cach-nao-de-dang-ky-giay-phep-lai-xe\/\"]}]},{\"@type\":\"BreadcrumbList\",\"@id\":\"https:\/\/dominicaconsulateinvietnam.org\/vi\/consular-services\/lam-cach-nao-de-dang-ky-giay-phep-lai-xe\/#breadcrumb\",\"itemListElement\":[{\"@type\":\"ListItem\",\"position\":1,\"name\":\"Home\",\"item\":\"https:\/\/dominicaconsulateinvietnam.org\/vi\/\"},{\"@type\":\"ListItem\",\"position\":2,\"name\":\"D\u1ecbch v\u1ee5 l\u00e3nh s\u1ef1\",\"item\":\"https:\/\/dominicaconsulateinvietnam.org\/vi\/consular-services\/\"},{\"@type\":\"ListItem\",\"position\":3,\"name\":\"L\u00e0m c\u00e1ch n\u00e0o \u0111\u1ec3 \u0111\u0103ng k\u00fd Gi\u1ea5y ph\u00e9p L\u00e1i xe?\"}]},{\"@type\":\"WebSite\",\"@id\":\"https:\/\/dominicaconsulateinvietnam.org\/#website\",\"url\":\"https:\/\/dominicaconsulateinvietnam.org\/\",\"name\":\"Consulate General of The Commonwealth of Dominica in Ho Chi Minh City\",\"description\":\"The Consulate is focused on maintaining, and strengthening these international relationships, and on increasing the profile of Dominica within the international community\",\"potentialAction\":[{\"@type\":\"SearchAction\",\"target\":{\"@type\":\"EntryPoint\",\"urlTemplate\":\"https:\/\/dominicaconsulateinvietnam.org\/?s={search_term_string}\"},\"query-input\":{\"@type\":\"PropertyValueSpecification\",\"valueRequired\":true,\"valueName\":\"search_term_string\"}}],\"inLanguage\":\"vi-VN\"}]}<\/script>\n<!-- \/ Yoast SEO plugin. -->","yoast_head_json":{"title":"L\u00e0m c\u00e1ch n\u00e0o \u0111\u1ec3 \u0111\u0103ng k\u00fd Gi\u1ea5y ph\u00e9p L\u00e1i xe? - Consulate General of The Commonwealth of Dominica in Ho Chi Minh City","robots":{"index":"index","follow":"follow","max-snippet":"max-snippet:-1","max-image-preview":"max-image-preview:large","max-video-preview":"max-video-preview:-1"},"canonical":"https:\/\/dominicaconsulateinvietnam.org\/vi\/consular-services\/lam-cach-nao-de-dang-ky-giay-phep-lai-xe\/","og_locale":"vi_VN","og_type":"article","og_title":"L\u00e0m c\u00e1ch n\u00e0o \u0111\u1ec3 \u0111\u0103ng k\u00fd Gi\u1ea5y ph\u00e9p L\u00e1i xe? - Consulate General of The Commonwealth of Dominica in Ho Chi Minh City","og_url":"https:\/\/dominicaconsulateinvietnam.org\/vi\/consular-services\/lam-cach-nao-de-dang-ky-giay-phep-lai-xe\/","og_site_name":"Consulate General of The Commonwealth of Dominica in Ho Chi Minh City","twitter_card":"summary_large_image","twitter_misc":{"Est. reading time":"2 minutes"},"schema":{"@context":"https:\/\/schema.org","@graph":[{"@type":"WebPage","@id":"https:\/\/dominicaconsulateinvietnam.org\/vi\/consular-services\/lam-cach-nao-de-dang-ky-giay-phep-lai-xe\/","url":"https:\/\/dominicaconsulateinvietnam.org\/vi\/consular-services\/lam-cach-nao-de-dang-ky-giay-phep-lai-xe\/","name":"L\u00e0m c\u00e1ch n\u00e0o \u0111\u1ec3 \u0111\u0103ng k\u00fd Gi\u1ea5y ph\u00e9p L\u00e1i xe? - Consulate General of The Commonwealth of Dominica in Ho Chi Minh City","isPartOf":{"@id":"https:\/\/dominicaconsulateinvietnam.org\/#website"},"datePublished":"2021-09-15T07:15:28+00:00","breadcrumb":{"@id":"https:\/\/dominicaconsulateinvietnam.org\/vi\/consular-services\/lam-cach-nao-de-dang-ky-giay-phep-lai-xe\/#breadcrumb"},"inLanguage":"vi-VN","potentialAction":[{"@type":"ReadAction","target":["https:\/\/dominicaconsulateinvietnam.org\/vi\/consular-services\/lam-cach-nao-de-dang-ky-giay-phep-lai-xe\/"]}]},{"@type":"BreadcrumbList","@id":"https:\/\/dominicaconsulateinvietnam.org\/vi\/consular-services\/lam-cach-nao-de-dang-ky-giay-phep-lai-xe\/#breadcrumb","itemListElement":[{"@type":"ListItem","position":1,"name":"Home","item":"https:\/\/dominicaconsulateinvietnam.org\/vi\/"},{"@type":"ListItem","position":2,"name":"D\u1ecbch v\u1ee5 l\u00e3nh s\u1ef1","item":"https:\/\/dominicaconsulateinvietnam.org\/vi\/consular-services\/"},{"@type":"ListItem","position":3,"name":"L\u00e0m c\u00e1ch n\u00e0o \u0111\u1ec3 \u0111\u0103ng k\u00fd Gi\u1ea5y ph\u00e9p L\u00e1i xe?"}]},{"@type":"WebSite","@id":"https:\/\/dominicaconsulateinvietnam.org\/#website","url":"https:\/\/dominicaconsulateinvietnam.org\/","name":"Consulate General of The Commonwealth of Dominica in Ho Chi Minh City","description":"The Consulate is focused on maintaining, and strengthening these international relationships, and on increasing the profile of Dominica within the international community","potentialAction":[{"@type":"SearchAction","target":{"@type":"EntryPoint","urlTemplate":"https:\/\/dominicaconsulateinvietnam.org\/?s={search_term_string}"},"query-input":{"@type":"PropertyValueSpecification","valueRequired":true,"valueName":"search_term_string"}}],"inLanguage":"vi-VN"}]}},"_links":{"self":[{"href":"https:\/\/dominicaconsulateinvietnam.org\/vi\/wp-json\/wp\/v2\/pages\/8289","targetHints":{"allow":["GET"]}}],"collection":[{"href":"https:\/\/dominicaconsulateinvietnam.org\/vi\/wp-json\/wp\/v2\/pages"}],"about":[{"href":"https:\/\/dominicaconsulateinvietnam.org\/vi\/wp-json\/wp\/v2\/types\/page"}],"author":[{"embeddable":true,"href":"https:\/\/dominicaconsulateinvietnam.org\/vi\/wp-json\/wp\/v2\/users\/1"}],"replies":[{"embeddable":true,"href":"https:\/\/dominicaconsulateinvietnam.org\/vi\/wp-json\/wp\/v2\/comments?post=8289"}],"version-history":[{"count":2,"href":"https:\/\/dominicaconsulateinvietnam.org\/vi\/wp-json\/wp\/v2\/pages\/8289\/revisions"}],"predecessor-version":[{"id":8291,"href":"https:\/\/dominicaconsulateinvietnam.org\/vi\/wp-json\/wp\/v2\/pages\/8289\/revisions\/8291"}],"up":[{"embeddable":true,"href":"https:\/\/dominicaconsulateinvietnam.org\/vi\/wp-json\/wp\/v2\/pages\/8275"}],"wp:attachment":[{"href":"https:\/\/dominicaconsulateinvietnam.org\/vi\/wp-json\/wp\/v2\/media?parent=8289"}],"curies":[{"name":"wp","href":"https:\/\/api.w.org\/{rel}","templated":true}]}}