{"id":8286,"date":"2021-09-15T07:12:05","date_gmt":"2021-09-15T07:12:05","guid":{"rendered":"https:\/\/dominicaconsulateinvietnam.org\/consular-services\/dat-cong\/"},"modified":"2021-09-28T07:52:17","modified_gmt":"2021-09-28T07:52:17","slug":"dat-cong","status":"publish","type":"page","link":"https:\/\/dominicaconsulateinvietnam.org\/vi\/consular-services\/dat-cong\/","title":{"rendered":"\u0110\u1ea5t c\u00f4ng"},"content":{"rendered":"<section class=\"l-section wpb_row height_auto\"><div class=\"l-section-h i-cf\"><div class=\"g-cols vc_row via_flex valign_top type_default stacking_default\"><div class=\"vc_col-sm-12 wpb_column vc_column_container\"><div class=\"vc_column-inner\"><div class=\"wpb_wrapper\"><div class=\"wpb_text_column\"><div class=\"wpb_wrapper\"><h3>Quy tr\u00ecnh \u0111\u1ec3 c\u00f3 \u0111\u01b0\u1ee3c \u0110\u1ea5t c\u00f4ng<\/h3>\n<ol>\n<li><a href=\"https:\/\/dominicaconsulateinvietnam.org\/wp-content\/uploads\/2021\/09\/Dominca_application_for_house.pdf\">N\u1ed9p \u0111\u01a1n \u0111\u0103ng k\u00fd \u0111\u00e3 \u0111i\u1ec1n \u0111\u1ea7y \u0111\u1ee7 th\u00f4ng tin<\/a> (PDF, 98 KB) cho B\u1ed9 ph\u1eadn Gia c\u01b0.<\/li>\n<li>Nh\u00e2n vi\u00ean nh\u1eadp \u0111\u01a1n \u0111\u0103ng k\u00fd v\u00e0o s\u1ed5 \u0111\u0103ng k\u00fd v\u00e0 c\u1ea3 tr\u00ean m\u00e1y t\u00ednh theo \u0110\u1ec1 \u00e1n Nh\u00e0 \u1edf c\u1ee7a Ch\u00ednh ph\u1ee7 khi l\u00f4 \u0111\u1ea5t \u0111\u01b0\u1ee3c y\u00eau c\u1ea7u.<\/li>\n<li>Danh s\u00e1ch nh\u1eefng ng\u01b0\u1eddi n\u1ed9p \u0111\u01a1n c\u00f9ng v\u1edbi c\u00e1c m\u1eabu \u0111\u01a1n \u0111\u01b0\u1ee3c n\u1ed9p cho \u1ee6y ban Giao nh\u1eadn Nh\u00e0 v\u00e0 \u0110\u1ea5t.<\/li>\n<li>C\u00e1c khuy\u1ebfn ngh\u1ecb t\u1eeb \u1ee6y ban Ph\u00e2n b\u1ed5 Nh\u00e0 v\u00e0 \u0110\u1ea5t \u0111\u01b0\u1ee3c \u0111\u1ec7 tr\u00ecnh l\u00ean B\u1ed9 tr\u01b0\u1edfng Danh d\u1ef1.<\/li>\n<li>B\u1ed9 tr\u01b0\u1edfng Danh d\u1ef1 \u0111\u1ec7 tr\u00ecnh l\u00ean N\u1ed9i c\u00e1c \u0111\u1ec3 ph\u00ea duy\u1ec7t.<\/li>\n<li>C\u00e1c Quy\u1ebft \u0111\u1ecbnh c\u1ee7a N\u1ed9i c\u00e1c v\u1edbi c\u00e1c l\u00f4 \u0111\u00e3 \u0111\u01b0\u1ee3c ph\u00ea duy\u1ec7t \u0111\u01b0\u1ee3c g\u1eedi \u0111\u1ebfn B\u1ed9 Gia c\u01b0 \u0111\u1ec3 chu\u1ea9n b\u1ecb c\u00e1c Th\u01b0 Ph\u00e2n b\u1ed5.<\/li>\n<li>Th\u01b0 ph\u00e2n b\u1ed5 \u0111\u01b0\u1ee3c chu\u1ea9n b\u1ecb v\u00e0 g\u1eedi \u0111\u1ebfn B\u1ed9 tr\u01b0\u1edfng Danh d\u1ef1 \u0111\u1ec3 k\u00fd.<\/li>\n<li>C\u00e1c th\u01b0 \u0111\u00e3 k\u00fd \u0111\u01b0\u1ee3c g\u1eedi l\u1ea1i cho B\u1ed9 ph\u1eadn Gia c\u01b0.<\/li>\n<li>Sau \u0111\u00f3, B\u1ed9 ph\u1eadn s\u1ebd g\u1eedi Th\u01b0 ph\u00e2n b\u1ed5 cho nh\u1eefng ng\u01b0\u1eddi n\u1ed9p \u0111\u01a1n \u0111\u01b0\u1ee3c ch\u1ea5p thu\u1eadn.<\/li>\n<li>Khi \u0111\u01b0\u1ee3c y\u00eau c\u1ea7u, nh\u1eefng ng\u01b0\u1eddi n\u1ed9p \u0111\u01a1n \u0111\u01b0\u1ee3c ch\u1ea5p thu\u1eadn s\u1ebd \u0111\u01b0\u1ee3c c\u1ea5p ph\u00e1t \u0111\u1ea5t cho h\u1ecd.<\/li>\n<li>L\u00f4 \u0111\u1ea5t \u0111\u01b0\u1ee3c thanh to\u00e1n t\u1ea1i B\u1ed9 ph\u1eadn Nh\u00e0 \u1edf v\u00e0 ph\u00ed kh\u1ea3o s\u00e1t \u0111\u01b0\u1ee3c tr\u1ea3 t\u1ea1i B\u1ed9 ph\u1eadn \u0110\u1ecba ch\u00ednh v\u00e0 Kh\u1ea3o s\u00e1t.<\/li>\n<li>B\u1ed9 ph\u1eadn Nh\u00e0 \u1edf y\u00eau c\u1ea7u c\u00e1c k\u1ebf ho\u1ea1ch t\u1eeb B\u1ed9 ph\u1eadn Kh\u1ea3o s\u00e1t v\u00e0 \u0110\u1ea5t \u0111ai.<\/li>\n<li>C\u00e1c k\u1ebf ho\u1ea1ch m\u00e0 B\u1ed9 ph\u1eadn Nh\u00e0 \u1edf nh\u1eadn \u0111\u01b0\u1ee3c s\u1ebd \u0111\u01b0\u1ee3c g\u1eedi cho c\u00e1c lu\u1eadt s\u01b0 ho\u1eb7c \u0111\u01b0\u1ee3c c\u00e1c c\u00e1 nh\u00e2n t\u01b0\u01a1ng \u1ee9ng nh\u1eadn t\u1ea1i B\u1ed9 ph\u1eadn Nh\u00e0 \u1edf.<\/li>\n<li>C\u00e1c c\u00e1 nh\u00e2n \u0111\u01b0\u1ee3c y\u00eau c\u1ea7u \u0111\u01b0a k\u1ebf ho\u1ea1ch c\u1ee7a h\u1ecd \u0111\u1ebfn m\u1ed9t lu\u1eadt s\u01b0 \u0111\u1ec3 x\u1eed l\u00fd ch\u1ee9c danh c\u1ee7a h\u1ecd; \u0111i\u1ec1u n\u00e0y \u0111\u00f2i h\u1ecfi Ph\u00ed chuy\u1ec3n nh\u01b0\u1ee3ng c\u1ee7a Ch\u00ednh ph\u1ee7 7,5% \u0111\u1ed1i v\u1edbi vi\u1ec7c \u0111\u1ecbnh gi\u00e1 khu \u0111\u1ea5t c\u1ed9ng v\u1edbi ph\u00ed c\u1ee7a lu\u1eadt s\u01b0.<\/li>\n<li>Bi\u00ean b\u1ea3n Chuy\u1ec3n giao (MOTs) do lu\u1eadt s\u01b0 \u0111\u1ec7 tr\u00ecnh cho B\u1ed9 ph\u1eadn Nh\u00e0 \u1edf.<\/li>\n<li>B\u1ed9 ph\u1eadn Nh\u00e0 \u1edf x\u00e1c minh th\u00f4ng tin \u0111\u01b0\u1ee3c \u0111\u00e1nh m\u00e1y tr\u00ean Bi\u00ean b\u1ea3n chuy\u1ec3n giao (B\u1ed9 GTVT) v\u00e0 \u0111\u1ea3m b\u1ea3o r\u1eb1ng t\u1ea5t c\u1ea3 c\u00e1c t\u00e0i li\u1ec7u li\u00ean quan \u0111\u01b0\u1ee3c \u0111\u00ednh k\u00e8m v\u00e0 sau \u0111\u00f3 g\u1eedi B\u1ed9 GTVT theo \u0111\u1ee3t \u0111\u1ebfn B\u1ed9 Du l\u1ecbch v\u00e0 Ph\u00e1p ch\u1ebf \u0111\u1ec3 chuy\u1ec3n \u0111\u1ebfn v\u0103n ph\u00f2ng Ch\u1ee7 t\u1ecbch n\u01b0\u1edbc.<\/li>\n<li>B\u1ed9 GTVT \u0111\u00e3 k\u00fd \u0111\u01b0\u1ee3c tr\u1ea3 l\u1ea1i cho B\u1ed9 ph\u1eadn Nh\u00e0 \u1edf th\u00f4ng qua B\u1ed9 Du l\u1ecbch v\u00e0 C\u00e1c v\u1ea5n \u0111\u1ec1 Ph\u00e1p l\u00fd.<\/li>\n<li>B\u1ed9 ph\u1eadn Nh\u00e0 \u1edf sau \u0111\u00f3 s\u1ebd g\u1eedi B\u1ed9 GTVT cho c\u00e1c c\u01a1 quan tr\u01b0ng c\u1ea7u t\u01b0\u01a1ng \u1ee9ng \u0111\u1ec3 ti\u1ebfp t\u1ee5c qu\u00e1 tr\u00ecnh c\u1ea5p Gi\u1ea5y ch\u1ee9ng nh\u1eadn quy\u1ec1n s\u1edf h\u1eefu (COT).<\/li>\n<\/ol>\n<h3>Vui l\u00f2ng li\u00ean l\u1ea1c \u0111\u1ec3 bi\u1ebft th\u00eam th\u00f4ng tin:<\/h3>\n<p>Housing Division<br \/>\nGoodwill Road<br \/>\nGoodwill<br \/>\nDominica<br \/>\nTel: (767) 266 3740<br \/>\nFax: (767) 448 7512<br \/>\nE-mail: <a href=\"mailto:housingdivision@dominica.gov.dm\">housingdivision@dominica.gov.dm<\/a><\/p>\n<\/div><\/div><\/div><\/div><\/div><\/div><\/div><\/section>\n","protected":false},"excerpt":{"rendered":"Quy tr\u00ecnh \u0111\u1ec3 c\u00f3 \u0111\u01b0\u1ee3c \u0110\u1ea5t c\u00f4ng N\u1ed9p \u0111\u01a1n \u0111\u0103ng k\u00fd \u0111\u00e3 \u0111i\u1ec1n \u0111\u1ea7y \u0111\u1ee7 th\u00f4ng tin (PDF, 98 KB) cho B\u1ed9 ph\u1eadn Gia c\u01b0. Nh\u00e2n vi\u00ean nh\u1eadp \u0111\u01a1n \u0111\u0103ng k\u00fd v\u00e0o s\u1ed5 \u0111\u0103ng k\u00fd v\u00e0 c\u1ea3 tr\u00ean m\u00e1y t\u00ednh theo \u0110\u1ec1 \u00e1n Nh\u00e0 \u1edf c\u1ee7a Ch\u00ednh ph\u1ee7 khi l\u00f4 \u0111\u1ea5t \u0111\u01b0\u1ee3c y\u00eau c\u1ea7u. Danh...","protected":false},"author":1,"featured_media":8276,"parent":8275,"menu_order":0,"comment_status":"closed","ping_status":"closed","template":"","meta":{"_acf_changed":false,"footnotes":""},"class_list":["post-8286","page","type-page","status-publish","has-post-thumbnail","hentry"],"acf":[],"yoast_head":"<!-- This site is optimized with the Yoast SEO plugin v27.2 - https:\/\/yoast.com\/product\/yoast-seo-wordpress\/ -->\n<title>\u0110\u1ea5t c\u00f4ng - Consulate General of The Commonwealth of Dominica in Ho Chi Minh City<\/title>\n<meta name=\"robots\" content=\"index, follow, max-snippet:-1, max-image-preview:large, max-video-preview:-1\" \/>\n<link rel=\"canonical\" href=\"https:\/\/dominicaconsulateinvietnam.org\/vi\/consular-services\/dat-cong\/\" \/>\n<meta property=\"og:locale\" content=\"vi_VN\" \/>\n<meta property=\"og:type\" content=\"article\" \/>\n<meta property=\"og:title\" content=\"\u0110\u1ea5t c\u00f4ng - Consulate General of The Commonwealth of Dominica in Ho Chi Minh City\" \/>\n<meta property=\"og:url\" content=\"https:\/\/dominicaconsulateinvietnam.org\/vi\/consular-services\/dat-cong\/\" \/>\n<meta property=\"og:site_name\" content=\"Consulate General of The Commonwealth of Dominica in Ho Chi Minh City\" \/>\n<meta property=\"article:modified_time\" content=\"2021-09-28T07:52:17+00:00\" \/>\n<meta property=\"og:image\" content=\"https:\/\/dominicaconsulateinvietnam.org\/wp-content\/uploads\/2021\/08\/Consular-Service-image.jpg\" \/>\n\t<meta property=\"og:image:width\" content=\"1600\" \/>\n\t<meta property=\"og:image:height\" content=\"700\" \/>\n\t<meta property=\"og:image:type\" content=\"image\/jpeg\" \/>\n<meta name=\"twitter:card\" content=\"summary_large_image\" \/>\n<meta name=\"twitter:label1\" content=\"Est. reading time\" \/>\n\t<meta name=\"twitter:data1\" content=\"3 minutes\" \/>\n<script type=\"application\/ld+json\" class=\"yoast-schema-graph\">{\"@context\":\"https:\/\/schema.org\",\"@graph\":[{\"@type\":\"WebPage\",\"@id\":\"https:\/\/dominicaconsulateinvietnam.org\/vi\/consular-services\/dat-cong\/\",\"url\":\"https:\/\/dominicaconsulateinvietnam.org\/vi\/consular-services\/dat-cong\/\",\"name\":\"\u0110\u1ea5t c\u00f4ng - Consulate General of The Commonwealth of Dominica in Ho Chi Minh City\",\"isPartOf\":{\"@id\":\"https:\/\/dominicaconsulateinvietnam.org\/#website\"},\"primaryImageOfPage\":{\"@id\":\"https:\/\/dominicaconsulateinvietnam.org\/vi\/consular-services\/dat-cong\/#primaryimage\"},\"image\":{\"@id\":\"https:\/\/dominicaconsulateinvietnam.org\/vi\/consular-services\/dat-cong\/#primaryimage\"},\"thumbnailUrl\":\"https:\/\/dominicaconsulateinvietnam.org\/wp-content\/uploads\/2021\/08\/Consular-Service-image.jpg\",\"datePublished\":\"2021-09-15T07:12:05+00:00\",\"dateModified\":\"2021-09-28T07:52:17+00:00\",\"breadcrumb\":{\"@id\":\"https:\/\/dominicaconsulateinvietnam.org\/vi\/consular-services\/dat-cong\/#breadcrumb\"},\"inLanguage\":\"vi-VN\",\"potentialAction\":[{\"@type\":\"ReadAction\",\"target\":[\"https:\/\/dominicaconsulateinvietnam.org\/vi\/consular-services\/dat-cong\/\"]}]},{\"@type\":\"ImageObject\",\"inLanguage\":\"vi-VN\",\"@id\":\"https:\/\/dominicaconsulateinvietnam.org\/vi\/consular-services\/dat-cong\/#primaryimage\",\"url\":\"https:\/\/dominicaconsulateinvietnam.org\/wp-content\/uploads\/2021\/08\/Consular-Service-image.jpg\",\"contentUrl\":\"https:\/\/dominicaconsulateinvietnam.org\/wp-content\/uploads\/2021\/08\/Consular-Service-image.jpg\",\"width\":1600,\"height\":700},{\"@type\":\"BreadcrumbList\",\"@id\":\"https:\/\/dominicaconsulateinvietnam.org\/vi\/consular-services\/dat-cong\/#breadcrumb\",\"itemListElement\":[{\"@type\":\"ListItem\",\"position\":1,\"name\":\"Home\",\"item\":\"https:\/\/dominicaconsulateinvietnam.org\/vi\/\"},{\"@type\":\"ListItem\",\"position\":2,\"name\":\"D\u1ecbch v\u1ee5 l\u00e3nh s\u1ef1\",\"item\":\"https:\/\/dominicaconsulateinvietnam.org\/vi\/consular-services\/\"},{\"@type\":\"ListItem\",\"position\":3,\"name\":\"\u0110\u1ea5t c\u00f4ng\"}]},{\"@type\":\"WebSite\",\"@id\":\"https:\/\/dominicaconsulateinvietnam.org\/#website\",\"url\":\"https:\/\/dominicaconsulateinvietnam.org\/\",\"name\":\"Consulate General of The Commonwealth of Dominica in Ho Chi Minh City\",\"description\":\"The Consulate is focused on maintaining, and strengthening these international relationships, and on increasing the profile of Dominica within the international community\",\"potentialAction\":[{\"@type\":\"SearchAction\",\"target\":{\"@type\":\"EntryPoint\",\"urlTemplate\":\"https:\/\/dominicaconsulateinvietnam.org\/?s={search_term_string}\"},\"query-input\":{\"@type\":\"PropertyValueSpecification\",\"valueRequired\":true,\"valueName\":\"search_term_string\"}}],\"inLanguage\":\"vi-VN\"}]}<\/script>\n<!-- \/ Yoast SEO plugin. -->","yoast_head_json":{"title":"\u0110\u1ea5t c\u00f4ng - Consulate General of The Commonwealth of Dominica in Ho Chi Minh City","robots":{"index":"index","follow":"follow","max-snippet":"max-snippet:-1","max-image-preview":"max-image-preview:large","max-video-preview":"max-video-preview:-1"},"canonical":"https:\/\/dominicaconsulateinvietnam.org\/vi\/consular-services\/dat-cong\/","og_locale":"vi_VN","og_type":"article","og_title":"\u0110\u1ea5t c\u00f4ng - Consulate General of The Commonwealth of Dominica in Ho Chi Minh City","og_url":"https:\/\/dominicaconsulateinvietnam.org\/vi\/consular-services\/dat-cong\/","og_site_name":"Consulate General of The Commonwealth of Dominica in Ho Chi Minh City","article_modified_time":"2021-09-28T07:52:17+00:00","og_image":[{"width":1600,"height":700,"url":"https:\/\/dominicaconsulateinvietnam.org\/wp-content\/uploads\/2021\/08\/Consular-Service-image.jpg","type":"image\/jpeg"}],"twitter_card":"summary_large_image","twitter_misc":{"Est. reading time":"3 minutes"},"schema":{"@context":"https:\/\/schema.org","@graph":[{"@type":"WebPage","@id":"https:\/\/dominicaconsulateinvietnam.org\/vi\/consular-services\/dat-cong\/","url":"https:\/\/dominicaconsulateinvietnam.org\/vi\/consular-services\/dat-cong\/","name":"\u0110\u1ea5t c\u00f4ng - Consulate General of The Commonwealth of Dominica in Ho Chi Minh City","isPartOf":{"@id":"https:\/\/dominicaconsulateinvietnam.org\/#website"},"primaryImageOfPage":{"@id":"https:\/\/dominicaconsulateinvietnam.org\/vi\/consular-services\/dat-cong\/#primaryimage"},"image":{"@id":"https:\/\/dominicaconsulateinvietnam.org\/vi\/consular-services\/dat-cong\/#primaryimage"},"thumbnailUrl":"https:\/\/dominicaconsulateinvietnam.org\/wp-content\/uploads\/2021\/08\/Consular-Service-image.jpg","datePublished":"2021-09-15T07:12:05+00:00","dateModified":"2021-09-28T07:52:17+00:00","breadcrumb":{"@id":"https:\/\/dominicaconsulateinvietnam.org\/vi\/consular-services\/dat-cong\/#breadcrumb"},"inLanguage":"vi-VN","potentialAction":[{"@type":"ReadAction","target":["https:\/\/dominicaconsulateinvietnam.org\/vi\/consular-services\/dat-cong\/"]}]},{"@type":"ImageObject","inLanguage":"vi-VN","@id":"https:\/\/dominicaconsulateinvietnam.org\/vi\/consular-services\/dat-cong\/#primaryimage","url":"https:\/\/dominicaconsulateinvietnam.org\/wp-content\/uploads\/2021\/08\/Consular-Service-image.jpg","contentUrl":"https:\/\/dominicaconsulateinvietnam.org\/wp-content\/uploads\/2021\/08\/Consular-Service-image.jpg","width":1600,"height":700},{"@type":"BreadcrumbList","@id":"https:\/\/dominicaconsulateinvietnam.org\/vi\/consular-services\/dat-cong\/#breadcrumb","itemListElement":[{"@type":"ListItem","position":1,"name":"Home","item":"https:\/\/dominicaconsulateinvietnam.org\/vi\/"},{"@type":"ListItem","position":2,"name":"D\u1ecbch v\u1ee5 l\u00e3nh s\u1ef1","item":"https:\/\/dominicaconsulateinvietnam.org\/vi\/consular-services\/"},{"@type":"ListItem","position":3,"name":"\u0110\u1ea5t c\u00f4ng"}]},{"@type":"WebSite","@id":"https:\/\/dominicaconsulateinvietnam.org\/#website","url":"https:\/\/dominicaconsulateinvietnam.org\/","name":"Consulate General of The Commonwealth of Dominica in Ho Chi Minh City","description":"The Consulate is focused on maintaining, and strengthening these international relationships, and on increasing the profile of Dominica within the international community","potentialAction":[{"@type":"SearchAction","target":{"@type":"EntryPoint","urlTemplate":"https:\/\/dominicaconsulateinvietnam.org\/?s={search_term_string}"},"query-input":{"@type":"PropertyValueSpecification","valueRequired":true,"valueName":"search_term_string"}}],"inLanguage":"vi-VN"}]}},"_links":{"self":[{"href":"https:\/\/dominicaconsulateinvietnam.org\/vi\/wp-json\/wp\/v2\/pages\/8286","targetHints":{"allow":["GET"]}}],"collection":[{"href":"https:\/\/dominicaconsulateinvietnam.org\/vi\/wp-json\/wp\/v2\/pages"}],"about":[{"href":"https:\/\/dominicaconsulateinvietnam.org\/vi\/wp-json\/wp\/v2\/types\/page"}],"author":[{"embeddable":true,"href":"https:\/\/dominicaconsulateinvietnam.org\/vi\/wp-json\/wp\/v2\/users\/1"}],"replies":[{"embeddable":true,"href":"https:\/\/dominicaconsulateinvietnam.org\/vi\/wp-json\/wp\/v2\/comments?post=8286"}],"version-history":[{"count":6,"href":"https:\/\/dominicaconsulateinvietnam.org\/vi\/wp-json\/wp\/v2\/pages\/8286\/revisions"}],"predecessor-version":[{"id":8719,"href":"https:\/\/dominicaconsulateinvietnam.org\/vi\/wp-json\/wp\/v2\/pages\/8286\/revisions\/8719"}],"up":[{"embeddable":true,"href":"https:\/\/dominicaconsulateinvietnam.org\/vi\/wp-json\/wp\/v2\/pages\/8275"}],"wp:featuredmedia":[{"embeddable":true,"href":"https:\/\/dominicaconsulateinvietnam.org\/vi\/wp-json\/wp\/v2\/media\/8276"}],"wp:attachment":[{"href":"https:\/\/dominicaconsulateinvietnam.org\/vi\/wp-json\/wp\/v2\/media?parent=8286"}],"curies":[{"name":"wp","href":"https:\/\/api.w.org\/{rel}","templated":true}]}}