{"id":8281,"date":"2021-09-15T07:07:32","date_gmt":"2021-09-15T07:07:32","guid":{"rendered":"https:\/\/dominicaconsulateinvietnam.org\/consular-services\/ket-hon-o-dominica\/"},"modified":"2021-09-16T05:02:51","modified_gmt":"2021-09-16T05:02:51","slug":"ket-hon-o-dominica","status":"publish","type":"page","link":"https:\/\/dominicaconsulateinvietnam.org\/vi\/consular-services\/ket-hon-o-dominica\/","title":{"rendered":"K\u1ebft h\u00f4n \u1edf Dominica"},"content":{"rendered":"<section class=\"l-section wpb_row height_auto\"><div class=\"l-section-h i-cf\"><div class=\"g-cols vc_row via_flex valign_top type_default stacking_default\"><div class=\"vc_col-sm-12 wpb_column vc_column_container\"><div class=\"vc_column-inner\"><div class=\"wpb_wrapper\"><div class=\"wpb_text_column\"><div class=\"wpb_wrapper\"><p>C\u00e1c y\u00eau c\u1ea7u v\u00e0 ph\u00ed c\u1ea5p gi\u1ea5y ph\u00e9p \u0111\u00e1m c\u01b0\u1edbi c\u1ee7a Dominica<\/p>\n<p>Nh\u1eadn <a href=\"https:\/\/dominicaconsulateinvietnam.org\/wp-content\/uploads\/2021\/09\/Dominica-marriage-form_g.pdf\">\u0110\u01a1n \u0111\u0103ng k\u00fd k\u1ebft h\u00f4n (M\u1eabu G)<\/a> (PDF, 84,2 KB) v\u00e0 Danh s\u00e1ch c\u00e1c t\u00e0i li\u1ec7u c\u1ea7n thi\u1ebft \u0111\u1ec3 c\u1ea5p Gi\u1ea5y ph\u00e9p k\u1ebft h\u00f4n \u0111\u1eb7c bi\u1ec7t (https:\/\/dominicaconsulategreece.com\/getting-married-in-dominica\/special-marriage-licence- c\u00e1c t\u00e0i li\u1ec7u\/)<\/p>\n<p>Xu\u1ea5t tr\u00ecnh m\u1eabu \u0111\u01a1n \u0111\u00e3 \u0111i\u1ec1n v\u00e0 c\u00e1c t\u00e0i li\u1ec7u c\u1ea7n thi\u1ebft \/ li\u00ean quan kh\u00e1c cho B\u1ed9 D\u1ecbch v\u1ee5 X\u00e3 h\u1ed9i, Gia \u0111\u00ecnh v\u00e0 Gi\u1edbi. M\u1ed9t trong nh\u1eefng vi\u00ean ch\u1ee9c d\u01b0\u1edbi danh s\u00e1ch s\u1ebd c\u00f3 m\u1eb7t \u0111\u1ec3 h\u1ed7 tr\u1ee3 b\u1ea1n:<\/p>\n<ul>\n<li>Th\u01b0 k\u00fd h\u1ed7 tr\u1ee3<\/li>\n<li>Th\u01b0 k\u00fd b\u1ed9 tr\u01b0\u1edfng<\/li>\n<li>Th\u01b0 k\u00fd th\u01b0\u1eddng tr\u1ef1c c\u1ee7a th\u01b0 k\u00fd<\/li>\n<li>Thanh to\u00e1n c\u00e1c kho\u1ea3n ph\u00ed li\u00ean quan t\u1ea1i B\u1ed9 ph\u1eadn thu ng\u00e2n sau khi h\u1ed3 s\u01a1 \u0111\u00e3 \u0111\u01b0\u1ee3c xem x\u00e9t.<\/li>\n<\/ul>\n<h3>L\u1ec7 ph\u00ed Gi\u1ea5y ph\u00e9p K\u1ebft h\u00f4n l\u00e0:<\/h3>\n<ul>\n<li>Kh\u00f4ng c\u01b0 tr\u00fa: EC $ 500,00 ho\u1eb7c US $ 185,00.<\/li>\n<li>Ph\u00ed cu\u1ed1i tu\u1ea7n \/ ng\u00e0y l\u1ec5: EC $ 504,00 ho\u1eb7c US $ 185,00.<\/li>\n<li>C\u00e1c kho\u1ea3n ph\u00ed kh\u00e1c bao g\u1ed3m:\n<ul>\n<li style=\"list-style-type: none;\">\n<ul>\n<li>Chi ph\u00ed Gi\u1ea5y ph\u00e9p K\u1ebft h\u00f4n EC $ 300,00 ph\u1ea3i \u0111\u01b0\u1ee3c tr\u1ea3 cho B\u1ed9 Ph\u00e1t tri\u1ec3n C\u1ed9ng \u0111\u1ed3ng.<\/li>\n<li>K\u1ebft h\u00f4n v\u1edbi V\u0103n ph\u00f2ng \u0111\u0103ng k\u00fd &#8211; EC $ 30,00.<\/li>\n<li>C\u00e1c h\u00f4n l\u1ec5 \u0111\u01b0\u1ee3c c\u1eed h\u00e0nh b\u00ean ngo\u00e0i V\u0103n ph\u00f2ng \u0110\u0103ng k\u00fd s\u1ebd c\u00f3 m\u1ee9c ph\u00ed EC $ 100,00 c\u1ed9ng v\u1edbi ph\u00ed v\u1eadn chuy\u1ec3n h\u1ee3p l\u00fd.<\/li>\n<\/ul>\n<\/li>\n<\/ul>\n<p>Ph\u00ed lu\u1eadt s\u01b0 cho vi\u1ec7c khai b\u00e1o t\u00ecnh tr\u1ea1ng h\u00f4n nh\u00e2n (bao g\u1ed3m B\u1ea3n tuy\u00ean th\u1ec7) &#8211; EC $ 500,00<\/li>\n<\/ul>\n<\/div><\/div><\/div><\/div><\/div><\/div><\/div><\/section>\n","protected":false},"excerpt":{"rendered":"C\u00e1c y\u00eau c\u1ea7u v\u00e0 ph\u00ed c\u1ea5p gi\u1ea5y ph\u00e9p \u0111\u00e1m c\u01b0\u1edbi c\u1ee7a Dominica Nh\u1eadn \u0110\u01a1n \u0111\u0103ng k\u00fd k\u1ebft h\u00f4n (M\u1eabu G) (PDF, 84,2 KB) v\u00e0 Danh s\u00e1ch c\u00e1c t\u00e0i li\u1ec7u c\u1ea7n thi\u1ebft \u0111\u1ec3 c\u1ea5p Gi\u1ea5y ph\u00e9p k\u1ebft h\u00f4n \u0111\u1eb7c bi\u1ec7t (https:\/\/dominicaconsulategreece.com\/getting-married-in-dominica\/special-marriage-licence- c\u00e1c t\u00e0i li\u1ec7u\/) Xu\u1ea5t tr\u00ecnh m\u1eabu \u0111\u01a1n \u0111\u00e3 \u0111i\u1ec1n v\u00e0 c\u00e1c t\u00e0i li\u1ec7u c\u1ea7n thi\u1ebft...","protected":false},"author":1,"featured_media":8284,"parent":8275,"menu_order":0,"comment_status":"closed","ping_status":"closed","template":"","meta":{"_acf_changed":false,"footnotes":""},"class_list":["post-8281","page","type-page","status-publish","has-post-thumbnail","hentry"],"acf":[],"yoast_head":"<!-- This site is optimized with the Yoast SEO plugin v27.2 - https:\/\/yoast.com\/product\/yoast-seo-wordpress\/ -->\n<title>K\u1ebft h\u00f4n \u1edf Dominica - Consulate General of The Commonwealth of Dominica in Ho Chi Minh City<\/title>\n<meta name=\"robots\" content=\"index, follow, max-snippet:-1, max-image-preview:large, max-video-preview:-1\" \/>\n<link rel=\"canonical\" href=\"https:\/\/dominicaconsulateinvietnam.org\/vi\/consular-services\/ket-hon-o-dominica\/\" \/>\n<meta property=\"og:locale\" content=\"vi_VN\" \/>\n<meta property=\"og:type\" content=\"article\" \/>\n<meta property=\"og:title\" content=\"K\u1ebft h\u00f4n \u1edf Dominica - Consulate General of The Commonwealth of Dominica in Ho Chi Minh City\" \/>\n<meta property=\"og:url\" content=\"https:\/\/dominicaconsulateinvietnam.org\/vi\/consular-services\/ket-hon-o-dominica\/\" \/>\n<meta property=\"og:site_name\" content=\"Consulate General of The Commonwealth of Dominica in Ho Chi Minh City\" \/>\n<meta property=\"article:modified_time\" content=\"2021-09-16T05:02:51+00:00\" \/>\n<meta property=\"og:image\" content=\"https:\/\/dominicaconsulateinvietnam.org\/wp-content\/uploads\/2021\/09\/getting-married-in-Dominica.jpeg\" \/>\n\t<meta property=\"og:image:width\" content=\"628\" \/>\n\t<meta property=\"og:image:height\" content=\"314\" \/>\n\t<meta property=\"og:image:type\" content=\"image\/jpeg\" \/>\n<meta name=\"twitter:card\" content=\"summary_large_image\" \/>\n<meta name=\"twitter:label1\" content=\"Est. reading time\" \/>\n\t<meta name=\"twitter:data1\" content=\"2 minutes\" \/>\n<script type=\"application\/ld+json\" class=\"yoast-schema-graph\">{\"@context\":\"https:\/\/schema.org\",\"@graph\":[{\"@type\":\"WebPage\",\"@id\":\"https:\/\/dominicaconsulateinvietnam.org\/vi\/consular-services\/ket-hon-o-dominica\/\",\"url\":\"https:\/\/dominicaconsulateinvietnam.org\/vi\/consular-services\/ket-hon-o-dominica\/\",\"name\":\"K\u1ebft h\u00f4n \u1edf Dominica - Consulate General of The Commonwealth of Dominica in Ho Chi Minh City\",\"isPartOf\":{\"@id\":\"https:\/\/dominicaconsulateinvietnam.org\/#website\"},\"primaryImageOfPage\":{\"@id\":\"https:\/\/dominicaconsulateinvietnam.org\/vi\/consular-services\/ket-hon-o-dominica\/#primaryimage\"},\"image\":{\"@id\":\"https:\/\/dominicaconsulateinvietnam.org\/vi\/consular-services\/ket-hon-o-dominica\/#primaryimage\"},\"thumbnailUrl\":\"https:\/\/dominicaconsulateinvietnam.org\/wp-content\/uploads\/2021\/09\/getting-married-in-Dominica.jpeg\",\"datePublished\":\"2021-09-15T07:07:32+00:00\",\"dateModified\":\"2021-09-16T05:02:51+00:00\",\"breadcrumb\":{\"@id\":\"https:\/\/dominicaconsulateinvietnam.org\/vi\/consular-services\/ket-hon-o-dominica\/#breadcrumb\"},\"inLanguage\":\"vi-VN\",\"potentialAction\":[{\"@type\":\"ReadAction\",\"target\":[\"https:\/\/dominicaconsulateinvietnam.org\/vi\/consular-services\/ket-hon-o-dominica\/\"]}]},{\"@type\":\"ImageObject\",\"inLanguage\":\"vi-VN\",\"@id\":\"https:\/\/dominicaconsulateinvietnam.org\/vi\/consular-services\/ket-hon-o-dominica\/#primaryimage\",\"url\":\"https:\/\/dominicaconsulateinvietnam.org\/wp-content\/uploads\/2021\/09\/getting-married-in-Dominica.jpeg\",\"contentUrl\":\"https:\/\/dominicaconsulateinvietnam.org\/wp-content\/uploads\/2021\/09\/getting-married-in-Dominica.jpeg\",\"width\":628,\"height\":314},{\"@type\":\"BreadcrumbList\",\"@id\":\"https:\/\/dominicaconsulateinvietnam.org\/vi\/consular-services\/ket-hon-o-dominica\/#breadcrumb\",\"itemListElement\":[{\"@type\":\"ListItem\",\"position\":1,\"name\":\"Home\",\"item\":\"https:\/\/dominicaconsulateinvietnam.org\/vi\/\"},{\"@type\":\"ListItem\",\"position\":2,\"name\":\"D\u1ecbch v\u1ee5 l\u00e3nh s\u1ef1\",\"item\":\"https:\/\/dominicaconsulateinvietnam.org\/vi\/consular-services\/\"},{\"@type\":\"ListItem\",\"position\":3,\"name\":\"K\u1ebft h\u00f4n \u1edf Dominica\"}]},{\"@type\":\"WebSite\",\"@id\":\"https:\/\/dominicaconsulateinvietnam.org\/#website\",\"url\":\"https:\/\/dominicaconsulateinvietnam.org\/\",\"name\":\"Consulate General of The Commonwealth of Dominica in Ho Chi Minh City\",\"description\":\"The Consulate is focused on maintaining, and strengthening these international relationships, and on increasing the profile of Dominica within the international community\",\"potentialAction\":[{\"@type\":\"SearchAction\",\"target\":{\"@type\":\"EntryPoint\",\"urlTemplate\":\"https:\/\/dominicaconsulateinvietnam.org\/?s={search_term_string}\"},\"query-input\":{\"@type\":\"PropertyValueSpecification\",\"valueRequired\":true,\"valueName\":\"search_term_string\"}}],\"inLanguage\":\"vi-VN\"}]}<\/script>\n<!-- \/ Yoast SEO plugin. -->","yoast_head_json":{"title":"K\u1ebft h\u00f4n \u1edf Dominica - Consulate General of The Commonwealth of Dominica in Ho Chi Minh City","robots":{"index":"index","follow":"follow","max-snippet":"max-snippet:-1","max-image-preview":"max-image-preview:large","max-video-preview":"max-video-preview:-1"},"canonical":"https:\/\/dominicaconsulateinvietnam.org\/vi\/consular-services\/ket-hon-o-dominica\/","og_locale":"vi_VN","og_type":"article","og_title":"K\u1ebft h\u00f4n \u1edf Dominica - Consulate General of The Commonwealth of Dominica in Ho Chi Minh City","og_url":"https:\/\/dominicaconsulateinvietnam.org\/vi\/consular-services\/ket-hon-o-dominica\/","og_site_name":"Consulate General of The Commonwealth of Dominica in Ho Chi Minh City","article_modified_time":"2021-09-16T05:02:51+00:00","og_image":[{"width":628,"height":314,"url":"https:\/\/dominicaconsulateinvietnam.org\/wp-content\/uploads\/2021\/09\/getting-married-in-Dominica.jpeg","type":"image\/jpeg"}],"twitter_card":"summary_large_image","twitter_misc":{"Est. reading time":"2 minutes"},"schema":{"@context":"https:\/\/schema.org","@graph":[{"@type":"WebPage","@id":"https:\/\/dominicaconsulateinvietnam.org\/vi\/consular-services\/ket-hon-o-dominica\/","url":"https:\/\/dominicaconsulateinvietnam.org\/vi\/consular-services\/ket-hon-o-dominica\/","name":"K\u1ebft h\u00f4n \u1edf Dominica - Consulate General of The Commonwealth of Dominica in Ho Chi Minh City","isPartOf":{"@id":"https:\/\/dominicaconsulateinvietnam.org\/#website"},"primaryImageOfPage":{"@id":"https:\/\/dominicaconsulateinvietnam.org\/vi\/consular-services\/ket-hon-o-dominica\/#primaryimage"},"image":{"@id":"https:\/\/dominicaconsulateinvietnam.org\/vi\/consular-services\/ket-hon-o-dominica\/#primaryimage"},"thumbnailUrl":"https:\/\/dominicaconsulateinvietnam.org\/wp-content\/uploads\/2021\/09\/getting-married-in-Dominica.jpeg","datePublished":"2021-09-15T07:07:32+00:00","dateModified":"2021-09-16T05:02:51+00:00","breadcrumb":{"@id":"https:\/\/dominicaconsulateinvietnam.org\/vi\/consular-services\/ket-hon-o-dominica\/#breadcrumb"},"inLanguage":"vi-VN","potentialAction":[{"@type":"ReadAction","target":["https:\/\/dominicaconsulateinvietnam.org\/vi\/consular-services\/ket-hon-o-dominica\/"]}]},{"@type":"ImageObject","inLanguage":"vi-VN","@id":"https:\/\/dominicaconsulateinvietnam.org\/vi\/consular-services\/ket-hon-o-dominica\/#primaryimage","url":"https:\/\/dominicaconsulateinvietnam.org\/wp-content\/uploads\/2021\/09\/getting-married-in-Dominica.jpeg","contentUrl":"https:\/\/dominicaconsulateinvietnam.org\/wp-content\/uploads\/2021\/09\/getting-married-in-Dominica.jpeg","width":628,"height":314},{"@type":"BreadcrumbList","@id":"https:\/\/dominicaconsulateinvietnam.org\/vi\/consular-services\/ket-hon-o-dominica\/#breadcrumb","itemListElement":[{"@type":"ListItem","position":1,"name":"Home","item":"https:\/\/dominicaconsulateinvietnam.org\/vi\/"},{"@type":"ListItem","position":2,"name":"D\u1ecbch v\u1ee5 l\u00e3nh s\u1ef1","item":"https:\/\/dominicaconsulateinvietnam.org\/vi\/consular-services\/"},{"@type":"ListItem","position":3,"name":"K\u1ebft h\u00f4n \u1edf Dominica"}]},{"@type":"WebSite","@id":"https:\/\/dominicaconsulateinvietnam.org\/#website","url":"https:\/\/dominicaconsulateinvietnam.org\/","name":"Consulate General of The Commonwealth of Dominica in Ho Chi Minh City","description":"The Consulate is focused on maintaining, and strengthening these international relationships, and on increasing the profile of Dominica within the international community","potentialAction":[{"@type":"SearchAction","target":{"@type":"EntryPoint","urlTemplate":"https:\/\/dominicaconsulateinvietnam.org\/?s={search_term_string}"},"query-input":{"@type":"PropertyValueSpecification","valueRequired":true,"valueName":"search_term_string"}}],"inLanguage":"vi-VN"}]}},"_links":{"self":[{"href":"https:\/\/dominicaconsulateinvietnam.org\/vi\/wp-json\/wp\/v2\/pages\/8281","targetHints":{"allow":["GET"]}}],"collection":[{"href":"https:\/\/dominicaconsulateinvietnam.org\/vi\/wp-json\/wp\/v2\/pages"}],"about":[{"href":"https:\/\/dominicaconsulateinvietnam.org\/vi\/wp-json\/wp\/v2\/types\/page"}],"author":[{"embeddable":true,"href":"https:\/\/dominicaconsulateinvietnam.org\/vi\/wp-json\/wp\/v2\/users\/1"}],"replies":[{"embeddable":true,"href":"https:\/\/dominicaconsulateinvietnam.org\/vi\/wp-json\/wp\/v2\/comments?post=8281"}],"version-history":[{"count":4,"href":"https:\/\/dominicaconsulateinvietnam.org\/vi\/wp-json\/wp\/v2\/pages\/8281\/revisions"}],"predecessor-version":[{"id":8399,"href":"https:\/\/dominicaconsulateinvietnam.org\/vi\/wp-json\/wp\/v2\/pages\/8281\/revisions\/8399"}],"up":[{"embeddable":true,"href":"https:\/\/dominicaconsulateinvietnam.org\/vi\/wp-json\/wp\/v2\/pages\/8275"}],"wp:featuredmedia":[{"embeddable":true,"href":"https:\/\/dominicaconsulateinvietnam.org\/vi\/wp-json\/wp\/v2\/media\/8284"}],"wp:attachment":[{"href":"https:\/\/dominicaconsulateinvietnam.org\/vi\/wp-json\/wp\/v2\/media?parent=8281"}],"curies":[{"name":"wp","href":"https:\/\/api.w.org\/{rel}","templated":true}]}}