{"id":8278,"date":"2021-09-15T06:31:57","date_gmt":"2021-09-15T06:31:57","guid":{"rendered":"https:\/\/dominicaconsulateinvietnam.org\/consular-services\/giay-khai-sinhkhai-tu-hoac-ket-hon\/"},"modified":"2021-09-20T10:32:02","modified_gmt":"2021-09-20T10:32:02","slug":"giay-khai-sinhkhai-tu-hoac-ket-hon","status":"publish","type":"page","link":"https:\/\/dominicaconsulateinvietnam.org\/vi\/consular-services\/giay-khai-sinhkhai-tu-hoac-ket-hon\/","title":{"rendered":"Gi\u1ea5y khai sinh,khai t\u1eed ho\u1eb7c k\u1ebft h\u00f4n"},"content":{"rendered":"<section class=\"l-section wpb_row height_auto\"><div class=\"l-section-h i-cf\"><div class=\"g-cols vc_row via_flex valign_top type_default stacking_default\"><div class=\"vc_col-sm-12 wpb_column vc_column_container\"><div class=\"vc_column-inner\"><div class=\"wpb_wrapper\"><div class=\"wpb_text_column\"><div class=\"wpb_wrapper\"><h3>1. L\u1ea5y gi\u1ea5y khai sinh, khai t\u1eed ho\u1eb7c k\u1ebft h\u00f4n \u1edf Dominica<\/h3>\n<h4>T\u1eeb Dominica<\/h4>\n<p>G\u1eedi y\u00eau c\u1ea7u c\u1ee7a b\u1ea1n b\u1eb1ng tr\u1ef1c tuy\u1ebfn:<br \/>\n\u0110\u01a1n xin Gi\u1ea5y khai sinh.<br \/>\n\u0110\u01a1n xin c\u1ea5p Gi\u1ea5y ch\u1ee9ng t\u1eed.<br \/>\n\u0110\u01a1n xin Gi\u1ea5y ch\u1ee9ng nh\u1eadn k\u1ebft h\u00f4n.<\/p>\n<h3>2. Sau khi nh\u1eadn \u0111\u01b0\u1ee3c x\u00e1c nh\u1eadn t\u1eeb C\u01a1 quan \u0111\u0103ng k\u00fd r\u1eb1ng c\u00e1c gi\u1ea5y ch\u1ee9ng nh\u1eadn c\u00f3 s\u1eb5n, h\u00e3y \u0111\u1ebfn ph\u1ea7n Khai sinh, K\u1ebft h\u00f4n v\u00e0 Khai t\u1eed c\u1ee7a Ph\u00f2ng \u0110\u0103ng k\u00fd \u0111\u1ec3 nh\u1eadn c\u00e1c gi\u1ea5y ch\u1ee9ng nh\u1eadn. M\u1ed9t kho\u1ea3n ph\u00ed EC $ 5 s\u1ebd \u0111\u01b0\u1ee3c t\u00ednh cho m\u1ed7i b\u1ea3n sao c\u1ee7a ch\u1ee9ng ch\u1ec9 \u0111\u01b0\u1ee3c y\u00eau c\u1ea7u.<\/p>\n<h3>\n<p><strong>ho\u1eb7c<\/strong><\/p>\n<p>Gh\u00e9 th\u0103m ph\u1ea7n Khai sinh, K\u1ebft h\u00f4n v\u00e0 Khai t\u1eed c\u1ee7a Ph\u00f2ng \u0110\u0103ng k\u00fd.<br \/>\nCung c\u1ea5p c\u00e1c th\u00f4ng tin sau:<br \/>\nGi\u1ea5y khai sinh<\/p>\n<p>T\u00ean \u0111\u1ea7y \u0111\u1ee7 c\u1ee7a ng\u01b0\u1eddi \u0111\u00f3.<br \/>\nNg\u00e0y sinh.<br \/>\nN\u01a1i sinh (\u0111\u00f3 l\u00e0 n\u01a1i ng\u01b0\u1eddi \u0111\u00f3 \u0111\u01b0\u1ee3c sinh ra \u1edf Dominica).<br \/>\nT\u00ean \u0111\u1ea7y \u0111\u1ee7 c\u1ee7a m\u1eb9 v\u00e0o th\u1eddi \u0111i\u1ec3m sinh.<br \/>\nGi\u1ea5y ch\u1ee9ng t\u1eed<\/p>\n<p>T\u00ean \u0111\u1ea7y \u0111\u1ee7 c\u1ee7a ng\u01b0\u1eddi \u0111\u00f3.<br \/>\nNg\u00e0y m\u1ea5t.<br \/>\nGi\u1ea5y ch\u1ee9ng nh\u1eadn k\u1ebft h\u00f4n<\/p>\n<p>T\u00ean \u0111\u1ea7y \u0111\u1ee7 c\u1ee7a ng\u01b0\u1eddi ch\u1ed3ng.<br \/>\nT\u00ean \u0111\u1ea7y \u0111\u1ee7 c\u1ee7a ng\u01b0\u1eddi v\u1ee3, bao g\u1ed3m c\u1ea3 h\u1ecd khi ch\u01b0a k\u1ebft h\u00f4n.<br \/>\nNg\u00e0y c\u01b0\u1edbi.<\/p>\n<h3>3. Quay l\u1ea1i C\u01a1 quan \u0111\u0103ng k\u00fd theo ng\u00e0y h\u1eb9n \u0111\u1ec3 l\u1ea5y ch\u1ee9ng ch\u1ec9. M\u1ed9t kho\u1ea3n ph\u00ed EC $ 5 s\u1ebd \u0111\u01b0\u1ee3c t\u00ednh cho m\u1ed7i b\u1ea3n sao c\u1ee7a ch\u1ee9ng ch\u1ec9 \u0111\u01b0\u1ee3c y\u00eau c\u1ea7u.<\/h3>\n<p>T\u1eea N\u01af\u1edaC NGO\u00c0I:<\/p>\n<p>S\u1eed d\u1ee5ng c\u00e1c bi\u1ec3u m\u1eabu \u0110\u01a1n \u0111\u0103ng k\u00fd tr\u1ef1c tuy\u1ebfn \u0111\u1ec3 x\u00e1c \u0111\u1ecbnh xem c\u00e1c ch\u1ee9ng ch\u1ec9 b\u1ea1n y\u00eau c\u1ea7u c\u00f3 kh\u1ea3 d\u1ee5ng hay kh\u00f4ng.<br \/>\nVi\u1ebft th\u01b0 cho T\u1ed5 ch\u1ee9c \u0111\u0103ng k\u00fd H\u1ed9 t\u1ecbch, cung c\u1ea5p c\u00e1c th\u00f4ng tin chi ti\u1ebft li\u00ean quan \u0111\u1ebfn ch\u1ee9ng ch\u1ec9 nh\u01b0 \u0111\u00e3 n\u00eau \u1edf tr\u00ean v\u00e0 ch\u1ec9 r\u00f5 \u0111\u1ecba ch\u1ec9 tr\u1ea3 l\u1ea1i n\u01a1i ch\u1ee9ng ch\u1ec9 s\u1ebd \u0111\u01b0\u1ee3c \u0111\u0103ng.<\/p>\n<p>G\u1eedi k\u00e8m theo th\u01b0 c\u1ee7a b\u1ea1n m\u1ed9t L\u1ec7nh chuy\u1ec3n ti\u1ec1n B\u01b0u \u0111i\u1ec7n Qu\u1ed1c t\u1ebf v\u1edbi gi\u00e1 US $ 5 \u0111\u1ec3 trang tr\u1ea3i chi ph\u00ed c\u1ee7a m\u1ed7i Ch\u1ee9ng ch\u1ec9 c\u1ed9ng v\u1edbi ph\u00ed b\u01b0u \u0111i\u1ec7n.<br \/>\nG\u1eedi th\u01b0 t\u1edbi:<br \/>\nT\u1ed5 ch\u1ee9c \u0111\u0103ng k\u00fd h\u1ed9 t\u1ecbch<br \/>\nPh\u00f2ng \u0111\u0103ng k\u00fd<br \/>\n\u0110\u1ea1i l\u1ed9 Dame Eugenia Charles<br \/>\nRoseau<br \/>\nCommonwealth of Dominica<br \/>\nWest Indies<\/p>\n<p>\u0110\u1ec3 bi\u1ebft th\u00eam th\u00f4ng tin, li\u00ean l\u1ea1c:<\/p>\n<p>Ph\u00f2ng \u0111\u0103ng k\u00fd<br \/>\n\u0110\u1ea1i l\u1ed9 Dame Eugenia Charles<br \/>\nRoseau<br \/>\nC\u1ed9ng \u0111\u1ed3ng Th\u1ecbnh v\u01b0\u1ee3ng Dominica<br \/>\n\u0110T: (767) 266 3388<br \/>\nFax: (767) 440 3753<br \/>\nE-mail: <a href=\"mailto:registry@dominica.gov.dm\">registry@dominica.gov.dm<\/a><\/p>\n<\/div><\/div><\/div><\/div><\/div><\/div><\/div><\/section>\n","protected":false},"excerpt":{"rendered":"1. L\u1ea5y gi\u1ea5y khai sinh, khai t\u1eed ho\u1eb7c k\u1ebft h\u00f4n \u1edf Dominica T\u1eeb Dominica G\u1eedi y\u00eau c\u1ea7u c\u1ee7a b\u1ea1n b\u1eb1ng tr\u1ef1c tuy\u1ebfn: \u0110\u01a1n xin Gi\u1ea5y khai sinh. \u0110\u01a1n xin c\u1ea5p Gi\u1ea5y ch\u1ee9ng t\u1eed. \u0110\u01a1n xin Gi\u1ea5y ch\u1ee9ng nh\u1eadn k\u1ebft h\u00f4n. 2. Sau khi nh\u1eadn \u0111\u01b0\u1ee3c x\u00e1c nh\u1eadn t\u1eeb C\u01a1 quan \u0111\u0103ng k\u00fd r\u1eb1ng c\u00e1c gi\u1ea5y...","protected":false},"author":1,"featured_media":8276,"parent":8275,"menu_order":0,"comment_status":"closed","ping_status":"closed","template":"","meta":{"_acf_changed":false,"footnotes":""},"class_list":["post-8278","page","type-page","status-publish","has-post-thumbnail","hentry"],"acf":[],"yoast_head":"<!-- This site is optimized with the Yoast SEO plugin v27.2 - https:\/\/yoast.com\/product\/yoast-seo-wordpress\/ -->\n<title>Gi\u1ea5y khai sinh,khai t\u1eed ho\u1eb7c k\u1ebft h\u00f4n - Consulate General of The Commonwealth of Dominica in Ho Chi Minh City<\/title>\n<meta name=\"robots\" content=\"index, follow, max-snippet:-1, max-image-preview:large, max-video-preview:-1\" \/>\n<link rel=\"canonical\" href=\"https:\/\/dominicaconsulateinvietnam.org\/vi\/consular-services\/giay-khai-sinhkhai-tu-hoac-ket-hon\/\" \/>\n<meta property=\"og:locale\" content=\"vi_VN\" \/>\n<meta property=\"og:type\" content=\"article\" \/>\n<meta property=\"og:title\" content=\"Gi\u1ea5y khai sinh,khai t\u1eed ho\u1eb7c k\u1ebft h\u00f4n - Consulate General of The Commonwealth of Dominica in Ho Chi Minh City\" \/>\n<meta property=\"og:url\" content=\"https:\/\/dominicaconsulateinvietnam.org\/vi\/consular-services\/giay-khai-sinhkhai-tu-hoac-ket-hon\/\" \/>\n<meta property=\"og:site_name\" content=\"Consulate General of The Commonwealth of Dominica in Ho Chi Minh City\" \/>\n<meta property=\"article:modified_time\" content=\"2021-09-20T10:32:02+00:00\" \/>\n<meta property=\"og:image\" content=\"https:\/\/dominicaconsulateinvietnam.org\/wp-content\/uploads\/2021\/08\/Consular-Service-image.jpg\" \/>\n\t<meta property=\"og:image:width\" content=\"1600\" \/>\n\t<meta property=\"og:image:height\" content=\"700\" \/>\n\t<meta property=\"og:image:type\" content=\"image\/jpeg\" \/>\n<meta name=\"twitter:card\" content=\"summary_large_image\" \/>\n<meta name=\"twitter:label1\" content=\"Est. reading time\" \/>\n\t<meta name=\"twitter:data1\" content=\"3 minutes\" \/>\n<script type=\"application\/ld+json\" class=\"yoast-schema-graph\">{\"@context\":\"https:\/\/schema.org\",\"@graph\":[{\"@type\":\"WebPage\",\"@id\":\"https:\/\/dominicaconsulateinvietnam.org\/vi\/consular-services\/giay-khai-sinhkhai-tu-hoac-ket-hon\/\",\"url\":\"https:\/\/dominicaconsulateinvietnam.org\/vi\/consular-services\/giay-khai-sinhkhai-tu-hoac-ket-hon\/\",\"name\":\"Gi\u1ea5y khai sinh,khai t\u1eed ho\u1eb7c k\u1ebft h\u00f4n - Consulate General of The Commonwealth of Dominica in Ho Chi Minh City\",\"isPartOf\":{\"@id\":\"https:\/\/dominicaconsulateinvietnam.org\/#website\"},\"primaryImageOfPage\":{\"@id\":\"https:\/\/dominicaconsulateinvietnam.org\/vi\/consular-services\/giay-khai-sinhkhai-tu-hoac-ket-hon\/#primaryimage\"},\"image\":{\"@id\":\"https:\/\/dominicaconsulateinvietnam.org\/vi\/consular-services\/giay-khai-sinhkhai-tu-hoac-ket-hon\/#primaryimage\"},\"thumbnailUrl\":\"https:\/\/dominicaconsulateinvietnam.org\/wp-content\/uploads\/2021\/08\/Consular-Service-image.jpg\",\"datePublished\":\"2021-09-15T06:31:57+00:00\",\"dateModified\":\"2021-09-20T10:32:02+00:00\",\"breadcrumb\":{\"@id\":\"https:\/\/dominicaconsulateinvietnam.org\/vi\/consular-services\/giay-khai-sinhkhai-tu-hoac-ket-hon\/#breadcrumb\"},\"inLanguage\":\"vi-VN\",\"potentialAction\":[{\"@type\":\"ReadAction\",\"target\":[\"https:\/\/dominicaconsulateinvietnam.org\/vi\/consular-services\/giay-khai-sinhkhai-tu-hoac-ket-hon\/\"]}]},{\"@type\":\"ImageObject\",\"inLanguage\":\"vi-VN\",\"@id\":\"https:\/\/dominicaconsulateinvietnam.org\/vi\/consular-services\/giay-khai-sinhkhai-tu-hoac-ket-hon\/#primaryimage\",\"url\":\"https:\/\/dominicaconsulateinvietnam.org\/wp-content\/uploads\/2021\/08\/Consular-Service-image.jpg\",\"contentUrl\":\"https:\/\/dominicaconsulateinvietnam.org\/wp-content\/uploads\/2021\/08\/Consular-Service-image.jpg\",\"width\":1600,\"height\":700},{\"@type\":\"BreadcrumbList\",\"@id\":\"https:\/\/dominicaconsulateinvietnam.org\/vi\/consular-services\/giay-khai-sinhkhai-tu-hoac-ket-hon\/#breadcrumb\",\"itemListElement\":[{\"@type\":\"ListItem\",\"position\":1,\"name\":\"Home\",\"item\":\"https:\/\/dominicaconsulateinvietnam.org\/vi\/\"},{\"@type\":\"ListItem\",\"position\":2,\"name\":\"D\u1ecbch v\u1ee5 l\u00e3nh s\u1ef1\",\"item\":\"https:\/\/dominicaconsulateinvietnam.org\/vi\/consular-services\/\"},{\"@type\":\"ListItem\",\"position\":3,\"name\":\"Gi\u1ea5y khai sinh,khai t\u1eed ho\u1eb7c k\u1ebft h\u00f4n\"}]},{\"@type\":\"WebSite\",\"@id\":\"https:\/\/dominicaconsulateinvietnam.org\/#website\",\"url\":\"https:\/\/dominicaconsulateinvietnam.org\/\",\"name\":\"Consulate General of The Commonwealth of Dominica in Ho Chi Minh City\",\"description\":\"The Consulate is focused on maintaining, and strengthening these international relationships, and on increasing the profile of Dominica within the international community\",\"potentialAction\":[{\"@type\":\"SearchAction\",\"target\":{\"@type\":\"EntryPoint\",\"urlTemplate\":\"https:\/\/dominicaconsulateinvietnam.org\/?s={search_term_string}\"},\"query-input\":{\"@type\":\"PropertyValueSpecification\",\"valueRequired\":true,\"valueName\":\"search_term_string\"}}],\"inLanguage\":\"vi-VN\"}]}<\/script>\n<!-- \/ Yoast SEO plugin. -->","yoast_head_json":{"title":"Gi\u1ea5y khai sinh,khai t\u1eed ho\u1eb7c k\u1ebft h\u00f4n - Consulate General of The Commonwealth of Dominica in Ho Chi Minh City","robots":{"index":"index","follow":"follow","max-snippet":"max-snippet:-1","max-image-preview":"max-image-preview:large","max-video-preview":"max-video-preview:-1"},"canonical":"https:\/\/dominicaconsulateinvietnam.org\/vi\/consular-services\/giay-khai-sinhkhai-tu-hoac-ket-hon\/","og_locale":"vi_VN","og_type":"article","og_title":"Gi\u1ea5y khai sinh,khai t\u1eed ho\u1eb7c k\u1ebft h\u00f4n - Consulate General of The Commonwealth of Dominica in Ho Chi Minh City","og_url":"https:\/\/dominicaconsulateinvietnam.org\/vi\/consular-services\/giay-khai-sinhkhai-tu-hoac-ket-hon\/","og_site_name":"Consulate General of The Commonwealth of Dominica in Ho Chi Minh City","article_modified_time":"2021-09-20T10:32:02+00:00","og_image":[{"width":1600,"height":700,"url":"https:\/\/dominicaconsulateinvietnam.org\/wp-content\/uploads\/2021\/08\/Consular-Service-image.jpg","type":"image\/jpeg"}],"twitter_card":"summary_large_image","twitter_misc":{"Est. reading time":"3 minutes"},"schema":{"@context":"https:\/\/schema.org","@graph":[{"@type":"WebPage","@id":"https:\/\/dominicaconsulateinvietnam.org\/vi\/consular-services\/giay-khai-sinhkhai-tu-hoac-ket-hon\/","url":"https:\/\/dominicaconsulateinvietnam.org\/vi\/consular-services\/giay-khai-sinhkhai-tu-hoac-ket-hon\/","name":"Gi\u1ea5y khai sinh,khai t\u1eed ho\u1eb7c k\u1ebft h\u00f4n - Consulate General of The Commonwealth of Dominica in Ho Chi Minh City","isPartOf":{"@id":"https:\/\/dominicaconsulateinvietnam.org\/#website"},"primaryImageOfPage":{"@id":"https:\/\/dominicaconsulateinvietnam.org\/vi\/consular-services\/giay-khai-sinhkhai-tu-hoac-ket-hon\/#primaryimage"},"image":{"@id":"https:\/\/dominicaconsulateinvietnam.org\/vi\/consular-services\/giay-khai-sinhkhai-tu-hoac-ket-hon\/#primaryimage"},"thumbnailUrl":"https:\/\/dominicaconsulateinvietnam.org\/wp-content\/uploads\/2021\/08\/Consular-Service-image.jpg","datePublished":"2021-09-15T06:31:57+00:00","dateModified":"2021-09-20T10:32:02+00:00","breadcrumb":{"@id":"https:\/\/dominicaconsulateinvietnam.org\/vi\/consular-services\/giay-khai-sinhkhai-tu-hoac-ket-hon\/#breadcrumb"},"inLanguage":"vi-VN","potentialAction":[{"@type":"ReadAction","target":["https:\/\/dominicaconsulateinvietnam.org\/vi\/consular-services\/giay-khai-sinhkhai-tu-hoac-ket-hon\/"]}]},{"@type":"ImageObject","inLanguage":"vi-VN","@id":"https:\/\/dominicaconsulateinvietnam.org\/vi\/consular-services\/giay-khai-sinhkhai-tu-hoac-ket-hon\/#primaryimage","url":"https:\/\/dominicaconsulateinvietnam.org\/wp-content\/uploads\/2021\/08\/Consular-Service-image.jpg","contentUrl":"https:\/\/dominicaconsulateinvietnam.org\/wp-content\/uploads\/2021\/08\/Consular-Service-image.jpg","width":1600,"height":700},{"@type":"BreadcrumbList","@id":"https:\/\/dominicaconsulateinvietnam.org\/vi\/consular-services\/giay-khai-sinhkhai-tu-hoac-ket-hon\/#breadcrumb","itemListElement":[{"@type":"ListItem","position":1,"name":"Home","item":"https:\/\/dominicaconsulateinvietnam.org\/vi\/"},{"@type":"ListItem","position":2,"name":"D\u1ecbch v\u1ee5 l\u00e3nh s\u1ef1","item":"https:\/\/dominicaconsulateinvietnam.org\/vi\/consular-services\/"},{"@type":"ListItem","position":3,"name":"Gi\u1ea5y khai sinh,khai t\u1eed ho\u1eb7c k\u1ebft h\u00f4n"}]},{"@type":"WebSite","@id":"https:\/\/dominicaconsulateinvietnam.org\/#website","url":"https:\/\/dominicaconsulateinvietnam.org\/","name":"Consulate General of The Commonwealth of Dominica in Ho Chi Minh City","description":"The Consulate is focused on maintaining, and strengthening these international relationships, and on increasing the profile of Dominica within the international community","potentialAction":[{"@type":"SearchAction","target":{"@type":"EntryPoint","urlTemplate":"https:\/\/dominicaconsulateinvietnam.org\/?s={search_term_string}"},"query-input":{"@type":"PropertyValueSpecification","valueRequired":true,"valueName":"search_term_string"}}],"inLanguage":"vi-VN"}]}},"_links":{"self":[{"href":"https:\/\/dominicaconsulateinvietnam.org\/vi\/wp-json\/wp\/v2\/pages\/8278","targetHints":{"allow":["GET"]}}],"collection":[{"href":"https:\/\/dominicaconsulateinvietnam.org\/vi\/wp-json\/wp\/v2\/pages"}],"about":[{"href":"https:\/\/dominicaconsulateinvietnam.org\/vi\/wp-json\/wp\/v2\/types\/page"}],"author":[{"embeddable":true,"href":"https:\/\/dominicaconsulateinvietnam.org\/vi\/wp-json\/wp\/v2\/users\/1"}],"replies":[{"embeddable":true,"href":"https:\/\/dominicaconsulateinvietnam.org\/vi\/wp-json\/wp\/v2\/comments?post=8278"}],"version-history":[{"count":4,"href":"https:\/\/dominicaconsulateinvietnam.org\/vi\/wp-json\/wp\/v2\/pages\/8278\/revisions"}],"predecessor-version":[{"id":8561,"href":"https:\/\/dominicaconsulateinvietnam.org\/vi\/wp-json\/wp\/v2\/pages\/8278\/revisions\/8561"}],"up":[{"embeddable":true,"href":"https:\/\/dominicaconsulateinvietnam.org\/vi\/wp-json\/wp\/v2\/pages\/8275"}],"wp:featuredmedia":[{"embeddable":true,"href":"https:\/\/dominicaconsulateinvietnam.org\/vi\/wp-json\/wp\/v2\/media\/8276"}],"wp:attachment":[{"href":"https:\/\/dominicaconsulateinvietnam.org\/vi\/wp-json\/wp\/v2\/media?parent=8278"}],"curies":[{"name":"wp","href":"https:\/\/api.w.org\/{rel}","templated":true}]}}