{"id":8272,"date":"2021-09-15T06:18:33","date_gmt":"2021-09-15T06:18:33","guid":{"rendered":"https:\/\/dominicaconsulateinvietnam.org\/citizenship-by-investment\/required-documents\/"},"modified":"2021-09-27T07:51:02","modified_gmt":"2021-09-27T07:51:02","slug":"required-documents","status":"publish","type":"page","link":"https:\/\/dominicaconsulateinvietnam.org\/vi\/citizenship-by-investment\/required-documents\/","title":{"rendered":"T\u00e0i li\u1ec7u c\u1ea7n n\u1ed9p"},"content":{"rendered":"<section class=\"l-section wpb_row height_auto\"><div class=\"l-section-h i-cf\"><div class=\"g-cols vc_row via_flex valign_top type_default stacking_default\"><div class=\"vc_col-sm-12 wpb_column vc_column_container\"><div class=\"vc_column-inner\"><div class=\"wpb_wrapper\"><div class=\"wpb_text_column\"><div class=\"wpb_wrapper\"><h3>Khi tham gia ch\u01b0\u01a1ng tr\u00ecnh c\u00f4ng d\u00e2n Dominica b\u1eb1ng h\u00ecnh th\u1ee9c \u0111\u1ea7u t\u01b0, \u0111\u01b0\u01a1ng \u0111\u01a1n c\u1ea7n ph\u1ea3i n\u1ed9p nh\u1eefng h\u1ed3 s\u01a1 sau \u0111\u00e2y:<\/h3>\n<ul>\n<li>D1-M\u1eabu \u0111\u01a1n th\u1ecfa thu\u1eadn c\u00f4ng khai th\u00f4ng tin gi\u1eefa c\u00e1c b\u00ean<\/li>\n<li>D2-D\u1ea5u v\u00e2n tay v\u00e0 \u0111\u01a1n x\u00e1c minh \u1ea3nh ch\u1ee5p (ho\u00e0n th\u00e0nh \u0111\u01a1n tr\u01b0\u1edbc ng\u01b0\u1eddi l\u1ea5y d\u1ea5u v\u00e2n tay)<\/li>\n<li>D3-B\u1ea3ng kh\u1ea3o s\u00e1t s\u1ee9c kh\u1ecfe v\u00e0 gi\u1ea5y ch\u1ee9ng nh\u1eadn s\u1ee9c kh\u1ecfe (\u0111\u01b0\u1ee3c ho\u00e0n th\u00e0nh b\u1edfi nh\u1eefng nh\u00e2n vi\u00ean y t\u1ebf c\u00f3 gi\u1ea5y ph\u00e9p)<\/li>\n<li>D4-Th\u1ecfa thu\u1eadn \u0111\u1ea7u t\u01b0 (l\u1ef1a ch\u1ecdn duy nh\u1ea5t l\u00e0 EDF, \u0111\u01b0\u1ee3c ho\u00e0n th\u00e0nh b\u1edfi \u0111\u01b0\u01a1ng \u0111\u01a1n)<\/li>\n<li>H\u1ee3p \u0111\u1ed3ng mua b\u00e1n (ch\u1ec9 trong l\u0129nh v\u1ef1c b\u1ea5t \u0111\u1ed9ng s\u1ea3n)<\/li>\n<li>\u0110\u01a1n \u0111\u0103ng k\u00fd m\u1eabu 12 (2 b\u1ea3n \u0111\u01b0\u1ee3c \u0111i\u1ec1n \u0111\u1ea7y \u0111\u1ee7 v\u00e0 c\u00f3 c\u00f4ng ch\u1ee9ng)<\/li>\n<li>B\u1ea3n copy c\u00f3 m\u00e0u c\u1ee7a t\u1ea5t c\u1ea3 nh\u1eefng h\u1ed9 chi\u1ebfu \u0111ang c\u00f3 <\/li>\n<li>Gi\u1ea5y khai sinh <\/li>\n<li>Gi\u1ea5y ch\u1ee9ng nh\u1eadn k\u1ebft h\u00f4n\/Gi\u1ea5y ch\u1ee9ng nh\u1eadn h\u1ee7y h\u00f4n (n\u1ebfu c\u00f3)<\/li>\n<li>L\u00fd l\u1ecbch t\u01b0 ph\u00e1p \u1edf \u0111\u1ea5t n\u01b0\u1edbc \u0111\u01b0\u1ee3c sinh ra, qu\u1ed1c t\u1ecbch, \u0111\u1ea5t n\u01b0\u1edbc \u0111ang c\u01b0 tr\u00fa (n\u1ebfu kh\u00e1c nhau) v\u00e0 t\u1ea5t c\u1ea3 nh\u1eefng \u0111\u1ea5t n\u01b0\u1edbc m\u00e0 \u0111\u01b0\u01a1ng \u0111\u01a1n \u0111\u00e3 sinh s\u1ed1ng h\u01a1n 6 th\u00e1ng trong v\u00f2ng 10 n\u0103m \u0111\u1ed1i v\u1edbi t\u1eebng \u0111\u01b0\u01a1ng \u0111\u01a1n tr\u00ean 16 tu\u1ed5i. \u0110\u1ed1i v\u1edbi tr\u1ebb em t\u1eeb 12-15 tu\u1ed5i, c\u1ea7n ph\u1ea3i c\u00f3 m\u1ed9t b\u1ea3n tuy\u00ean th\u1ec7 \u0111\u01b0\u1ee3c tuy\u00ean th\u1ec7 b\u1edfi cha m\u1eb9 l\u00e0 \u0111\u1ee9a tr\u1ebb kh\u00f4ng c\u00f3 ti\u1ec1n \u00e1n tr\u01b0\u1edbc \u0111\u00f3.<\/li>\n<li>B\u1ea3n copy m\u00e0u c\u1ee7a b\u1eb1ng l\u00e1i xe<\/li>\n<li>B\u1ea3n copy m\u00e0u c\u1ee7a t\u1ea5t c\u1ea3 nh\u1eefng gi\u1ea5y t\u1edd, th\u1ebb ch\u1ee9ng minh nh\u00e2n th\u00e2n<\/li>\n<li>B\u1ea3n copy m\u00e0u c\u1ee7a t\u1ea5t c\u1ea3 nh\u1eefng gi\u1ea5y t\u1edd xu\u1ea5t\/ nh\u1eadp ng\u0169 (n\u1ebfu c\u00f3)<\/li>\n<li>B\u1ea3n copy m\u00e0u c\u1ee7a t\u1ea5t c\u1ea3 nh\u1eefng gi\u1ea5y t\u1edd ch\u1ee9ng minh s\u1ef1 thay \u0111\u1ed5i trong t\u00ean h\u1ecd (ngo\u1ea1i tr\u1eeb qua h\u00f4n nh\u00e2n) n\u1ebfu c\u00f3<\/li>\n<li>\u1ea2nh ch\u1ee5p c\u00f3 k\u00edch th\u01b0\u1edbc \u0111\u01b0\u1ee3c d\u00f9ng trong h\u1ed9 chi\u1ebfu<\/li>\n<li>Gi\u1ea5y t\u1edd ch\u1ee9ng minh c\u01b0 tr\u00fa (h\u1ee3p \u0111\u1ed3ng thu\u00ea nh\u00e0, h\u00f3a \u0111\u01a1n \u0111i\u1ec7n, n\u01b0\u1edbc)<\/li>\n<li>B\u1ea3ng copy m\u00e0u c\u1ee7a b\u1eb1ng \u0111\u1ea1i h\u1ecdc\/ cao \u0111\u1eb3ng<\/li>\n<li>Th\u01b0 gi\u1edbi thi\u1ec7u t\u1eeb hi\u1ec7u tr\u01b0\u1edfng nh\u00e0 tr\u01b0\u1eddng\/ \u0111\u1ea1i h\u1ecdc \u0111\u1ed1i v\u1edbi tr\u1ebb em t\u1eeb 12 \u0111\u1ebfn 18 tu\u1ed5i. B\u1ea3ng \u0111i\u1ec3m ch\u00ednh th\u1ee9c c\u1ee7a c\u01a1 s\u1edf gi\u00e1o d\u1ee5c \u0111\u1ea1i h\u1ecdc ho\u1eb7c cao h\u01a1n ho\u1eb7c gi\u1ea5y x\u00e1c nh\u1eadn c\u1ee7a c\u01a1 quan c\u00f3 th\u1ea9m quy\u1ec1n v\u1ec1 vi\u1ec7c nh\u1eadp h\u1ecdc \u0111\u1ed1i v\u1edbi ng\u01b0\u1eddi t\u1eeb 18 \u0111\u1ebfn 30 tu\u1ed5i \u0111ang h\u1ecdc t\u1ea1i c\u01a1 s\u1edf gi\u00e1o d\u1ee5c b\u1eadc \u0111\u1ea1i h\u1ecdc ho\u1eb7c cao h\u01a1n.<\/li>\n<li>Cam k\u1ebft b\u1ea3o l\u00e3nh t\u00e0i ch\u00ednh c\u00f3 c\u00f4ng ch\u1ee9ng cho m\u1ed7i ng\u01b0\u1eddi ph\u1ee5 thu\u1ed9c t\u1eeb 18 tu\u1ed5i tr\u1edf l\u00ean \u0111\u01b0\u1ee3c bao g\u1ed3m trong \u0111\u01a1n \u0111\u0103ng k\u00fd, ngo\u1ea1i tr\u1eeb ch\u1ed3ng\/v\u1ee3.<\/li>\n<li>K\u1ebft qu\u1ea3 test HIV (\u0111\u1ed1i v\u1edbi ng\u01b0\u1eddi t\u1eeb 12 tu\u1ed5i tr\u1edf l\u00ean)<\/li>\n<li>K\u1ebft qu\u1ea3 x\u00e9t nghi\u1ec7m m\u00e1u v\u00e0 n\u01b0\u1edbc ti\u1ec3u \u0111\u1ecbnh k\u1ef3<\/li>\n<li>M\u1ed9t (1) ng\u01b0\u1eddi gi\u1edbi thi\u1ec7u trong c\u00f4ng vi\u1ec7c (Professional reference)<\/li>\n<li>Th\u01b0 tuy\u1ec3n d\u1ee5ng \/ b\u00e1o c\u00e1o t\u00e0i ch\u00ednh<\/li>\n<li>B\u1ea3ng sao k\u00ea ng\u00e2n h\u00e0ng 12 th\u00e1ng<\/li>\n<li>B\u1ea3n tuy\u00ean th\u1ec7 c\u00f3 c\u00f4ng ch\u1ee9ng v\u1ec1 ngu\u1ed3n v\u1ed1n<\/li>\n<li>H\u1ed3 s\u01a1 chi ti\u1ebft v\u1ec1 h\u1ecdc v\u1ea5n, ngh\u1ec1 nghi\u1ec7p b\u1ea3n th\u00e2n  \/ s\u01a1 y\u1ebfu l\u00fd l\u1ecbch \/ CV chi ti\u1ebft<\/li>\n<li>Th\u01b0 g\u1eedi B\u1ed9 tr\u01b0\u1edfng<\/li>\n<li>B\u1eb1ng ch\u1ee9ng thanh to\u00e1n c\u00e1c kho\u1ea3n ph\u00ed li\u00ean quan<\/ul>\n<p>M\u1ecdi b\u1ea3n sao m\u00e0u c\u1ee7a t\u00e0i li\u1ec7u ph\u1ea3i \u0111\u01b0\u1ee3c c\u00f4ng ch\u1ee9ng v\u00e0 h\u1ee3p ph\u00e1p h\u00f3a tr\u01b0\u1edbc khi g\u1eedi. N\u1ebfu b\u1ea5t k\u1ef3 t\u00e0i li\u1ec7u n\u00e0o kh\u00f4ng ph\u1ea3i b\u1eb1ng ti\u1ebfng Anh, ch\u00fang ph\u1ea3i \u0111\u01b0\u1ee3c d\u1ecbch, c\u00f4ng ch\u1ee9ng v\u00e0 h\u1ee3p ph\u00e1p h\u00f3a tr\u01b0\u1edbc khi n\u1ed9p.<\/p>\n<p>\u0110\u01b0\u01a1ng \u0111\u01a1n v\u00e0 nh\u1eefng ng\u01b0\u1eddi ph\u1ee5 thu\u1ed9c l\u00e0 ng\u01b0\u1eddi l\u1edbn ph\u1ea3i k\u00fd v\u00e0o c\u00e1c m\u1eabu \u0111\u01a1n c\u1ea7n ph\u1ea3i c\u00f3 ch\u1eef k\u00fd. \u0110\u1ed1i v\u1edbi tr\u1ebb em khuy\u1ebft t\u1eadt l\u00e0 ng\u01b0\u1eddi l\u1edbn kh\u00f4ng c\u00f3 kh\u1ea3 n\u0103ng k\u00fd bi\u1ec3u m\u1eabu, ng\u01b0\u1eddi k\u00fd t\u00ean ph\u1ea3i cung c\u1ea5p t\u00e0i li\u1ec7u ph\u00e1p l\u00fd th\u00edch h\u1ee3p ch\u1ee9ng minh quy\u1ec1n h\u1ee3p ph\u00e1p c\u1ee7a ng\u01b0\u1eddi \u0111\u00f3 \u0111\u1ec3 k\u00fd thay cho ng\u01b0\u1eddi ph\u1ee5 thu\u1ed9c. \u0110\u1ed1i v\u1edbi tr\u1ebb v\u1ecb th\u00e0nh ni\u00ean, c\u00e1c bi\u1ec3u m\u1eabu ph\u1ea3i c\u00f3 ch\u1eef k\u00fd c\u1ee7a c\u1ea3 cha v\u00e0 m\u1eb9 ho\u1eb7c ng\u01b0\u1eddi gi\u00e1m h\u1ed9 h\u1ee3p ph\u00e1p c\u1ee7a tr\u1ebb.<\/p>\n<p>Xin l\u01b0u \u00fd r\u1eb1ng k\u1ec3 t\u1eeb ng\u00e0y 1 th\u00e1ng 5 n\u0103m 2017, c\u00e1c t\u00e0i li\u1ec7u sau \u0111\u00e3 \u0111\u01b0\u1ee3c mi\u1ec5n tr\u1eeb cho t\u1ea5t c\u1ea3 c\u00e1c \u1ee9ng vi\u00ean:<\/p>\n<ul>\n<li>Th\u01b0 x\u00e1c nh\u1eadn th\u00f4ng tin kh\u00e1ch h\u00e0ng c\u1ee7a ng\u00e2n h\u00e0ng<\/li>\n<li>Ng\u01b0\u1eddi gi\u1edbi thi\u1ec7u trong c\u00f4ng vi\u1ec7c<\/li>\n<li>L\u1ecbch ti\u00eam ch\u1ee7ng<\/li>\n<li>B\u00e1o c\u00e1o t\u00e0i ch\u00ednh \u0111\u00e3 \u0111\u01b0\u1ee3c ki\u1ec3m to\u00e1n<\/li>\n<\/ul>\n<p>C\u00e1c agent ph\u1ea3i th\u00f4ng b\u00e1o cho \u0111\u01b0\u01a1ng \u0111\u01a1n r\u1eb1ng ng\u00e2n h\u00e0ng y\u00eau c\u1ea7u th\u01b0 x\u00e1c nh\u1eadn th\u00f4ng tin kh\u00e1ch h\u00e0ng v\u00e0 b\u00e1o c\u00e1o t\u00e0i ch\u00ednh \u0111\u00e3 \u0111\u01b0\u1ee3c ki\u1ec3m to\u00e1n c\u1ee7a h\u1ecd trong hai n\u0103m g\u1ea7n nh\u1ea5t \u0111\u1ec3 x\u1eed l\u00fd ngu\u1ed3n v\u1ed1n. (Agents must inform applicants that their bank reference and audited financial reports for the two most recent years are required by the bank in order to process the funds.)<\/p>\n<\/div><\/div><\/div><\/div><\/div><\/div><\/div><\/section>\n","protected":false},"excerpt":{"rendered":"Khi tham gia ch\u01b0\u01a1ng tr\u00ecnh c\u00f4ng d\u00e2n Dominica b\u1eb1ng h\u00ecnh th\u1ee9c \u0111\u1ea7u t\u01b0, \u0111\u01b0\u01a1ng \u0111\u01a1n c\u1ea7n ph\u1ea3i n\u1ed9p nh\u1eefng h\u1ed3 s\u01a1 sau \u0111\u00e2y: D1-M\u1eabu \u0111\u01a1n th\u1ecfa thu\u1eadn c\u00f4ng khai th\u00f4ng tin gi\u1eefa c\u00e1c b\u00ean D2-D\u1ea5u v\u00e2n tay v\u00e0 \u0111\u01a1n x\u00e1c minh \u1ea3nh ch\u1ee5p (ho\u00e0n th\u00e0nh \u0111\u01a1n tr\u01b0\u1edbc ng\u01b0\u1eddi l\u1ea5y d\u1ea5u v\u00e2n tay) D3-B\u1ea3ng kh\u1ea3o s\u00e1t...","protected":false},"author":1,"featured_media":8261,"parent":8260,"menu_order":0,"comment_status":"closed","ping_status":"closed","template":"","meta":{"_acf_changed":false,"footnotes":""},"class_list":["post-8272","page","type-page","status-publish","has-post-thumbnail","hentry"],"acf":[],"yoast_head":"<!-- This site is optimized with the Yoast SEO plugin v27.2 - https:\/\/yoast.com\/product\/yoast-seo-wordpress\/ -->\n<title>T\u00e0i li\u1ec7u c\u1ea7n n\u1ed9p - Consulate General of The Commonwealth of Dominica in Ho Chi Minh City<\/title>\n<meta name=\"robots\" content=\"index, follow, max-snippet:-1, max-image-preview:large, max-video-preview:-1\" \/>\n<link rel=\"canonical\" href=\"https:\/\/dominicaconsulateinvietnam.org\/vi\/citizenship-by-investment\/required-documents\/\" \/>\n<meta property=\"og:locale\" content=\"vi_VN\" \/>\n<meta property=\"og:type\" content=\"article\" \/>\n<meta property=\"og:title\" content=\"T\u00e0i li\u1ec7u c\u1ea7n n\u1ed9p - Consulate General of The Commonwealth of Dominica in Ho Chi Minh City\" \/>\n<meta property=\"og:url\" content=\"https:\/\/dominicaconsulateinvietnam.org\/vi\/citizenship-by-investment\/required-documents\/\" \/>\n<meta property=\"og:site_name\" content=\"Consulate General of The Commonwealth of Dominica in Ho Chi Minh City\" \/>\n<meta property=\"article:modified_time\" content=\"2021-09-27T07:51:02+00:00\" \/>\n<meta property=\"og:image\" content=\"https:\/\/dominicaconsulateinvietnam.org\/wp-content\/uploads\/2021\/08\/Dominica-passport-image-for-CBI-page.jpg\" \/>\n\t<meta property=\"og:image:width\" content=\"960\" \/>\n\t<meta property=\"og:image:height\" content=\"400\" \/>\n\t<meta property=\"og:image:type\" content=\"image\/jpeg\" \/>\n<meta name=\"twitter:card\" content=\"summary_large_image\" \/>\n<meta name=\"twitter:label1\" content=\"Est. reading time\" \/>\n\t<meta name=\"twitter:data1\" content=\"6 minutes\" \/>\n<script type=\"application\/ld+json\" class=\"yoast-schema-graph\">{\"@context\":\"https:\/\/schema.org\",\"@graph\":[{\"@type\":\"WebPage\",\"@id\":\"https:\/\/dominicaconsulateinvietnam.org\/vi\/citizenship-by-investment\/required-documents\/\",\"url\":\"https:\/\/dominicaconsulateinvietnam.org\/vi\/citizenship-by-investment\/required-documents\/\",\"name\":\"T\u00e0i li\u1ec7u c\u1ea7n n\u1ed9p - Consulate General of The Commonwealth of Dominica in Ho Chi Minh City\",\"isPartOf\":{\"@id\":\"https:\/\/dominicaconsulateinvietnam.org\/#website\"},\"primaryImageOfPage\":{\"@id\":\"https:\/\/dominicaconsulateinvietnam.org\/vi\/citizenship-by-investment\/required-documents\/#primaryimage\"},\"image\":{\"@id\":\"https:\/\/dominicaconsulateinvietnam.org\/vi\/citizenship-by-investment\/required-documents\/#primaryimage\"},\"thumbnailUrl\":\"https:\/\/dominicaconsulateinvietnam.org\/wp-content\/uploads\/2021\/08\/Dominica-passport-image-for-CBI-page.jpg\",\"datePublished\":\"2021-09-15T06:18:33+00:00\",\"dateModified\":\"2021-09-27T07:51:02+00:00\",\"breadcrumb\":{\"@id\":\"https:\/\/dominicaconsulateinvietnam.org\/vi\/citizenship-by-investment\/required-documents\/#breadcrumb\"},\"inLanguage\":\"vi-VN\",\"potentialAction\":[{\"@type\":\"ReadAction\",\"target\":[\"https:\/\/dominicaconsulateinvietnam.org\/vi\/citizenship-by-investment\/required-documents\/\"]}]},{\"@type\":\"ImageObject\",\"inLanguage\":\"vi-VN\",\"@id\":\"https:\/\/dominicaconsulateinvietnam.org\/vi\/citizenship-by-investment\/required-documents\/#primaryimage\",\"url\":\"https:\/\/dominicaconsulateinvietnam.org\/wp-content\/uploads\/2021\/08\/Dominica-passport-image-for-CBI-page.jpg\",\"contentUrl\":\"https:\/\/dominicaconsulateinvietnam.org\/wp-content\/uploads\/2021\/08\/Dominica-passport-image-for-CBI-page.jpg\",\"width\":960,\"height\":400},{\"@type\":\"BreadcrumbList\",\"@id\":\"https:\/\/dominicaconsulateinvietnam.org\/vi\/citizenship-by-investment\/required-documents\/#breadcrumb\",\"itemListElement\":[{\"@type\":\"ListItem\",\"position\":1,\"name\":\"Home\",\"item\":\"https:\/\/dominicaconsulateinvietnam.org\/vi\/\"},{\"@type\":\"ListItem\",\"position\":2,\"name\":\"Ch\u01b0\u01a1ng tr\u00ecnh \u0110\u1ea7u t\u01b0 &#8211; \u0110\u1ecbnh c\u01b0\",\"item\":\"https:\/\/dominicaconsulateinvietnam.org\/vi\/citizenship-by-investment\/\"},{\"@type\":\"ListItem\",\"position\":3,\"name\":\"T\u00e0i li\u1ec7u c\u1ea7n n\u1ed9p\"}]},{\"@type\":\"WebSite\",\"@id\":\"https:\/\/dominicaconsulateinvietnam.org\/#website\",\"url\":\"https:\/\/dominicaconsulateinvietnam.org\/\",\"name\":\"Consulate General of The Commonwealth of Dominica in Ho Chi Minh City\",\"description\":\"The Consulate is focused on maintaining, and strengthening these international relationships, and on increasing the profile of Dominica within the international community\",\"potentialAction\":[{\"@type\":\"SearchAction\",\"target\":{\"@type\":\"EntryPoint\",\"urlTemplate\":\"https:\/\/dominicaconsulateinvietnam.org\/?s={search_term_string}\"},\"query-input\":{\"@type\":\"PropertyValueSpecification\",\"valueRequired\":true,\"valueName\":\"search_term_string\"}}],\"inLanguage\":\"vi-VN\"}]}<\/script>\n<!-- \/ Yoast SEO plugin. -->","yoast_head_json":{"title":"T\u00e0i li\u1ec7u c\u1ea7n n\u1ed9p - Consulate General of The Commonwealth of Dominica in Ho Chi Minh City","robots":{"index":"index","follow":"follow","max-snippet":"max-snippet:-1","max-image-preview":"max-image-preview:large","max-video-preview":"max-video-preview:-1"},"canonical":"https:\/\/dominicaconsulateinvietnam.org\/vi\/citizenship-by-investment\/required-documents\/","og_locale":"vi_VN","og_type":"article","og_title":"T\u00e0i li\u1ec7u c\u1ea7n n\u1ed9p - Consulate General of The Commonwealth of Dominica in Ho Chi Minh City","og_url":"https:\/\/dominicaconsulateinvietnam.org\/vi\/citizenship-by-investment\/required-documents\/","og_site_name":"Consulate General of The Commonwealth of Dominica in Ho Chi Minh City","article_modified_time":"2021-09-27T07:51:02+00:00","og_image":[{"width":960,"height":400,"url":"https:\/\/dominicaconsulateinvietnam.org\/wp-content\/uploads\/2021\/08\/Dominica-passport-image-for-CBI-page.jpg","type":"image\/jpeg"}],"twitter_card":"summary_large_image","twitter_misc":{"Est. reading time":"6 minutes"},"schema":{"@context":"https:\/\/schema.org","@graph":[{"@type":"WebPage","@id":"https:\/\/dominicaconsulateinvietnam.org\/vi\/citizenship-by-investment\/required-documents\/","url":"https:\/\/dominicaconsulateinvietnam.org\/vi\/citizenship-by-investment\/required-documents\/","name":"T\u00e0i li\u1ec7u c\u1ea7n n\u1ed9p - Consulate General of The Commonwealth of Dominica in Ho Chi Minh City","isPartOf":{"@id":"https:\/\/dominicaconsulateinvietnam.org\/#website"},"primaryImageOfPage":{"@id":"https:\/\/dominicaconsulateinvietnam.org\/vi\/citizenship-by-investment\/required-documents\/#primaryimage"},"image":{"@id":"https:\/\/dominicaconsulateinvietnam.org\/vi\/citizenship-by-investment\/required-documents\/#primaryimage"},"thumbnailUrl":"https:\/\/dominicaconsulateinvietnam.org\/wp-content\/uploads\/2021\/08\/Dominica-passport-image-for-CBI-page.jpg","datePublished":"2021-09-15T06:18:33+00:00","dateModified":"2021-09-27T07:51:02+00:00","breadcrumb":{"@id":"https:\/\/dominicaconsulateinvietnam.org\/vi\/citizenship-by-investment\/required-documents\/#breadcrumb"},"inLanguage":"vi-VN","potentialAction":[{"@type":"ReadAction","target":["https:\/\/dominicaconsulateinvietnam.org\/vi\/citizenship-by-investment\/required-documents\/"]}]},{"@type":"ImageObject","inLanguage":"vi-VN","@id":"https:\/\/dominicaconsulateinvietnam.org\/vi\/citizenship-by-investment\/required-documents\/#primaryimage","url":"https:\/\/dominicaconsulateinvietnam.org\/wp-content\/uploads\/2021\/08\/Dominica-passport-image-for-CBI-page.jpg","contentUrl":"https:\/\/dominicaconsulateinvietnam.org\/wp-content\/uploads\/2021\/08\/Dominica-passport-image-for-CBI-page.jpg","width":960,"height":400},{"@type":"BreadcrumbList","@id":"https:\/\/dominicaconsulateinvietnam.org\/vi\/citizenship-by-investment\/required-documents\/#breadcrumb","itemListElement":[{"@type":"ListItem","position":1,"name":"Home","item":"https:\/\/dominicaconsulateinvietnam.org\/vi\/"},{"@type":"ListItem","position":2,"name":"Ch\u01b0\u01a1ng tr\u00ecnh \u0110\u1ea7u t\u01b0 &#8211; \u0110\u1ecbnh c\u01b0","item":"https:\/\/dominicaconsulateinvietnam.org\/vi\/citizenship-by-investment\/"},{"@type":"ListItem","position":3,"name":"T\u00e0i li\u1ec7u c\u1ea7n n\u1ed9p"}]},{"@type":"WebSite","@id":"https:\/\/dominicaconsulateinvietnam.org\/#website","url":"https:\/\/dominicaconsulateinvietnam.org\/","name":"Consulate General of The Commonwealth of Dominica in Ho Chi Minh City","description":"The Consulate is focused on maintaining, and strengthening these international relationships, and on increasing the profile of Dominica within the international community","potentialAction":[{"@type":"SearchAction","target":{"@type":"EntryPoint","urlTemplate":"https:\/\/dominicaconsulateinvietnam.org\/?s={search_term_string}"},"query-input":{"@type":"PropertyValueSpecification","valueRequired":true,"valueName":"search_term_string"}}],"inLanguage":"vi-VN"}]}},"_links":{"self":[{"href":"https:\/\/dominicaconsulateinvietnam.org\/vi\/wp-json\/wp\/v2\/pages\/8272","targetHints":{"allow":["GET"]}}],"collection":[{"href":"https:\/\/dominicaconsulateinvietnam.org\/vi\/wp-json\/wp\/v2\/pages"}],"about":[{"href":"https:\/\/dominicaconsulateinvietnam.org\/vi\/wp-json\/wp\/v2\/types\/page"}],"author":[{"embeddable":true,"href":"https:\/\/dominicaconsulateinvietnam.org\/vi\/wp-json\/wp\/v2\/users\/1"}],"replies":[{"embeddable":true,"href":"https:\/\/dominicaconsulateinvietnam.org\/vi\/wp-json\/wp\/v2\/comments?post=8272"}],"version-history":[{"count":7,"href":"https:\/\/dominicaconsulateinvietnam.org\/vi\/wp-json\/wp\/v2\/pages\/8272\/revisions"}],"predecessor-version":[{"id":8637,"href":"https:\/\/dominicaconsulateinvietnam.org\/vi\/wp-json\/wp\/v2\/pages\/8272\/revisions\/8637"}],"up":[{"embeddable":true,"href":"https:\/\/dominicaconsulateinvietnam.org\/vi\/wp-json\/wp\/v2\/pages\/8260"}],"wp:featuredmedia":[{"embeddable":true,"href":"https:\/\/dominicaconsulateinvietnam.org\/vi\/wp-json\/wp\/v2\/media\/8261"}],"wp:attachment":[{"href":"https:\/\/dominicaconsulateinvietnam.org\/vi\/wp-json\/wp\/v2\/media?parent=8272"}],"curies":[{"name":"wp","href":"https:\/\/api.w.org\/{rel}","templated":true}]}}