{"id":8269,"date":"2021-09-15T06:11:55","date_gmt":"2021-09-15T06:11:55","guid":{"rendered":"https:\/\/dominicaconsulateinvietnam.org\/citizenship-by-investment\/legal-basis-and-relevant-registration\/"},"modified":"2021-09-27T07:51:29","modified_gmt":"2021-09-27T07:51:29","slug":"legal-basis-and-relevant-registration","status":"publish","type":"page","link":"https:\/\/dominicaconsulateinvietnam.org\/vi\/citizenship-by-investment\/legal-basis-and-relevant-registration\/","title":{"rendered":"C\u01a1 s\u1edf ph\u00e1p l\u00fd v\u00e0 lu\u1eadt ph\u00e1p li\u00ean quan"},"content":{"rendered":"<section class=\"l-section wpb_row height_auto\"><div class=\"l-section-h i-cf\"><div class=\"g-cols vc_row via_flex valign_top type_default stacking_default\"><div class=\"vc_col-sm-12 wpb_column vc_column_container\"><div class=\"vc_column-inner\"><div class=\"wpb_wrapper\"><div class=\"wpb_text_column\"><div class=\"wpb_wrapper\"><p>Kh\u1ed1i th\u1ecbnh v\u01b0\u1ee3ng chung Dominica \u0111\u00e3 c\u00f3 ch\u01b0\u01a1ng tr\u00ecnh c\u1ea5p qu\u1ed1c t\u1ecbch theo \u0111\u1ea7u t\u01b0 (CBI) t\u1eeb n\u0103m 1993, khi\u1ebfn ch\u01b0\u01a1ng tr\u00ecnh n\u00e0y c\u00f3 th\u1eddi gian ho\u1ea1t \u0111\u1ed9ng d\u00e0i th\u1ee9 hai \u1edf Caribean sau St Kitts v\u00e0 Nevis. \u0110i\u1ec1u n\u00e0y cho ph\u00e9p c\u00e1c nh\u00e0 \u0111\u1ea7u t\u01b0 kh\u00f4ng ph\u1ea3i l\u00e0 c\u00f4ng d\u00e2n c\u00f3 \u0111\u01b0\u1ee3c h\u1ed9 chi\u1ebfu Dominica \u0111\u1ec3 \u0111\u1ed5i l\u1ea1i vi\u1ec7c \u0111\u1ea7u t\u01b0 v\u00e0o Qu\u1ef9 \u0110a d\u1ea1ng h\u00f3a Kinh t\u1ebf c\u1ee7a \u0111\u1ea5t n\u01b0\u1edbc ho\u1eb7c mua b\u1ea5t \u0111\u1ed9ng s\u1ea3n \u0111\u00e3 \u0111\u01b0\u1ee3c ph\u00ea duy\u1ec7t tr\u01b0\u1edbc. C\u01a1 s\u1edf ph\u00e1p l\u00fd c\u1ee7a ch\u01b0\u01a1ng tr\u00ecnh \u0111\u00e3 \u0111\u01b0\u1ee3c l\u01b0u gi\u1eef trong c\u00e1c \u0111\u1ea1o lu\u1eadt kh\u00e1c nhau c\u1ee7a Dominica. \u1ede \u0111\u00e2y ch\u00fang ta h\u00e3y xem x\u00e9t c\u00e1c \u0111\u1ea1o lu\u1eadt li\u00ean quan.<br \/>\nHi\u1ebfn ph\u00e1p c\u1ee7a Kh\u1ed1i th\u1ecbnh v\u01b0\u1ee3ng chung Dominica:<br \/>\n\u0110\u1ec1 \u00e1n CBI c\u1ee7a Dominica \u0111\u01b0\u1ee3c ghi trong M\u1ee5c 101 c\u1ee7a Hi\u1ebfn ph\u00e1p c\u1ee7a Kh\u1ed1i th\u1ecbnh v\u01b0\u01a1ng chung Dominica. \u0110i\u1ec1u n\u00e0y quy \u0111\u1ecbnh r\u1eb1ng Ngh\u1ecb vi\u1ec7n c\u00f3 th\u1ec3 cho ph\u00e9p \u201cnh\u1eefng ng\u01b0\u1eddi kh\u00f4ng \u0111\u1ee7 \u0111i\u1ec1u ki\u1ec7n ho\u1eb7c kh\u00f4ng c\u00f2n \u0111\u1ee7 \u0111i\u1ec1u ki\u1ec7n \u0111\u1ec3 tr\u1edf th\u00e0nh c\u00f4ng d\u00e2n c\u1ee7a Dominica\u201d.<\/p>\n<p>\u0110\u1ea1o lu\u1eadt Qu\u1ed1c t\u1ecbch c\u1ee7a Kh\u1ed1i th\u1ecbnh v\u01b0\u1ee3ng chung Dominica<br \/>\n\u0110\u1ea1o lu\u1eadt Qu\u1ed1c t\u1ecbch c\u1ee7a Kh\u1ed1i th\u1ecbnh v\u01b0\u1ee3ng chung Dominica \u0111\u01b0\u1ee3c \u0111\u01b0a ra th\u00e0nh m\u1ed9t ph\u1ea7n c\u1ee7a lu\u1eadt Dominica v\u00e0o n\u0103m 1978, v\u00e0 \u0111\u00e3 \u0111\u1ec1 c\u1eadp \u0111\u1ebfn v\u1ea5n \u0111\u1ec1 l\u00e0m th\u1ebf n\u00e0o \u0111\u1ec3 c\u00f3 \u0111\u01b0\u1ee3c qu\u1ed1c t\u1ecbch c\u1ee7a Dominica. V\u1ea5n \u0111\u1ec1 n\u00e0y \u0111\u00e3 \u0111\u01b0\u1ee3c n\u00eau trong m\u1ee5c 8 v\u00e0 9 c\u1ee7a \u0111\u1ea1o lu\u1eadt, nh\u1eefng c\u00e1 nh\u00e2n tham gia v\u00e0o c\u00e1c ch\u01b0\u01a1ng tr\u00ecnh CBI s\u1ebd \u0111\u01b0\u1ee3c c\u1ea5p gi\u1ea5y ch\u1ee9ng nh\u1eadn nh\u1eadp t\u1ecbch trong tr\u01b0\u1eddng h\u1ee3p n\u00e0y.<\/p>\n<p>C\u00f4ng d\u00e2n c\u1ee7a Kh\u1ed1i th\u1ecbnh v\u01b0\u01a1ng Dominica theo Quy \u0111\u1ecbnh \u0110\u1ea7u t\u01b0<br \/>\nC\u00e1c quy \u0111\u1ecbnh v\u1ec1 \u0111\u1ea7u t\u01b0 c\u1ee7a Kh\u1ed1i th\u1ecbnh v\u01b0\u1ee3ng chung Dominica v\u1ec1 quy\u1ec1n c\u00f4ng d\u00e2n n\u0103m 2014 v\u00e0 c\u00e1c b\u1ea3n s\u1eeda \u0111\u1ed5i n\u0103m 2016, 2017, 2018, 2019 v\u00e0 2020 chi ph\u1ed1i ch\u01b0\u01a1ng tr\u00ecnh CBI c\u1ee7a qu\u1ed1c gia. C\u00e1c quy \u0111\u1ecbnh n\u00e0y \u0111\u01b0a ra s\u1ed1 ti\u1ec1n \u0111\u1ea7u t\u01b0 t\u1ed1i thi\u1ec3u c\u1ea7n thi\u1ebft \u0111\u1ec3 tham gia, \u0111\u1ecbnh ngh\u0129a c\u1ee7a c\u00e1c thu\u1eadt ng\u1eef nh\u01b0 &#8220;d\u1ef1 \u00e1n \u0111\u01b0\u1ee3c ph\u00ea duy\u1ec7t&#8221; v\u00e0 &#8220;c\u00e1c agent \u0111\u01b0\u1ee3c \u1ee7y quy\u1ec1n&#8221; v\u00e0 c\u00e1c tr\u01b0\u1eddng h\u1ee3p h\u1ed3 s\u01a1 \u0111\u0103ng k\u00fd c\u1ee7a m\u1ed9t c\u00e1 nh\u00e2n c\u00f3 th\u1ec3 b\u1ecb t\u1eeb ch\u1ed1i.<\/p>\n<\/div><\/div><\/div><\/div><\/div><\/div><\/div><\/section>\n","protected":false},"excerpt":{"rendered":"Kh\u1ed1i th\u1ecbnh v\u01b0\u1ee3ng chung Dominica \u0111\u00e3 c\u00f3 ch\u01b0\u01a1ng tr\u00ecnh c\u1ea5p qu\u1ed1c t\u1ecbch theo \u0111\u1ea7u t\u01b0 (CBI) t\u1eeb n\u0103m 1993, khi\u1ebfn ch\u01b0\u01a1ng tr\u00ecnh n\u00e0y c\u00f3 th\u1eddi gian ho\u1ea1t \u0111\u1ed9ng d\u00e0i th\u1ee9 hai \u1edf Caribean sau St Kitts v\u00e0 Nevis. \u0110i\u1ec1u n\u00e0y cho ph\u00e9p c\u00e1c nh\u00e0 \u0111\u1ea7u t\u01b0 kh\u00f4ng ph\u1ea3i l\u00e0 c\u00f4ng d\u00e2n c\u00f3 \u0111\u01b0\u1ee3c h\u1ed9 chi\u1ebfu...","protected":false},"author":1,"featured_media":8261,"parent":8260,"menu_order":0,"comment_status":"closed","ping_status":"closed","template":"","meta":{"_acf_changed":false,"footnotes":""},"class_list":["post-8269","page","type-page","status-publish","has-post-thumbnail","hentry"],"acf":[],"yoast_head":"<!-- This site is optimized with the Yoast SEO plugin v27.2 - https:\/\/yoast.com\/product\/yoast-seo-wordpress\/ -->\n<title>C\u01a1 s\u1edf ph\u00e1p l\u00fd v\u00e0 lu\u1eadt ph\u00e1p li\u00ean quan - Consulate General of The Commonwealth of Dominica in Ho Chi Minh City<\/title>\n<meta name=\"robots\" content=\"index, follow, max-snippet:-1, max-image-preview:large, max-video-preview:-1\" \/>\n<link rel=\"canonical\" href=\"https:\/\/dominicaconsulateinvietnam.org\/vi\/citizenship-by-investment\/legal-basis-and-relevant-registration\/\" \/>\n<meta property=\"og:locale\" content=\"vi_VN\" \/>\n<meta property=\"og:type\" content=\"article\" \/>\n<meta property=\"og:title\" content=\"C\u01a1 s\u1edf ph\u00e1p l\u00fd v\u00e0 lu\u1eadt ph\u00e1p li\u00ean quan - Consulate General of The Commonwealth of Dominica in Ho Chi Minh City\" \/>\n<meta property=\"og:url\" content=\"https:\/\/dominicaconsulateinvietnam.org\/vi\/citizenship-by-investment\/legal-basis-and-relevant-registration\/\" \/>\n<meta property=\"og:site_name\" content=\"Consulate General of The Commonwealth of Dominica in Ho Chi Minh City\" \/>\n<meta property=\"article:modified_time\" content=\"2021-09-27T07:51:29+00:00\" \/>\n<meta property=\"og:image\" content=\"https:\/\/dominicaconsulateinvietnam.org\/wp-content\/uploads\/2021\/08\/Dominica-passport-image-for-CBI-page.jpg\" \/>\n\t<meta property=\"og:image:width\" content=\"960\" \/>\n\t<meta property=\"og:image:height\" content=\"400\" \/>\n\t<meta property=\"og:image:type\" content=\"image\/jpeg\" \/>\n<meta name=\"twitter:card\" content=\"summary_large_image\" \/>\n<meta name=\"twitter:label1\" content=\"Est. reading time\" \/>\n\t<meta name=\"twitter:data1\" content=\"3 minutes\" \/>\n<script type=\"application\/ld+json\" class=\"yoast-schema-graph\">{\"@context\":\"https:\/\/schema.org\",\"@graph\":[{\"@type\":\"WebPage\",\"@id\":\"https:\/\/dominicaconsulateinvietnam.org\/vi\/citizenship-by-investment\/legal-basis-and-relevant-registration\/\",\"url\":\"https:\/\/dominicaconsulateinvietnam.org\/vi\/citizenship-by-investment\/legal-basis-and-relevant-registration\/\",\"name\":\"C\u01a1 s\u1edf ph\u00e1p l\u00fd v\u00e0 lu\u1eadt ph\u00e1p li\u00ean quan - Consulate General of The Commonwealth of Dominica in Ho Chi Minh City\",\"isPartOf\":{\"@id\":\"https:\/\/dominicaconsulateinvietnam.org\/#website\"},\"primaryImageOfPage\":{\"@id\":\"https:\/\/dominicaconsulateinvietnam.org\/vi\/citizenship-by-investment\/legal-basis-and-relevant-registration\/#primaryimage\"},\"image\":{\"@id\":\"https:\/\/dominicaconsulateinvietnam.org\/vi\/citizenship-by-investment\/legal-basis-and-relevant-registration\/#primaryimage\"},\"thumbnailUrl\":\"https:\/\/dominicaconsulateinvietnam.org\/wp-content\/uploads\/2021\/08\/Dominica-passport-image-for-CBI-page.jpg\",\"datePublished\":\"2021-09-15T06:11:55+00:00\",\"dateModified\":\"2021-09-27T07:51:29+00:00\",\"breadcrumb\":{\"@id\":\"https:\/\/dominicaconsulateinvietnam.org\/vi\/citizenship-by-investment\/legal-basis-and-relevant-registration\/#breadcrumb\"},\"inLanguage\":\"vi-VN\",\"potentialAction\":[{\"@type\":\"ReadAction\",\"target\":[\"https:\/\/dominicaconsulateinvietnam.org\/vi\/citizenship-by-investment\/legal-basis-and-relevant-registration\/\"]}]},{\"@type\":\"ImageObject\",\"inLanguage\":\"vi-VN\",\"@id\":\"https:\/\/dominicaconsulateinvietnam.org\/vi\/citizenship-by-investment\/legal-basis-and-relevant-registration\/#primaryimage\",\"url\":\"https:\/\/dominicaconsulateinvietnam.org\/wp-content\/uploads\/2021\/08\/Dominica-passport-image-for-CBI-page.jpg\",\"contentUrl\":\"https:\/\/dominicaconsulateinvietnam.org\/wp-content\/uploads\/2021\/08\/Dominica-passport-image-for-CBI-page.jpg\",\"width\":960,\"height\":400},{\"@type\":\"BreadcrumbList\",\"@id\":\"https:\/\/dominicaconsulateinvietnam.org\/vi\/citizenship-by-investment\/legal-basis-and-relevant-registration\/#breadcrumb\",\"itemListElement\":[{\"@type\":\"ListItem\",\"position\":1,\"name\":\"Home\",\"item\":\"https:\/\/dominicaconsulateinvietnam.org\/vi\/\"},{\"@type\":\"ListItem\",\"position\":2,\"name\":\"Ch\u01b0\u01a1ng tr\u00ecnh \u0110\u1ea7u t\u01b0 &#8211; \u0110\u1ecbnh c\u01b0\",\"item\":\"https:\/\/dominicaconsulateinvietnam.org\/vi\/citizenship-by-investment\/\"},{\"@type\":\"ListItem\",\"position\":3,\"name\":\"C\u01a1 s\u1edf ph\u00e1p l\u00fd v\u00e0 lu\u1eadt ph\u00e1p li\u00ean quan\"}]},{\"@type\":\"WebSite\",\"@id\":\"https:\/\/dominicaconsulateinvietnam.org\/#website\",\"url\":\"https:\/\/dominicaconsulateinvietnam.org\/\",\"name\":\"Consulate General of The Commonwealth of Dominica in Ho Chi Minh City\",\"description\":\"The Consulate is focused on maintaining, and strengthening these international relationships, and on increasing the profile of Dominica within the international community\",\"potentialAction\":[{\"@type\":\"SearchAction\",\"target\":{\"@type\":\"EntryPoint\",\"urlTemplate\":\"https:\/\/dominicaconsulateinvietnam.org\/?s={search_term_string}\"},\"query-input\":{\"@type\":\"PropertyValueSpecification\",\"valueRequired\":true,\"valueName\":\"search_term_string\"}}],\"inLanguage\":\"vi-VN\"}]}<\/script>\n<!-- \/ Yoast SEO plugin. -->","yoast_head_json":{"title":"C\u01a1 s\u1edf ph\u00e1p l\u00fd v\u00e0 lu\u1eadt ph\u00e1p li\u00ean quan - Consulate General of The Commonwealth of Dominica in Ho Chi Minh City","robots":{"index":"index","follow":"follow","max-snippet":"max-snippet:-1","max-image-preview":"max-image-preview:large","max-video-preview":"max-video-preview:-1"},"canonical":"https:\/\/dominicaconsulateinvietnam.org\/vi\/citizenship-by-investment\/legal-basis-and-relevant-registration\/","og_locale":"vi_VN","og_type":"article","og_title":"C\u01a1 s\u1edf ph\u00e1p l\u00fd v\u00e0 lu\u1eadt ph\u00e1p li\u00ean quan - Consulate General of The Commonwealth of Dominica in Ho Chi Minh City","og_url":"https:\/\/dominicaconsulateinvietnam.org\/vi\/citizenship-by-investment\/legal-basis-and-relevant-registration\/","og_site_name":"Consulate General of The Commonwealth of Dominica in Ho Chi Minh City","article_modified_time":"2021-09-27T07:51:29+00:00","og_image":[{"width":960,"height":400,"url":"https:\/\/dominicaconsulateinvietnam.org\/wp-content\/uploads\/2021\/08\/Dominica-passport-image-for-CBI-page.jpg","type":"image\/jpeg"}],"twitter_card":"summary_large_image","twitter_misc":{"Est. reading time":"3 minutes"},"schema":{"@context":"https:\/\/schema.org","@graph":[{"@type":"WebPage","@id":"https:\/\/dominicaconsulateinvietnam.org\/vi\/citizenship-by-investment\/legal-basis-and-relevant-registration\/","url":"https:\/\/dominicaconsulateinvietnam.org\/vi\/citizenship-by-investment\/legal-basis-and-relevant-registration\/","name":"C\u01a1 s\u1edf ph\u00e1p l\u00fd v\u00e0 lu\u1eadt ph\u00e1p li\u00ean quan - Consulate General of The Commonwealth of Dominica in Ho Chi Minh City","isPartOf":{"@id":"https:\/\/dominicaconsulateinvietnam.org\/#website"},"primaryImageOfPage":{"@id":"https:\/\/dominicaconsulateinvietnam.org\/vi\/citizenship-by-investment\/legal-basis-and-relevant-registration\/#primaryimage"},"image":{"@id":"https:\/\/dominicaconsulateinvietnam.org\/vi\/citizenship-by-investment\/legal-basis-and-relevant-registration\/#primaryimage"},"thumbnailUrl":"https:\/\/dominicaconsulateinvietnam.org\/wp-content\/uploads\/2021\/08\/Dominica-passport-image-for-CBI-page.jpg","datePublished":"2021-09-15T06:11:55+00:00","dateModified":"2021-09-27T07:51:29+00:00","breadcrumb":{"@id":"https:\/\/dominicaconsulateinvietnam.org\/vi\/citizenship-by-investment\/legal-basis-and-relevant-registration\/#breadcrumb"},"inLanguage":"vi-VN","potentialAction":[{"@type":"ReadAction","target":["https:\/\/dominicaconsulateinvietnam.org\/vi\/citizenship-by-investment\/legal-basis-and-relevant-registration\/"]}]},{"@type":"ImageObject","inLanguage":"vi-VN","@id":"https:\/\/dominicaconsulateinvietnam.org\/vi\/citizenship-by-investment\/legal-basis-and-relevant-registration\/#primaryimage","url":"https:\/\/dominicaconsulateinvietnam.org\/wp-content\/uploads\/2021\/08\/Dominica-passport-image-for-CBI-page.jpg","contentUrl":"https:\/\/dominicaconsulateinvietnam.org\/wp-content\/uploads\/2021\/08\/Dominica-passport-image-for-CBI-page.jpg","width":960,"height":400},{"@type":"BreadcrumbList","@id":"https:\/\/dominicaconsulateinvietnam.org\/vi\/citizenship-by-investment\/legal-basis-and-relevant-registration\/#breadcrumb","itemListElement":[{"@type":"ListItem","position":1,"name":"Home","item":"https:\/\/dominicaconsulateinvietnam.org\/vi\/"},{"@type":"ListItem","position":2,"name":"Ch\u01b0\u01a1ng tr\u00ecnh \u0110\u1ea7u t\u01b0 &#8211; \u0110\u1ecbnh c\u01b0","item":"https:\/\/dominicaconsulateinvietnam.org\/vi\/citizenship-by-investment\/"},{"@type":"ListItem","position":3,"name":"C\u01a1 s\u1edf ph\u00e1p l\u00fd v\u00e0 lu\u1eadt ph\u00e1p li\u00ean quan"}]},{"@type":"WebSite","@id":"https:\/\/dominicaconsulateinvietnam.org\/#website","url":"https:\/\/dominicaconsulateinvietnam.org\/","name":"Consulate General of The Commonwealth of Dominica in Ho Chi Minh City","description":"The Consulate is focused on maintaining, and strengthening these international relationships, and on increasing the profile of Dominica within the international community","potentialAction":[{"@type":"SearchAction","target":{"@type":"EntryPoint","urlTemplate":"https:\/\/dominicaconsulateinvietnam.org\/?s={search_term_string}"},"query-input":{"@type":"PropertyValueSpecification","valueRequired":true,"valueName":"search_term_string"}}],"inLanguage":"vi-VN"}]}},"_links":{"self":[{"href":"https:\/\/dominicaconsulateinvietnam.org\/vi\/wp-json\/wp\/v2\/pages\/8269","targetHints":{"allow":["GET"]}}],"collection":[{"href":"https:\/\/dominicaconsulateinvietnam.org\/vi\/wp-json\/wp\/v2\/pages"}],"about":[{"href":"https:\/\/dominicaconsulateinvietnam.org\/vi\/wp-json\/wp\/v2\/types\/page"}],"author":[{"embeddable":true,"href":"https:\/\/dominicaconsulateinvietnam.org\/vi\/wp-json\/wp\/v2\/users\/1"}],"replies":[{"embeddable":true,"href":"https:\/\/dominicaconsulateinvietnam.org\/vi\/wp-json\/wp\/v2\/comments?post=8269"}],"version-history":[{"count":7,"href":"https:\/\/dominicaconsulateinvietnam.org\/vi\/wp-json\/wp\/v2\/pages\/8269\/revisions"}],"predecessor-version":[{"id":8640,"href":"https:\/\/dominicaconsulateinvietnam.org\/vi\/wp-json\/wp\/v2\/pages\/8269\/revisions\/8640"}],"up":[{"embeddable":true,"href":"https:\/\/dominicaconsulateinvietnam.org\/vi\/wp-json\/wp\/v2\/pages\/8260"}],"wp:featuredmedia":[{"embeddable":true,"href":"https:\/\/dominicaconsulateinvietnam.org\/vi\/wp-json\/wp\/v2\/media\/8261"}],"wp:attachment":[{"href":"https:\/\/dominicaconsulateinvietnam.org\/vi\/wp-json\/wp\/v2\/media?parent=8269"}],"curies":[{"name":"wp","href":"https:\/\/api.w.org\/{rel}","templated":true}]}}