{"id":8266,"date":"2021-09-15T06:10:39","date_gmt":"2021-09-15T06:10:39","guid":{"rendered":"https:\/\/dominicaconsulateinvietnam.org\/citizenship-by-investment\/benefits-of-dominican-citizenship\/"},"modified":"2021-09-27T07:50:19","modified_gmt":"2021-09-27T07:50:19","slug":"benefits-of-dominican-citizenship","status":"publish","type":"page","link":"https:\/\/dominicaconsulateinvietnam.org\/vi\/citizenship-by-investment\/benefits-of-dominican-citizenship\/","title":{"rendered":"L\u1ee3i \u00edch c\u1ee7a qu\u1ed1c t\u1ecbch Dominica"},"content":{"rendered":"<section class=\"l-section wpb_row height_auto\"><div class=\"l-section-h i-cf\"><div class=\"g-cols vc_row via_flex valign_top type_default stacking_default\"><div class=\"vc_col-sm-12 wpb_column vc_column_container\"><div class=\"vc_column-inner\"><div class=\"wpb_wrapper\"><div class=\"wpb_text_column\"><div class=\"wpb_wrapper\"><h2>Quy\u1ec1n c\u00f4ng d\u00e2n b\u1eb1ng h\u00ecnh th\u1ee9c \u0111\u1ea7u t\u01b0 v\u00e0 c\u00e1c quy\u1ec1n l\u1ee3i v\u1ec1 qu\u1ed1c t\u1ecbch k\u00e9p<\/h2>\n<p>Vi\u1ec7c xin qu\u1ed1c t\u1ecbch b\u1eb1ng h\u00ecnh th\u1ee9c \u0111\u1ea7u t\u01b0 \u1edf Dominica ng\u00e0y c\u00e0ng tr\u1edf n\u00ean ph\u1ed5 bi\u1ebfn trong v\u00e0i n\u0103m g\u1ea7n \u0111\u00e2y v\u00e0 \u0111i\u1ec1u n\u00e0y kh\u00f4ng c\u00f3 g\u00ec \u0111\u00e1ng ng\u1ea1c nhi\u00ean. C\u00f3 r\u1ea5t nhi\u1ec1u l\u1ee3i \u00edch \u0111\u1ed1i v\u1edbi vi\u1ec7c c\u00f3 \u0111\u01b0\u1ee3c hai qu\u1ed1c t\u1ecbch v\u00e0 Dominica l\u00e0 n\u01a1i \u0111\u1eb7c bi\u1ec7t h\u1ea5p d\u1eabn \u0111\u1ec3 gi\u1eef h\u1ed9 chi\u1ebfu th\u1ee9 hai. \u0110\u1ea5t n\u01b0\u1edbc n\u00e0y mang \u0111\u1ebfn v\u00f4 s\u1ed1 c\u01a1 h\u1ed9i v\u00e0 tr\u1ea3i nghi\u1ec7m m\u1edbi, bao g\u1ed3m:<\/p>\n<ul>\n<li>Quy\u1ec1n c\u00f4ng d\u00e2n \u0111\u1ea7y \u0111\u1ee7 &#8211; bao g\u1ed3m quy\u1ec1n l\u00e0m vi\u1ec7c\n<li>\n<li>C\u00f3 c\u01a1 h\u1ed9i \u0111\u01b0\u1ee3c tham gia m\u1ed9t c\u1ed9ng \u0111\u1ed3ng to\u00e0n c\u1ea7u v\u01b0\u1ee3t qua bi\u00ean gi\u1edbi \u0111\u1ea5t li\u1ec1n c\u1ee7a Dominica\n<li>\n<li>Di chuy\u1ec3n to\u00e0n c\u1ea7u, bao g\u1ed3m du l\u1ecbch mi\u1ec5n th\u1ecb th\u1ef1c \u0111\u1ebfn h\u01a1n 140 v\u00f9ng l\u00e3nh th\u1ed5, t\u1eeb Singapore v\u00e0 H\u1ed3ng K\u00f4ng \u0111\u1ebfn Li\u00ean minh Ch\u00e2u \u00c2u v\u00e0 V\u01b0\u01a1ng qu\u1ed1c Anh\n<li>\n<li>M\u1ee9c \u0111\u00e1nh thu\u1ebf t\u1ed1i thi\u1ec3u, kh\u00f4ng t\u00ednh thu\u1ebf c\u1ee7a c\u1ea3i, qu\u00e0 t\u1eb7ng, th\u1eeba k\u1ebf, thu nh\u1eadp t\u1eeb n\u01b0\u1edbc ngo\u00e0i ho\u1eb7c thu\u1ebf l\u00e3i v\u1ec1 v\u1ed1n\n<li> <\/ul>\n<h2>C\u01a1 h\u1ed9i \u0111\u01b0\u1ee3c gi\u1eef nhi\u1ec1u qu\u1ed1c t\u1ecbch<\/h2>\n<p>C\u00f3 c\u01a1 h\u1ed9i \u0111\u01b0\u1ee3c \u0111\u00f3ng g\u00f3p v\u00e0o s\u1ef1 th\u1ecbnh v\u01b0\u1ee3ng c\u1ee7a m\u1ed9t \u0111\u1ea5t n\u01b0\u1edbc h\u00f2a b\u00ecnh, \u0111\u01b0\u1ee3c ch\u00e0o \u0111\u00f3n, m\u1ed9t \u0111\u1ea5t n\u01b0\u1edbc m\u00e0 b\u1ea1n c\u00f3 th\u1ec3 g\u1ecdi l\u00e0 qu\u00ea h\u01b0\u01a1ng su\u1ed1t \u0111\u1eddi.<br \/>\nQuy\u1ec1n l\u1ee3i v\u1ec1 qu\u1ed1c t\u1ecbch k\u00e9p trong \u0111\u1eddi s\u1ed1ng<\/p>\n<p>Dominica \u0111\u01b0\u1ee3c m\u1ec7nh danh l\u00e0 m\u1ed9t trong nh\u1eefng n\u01a1i h\u1ea1nh ph\u00fac nh\u1ea5t th\u1ebf gi\u1edbi \u0111\u1ec3 s\u1ed1ng trong kho\u1ea3ng th\u1eddi gian d\u00e0i. T\u1ef1 h\u00e0o v\u1edbi m\u1ed9t s\u1ed1 l\u01b0\u1ee3ng l\u1edbn c\u00e1c c\u01b0 d\u00e2n, nh\u1eefng ng\u01b0\u1eddi \u0111\u00e3 s\u1ed1ng qua tu\u1ed5i 100, h\u00f2n \u0111\u1ea3o n\u00e0y cung c\u1ea5p m\u1ed9t l\u1ed1i s\u1ed1ng y\u00ean b\u00ecnh trong m\u1ed9t m\u00f4i tr\u01b0\u1eddng an to\u00e0n, h\u00f2a b\u00ecnh, v\u00e0 hoang s\u01a1, m\u1ed9t c\u1ed9ng \u0111\u1ed3ng th\u00e2n thi\u1ec7n v\u00e0 \u0111a d\u1ea1ng v\u1ec1 m\u1eb7t v\u0103n h\u00f3a.<\/p>\n<p>\u201cH\u00f2n \u0111\u1ea3o thi\u00ean nhi\u00ean c\u1ee7a v\u00f9ng Caribbean\u201d l\u00e0 m\u1ed9t thi\u00ean \u0111\u01b0\u1eddng nhi\u1ec7t \u0111\u1edbi v\u00e0 l\u00e0 m\u1ed9t trong nh\u1eefng n\u01a1i \u0111\u1eb9p nh\u1ea5t tr\u00ean h\u00e0nh tinh nh\u1edd v\u00e0o v\u1ebb \u0111\u1eb9p t\u1ef1 nhi\u00ean c\u1ee7a n\u00f3. Dominica \u0111\u01b0\u1ee3c thi\u00ean nhi\u00ean \u01b0u \u0111\u00e3i v\u1edbi h\u00e0ng tr\u0103m con s\u00f4ng, th\u00e1c n\u01b0\u1edbc v\u00e0 nh\u1eefng ng\u1ecdn n\u00fai hi\u1ec3m tr\u1edf \u0111\u01b0\u1ee3c bao ph\u1ee7 trong m\u00e0u xanh l\u00e1 c\u00e2y v\u00e0 nh\u1eefng v\u00e1ch \u0111\u00e1 h\u00f9ng v\u0129 nh\u00ecn ra bi\u1ec3n xanh nh\u01b0 ng\u1ecdc. N\u0103m 1998, V\u01b0\u1eddn Qu\u1ed1c gia Morne Trois Pitons th\u1eadm ch\u00ed c\u00f2n \u0111\u01b0\u1ee3c UNESCO c\u00f4ng nh\u1eadn l\u00e0 Di s\u1ea3n Th\u1ebf gi\u1edbi.<\/p>\n<p>Dominica c\u0169ng l\u00e0 n\u01a1i c\u00f3 h\u1ed3 n\u01b0\u1edbc s\u00f4i, su\u1ed1i n\u01b0\u1edbc n\u00f3ng l\u1edbn th\u1ee9 hai tr\u00ean th\u1ebf gi\u1edbi v\u00e0 t\u1ef1 h\u00e0o v\u1ec1 s\u1ed1 l\u01b0\u1ee3ng lo\u00e0i \u0111\u1ed9ng th\u1ef1c v\u1eadt qu\u00fd hi\u1ebfm, bao g\u1ed3m c\u1ea3 lo\u00e0i chim l\u00e0 bi\u1ec3u t\u01b0\u1ee3ng qu\u1ed1c gia n\u00e0y, V\u1eb9t Sisserou. N\u01b0\u1edbc bi\u1ec3n trong xanh, t\u0129nh l\u1eb7ng c\u1ee7a \u0111\u1ea5t n\u01b0\u1edbc t\u1ea1o n\u00ean c\u00e1c \u0111\u1ecba \u0111i\u1ec3m ngo\u1ea1n m\u1ee5c \u0111\u1ec3 l\u1eb7n bi\u1ec3n v\u00e0 l\u1eb7n v\u1edbi \u1ed1ng th\u1edf, bao g\u1ed3m c\u1ea3 x\u00e1c t\u00e0u \u0111\u1eafm v\u00e0 th\u1eadm ch\u00ed c\u1ea3 su\u1ed1i n\u01b0\u1edbc n\u00f3ng d\u01b0\u1edbi n\u01b0\u1edbc.<\/p>\n<p>K\u1ec3 t\u1eeb n\u0103m 1997, Dominica \u0111\u00e3 t\u00edch c\u1ef1c tham gia v\u00e0o t\u1ed5 ch\u1ee9c Green Globe \u0111\u1ec3 ph\u00e1t tri\u1ec3n m\u1ed9t m\u00f4 h\u00ecnh du l\u1ecbch sinh th\u00e1i tr\u00ean \u0111\u1ea3o. \u0110i\u1ec1u n\u00e0y \u0111\u00e3 d\u1eabn \u0111\u1ebfn s\u1ef1 ph\u00e1t tri\u1ec3n m\u1ea1nh c\u1ee7a ng\u00e0nh du l\u1ecbch sinh th\u00e1i, du kh\u00e1ch c\u00f3 th\u1ec3 \u1edf trong c\u00e1c khu ngh\u1ec9 d\u01b0\u1ee1ng sinh th\u00e1i an to\u00e0n v\u00e0 tham gia c\u00e1c ho\u1ea1t \u0111\u1ed9ng nh\u01b0 d\u1ecdn d\u1eb9p b\u00e3i bi\u1ec3n, c\u00e1c tour xem c\u00e1 heo ho\u1eb7c c\u00e1 voi v\u00e0 g\u1eb7p g\u1ee1 ng\u01b0\u1eddi d\u00e2n Kalinago b\u1ea3n \u0111\u1ecba.<\/p>\n<h2>L\u1ee3i \u00edch kinh doanh c\u1ee7a qu\u1ed1c t\u1ecbch k\u00e9p<\/h2>\n<p>Ch\u00ednh ph\u1ee7 Dominica cung c\u1ea5p c\u00e1c \u01b0u \u0111\u00e3i t\u00e0i ch\u00ednh kh\u00e1c nhau cho c\u00e1c doanh nh\u00e2n mu\u1ed1n \u0111\u1ea1t \u0111\u01b0\u1ee3c quy\u1ec1n c\u00f4ng d\u00e2n theo h\u00ecnh th\u1ee9c \u0111\u1ea7u t\u01b0. C\u00e1c quy\u1ec1n l\u1ee3i bao g\u1ed3m s\u1ef1 mi\u1ec3n thu\u1ebf h\u00e0o ph\u00f3ng, mi\u1ec5n gi\u1ea3m thu\u1ebf nh\u1eadp kh\u1ea9u v\u00e0 c\u00e1c th\u1ee7 t\u1ee5c, quy tr\u00ecnh \u0111\u01b0\u1ee3c s\u1eafp x\u1ebfp h\u1ee3p l\u00fd. D\u01b0\u1edbi \u0111\u00e2y l\u00e0 danh s\u00e1ch ng\u1eafn g\u1ecdn v\u1ec1 c\u00e1c l\u1ee3i th\u1ebf kinh doanh, nh\u01b0ng \u0111\u1ec3 bi\u1ebft th\u00eam th\u00f4ng tin, h\u00e3y li\u00ean h\u1ec7 v\u1edbi Invest Dominica:<\/p>\n<ul>\n<li>M\u1ee9c \u0111\u00e1nh thu\u1ebf t\u1ed1i thi\u1ec3u &#8211; kh\u00f4ng \u0111\u00e1nh thu\u1ebf c\u1ee7a c\u1ea3i, qu\u00e0 t\u1eb7ng, th\u1eeba k\u1ebf, thu nh\u1eadp n\u01b0\u1edbc ngo\u00e0i ho\u1eb7c thu\u1ebf thu nh\u1eadp t\u1eeb v\u1ed1n v\u00e0 kh\u00f4ng c\u00f3 thu\u1ebf thu nh\u1eadp c\u00e1 nh\u00e2n \u0111\u1ed1i v\u1edbi ng\u01b0\u1eddi c\u01b0 tr\u00fa<\/li>\n<li>Dominica \u0111\u00e3 k\u00fd k\u1ebft hi\u1ec7p \u0111\u1ecbnh tr\u00e1nh \u0111\u00e1nh thu\u1ebf hai l\u1ea7n v\u1edbi Hoa K\u1ef3 v\u00e0 CARICOM\n<li>Kh\u00f4ng h\u1ea1n ch\u1ebf vi\u1ec7c chuy\u1ec3n l\u1ee3i nhu\u1eadn v\u1ec1 n\u01b0\u1edbc v\u00e0 nh\u1eadp kh\u1ea9u v\u1ed1n <\/li>\n<li>C\u00e1c g\u00f3i \u01b0u \u0111\u00e3i l\u1edbn bao g\u1ed3m \u01b0u \u0111\u00e3i thu\u1ebf doanh nghi\u1ec7p, mi\u1ec5n ho\u00e0n to\u00e0n thu\u1ebf nh\u1eadp kh\u1ea9u, tr\u1ee3 c\u1ea5p mi\u1ec5n thu\u1ebf v\u00e0 tr\u1ee3 c\u1ea5p xu\u1ea5t kh\u1ea9u<\/li>\n<li>Ti\u1ec1n t\u1ec7 c\u1ee7a Dominica, \u0111\u1ed3ng \u0111\u00f4 la \u0110\u00f4ng Caribbean (XCD), \u0111\u01b0\u1ee3c ch\u1ed1t v\u1edbi \u0111\u00f4 la M\u1ef9 (USD) \u1edf m\u1ed9t t\u1ef7 gi\u00e1 c\u1ed1 \u0111\u1ecbnh<\/li>\n<li>Mi\u1ec5n thu\u1ebf v\u00e0o m\u1ed9t s\u1ed1 th\u1ecb tr\u01b0\u1eddng tr\u00ean kh\u1eafp v\u00f9ng Caribbean<br \/>\nThu\u1eadn l\u1ee3i trong di chuy\u1ec3n qu\u1ed1c t\u1ebf<\/li>\n<\/ul>\n<p>M\u1ed9t trong nh\u1eefng l\u1ee3i \u00edch l\u1edbn nh\u1ea5t c\u1ee7a vi\u1ec7c mang hai qu\u1ed1c t\u1ecbch n\u00f3i chung l\u00e0 s\u1ed1 l\u01b0\u1ee3ng qu\u1ed1c gia b\u1ea1n c\u00f3 th\u1ec3 \u0111\u1ebfn th\u0103m m\u00e0 kh\u00f4ng c\u1ea7n th\u1ecb th\u1ef1c ng\u00e0y c\u00e0ng t\u0103ng. M\u1eb7c d\u00f9 b\u1ea1n c\u00f3 th\u1ec3 s\u1ebd kh\u00f4ng mu\u1ed1n ph\u1ea3i r\u1eddi kh\u1ecfi h\u00f2n \u0111\u1ea3o thi\u00ean \u0111\u01b0\u1eddng n\u00e0y, vi\u1ec7c c\u01b0 tr\u00fa t\u1ea1i Dominica tr\u01b0\u1edbc ho\u1eb7c sau khi h\u1ed9 chi\u1ebfu \u0111\u00e3 \u0111\u01b0\u1ee3c c\u1ea5p l\u00e0 ho\u00e0n to\u00e0n kh\u00f4ng b\u1eaft bu\u1ed9c. Tr\u00ean th\u1ef1c t\u1ebf, ch\u1ee7 s\u1edf h\u1eefu h\u1ed9 chi\u1ebfu Dominica h\u01b0\u1edfng c\u00e1c ch\u1ebf \u0111\u1ed9 du l\u1ecbch mi\u1ec5n th\u1ecb th\u1ef1c \u0111\u1ed1i v\u1edbi nhi\u1ec1u qu\u1ed1c gia \u0111\u1ed3ng minh c\u1ee7a Dominica.<\/p>\n<p>M\u1ed9t s\u1ed1 qu\u1ed1c gia l\u1edbn mi\u1ec5n th\u1ecb th\u1ef1c d\u00e0nh cho nh\u1eefng ng\u01b0\u1eddi s\u1edf h\u1eefu h\u1ed9 chi\u1ebfu Dominica bao g\u1ed3m V\u01b0\u01a1ng qu\u1ed1c Anh, n\u01a1i Dominica c\u00f3 l\u1ecbch s\u1eed l\u00e2u \u0111\u1eddi, Singapore, H\u1ed3ng K\u00f4ng v\u00e0 c\u00e1c qu\u1ed1c gia Ch\u00e2u \u00c2u thu\u1ed9c Khu v\u1ef1c Schengen.<\/p>\n<p>Nh\u1eefng ng\u01b0\u1eddi \u0111\u1ea1t \u0111\u01b0\u1ee3c quy\u1ec1n c\u00f4ng d\u00e2n Dominica theo ch\u01b0\u01a1ng tr\u00ecnh \u0111\u1ea7u t\u01b0 s\u1ebd \u0111\u01b0\u1ee3c h\u01b0\u1edfng l\u1ee3i t\u1eeb du l\u1ecbch mi\u1ec5n th\u1ecb th\u1ef1c ho\u1eb7c visa-on-arrival (visa l\u1ea5y t\u1ea1i s\u00e2n bay) \u0111\u1ed1i v\u1edbi c\u00e1c n\u01b0\u1edbc \u0111\u01b0\u1ee3c li\u1ec7t k\u00ea d\u01b0\u1edbi \u0111\u00e2y. C\u1ea7n l\u01b0u \u00fd r\u1eb1ng s\u1ebd c\u00f3 nh\u1eefng thay \u0111\u1ed5i trong ch\u00ednh s\u00e1ch, v\u00e0 ch\u00fang t\u00f4i \u0111\u1eb7c bi\u1ec7t khuy\u00ean b\u1ea1n n\u00ean li\u00ean h\u1ec7 v\u1edbi c\u00e1c c\u01a1 quan ch\u00ednh ph\u1ee7 c\u00f3 li\u00ean quan v\u00e0 c\u00e1c c\u01a1 quan tr\u01b0\u1edbc khi th\u1ef1c hi\u1ec7n b\u1ea5t k\u1ef3 chuy\u1ebfn du l\u1ecbch n\u00e0o.<\/p>\n<\/div><\/div><div class=\"w-separator size_small\"><\/div><div class=\"g-cols wpb_row via_flex valign_top type_default stacking_default\"><div class=\"vc_col-sm-4 wpb_column vc_column_container\"><div class=\"vc_column-inner\"><div class=\"wpb_wrapper\"><div class=\"wpb_text_column\"><div class=\"wpb_wrapper\"><p>AKROTIRI AND DHEKELIA<br \/>\nANDORRA<br \/>\nANGUILLA<br \/>\nANTIGUA &amp; BARBUDA<br \/>\nARMENIA*<br \/>\nARUBA<br \/>\nAUSTRIA<br \/>\nAZERBAIJAN<br \/>\nBAHAMAS<br \/>\nBANGLADESH<br \/>\nBARBADOS<br \/>\nBELARUS*<br \/>\nBELGIUM<br \/>\nBELIZE<br \/>\nBERMUDA<br \/>\nBHUTAN*<br \/>\nBOLIVIA*<br \/>\nBOSNIA AND HERZEGOVINA<br \/>\nBOTSWANA<br \/>\nBRAZIL<br \/>\nBRITISH VIRGIN ISLANDS<br \/>\nBRUNEI<br \/>\nBULGARIA<br \/>\nCAMBODIA*<br \/>\nCAPE VERDE ISLANDS<br \/>\nCARIBBEAN NETHERLANDS<br \/>\nCAYMAN ISLANDS<br \/>\nCHINA<br \/>\nCOLOMBIA<br \/>\nCOMOROS*<br \/>\nCOOK ISLANDS<br \/>\nCOSTA RICA<br \/>\nCROATIA<br \/>\nCUBA<br \/>\nCYPRUS<br \/>\nCZECH REPUBLIC<br \/>\nDENMARK<br \/>\nDJIBOUTI*<br \/>\nDOMINICAN REPUBLIC<br \/>\nECUADOR<br \/>\nEGYPT*<br \/>\nESTONIA<br \/>\nESWATINI<br \/>\nFIJI<br \/>\nFINLAND<br \/>\nFAROE ISLANDS<br \/>\nFRANCE<br \/>\nFRENCH GUIANA<\/p>\n<\/div><\/div><\/div><\/div><\/div><div class=\"vc_col-sm-4 wpb_column vc_column_container\"><div class=\"vc_column-inner\"><div class=\"wpb_wrapper\"><div class=\"wpb_text_column\"><div class=\"wpb_wrapper\"><p>FRENCH POLYNESIA<br \/>\nFRENCH WEST INDIES<br \/>\nGAMBIA<br \/>\nGERMANY<br \/>\nGIBRALTAR<br \/>\nGREECE<br \/>\nGRENADA<br \/>\nGREENLAND<br \/>\nGUINEA-BISSAU*<br \/>\nGUYANA<br \/>\nHAITI<br \/>\nHONG KONG<br \/>\nHUNGARY<br \/>\nICELAND<br \/>\nINDONESIA<br \/>\nIRAN*<br \/>\nIRELAND<br \/>\nISRAEL<br \/>\nITALY<br \/>\nJAMAICA<br \/>\nJORDAN*<br \/>\nKENYA<br \/>\nKOREA (SOUTH)<br \/>\nLAOS*<br \/>\nLATVIA<br \/>\nLESOTHO<br \/>\nLIECHTENSTEIN<br \/>\nLITHUANIA<br \/>\nLUXEMBOURG<br \/>\nMACAU*<br \/>\nMADAGASCAR*<br \/>\nMALAWI<br \/>\nMALAYSIA<br \/>\nMALDIVES*<br \/>\nMALTA<br \/>\nMAURITANIA*<br \/>\nMAURITIUS<br \/>\nMAYOTTE<br \/>\nMICRONESIA<br \/>\nMONACO<br \/>\nMONTENEGRO<br \/>\nMONTSERRAT<br \/>\nMOZAMBIQUE*<br \/>\nNEPAL*<br \/>\nNETHERLANDS<br \/>\nNEW CALEDONIA<br \/>\nNICARAGUA*<br \/>\nNIUE<\/p>\n<\/div><\/div><\/div><\/div><\/div><div class=\"vc_col-sm-4 wpb_column vc_column_container\"><div class=\"vc_column-inner\"><div class=\"wpb_wrapper\"><div class=\"wpb_text_column\"><div class=\"wpb_wrapper\"><p>NORTHERN MARIANA ISLANDS*<br \/>\nNORWAY<br \/>\nPANAMA<br \/>\nPERU<br \/>\nPHILIPPINES<br \/>\nPITCAIRN ISLANDS<br \/>\nPOLAND<br \/>\nPORTUGAL<br \/>\nREUNION<br \/>\nROMANIA<br \/>\nRUSSIA<br \/>\nSAMOA*<br \/>\nSAN MARINO<br \/>\nSEYCHELLES*<br \/>\nSINGAPORE<br \/>\nSLOVAKIA<br \/>\nSLOVENIA<br \/>\nSOLOMON ISLANDS*<br \/>\nSOMALIA*<br \/>\nSPAIN<br \/>\nST. MAARTEN<br \/>\nST. KITTS &amp; NEVIS<br \/>\nST. LUCIA<br \/>\nST. PIERRE AND MIQUELON<br \/>\nST. VINCENT &amp; THE GRENADINES<br \/>\nSURINAME<br \/>\nSWAZILAND<br \/>\nSWEDEN<br \/>\nSWITZERLAND<br \/>\nTANZANIA<br \/>\nTIMOR-LESTE*<br \/>\nTOGO*<br \/>\nTONGA*<br \/>\nTRINIDAD &amp; TOBAGO<br \/>\nTUNISIA<br \/>\nTURKS AND CAICOS ISLANDS<br \/>\nTUVALU<br \/>\nUGANDA*<br \/>\nUKRAINE*<br \/>\nUNITED KINGDOM<br \/>\nURUGUAY<br \/>\nUZBEKISTAN<br \/>\nVANUATU<br \/>\nVATICAN CITY<br \/>\nVENEZUELA<br \/>\nWALLIS AND FUTUNA<br \/>\nZAMBIA<\/p>\n<\/div><\/div><\/div><\/div><\/div><\/div><\/div><\/div><\/div><\/div><\/div><\/section>\n","protected":false},"excerpt":{"rendered":"Quy\u1ec1n c\u00f4ng d\u00e2n b\u1eb1ng h\u00ecnh th\u1ee9c \u0111\u1ea7u t\u01b0 v\u00e0 c\u00e1c quy\u1ec1n l\u1ee3i v\u1ec1 qu\u1ed1c t\u1ecbch k\u00e9p Vi\u1ec7c xin qu\u1ed1c t\u1ecbch b\u1eb1ng h\u00ecnh th\u1ee9c \u0111\u1ea7u t\u01b0 \u1edf Dominica ng\u00e0y c\u00e0ng tr\u1edf n\u00ean ph\u1ed5 bi\u1ebfn trong v\u00e0i n\u0103m g\u1ea7n \u0111\u00e2y v\u00e0 \u0111i\u1ec1u n\u00e0y kh\u00f4ng c\u00f3 g\u00ec \u0111\u00e1ng ng\u1ea1c nhi\u00ean. C\u00f3 r\u1ea5t nhi\u1ec1u l\u1ee3i \u00edch \u0111\u1ed1i v\u1edbi vi\u1ec7c...","protected":false},"author":1,"featured_media":8261,"parent":8260,"menu_order":0,"comment_status":"closed","ping_status":"closed","template":"","meta":{"_acf_changed":false,"footnotes":""},"class_list":["post-8266","page","type-page","status-publish","has-post-thumbnail","hentry"],"acf":[],"yoast_head":"<!-- This site is optimized with the Yoast SEO plugin v27.2 - https:\/\/yoast.com\/product\/yoast-seo-wordpress\/ -->\n<title>L\u1ee3i \u00edch c\u1ee7a qu\u1ed1c t\u1ecbch Dominica - Consulate General of The Commonwealth of Dominica in Ho Chi Minh City<\/title>\n<meta name=\"robots\" content=\"index, follow, max-snippet:-1, max-image-preview:large, max-video-preview:-1\" \/>\n<link rel=\"canonical\" href=\"https:\/\/dominicaconsulateinvietnam.org\/vi\/citizenship-by-investment\/benefits-of-dominican-citizenship\/\" \/>\n<meta property=\"og:locale\" content=\"vi_VN\" \/>\n<meta property=\"og:type\" content=\"article\" \/>\n<meta property=\"og:title\" content=\"L\u1ee3i \u00edch c\u1ee7a qu\u1ed1c t\u1ecbch Dominica - Consulate General of The Commonwealth of Dominica in Ho Chi Minh City\" \/>\n<meta property=\"og:url\" content=\"https:\/\/dominicaconsulateinvietnam.org\/vi\/citizenship-by-investment\/benefits-of-dominican-citizenship\/\" \/>\n<meta property=\"og:site_name\" content=\"Consulate General of The Commonwealth of Dominica in Ho Chi Minh City\" \/>\n<meta property=\"article:modified_time\" content=\"2021-09-27T07:50:19+00:00\" \/>\n<meta property=\"og:image\" content=\"https:\/\/dominicaconsulateinvietnam.org\/wp-content\/uploads\/2021\/08\/Dominica-passport-image-for-CBI-page.jpg\" \/>\n\t<meta property=\"og:image:width\" content=\"960\" \/>\n\t<meta property=\"og:image:height\" content=\"400\" \/>\n\t<meta property=\"og:image:type\" content=\"image\/jpeg\" \/>\n<meta name=\"twitter:card\" content=\"summary_large_image\" \/>\n<meta name=\"twitter:label1\" content=\"Est. reading time\" \/>\n\t<meta name=\"twitter:data1\" content=\"9 minutes\" \/>\n<script type=\"application\/ld+json\" class=\"yoast-schema-graph\">{\"@context\":\"https:\/\/schema.org\",\"@graph\":[{\"@type\":\"WebPage\",\"@id\":\"https:\/\/dominicaconsulateinvietnam.org\/vi\/citizenship-by-investment\/benefits-of-dominican-citizenship\/\",\"url\":\"https:\/\/dominicaconsulateinvietnam.org\/vi\/citizenship-by-investment\/benefits-of-dominican-citizenship\/\",\"name\":\"L\u1ee3i \u00edch c\u1ee7a qu\u1ed1c t\u1ecbch Dominica - Consulate General of The Commonwealth of Dominica in Ho Chi Minh City\",\"isPartOf\":{\"@id\":\"https:\/\/dominicaconsulateinvietnam.org\/#website\"},\"primaryImageOfPage\":{\"@id\":\"https:\/\/dominicaconsulateinvietnam.org\/vi\/citizenship-by-investment\/benefits-of-dominican-citizenship\/#primaryimage\"},\"image\":{\"@id\":\"https:\/\/dominicaconsulateinvietnam.org\/vi\/citizenship-by-investment\/benefits-of-dominican-citizenship\/#primaryimage\"},\"thumbnailUrl\":\"https:\/\/dominicaconsulateinvietnam.org\/wp-content\/uploads\/2021\/08\/Dominica-passport-image-for-CBI-page.jpg\",\"datePublished\":\"2021-09-15T06:10:39+00:00\",\"dateModified\":\"2021-09-27T07:50:19+00:00\",\"breadcrumb\":{\"@id\":\"https:\/\/dominicaconsulateinvietnam.org\/vi\/citizenship-by-investment\/benefits-of-dominican-citizenship\/#breadcrumb\"},\"inLanguage\":\"vi-VN\",\"potentialAction\":[{\"@type\":\"ReadAction\",\"target\":[\"https:\/\/dominicaconsulateinvietnam.org\/vi\/citizenship-by-investment\/benefits-of-dominican-citizenship\/\"]}]},{\"@type\":\"ImageObject\",\"inLanguage\":\"vi-VN\",\"@id\":\"https:\/\/dominicaconsulateinvietnam.org\/vi\/citizenship-by-investment\/benefits-of-dominican-citizenship\/#primaryimage\",\"url\":\"https:\/\/dominicaconsulateinvietnam.org\/wp-content\/uploads\/2021\/08\/Dominica-passport-image-for-CBI-page.jpg\",\"contentUrl\":\"https:\/\/dominicaconsulateinvietnam.org\/wp-content\/uploads\/2021\/08\/Dominica-passport-image-for-CBI-page.jpg\",\"width\":960,\"height\":400},{\"@type\":\"BreadcrumbList\",\"@id\":\"https:\/\/dominicaconsulateinvietnam.org\/vi\/citizenship-by-investment\/benefits-of-dominican-citizenship\/#breadcrumb\",\"itemListElement\":[{\"@type\":\"ListItem\",\"position\":1,\"name\":\"Home\",\"item\":\"https:\/\/dominicaconsulateinvietnam.org\/vi\/\"},{\"@type\":\"ListItem\",\"position\":2,\"name\":\"Ch\u01b0\u01a1ng tr\u00ecnh \u0110\u1ea7u t\u01b0 &#8211; \u0110\u1ecbnh c\u01b0\",\"item\":\"https:\/\/dominicaconsulateinvietnam.org\/vi\/citizenship-by-investment\/\"},{\"@type\":\"ListItem\",\"position\":3,\"name\":\"L\u1ee3i \u00edch c\u1ee7a qu\u1ed1c t\u1ecbch Dominica\"}]},{\"@type\":\"WebSite\",\"@id\":\"https:\/\/dominicaconsulateinvietnam.org\/#website\",\"url\":\"https:\/\/dominicaconsulateinvietnam.org\/\",\"name\":\"Consulate General of The Commonwealth of Dominica in Ho Chi Minh City\",\"description\":\"The Consulate is focused on maintaining, and strengthening these international relationships, and on increasing the profile of Dominica within the international community\",\"potentialAction\":[{\"@type\":\"SearchAction\",\"target\":{\"@type\":\"EntryPoint\",\"urlTemplate\":\"https:\/\/dominicaconsulateinvietnam.org\/?s={search_term_string}\"},\"query-input\":{\"@type\":\"PropertyValueSpecification\",\"valueRequired\":true,\"valueName\":\"search_term_string\"}}],\"inLanguage\":\"vi-VN\"}]}<\/script>\n<!-- \/ Yoast SEO plugin. -->","yoast_head_json":{"title":"L\u1ee3i \u00edch c\u1ee7a qu\u1ed1c t\u1ecbch Dominica - Consulate General of The Commonwealth of Dominica in Ho Chi Minh City","robots":{"index":"index","follow":"follow","max-snippet":"max-snippet:-1","max-image-preview":"max-image-preview:large","max-video-preview":"max-video-preview:-1"},"canonical":"https:\/\/dominicaconsulateinvietnam.org\/vi\/citizenship-by-investment\/benefits-of-dominican-citizenship\/","og_locale":"vi_VN","og_type":"article","og_title":"L\u1ee3i \u00edch c\u1ee7a qu\u1ed1c t\u1ecbch Dominica - Consulate General of The Commonwealth of Dominica in Ho Chi Minh City","og_url":"https:\/\/dominicaconsulateinvietnam.org\/vi\/citizenship-by-investment\/benefits-of-dominican-citizenship\/","og_site_name":"Consulate General of The Commonwealth of Dominica in Ho Chi Minh City","article_modified_time":"2021-09-27T07:50:19+00:00","og_image":[{"width":960,"height":400,"url":"https:\/\/dominicaconsulateinvietnam.org\/wp-content\/uploads\/2021\/08\/Dominica-passport-image-for-CBI-page.jpg","type":"image\/jpeg"}],"twitter_card":"summary_large_image","twitter_misc":{"Est. reading time":"9 minutes"},"schema":{"@context":"https:\/\/schema.org","@graph":[{"@type":"WebPage","@id":"https:\/\/dominicaconsulateinvietnam.org\/vi\/citizenship-by-investment\/benefits-of-dominican-citizenship\/","url":"https:\/\/dominicaconsulateinvietnam.org\/vi\/citizenship-by-investment\/benefits-of-dominican-citizenship\/","name":"L\u1ee3i \u00edch c\u1ee7a qu\u1ed1c t\u1ecbch Dominica - Consulate General of The Commonwealth of Dominica in Ho Chi Minh City","isPartOf":{"@id":"https:\/\/dominicaconsulateinvietnam.org\/#website"},"primaryImageOfPage":{"@id":"https:\/\/dominicaconsulateinvietnam.org\/vi\/citizenship-by-investment\/benefits-of-dominican-citizenship\/#primaryimage"},"image":{"@id":"https:\/\/dominicaconsulateinvietnam.org\/vi\/citizenship-by-investment\/benefits-of-dominican-citizenship\/#primaryimage"},"thumbnailUrl":"https:\/\/dominicaconsulateinvietnam.org\/wp-content\/uploads\/2021\/08\/Dominica-passport-image-for-CBI-page.jpg","datePublished":"2021-09-15T06:10:39+00:00","dateModified":"2021-09-27T07:50:19+00:00","breadcrumb":{"@id":"https:\/\/dominicaconsulateinvietnam.org\/vi\/citizenship-by-investment\/benefits-of-dominican-citizenship\/#breadcrumb"},"inLanguage":"vi-VN","potentialAction":[{"@type":"ReadAction","target":["https:\/\/dominicaconsulateinvietnam.org\/vi\/citizenship-by-investment\/benefits-of-dominican-citizenship\/"]}]},{"@type":"ImageObject","inLanguage":"vi-VN","@id":"https:\/\/dominicaconsulateinvietnam.org\/vi\/citizenship-by-investment\/benefits-of-dominican-citizenship\/#primaryimage","url":"https:\/\/dominicaconsulateinvietnam.org\/wp-content\/uploads\/2021\/08\/Dominica-passport-image-for-CBI-page.jpg","contentUrl":"https:\/\/dominicaconsulateinvietnam.org\/wp-content\/uploads\/2021\/08\/Dominica-passport-image-for-CBI-page.jpg","width":960,"height":400},{"@type":"BreadcrumbList","@id":"https:\/\/dominicaconsulateinvietnam.org\/vi\/citizenship-by-investment\/benefits-of-dominican-citizenship\/#breadcrumb","itemListElement":[{"@type":"ListItem","position":1,"name":"Home","item":"https:\/\/dominicaconsulateinvietnam.org\/vi\/"},{"@type":"ListItem","position":2,"name":"Ch\u01b0\u01a1ng tr\u00ecnh \u0110\u1ea7u t\u01b0 &#8211; \u0110\u1ecbnh c\u01b0","item":"https:\/\/dominicaconsulateinvietnam.org\/vi\/citizenship-by-investment\/"},{"@type":"ListItem","position":3,"name":"L\u1ee3i \u00edch c\u1ee7a qu\u1ed1c t\u1ecbch Dominica"}]},{"@type":"WebSite","@id":"https:\/\/dominicaconsulateinvietnam.org\/#website","url":"https:\/\/dominicaconsulateinvietnam.org\/","name":"Consulate General of The Commonwealth of Dominica in Ho Chi Minh City","description":"The Consulate is focused on maintaining, and strengthening these international relationships, and on increasing the profile of Dominica within the international community","potentialAction":[{"@type":"SearchAction","target":{"@type":"EntryPoint","urlTemplate":"https:\/\/dominicaconsulateinvietnam.org\/?s={search_term_string}"},"query-input":{"@type":"PropertyValueSpecification","valueRequired":true,"valueName":"search_term_string"}}],"inLanguage":"vi-VN"}]}},"_links":{"self":[{"href":"https:\/\/dominicaconsulateinvietnam.org\/vi\/wp-json\/wp\/v2\/pages\/8266","targetHints":{"allow":["GET"]}}],"collection":[{"href":"https:\/\/dominicaconsulateinvietnam.org\/vi\/wp-json\/wp\/v2\/pages"}],"about":[{"href":"https:\/\/dominicaconsulateinvietnam.org\/vi\/wp-json\/wp\/v2\/types\/page"}],"author":[{"embeddable":true,"href":"https:\/\/dominicaconsulateinvietnam.org\/vi\/wp-json\/wp\/v2\/users\/1"}],"replies":[{"embeddable":true,"href":"https:\/\/dominicaconsulateinvietnam.org\/vi\/wp-json\/wp\/v2\/comments?post=8266"}],"version-history":[{"count":7,"href":"https:\/\/dominicaconsulateinvietnam.org\/vi\/wp-json\/wp\/v2\/pages\/8266\/revisions"}],"predecessor-version":[{"id":8634,"href":"https:\/\/dominicaconsulateinvietnam.org\/vi\/wp-json\/wp\/v2\/pages\/8266\/revisions\/8634"}],"up":[{"embeddable":true,"href":"https:\/\/dominicaconsulateinvietnam.org\/vi\/wp-json\/wp\/v2\/pages\/8260"}],"wp:featuredmedia":[{"embeddable":true,"href":"https:\/\/dominicaconsulateinvietnam.org\/vi\/wp-json\/wp\/v2\/media\/8261"}],"wp:attachment":[{"href":"https:\/\/dominicaconsulateinvietnam.org\/vi\/wp-json\/wp\/v2\/media?parent=8266"}],"curies":[{"name":"wp","href":"https:\/\/api.w.org\/{rel}","templated":true}]}}