{"id":8263,"date":"2021-09-15T06:03:05","date_gmt":"2021-09-15T06:03:05","guid":{"rendered":"https:\/\/dominicaconsulateinvietnam.org\/citizenship-by-investment\/applying-for-citizenship-by-investment-of-dominica\/"},"modified":"2021-09-27T07:49:45","modified_gmt":"2021-09-27T07:49:45","slug":"applying-for-citizenship-by-investment-of-dominica","status":"publish","type":"page","link":"https:\/\/dominicaconsulateinvietnam.org\/vi\/citizenship-by-investment\/applying-for-citizenship-by-investment-of-dominica\/","title":{"rendered":"N\u1ed9p \u0111\u01a1n \u0110\u1ea7u t\u01b0 Nh\u1eadp t\u1ecbch Dominica"},"content":{"rendered":"<section class=\"l-section wpb_row height_auto\"><div class=\"l-section-h i-cf\"><div class=\"g-cols vc_row via_flex valign_top type_default stacking_default\"><div class=\"vc_col-sm-12 wpb_column vc_column_container\"><div class=\"vc_column-inner\"><div class=\"wpb_wrapper\"><div class=\"wpb_text_column\"><div class=\"wpb_wrapper\"><h3>B\u01b0\u1edbc 1 &#8211; Ch\u1ecdn agent \u0111\u01b0\u1ee3c \u1ee7y quy\u1ec1n<\/h3>\n<p>B\u01b0\u1edbc \u0111\u1ea7u ti\u00ean \u0111\u1ec3 xin qu\u1ed1c t\u1ecbch l\u00e0 ch\u1ecdn m\u1ed9t agent t\u1eeb danh s\u00e1ch c\u00e1c agent \u0111\u01b0\u1ee3c \u1ee7y quy\u1ec1n. \u0110\u00e2y l\u00e0 nh\u1eefng t\u1ed5 ch\u1ee9c \u0111\u00e3 \u0111\u01b0\u1ee3c Citizenship by Investiment Unit (CBIU) ch\u00ednh th\u1ee9c c\u1ea5p ph\u00e9p \u0111\u1ec3 \u0111\u01b0\u1ee3c trao quy\u1ec1n thay m\u1eb7t \u0111\u01b0\u01a1ng \u0111\u01a1n trong c\u00e1c v\u1ea5n \u0111\u1ec1 li\u00ean quan \u0111\u1ebfn nh\u1eadp t\u1ecbch theo h\u00ecnh th\u1ee9c \u0111\u1ea7u t\u01b0.<br \/>\nC\u00e1c agent \u0111\u01b0\u1ee3c \u1ee7y quy\u1ec1n l\u00e0 nh\u1eefng t\u1ed5 ch\u1ee9c duy nh\u1ea5t c\u00f3 th\u1ec3 x\u1eed l\u00fd c\u00e1c \u0111\u01a1n xin nh\u1eadp qu\u1ed1c t\u1ecbch theo h\u00ecnh th\u1ee9c \u0111\u1ea7u t\u01b0 v\u00e0 ch\u01b0\u01a1ng tr\u00ecnh s\u1ebd kh\u00f4ng ch\u1ea5p nh\u1eadn c\u00e1c \u0111\u01a1n n\u1ed9p tr\u1ef1c ti\u1ebfp.<\/p>\n<h3>B\u01b0\u1edbc 2 &#8211; Li\u00ean h\u1ec7 v\u1edbi agent \u0111\u01b0\u1ee3c \u1ee7y quy\u1ec1n<\/h3>\n<p>Li\u00ean h\u1ec7 v\u1edbi agent \u0111\u01b0\u1ee3c \u1ee7y quy\u1ec1n s\u1ebd cho ph\u00e9p nh\u00e0 \u0111\u1ea7u t\u01b0 th\u1ea3o lu\u1eadn v\u1ec1 c\u00e1ch t\u1ed1t nh\u1ea5t \u0111\u1ec3 chu\u1ea9n b\u1ecb c\u00e1c h\u1ed3 s\u01a1 b\u1eaft bu\u1ed9c c\u1ea7n ph\u1ea3i n\u1ed9p cho CBIU. Nh\u00e0 \u0111\u1ea7u t\u01b0 s\u1ebd c\u1ea7n ph\u1ea3i ho\u00e0n th\u00e0nh t\u1ea5t c\u1ea3 c\u00e1c m\u1eabu \u0111\u01a1n ch\u00ednh th\u1ee9c, tham d\u1ef1 m\u1ed9t cu\u1ed9c ki\u1ec3m tra s\u1ee9c kh\u1ecfe v\u00e0 n\u1ed9p m\u1ed9t s\u1ed1 h\u1ed3 s\u01a1 \u0111\u1ec3 h\u1ed7 tr\u1ee3 cho h\u1ed3 s\u01a1 \u0111\u0103ng k\u00fd CBI. T\u1ea5t c\u1ea3 c\u00e1c th\u1ee7 t\u1ee5c gi\u1ea5y t\u1edd n\u00e0y c\u1ea7n ph\u1ea3i \u0111\u01b0\u1ee3c n\u1ed9p b\u1eb1ng ti\u1ebfng Anh , c\u00f3 c\u00f4ng ch\u1ee9ng v\u00e0 \u0111\u01b0\u1ee3c h\u1ee3p ph\u00e1p h\u00f3a. Trong tr\u01b0\u1eddng h\u1ee3p h\u00ecnh th\u1ee9c \u0111\u1ea7u t\u01b0 l\u00e0 mua b\u1ea5t \u0111\u1ed9ng s\u1ea3n, c\u1ea7n thi\u1ebft ph\u1ea3i c\u00f3 h\u1ee3p \u0111\u1ed3ng mua b\u00e1n.<\/p>\n<h3>B\u01b0\u1edbc 3 &#8211; Ki\u1ec3m tra l\u00fd l\u1ecbch<\/h3>\n<p>\u0110\u01a1n \u0111\u0103ng k\u00fd c\u1ee7a nh\u00e0 \u0111\u1ea7u t\u01b0 s\u1ebd \u0111\u01b0\u1ee3c xem x\u00e9t b\u1eb1ng m\u1ed9t qu\u00e1 tr\u00ecnh ki\u1ec3m tra l\u00fd l\u1ecbch k\u1ef9 l\u01b0\u1ee1ng v\u00e0 x\u00e1c minh th\u00f4ng tin m\u00e0 nh\u00e0 \u0111\u1ea7u t\u01b0 \u0111\u00e3 cung c\u1ea5p. CBIU s\u1ebd xem x\u00e9t h\u1ed3 s\u01a1 c\u1ee7a nh\u00e0 \u0111\u1ea7u t\u01b0 d\u1ef1a v\u00e0o c\u00e1c b\u00e1o c\u00e1o th\u1ea9m \u0111\u1ecbnh v\u00e0 \u0111\u01b0a ra \u0111\u1ec1 xu\u1ea5t v\u1ec1 h\u1ed3 s\u01a1 \u0111\u0103ng k\u00fd cho Ch\u00ednh ph\u1ee7. Sau \u0111\u00f3, nh\u00e0 \u0111\u1ea7u t\u01b0 s\u1ebd nh\u1eadn \u0111\u01b0\u1ee3c m\u1ed9t l\u00e1 th\u01b0 th\u00f4ng qua agent \u0111\u01b0\u1ee3c \u1ee7y quy\u1ec1n, l\u00e1 th\u01b0 s\u1ebd th\u00f4ng b\u00e1o v\u1ec1 t\u00ecnh tr\u1ea1ng h\u1ed3 s\u01a1 \u0111\u0103ng k\u00fd. \u0110i\u1ec1u n\u00e0y s\u1ebd cho nh\u00e0 \u0111\u1ea7u t\u01b0 bi\u1ebft li\u1ec7u h\u1ed3 s\u01a1 \u0111\u00e3 th\u00e0nh c\u00f4ng (\u0111\u01b0\u1ee3c g\u1ecdi l\u00e0 &#8220;approval in principal&#8221;), b\u1ecb tr\u00ec ho\u00e3n \u0111\u1ec3 x\u1eed l\u00fd th\u00eam hay b\u1ecb t\u1eeb ch\u1ed1i.<\/p>\n<h3>B\u01b0\u1edbc 4 &#8211; Th\u1ea3o lu\u1eadn th\u00eam v\u1edbi Dominica CBIU<\/h3>\n<p>Khi t\u1ea5t c\u1ea3 c\u00e1c m\u1eabu \u0111\u01a1n \u0111\u00e3 \u0111\u01b0\u1ee3c ho\u00e0n th\u00e0nh v\u00e0 t\u1ea5t c\u1ea3 c\u00e1c h\u1ed3 s\u01a1 \u0111\u00e3 \u0111\u01b0\u1ee3c n\u1ed9p, agent \u0111\u01b0\u1ee3c \u1ee7y quy\u1ec1n s\u1ebd g\u1eedi h\u1ed3 s\u01a1 \u0111\u0103ng k\u00fd \u0111\u1ebfn CBIU v\u00e0 thay m\u1eb7t nh\u00e0 \u0111\u1ea7u t\u01b0 li\u00ean l\u1ea1c v\u1edbi h\u1ecd. Ng\u01b0\u1eddi \u0111\u1ea1i di\u1ec7n \u0111\u01b0\u1ee3c \u1ee7y quy\u1ec1n s\u1ebd tr\u1ea3 l\u1eddi t\u1ea5t c\u1ea3 c\u00e1c th\u01b0 t\u1eeb, truy v\u1ea5n ho\u1eb7c c\u00e2u h\u1ecfi m\u00e0 CBIU c\u00f3 th\u1ec3 c\u00f3 trong th\u1eddi gian \u0111\u00f3. Kh\u00f4ng gi\u1ed1ng nh\u01b0 c\u00e1c ch\u01b0\u01a1ng tr\u00ecnh CBI c\u1ee7a c\u00e1c qu\u1ed1c gia kh\u00e1c, Dominica hi\u1ec7n t\u1ea1i kh\u00f4ng y\u00eau c\u1ea7u m\u1ed9t cu\u1ed9c ph\u1ecfng v\u1ea5n b\u1eaft bu\u1ed9c, m\u1eb7c d\u00f9 Ch\u00ednh ph\u1ee7 c\u00f3 th\u1ec3 y\u00eau c\u1ea7u m\u1ed9t cu\u1ed9c ph\u1ecfng v\u1ea5n t\u00f9y theo t\u1eebng t\u00ecnh hu\u1ed1ng.<\/p>\n<h3>B\u01b0\u1edbc 5 &#8211; Thanh to\u00e1n v\u00e0 ch\u1ee9ng nh\u1eadn<\/h3>\n<p>N\u1ebfu h\u1ed3 s\u01a1 \u0111\u0103ng k\u00fd c\u1ee7a nh\u00e0 \u0111\u1ea7u t\u01b0 \u0111\u01b0\u1ee3c ch\u1ea5p thu\u1eadn v\u1ec1 nguy\u00ean t\u1eafc, th\u01b0 c\u1ee7a CBIU s\u1ebd h\u01b0\u1edbng d\u1eabn nh\u00e0 \u0111\u1ea7u t\u01b0 thanh to\u00e1n kho\u1ea3n \u0111\u00f3ng g\u00f3p cho Economic Diversification Fund (Qu\u1ef9 \u0111a d\u1ea1ng kinh t\u1ebf) ho\u1eb7c ho\u00e0n t\u1ea5t vi\u1ec7c thanh to\u00e1n cho vi\u1ec7c mua b\u1ea5t \u0111\u1ed9ng s\u1ea3n. Sau khi nh\u1eadn \u0111\u01b0\u1ee3c b\u1eb1ng ch\u1ee9ng v\u1ec1 vi\u1ec7c thanh to\u00e1n, CBIU sau \u0111\u00f3 s\u1ebd c\u1ea5p gi\u1ea5y ch\u1ee9ng nh\u1eadn tham gia ch\u01b0\u01a1ng tr\u00ecnh, l\u00e0 b\u1eb1ng ch\u1ee9ng v\u1ec1 quy\u1ec1n c\u00f4ng d\u00e2n c\u1ee7a nh\u00e0 \u0111\u1ea7u t\u01b0 v\u00e0 c\u00f3 th\u1ec3 \u0111\u01b0\u1ee3c s\u1eed d\u1ee5ng b\u1edfi ch\u00ednh nh\u00e0 \u0111\u1ea7u t\u01b0 ho\u1eb7c agent \u0111\u01b0\u1ee3c \u1ee7y quy\u1ec1n \u0111\u1ec3 c\u00f3 th\u1ec3 l\u1ea5y \u0111\u01b0\u1ee3c h\u1ed9 chi\u1ebfu Dominica.<\/p>\n<p>\u0110\u1ec3 bi\u1ebft th\u00eam th\u00f4ng tin, vui l\u00f2ng truy c\u1eadp trang C\u00e2u h\u1ecfi th\u01b0\u1eddng g\u1eb7p c\u1ee7a ch\u00fang t\u00f4i.<\/p>\n<\/div><\/div><\/div><\/div><\/div><\/div><\/div><\/section>\n","protected":false},"excerpt":{"rendered":"B\u01b0\u1edbc 1 &#8211; Ch\u1ecdn agent \u0111\u01b0\u1ee3c \u1ee7y quy\u1ec1n B\u01b0\u1edbc \u0111\u1ea7u ti\u00ean \u0111\u1ec3 xin qu\u1ed1c t\u1ecbch l\u00e0 ch\u1ecdn m\u1ed9t agent t\u1eeb danh s\u00e1ch c\u00e1c agent \u0111\u01b0\u1ee3c \u1ee7y quy\u1ec1n. \u0110\u00e2y l\u00e0 nh\u1eefng t\u1ed5 ch\u1ee9c \u0111\u00e3 \u0111\u01b0\u1ee3c Citizenship by Investiment Unit (CBIU) ch\u00ednh th\u1ee9c c\u1ea5p ph\u00e9p \u0111\u1ec3 \u0111\u01b0\u1ee3c trao quy\u1ec1n thay m\u1eb7t \u0111\u01b0\u01a1ng \u0111\u01a1n trong c\u00e1c v\u1ea5n \u0111\u1ec1...","protected":false},"author":1,"featured_media":8261,"parent":8260,"menu_order":0,"comment_status":"closed","ping_status":"closed","template":"","meta":{"_acf_changed":false,"footnotes":""},"class_list":["post-8263","page","type-page","status-publish","has-post-thumbnail","hentry"],"acf":[],"yoast_head":"<!-- This site is optimized with the Yoast SEO plugin v27.2 - https:\/\/yoast.com\/product\/yoast-seo-wordpress\/ -->\n<title>N\u1ed9p \u0111\u01a1n \u0110\u1ea7u t\u01b0 Nh\u1eadp t\u1ecbch Dominica - Consulate General of The Commonwealth of Dominica in Ho Chi Minh City<\/title>\n<meta name=\"robots\" content=\"index, follow, max-snippet:-1, max-image-preview:large, max-video-preview:-1\" \/>\n<link rel=\"canonical\" href=\"https:\/\/dominicaconsulateinvietnam.org\/vi\/citizenship-by-investment\/applying-for-citizenship-by-investment-of-dominica\/\" \/>\n<meta property=\"og:locale\" content=\"vi_VN\" \/>\n<meta property=\"og:type\" content=\"article\" \/>\n<meta property=\"og:title\" content=\"N\u1ed9p \u0111\u01a1n \u0110\u1ea7u t\u01b0 Nh\u1eadp t\u1ecbch Dominica - Consulate General of The Commonwealth of Dominica in Ho Chi Minh City\" \/>\n<meta property=\"og:url\" content=\"https:\/\/dominicaconsulateinvietnam.org\/vi\/citizenship-by-investment\/applying-for-citizenship-by-investment-of-dominica\/\" \/>\n<meta property=\"og:site_name\" content=\"Consulate General of The Commonwealth of Dominica in Ho Chi Minh City\" \/>\n<meta property=\"article:modified_time\" content=\"2021-09-27T07:49:45+00:00\" \/>\n<meta property=\"og:image\" content=\"https:\/\/dominicaconsulateinvietnam.org\/wp-content\/uploads\/2021\/08\/Dominica-passport-image-for-CBI-page.jpg\" \/>\n\t<meta property=\"og:image:width\" content=\"960\" \/>\n\t<meta property=\"og:image:height\" content=\"400\" \/>\n\t<meta property=\"og:image:type\" content=\"image\/jpeg\" \/>\n<meta name=\"twitter:card\" content=\"summary_large_image\" \/>\n<meta name=\"twitter:label1\" content=\"Est. reading time\" \/>\n\t<meta name=\"twitter:data1\" content=\"4 minutes\" \/>\n<script type=\"application\/ld+json\" class=\"yoast-schema-graph\">{\"@context\":\"https:\/\/schema.org\",\"@graph\":[{\"@type\":\"WebPage\",\"@id\":\"https:\/\/dominicaconsulateinvietnam.org\/vi\/citizenship-by-investment\/applying-for-citizenship-by-investment-of-dominica\/\",\"url\":\"https:\/\/dominicaconsulateinvietnam.org\/vi\/citizenship-by-investment\/applying-for-citizenship-by-investment-of-dominica\/\",\"name\":\"N\u1ed9p \u0111\u01a1n \u0110\u1ea7u t\u01b0 Nh\u1eadp t\u1ecbch Dominica - Consulate General of The Commonwealth of Dominica in Ho Chi Minh City\",\"isPartOf\":{\"@id\":\"https:\/\/dominicaconsulateinvietnam.org\/#website\"},\"primaryImageOfPage\":{\"@id\":\"https:\/\/dominicaconsulateinvietnam.org\/vi\/citizenship-by-investment\/applying-for-citizenship-by-investment-of-dominica\/#primaryimage\"},\"image\":{\"@id\":\"https:\/\/dominicaconsulateinvietnam.org\/vi\/citizenship-by-investment\/applying-for-citizenship-by-investment-of-dominica\/#primaryimage\"},\"thumbnailUrl\":\"https:\/\/dominicaconsulateinvietnam.org\/wp-content\/uploads\/2021\/08\/Dominica-passport-image-for-CBI-page.jpg\",\"datePublished\":\"2021-09-15T06:03:05+00:00\",\"dateModified\":\"2021-09-27T07:49:45+00:00\",\"breadcrumb\":{\"@id\":\"https:\/\/dominicaconsulateinvietnam.org\/vi\/citizenship-by-investment\/applying-for-citizenship-by-investment-of-dominica\/#breadcrumb\"},\"inLanguage\":\"vi-VN\",\"potentialAction\":[{\"@type\":\"ReadAction\",\"target\":[\"https:\/\/dominicaconsulateinvietnam.org\/vi\/citizenship-by-investment\/applying-for-citizenship-by-investment-of-dominica\/\"]}]},{\"@type\":\"ImageObject\",\"inLanguage\":\"vi-VN\",\"@id\":\"https:\/\/dominicaconsulateinvietnam.org\/vi\/citizenship-by-investment\/applying-for-citizenship-by-investment-of-dominica\/#primaryimage\",\"url\":\"https:\/\/dominicaconsulateinvietnam.org\/wp-content\/uploads\/2021\/08\/Dominica-passport-image-for-CBI-page.jpg\",\"contentUrl\":\"https:\/\/dominicaconsulateinvietnam.org\/wp-content\/uploads\/2021\/08\/Dominica-passport-image-for-CBI-page.jpg\",\"width\":960,\"height\":400},{\"@type\":\"BreadcrumbList\",\"@id\":\"https:\/\/dominicaconsulateinvietnam.org\/vi\/citizenship-by-investment\/applying-for-citizenship-by-investment-of-dominica\/#breadcrumb\",\"itemListElement\":[{\"@type\":\"ListItem\",\"position\":1,\"name\":\"Home\",\"item\":\"https:\/\/dominicaconsulateinvietnam.org\/vi\/\"},{\"@type\":\"ListItem\",\"position\":2,\"name\":\"Ch\u01b0\u01a1ng tr\u00ecnh \u0110\u1ea7u t\u01b0 &#8211; \u0110\u1ecbnh c\u01b0\",\"item\":\"https:\/\/dominicaconsulateinvietnam.org\/vi\/citizenship-by-investment\/\"},{\"@type\":\"ListItem\",\"position\":3,\"name\":\"N\u1ed9p \u0111\u01a1n \u0110\u1ea7u t\u01b0 Nh\u1eadp t\u1ecbch Dominica\"}]},{\"@type\":\"WebSite\",\"@id\":\"https:\/\/dominicaconsulateinvietnam.org\/#website\",\"url\":\"https:\/\/dominicaconsulateinvietnam.org\/\",\"name\":\"Consulate General of The Commonwealth of Dominica in Ho Chi Minh City\",\"description\":\"The Consulate is focused on maintaining, and strengthening these international relationships, and on increasing the profile of Dominica within the international community\",\"potentialAction\":[{\"@type\":\"SearchAction\",\"target\":{\"@type\":\"EntryPoint\",\"urlTemplate\":\"https:\/\/dominicaconsulateinvietnam.org\/?s={search_term_string}\"},\"query-input\":{\"@type\":\"PropertyValueSpecification\",\"valueRequired\":true,\"valueName\":\"search_term_string\"}}],\"inLanguage\":\"vi-VN\"}]}<\/script>\n<!-- \/ Yoast SEO plugin. -->","yoast_head_json":{"title":"N\u1ed9p \u0111\u01a1n \u0110\u1ea7u t\u01b0 Nh\u1eadp t\u1ecbch Dominica - Consulate General of The Commonwealth of Dominica in Ho Chi Minh City","robots":{"index":"index","follow":"follow","max-snippet":"max-snippet:-1","max-image-preview":"max-image-preview:large","max-video-preview":"max-video-preview:-1"},"canonical":"https:\/\/dominicaconsulateinvietnam.org\/vi\/citizenship-by-investment\/applying-for-citizenship-by-investment-of-dominica\/","og_locale":"vi_VN","og_type":"article","og_title":"N\u1ed9p \u0111\u01a1n \u0110\u1ea7u t\u01b0 Nh\u1eadp t\u1ecbch Dominica - Consulate General of The Commonwealth of Dominica in Ho Chi Minh City","og_url":"https:\/\/dominicaconsulateinvietnam.org\/vi\/citizenship-by-investment\/applying-for-citizenship-by-investment-of-dominica\/","og_site_name":"Consulate General of The Commonwealth of Dominica in Ho Chi Minh City","article_modified_time":"2021-09-27T07:49:45+00:00","og_image":[{"width":960,"height":400,"url":"https:\/\/dominicaconsulateinvietnam.org\/wp-content\/uploads\/2021\/08\/Dominica-passport-image-for-CBI-page.jpg","type":"image\/jpeg"}],"twitter_card":"summary_large_image","twitter_misc":{"Est. reading time":"4 minutes"},"schema":{"@context":"https:\/\/schema.org","@graph":[{"@type":"WebPage","@id":"https:\/\/dominicaconsulateinvietnam.org\/vi\/citizenship-by-investment\/applying-for-citizenship-by-investment-of-dominica\/","url":"https:\/\/dominicaconsulateinvietnam.org\/vi\/citizenship-by-investment\/applying-for-citizenship-by-investment-of-dominica\/","name":"N\u1ed9p \u0111\u01a1n \u0110\u1ea7u t\u01b0 Nh\u1eadp t\u1ecbch Dominica - Consulate General of The Commonwealth of Dominica in Ho Chi Minh City","isPartOf":{"@id":"https:\/\/dominicaconsulateinvietnam.org\/#website"},"primaryImageOfPage":{"@id":"https:\/\/dominicaconsulateinvietnam.org\/vi\/citizenship-by-investment\/applying-for-citizenship-by-investment-of-dominica\/#primaryimage"},"image":{"@id":"https:\/\/dominicaconsulateinvietnam.org\/vi\/citizenship-by-investment\/applying-for-citizenship-by-investment-of-dominica\/#primaryimage"},"thumbnailUrl":"https:\/\/dominicaconsulateinvietnam.org\/wp-content\/uploads\/2021\/08\/Dominica-passport-image-for-CBI-page.jpg","datePublished":"2021-09-15T06:03:05+00:00","dateModified":"2021-09-27T07:49:45+00:00","breadcrumb":{"@id":"https:\/\/dominicaconsulateinvietnam.org\/vi\/citizenship-by-investment\/applying-for-citizenship-by-investment-of-dominica\/#breadcrumb"},"inLanguage":"vi-VN","potentialAction":[{"@type":"ReadAction","target":["https:\/\/dominicaconsulateinvietnam.org\/vi\/citizenship-by-investment\/applying-for-citizenship-by-investment-of-dominica\/"]}]},{"@type":"ImageObject","inLanguage":"vi-VN","@id":"https:\/\/dominicaconsulateinvietnam.org\/vi\/citizenship-by-investment\/applying-for-citizenship-by-investment-of-dominica\/#primaryimage","url":"https:\/\/dominicaconsulateinvietnam.org\/wp-content\/uploads\/2021\/08\/Dominica-passport-image-for-CBI-page.jpg","contentUrl":"https:\/\/dominicaconsulateinvietnam.org\/wp-content\/uploads\/2021\/08\/Dominica-passport-image-for-CBI-page.jpg","width":960,"height":400},{"@type":"BreadcrumbList","@id":"https:\/\/dominicaconsulateinvietnam.org\/vi\/citizenship-by-investment\/applying-for-citizenship-by-investment-of-dominica\/#breadcrumb","itemListElement":[{"@type":"ListItem","position":1,"name":"Home","item":"https:\/\/dominicaconsulateinvietnam.org\/vi\/"},{"@type":"ListItem","position":2,"name":"Ch\u01b0\u01a1ng tr\u00ecnh \u0110\u1ea7u t\u01b0 &#8211; \u0110\u1ecbnh c\u01b0","item":"https:\/\/dominicaconsulateinvietnam.org\/vi\/citizenship-by-investment\/"},{"@type":"ListItem","position":3,"name":"N\u1ed9p \u0111\u01a1n \u0110\u1ea7u t\u01b0 Nh\u1eadp t\u1ecbch Dominica"}]},{"@type":"WebSite","@id":"https:\/\/dominicaconsulateinvietnam.org\/#website","url":"https:\/\/dominicaconsulateinvietnam.org\/","name":"Consulate General of The Commonwealth of Dominica in Ho Chi Minh City","description":"The Consulate is focused on maintaining, and strengthening these international relationships, and on increasing the profile of Dominica within the international community","potentialAction":[{"@type":"SearchAction","target":{"@type":"EntryPoint","urlTemplate":"https:\/\/dominicaconsulateinvietnam.org\/?s={search_term_string}"},"query-input":{"@type":"PropertyValueSpecification","valueRequired":true,"valueName":"search_term_string"}}],"inLanguage":"vi-VN"}]}},"_links":{"self":[{"href":"https:\/\/dominicaconsulateinvietnam.org\/vi\/wp-json\/wp\/v2\/pages\/8263","targetHints":{"allow":["GET"]}}],"collection":[{"href":"https:\/\/dominicaconsulateinvietnam.org\/vi\/wp-json\/wp\/v2\/pages"}],"about":[{"href":"https:\/\/dominicaconsulateinvietnam.org\/vi\/wp-json\/wp\/v2\/types\/page"}],"author":[{"embeddable":true,"href":"https:\/\/dominicaconsulateinvietnam.org\/vi\/wp-json\/wp\/v2\/users\/1"}],"replies":[{"embeddable":true,"href":"https:\/\/dominicaconsulateinvietnam.org\/vi\/wp-json\/wp\/v2\/comments?post=8263"}],"version-history":[{"count":7,"href":"https:\/\/dominicaconsulateinvietnam.org\/vi\/wp-json\/wp\/v2\/pages\/8263\/revisions"}],"predecessor-version":[{"id":8631,"href":"https:\/\/dominicaconsulateinvietnam.org\/vi\/wp-json\/wp\/v2\/pages\/8263\/revisions\/8631"}],"up":[{"embeddable":true,"href":"https:\/\/dominicaconsulateinvietnam.org\/vi\/wp-json\/wp\/v2\/pages\/8260"}],"wp:featuredmedia":[{"embeddable":true,"href":"https:\/\/dominicaconsulateinvietnam.org\/vi\/wp-json\/wp\/v2\/media\/8261"}],"wp:attachment":[{"href":"https:\/\/dominicaconsulateinvietnam.org\/vi\/wp-json\/wp\/v2\/media?parent=8263"}],"curies":[{"name":"wp","href":"https:\/\/api.w.org\/{rel}","templated":true}]}}