{"id":8249,"date":"2021-09-15T04:57:11","date_gmt":"2021-09-15T04:57:11","guid":{"rendered":"https:\/\/dominicaconsulateinvietnam.org\/business\/su-thanh-lap-cong-ty-kinh-doanh-quoc-te\/"},"modified":"2021-09-20T10:31:39","modified_gmt":"2021-09-20T10:31:39","slug":"su-thanh-lap-cong-ty-kinh-doanh-quoc-te","status":"publish","type":"page","link":"https:\/\/dominicaconsulateinvietnam.org\/vi\/business\/su-thanh-lap-cong-ty-kinh-doanh-quoc-te\/","title":{"rendered":"S\u1ef1 th\u00e0nh l\u1eadp c\u00f4ng ty kinh doanh qu\u1ed1c t\u1ebf"},"content":{"rendered":"<section class=\"l-section wpb_row height_auto\"><div class=\"l-section-h i-cf\"><div class=\"g-cols vc_row via_flex valign_top type_default stacking_default\"><div class=\"vc_col-sm-12 wpb_column vc_column_container\"><div class=\"vc_column-inner\"><div class=\"wpb_wrapper\"><div class=\"wpb_text_column\"><div class=\"wpb_wrapper\"><h3>S\u1ef1 th\u00e0nh l\u1eadp c\u00f4ng ty \u1edf Dominica<\/h3>\n<p>Vi\u1ec7c th\u00e0nh l\u1eadp c\u00f4ng ty \u1edf C\u1ed9ng \u0111\u1ed3ng Th\u1ecbnh v\u01b0\u1ee3ng Dominica c\u00f3 th\u1ec3 \u0111\u01b0\u1ee3c th\u1ef1c hi\u1ec7n trong 24 gi\u1edd theo B\u1ed9 lu\u1eadt C\u00f4ng ty Kinh doanh Qu\u1ed1c t\u1ebf n\u0103m 1988 d\u00e0nh cho c\u00e1c c\u00f4ng ty kinh doanh qu\u1ed1c t\u1ebf (IBC). C\u00f3 m\u1ed9t s\u1ed1 l\u1ee3i \u00edch khi th\u00e0nh l\u1eadp c\u00f4ng ty \u1edf Dominca. V\u00ed d\u1ee5:<\/p>\n<ul>\n<li>T\u1ea5t c\u1ea3 c\u00e1c c\u00f4ng ty \u0111\u1ec1u y\u00eau c\u1ea7u t\u1ed1i thi\u1ec3u m\u1ed9t gi\u00e1m \u0111\u1ed1c.<\/li>\n<li>C\u00e1c cu\u1ed9c h\u1ecdp h\u00e0ng n\u0103m kh\u00f4ng c\u1ea7n ph\u1ea3i \u0111\u01b0\u1ee3c t\u1ed5 ch\u1ee9c \u1edf Dominica.<\/li>\n<li>Kh\u00f4ng c\u00f3 gi\u1edbi h\u1ea1n v\u1ec1 qu\u1ed1c t\u1ecbch ho\u1eb7c n\u01a1i c\u01b0 tr\u00fa \u0111\u1ed1i v\u1edbi c\u00e1c gi\u00e1m \u0111\u1ed1c.<\/li>\n<li>\u0110\u1ec3 th\u00e0nh l\u1eadp IBC, ch\u1ec9 c\u1ea7n m\u1ed9t c\u1ed5 \u0111\u00f4ng v\u00e0 kh\u00f4ng c\u00f3 y\u00eau c\u1ea7u v\u1ec1 v\u1ed1n t\u1ed1i thi\u1ec3u.<\/li>\n<li>C\u00e1c c\u00f4ng ty c\u00f3 th\u1ec3 \u0111\u00f3ng vai tr\u00f2 l\u00e0 c\u1ed5 \u0111\u00f4ng.<\/li>\n<li>Dominica kh\u00f4ng y\u00eau c\u1ea7u m\u1ee9c v\u1ed1n t\u1ed1i thi\u1ec3u ho\u1eb7c l\u1ee3i nhu\u1eadn h\u00e0ng n\u0103m.<\/li>\n<\/ul>\n<p><strong>\u0110\u1ec3 th\u00e0nh l\u1eadp c\u00f4ng ty t\u1ea1i Dominica, b\u1ea1n ph\u1ea3i cung c\u1ea5p c\u00e1c th\u00f4ng tin sau:<\/strong><\/p>\n<ol>\n<li>t\u00ean c\u00f4ng ty<\/li>\n<li>v\u1ed1n c\u1ed5 ph\u1ea7n<\/li>\n<li>S\u1ed1 l\u01b0\u1ee3ng gi\u00e1m \u0111\u1ed1c ban \u0111\u1ea7u; gi\u00e1m \u0111\u1ed1c kh\u00f4ng c\u1ea7n \u0111\u01b0\u1ee3c li\u1ec7t k\u00ea b\u1eb1ng t\u00ean, c\u0169ng nh\u01b0 c\u00f4ng ty kh\u00f4ng \u0111\u01b0\u1ee3c n\u00eau m\u1ee5c \u0111\u00edch c\u1ee5 th\u1ec3 c\u1ee7a vi\u1ec7c th\u00e0nh l\u1eadp.<\/li>\n<\/ol>\n<p>M\u1ed7i doanh nghi\u1ec7p n\u01b0\u1edbc ngo\u00e0i ph\u1ea3i c\u00f3 m\u1ed9t \u0111\u1ea1i di\u1ec7n v\u00e0 \u0111\u1ecba ch\u1ec9 \u0111\u0103ng k\u00fd t\u1ea1i Dominica.<\/p>\n<p>C\u00e1c doanh nghi\u1ec7p c\u00f3 th\u1ec3 t\u1ed5 ch\u1ee9c c\u00e1c cu\u1ed9c h\u1ecdp h\u1ed9i \u0111\u1ed3ng qu\u1ea3n tr\u1ecb h\u00e0ng n\u0103m \u1edf m\u1ecdi n\u01a1i tr\u00ean th\u1ebf gi\u1edbi v\u00e0 t\u00ean c\u1ee7a c\u00e1c ng\u01b0\u1eddi qu\u1ea3n l\u00fd, ch\u1ee7 s\u1edf h\u1eefu v\u00e0 h\u1ed9i \u0111\u1ed3ng qu\u1ea3n tr\u1ecb kh\u00f4ng c\u1ea7n \u0111\u01b0\u1ee3c ti\u1ebft l\u1ed9.<\/p>\n<p>Vi\u1ec7c thanh to\u00e1n \u0111\u1ea7y \u0111\u1ee7 thu\u1ebf m\u00f4n b\u00e0i h\u00e0ng n\u0103m \u0111\u1ea3m b\u1ea3o doanh nghi\u1ec7p duy tr\u00ec ho\u1ea1t \u0111\u1ed9ng.<\/p>\n<h3>C\u00e1c c\u00f4ng ty hang h\u1ea3i n\u01b0\u1edbc ngo\u00e0i<\/h3>\n<p>M\u1ed9t c\u00f4ng ty \u0111\u01b0\u1ee3c th\u00e0nh l\u1eadp \u1edf n\u01b0\u1edbc kh\u00e1c c\u00f3 th\u1ec3 \u0111\u01b0\u1ee3c \u0111\u0103ng k\u00fd v\u1edbi t\u01b0 c\u00e1ch l\u00e0 T\u1ed5 ch\u1ee9c H\u00e0ng h\u1ea3i N\u01b0\u1edbc ngo\u00e0i t\u1ea1i Dominica v\u1edbi m\u1ee5c \u0111\u00edch \u0111\u0103ng k\u00fd c\u00e1c t\u00e0u c\u1ee7a m\u00ecnh d\u01b0\u1edbi c\u1edd Dominica.<\/p>\n<p>C\u00e1c ph\u00e1p nh\u00e2n n\u00e0y ph\u1ea3i tu\u00e2n th\u1ee7 lu\u1eadt ph\u00e1p c\u1ee7a n\u01a1i th\u00e0nh l\u1eadp.<\/p>\n<p>\u0110\u1ec3 bi\u1ebft th\u00eam th\u00f4ng tin, vui l\u00f2ng li\u00ean h\u1ec7 v\u1edbi ch\u00fang t\u00f4i t\u1ea1i: <a href=\"mailto:consulate@dominicaconsulateinvietnam.org\">consulate@dominicaconsulateinvietnam.org<\/a><\/p>\n<\/div><\/div><\/div><\/div><\/div><\/div><\/div><\/section>\n","protected":false},"excerpt":{"rendered":"S\u1ef1 th\u00e0nh l\u1eadp c\u00f4ng ty \u1edf Dominica Vi\u1ec7c th\u00e0nh l\u1eadp c\u00f4ng ty \u1edf C\u1ed9ng \u0111\u1ed3ng Th\u1ecbnh v\u01b0\u1ee3ng Dominica c\u00f3 th\u1ec3 \u0111\u01b0\u1ee3c th\u1ef1c hi\u1ec7n trong 24 gi\u1edd theo B\u1ed9 lu\u1eadt C\u00f4ng ty Kinh doanh Qu\u1ed1c t\u1ebf n\u0103m 1988 d\u00e0nh cho c\u00e1c c\u00f4ng ty kinh doanh qu\u1ed1c t\u1ebf (IBC). C\u00f3 m\u1ed9t s\u1ed1 l\u1ee3i \u00edch khi th\u00e0nh l\u1eadp...","protected":false},"author":1,"featured_media":8252,"parent":8243,"menu_order":0,"comment_status":"closed","ping_status":"closed","template":"","meta":{"_acf_changed":false,"footnotes":""},"class_list":["post-8249","page","type-page","status-publish","has-post-thumbnail","hentry"],"acf":[],"yoast_head":"<!-- This site is optimized with the Yoast SEO plugin v27.2 - https:\/\/yoast.com\/product\/yoast-seo-wordpress\/ -->\n<title>S\u1ef1 th\u00e0nh l\u1eadp c\u00f4ng ty kinh doanh qu\u1ed1c t\u1ebf - Consulate General of The Commonwealth of Dominica in Ho Chi Minh City<\/title>\n<meta name=\"robots\" content=\"index, follow, max-snippet:-1, max-image-preview:large, max-video-preview:-1\" \/>\n<link rel=\"canonical\" href=\"https:\/\/dominicaconsulateinvietnam.org\/vi\/business\/su-thanh-lap-cong-ty-kinh-doanh-quoc-te\/\" \/>\n<meta property=\"og:locale\" content=\"vi_VN\" \/>\n<meta property=\"og:type\" content=\"article\" \/>\n<meta property=\"og:title\" content=\"S\u1ef1 th\u00e0nh l\u1eadp c\u00f4ng ty kinh doanh qu\u1ed1c t\u1ebf - Consulate General of The Commonwealth of Dominica in Ho Chi Minh City\" \/>\n<meta property=\"og:url\" content=\"https:\/\/dominicaconsulateinvietnam.org\/vi\/business\/su-thanh-lap-cong-ty-kinh-doanh-quoc-te\/\" \/>\n<meta property=\"og:site_name\" content=\"Consulate General of The Commonwealth of Dominica in Ho Chi Minh City\" \/>\n<meta property=\"article:modified_time\" content=\"2021-09-20T10:31:39+00:00\" \/>\n<meta property=\"og:image\" content=\"https:\/\/dominicaconsulateinvietnam.org\/wp-content\/uploads\/2021\/08\/laptop-3196481_640.jpg\" \/>\n\t<meta property=\"og:image:width\" content=\"640\" \/>\n\t<meta property=\"og:image:height\" content=\"426\" \/>\n\t<meta property=\"og:image:type\" content=\"image\/jpeg\" \/>\n<meta name=\"twitter:card\" content=\"summary_large_image\" \/>\n<meta name=\"twitter:label1\" content=\"Est. reading time\" \/>\n\t<meta name=\"twitter:data1\" content=\"3 minutes\" \/>\n<script type=\"application\/ld+json\" class=\"yoast-schema-graph\">{\"@context\":\"https:\/\/schema.org\",\"@graph\":[{\"@type\":\"WebPage\",\"@id\":\"https:\/\/dominicaconsulateinvietnam.org\/vi\/business\/su-thanh-lap-cong-ty-kinh-doanh-quoc-te\/\",\"url\":\"https:\/\/dominicaconsulateinvietnam.org\/vi\/business\/su-thanh-lap-cong-ty-kinh-doanh-quoc-te\/\",\"name\":\"S\u1ef1 th\u00e0nh l\u1eadp c\u00f4ng ty kinh doanh qu\u1ed1c t\u1ebf - Consulate General of The Commonwealth of Dominica in Ho Chi Minh City\",\"isPartOf\":{\"@id\":\"https:\/\/dominicaconsulateinvietnam.org\/#website\"},\"primaryImageOfPage\":{\"@id\":\"https:\/\/dominicaconsulateinvietnam.org\/vi\/business\/su-thanh-lap-cong-ty-kinh-doanh-quoc-te\/#primaryimage\"},\"image\":{\"@id\":\"https:\/\/dominicaconsulateinvietnam.org\/vi\/business\/su-thanh-lap-cong-ty-kinh-doanh-quoc-te\/#primaryimage\"},\"thumbnailUrl\":\"https:\/\/dominicaconsulateinvietnam.org\/wp-content\/uploads\/2021\/08\/laptop-3196481_640.jpg\",\"datePublished\":\"2021-09-15T04:57:11+00:00\",\"dateModified\":\"2021-09-20T10:31:39+00:00\",\"breadcrumb\":{\"@id\":\"https:\/\/dominicaconsulateinvietnam.org\/vi\/business\/su-thanh-lap-cong-ty-kinh-doanh-quoc-te\/#breadcrumb\"},\"inLanguage\":\"vi-VN\",\"potentialAction\":[{\"@type\":\"ReadAction\",\"target\":[\"https:\/\/dominicaconsulateinvietnam.org\/vi\/business\/su-thanh-lap-cong-ty-kinh-doanh-quoc-te\/\"]}]},{\"@type\":\"ImageObject\",\"inLanguage\":\"vi-VN\",\"@id\":\"https:\/\/dominicaconsulateinvietnam.org\/vi\/business\/su-thanh-lap-cong-ty-kinh-doanh-quoc-te\/#primaryimage\",\"url\":\"https:\/\/dominicaconsulateinvietnam.org\/wp-content\/uploads\/2021\/08\/laptop-3196481_640.jpg\",\"contentUrl\":\"https:\/\/dominicaconsulateinvietnam.org\/wp-content\/uploads\/2021\/08\/laptop-3196481_640.jpg\",\"width\":640,\"height\":426},{\"@type\":\"BreadcrumbList\",\"@id\":\"https:\/\/dominicaconsulateinvietnam.org\/vi\/business\/su-thanh-lap-cong-ty-kinh-doanh-quoc-te\/#breadcrumb\",\"itemListElement\":[{\"@type\":\"ListItem\",\"position\":1,\"name\":\"Home\",\"item\":\"https:\/\/dominicaconsulateinvietnam.org\/vi\/\"},{\"@type\":\"ListItem\",\"position\":2,\"name\":\"kinh doanh\",\"item\":\"https:\/\/dominicaconsulateinvietnam.org\/vi\/business\/\"},{\"@type\":\"ListItem\",\"position\":3,\"name\":\"S\u1ef1 th\u00e0nh l\u1eadp c\u00f4ng ty kinh doanh qu\u1ed1c t\u1ebf\"}]},{\"@type\":\"WebSite\",\"@id\":\"https:\/\/dominicaconsulateinvietnam.org\/#website\",\"url\":\"https:\/\/dominicaconsulateinvietnam.org\/\",\"name\":\"Consulate General of The Commonwealth of Dominica in Ho Chi Minh City\",\"description\":\"The Consulate is focused on maintaining, and strengthening these international relationships, and on increasing the profile of Dominica within the international community\",\"potentialAction\":[{\"@type\":\"SearchAction\",\"target\":{\"@type\":\"EntryPoint\",\"urlTemplate\":\"https:\/\/dominicaconsulateinvietnam.org\/?s={search_term_string}\"},\"query-input\":{\"@type\":\"PropertyValueSpecification\",\"valueRequired\":true,\"valueName\":\"search_term_string\"}}],\"inLanguage\":\"vi-VN\"}]}<\/script>\n<!-- \/ Yoast SEO plugin. -->","yoast_head_json":{"title":"S\u1ef1 th\u00e0nh l\u1eadp c\u00f4ng ty kinh doanh qu\u1ed1c t\u1ebf - Consulate General of The Commonwealth of Dominica in Ho Chi Minh City","robots":{"index":"index","follow":"follow","max-snippet":"max-snippet:-1","max-image-preview":"max-image-preview:large","max-video-preview":"max-video-preview:-1"},"canonical":"https:\/\/dominicaconsulateinvietnam.org\/vi\/business\/su-thanh-lap-cong-ty-kinh-doanh-quoc-te\/","og_locale":"vi_VN","og_type":"article","og_title":"S\u1ef1 th\u00e0nh l\u1eadp c\u00f4ng ty kinh doanh qu\u1ed1c t\u1ebf - Consulate General of The Commonwealth of Dominica in Ho Chi Minh City","og_url":"https:\/\/dominicaconsulateinvietnam.org\/vi\/business\/su-thanh-lap-cong-ty-kinh-doanh-quoc-te\/","og_site_name":"Consulate General of The Commonwealth of Dominica in Ho Chi Minh City","article_modified_time":"2021-09-20T10:31:39+00:00","og_image":[{"width":640,"height":426,"url":"https:\/\/dominicaconsulateinvietnam.org\/wp-content\/uploads\/2021\/08\/laptop-3196481_640.jpg","type":"image\/jpeg"}],"twitter_card":"summary_large_image","twitter_misc":{"Est. reading time":"3 minutes"},"schema":{"@context":"https:\/\/schema.org","@graph":[{"@type":"WebPage","@id":"https:\/\/dominicaconsulateinvietnam.org\/vi\/business\/su-thanh-lap-cong-ty-kinh-doanh-quoc-te\/","url":"https:\/\/dominicaconsulateinvietnam.org\/vi\/business\/su-thanh-lap-cong-ty-kinh-doanh-quoc-te\/","name":"S\u1ef1 th\u00e0nh l\u1eadp c\u00f4ng ty kinh doanh qu\u1ed1c t\u1ebf - Consulate General of The Commonwealth of Dominica in Ho Chi Minh City","isPartOf":{"@id":"https:\/\/dominicaconsulateinvietnam.org\/#website"},"primaryImageOfPage":{"@id":"https:\/\/dominicaconsulateinvietnam.org\/vi\/business\/su-thanh-lap-cong-ty-kinh-doanh-quoc-te\/#primaryimage"},"image":{"@id":"https:\/\/dominicaconsulateinvietnam.org\/vi\/business\/su-thanh-lap-cong-ty-kinh-doanh-quoc-te\/#primaryimage"},"thumbnailUrl":"https:\/\/dominicaconsulateinvietnam.org\/wp-content\/uploads\/2021\/08\/laptop-3196481_640.jpg","datePublished":"2021-09-15T04:57:11+00:00","dateModified":"2021-09-20T10:31:39+00:00","breadcrumb":{"@id":"https:\/\/dominicaconsulateinvietnam.org\/vi\/business\/su-thanh-lap-cong-ty-kinh-doanh-quoc-te\/#breadcrumb"},"inLanguage":"vi-VN","potentialAction":[{"@type":"ReadAction","target":["https:\/\/dominicaconsulateinvietnam.org\/vi\/business\/su-thanh-lap-cong-ty-kinh-doanh-quoc-te\/"]}]},{"@type":"ImageObject","inLanguage":"vi-VN","@id":"https:\/\/dominicaconsulateinvietnam.org\/vi\/business\/su-thanh-lap-cong-ty-kinh-doanh-quoc-te\/#primaryimage","url":"https:\/\/dominicaconsulateinvietnam.org\/wp-content\/uploads\/2021\/08\/laptop-3196481_640.jpg","contentUrl":"https:\/\/dominicaconsulateinvietnam.org\/wp-content\/uploads\/2021\/08\/laptop-3196481_640.jpg","width":640,"height":426},{"@type":"BreadcrumbList","@id":"https:\/\/dominicaconsulateinvietnam.org\/vi\/business\/su-thanh-lap-cong-ty-kinh-doanh-quoc-te\/#breadcrumb","itemListElement":[{"@type":"ListItem","position":1,"name":"Home","item":"https:\/\/dominicaconsulateinvietnam.org\/vi\/"},{"@type":"ListItem","position":2,"name":"kinh doanh","item":"https:\/\/dominicaconsulateinvietnam.org\/vi\/business\/"},{"@type":"ListItem","position":3,"name":"S\u1ef1 th\u00e0nh l\u1eadp c\u00f4ng ty kinh doanh qu\u1ed1c t\u1ebf"}]},{"@type":"WebSite","@id":"https:\/\/dominicaconsulateinvietnam.org\/#website","url":"https:\/\/dominicaconsulateinvietnam.org\/","name":"Consulate General of The Commonwealth of Dominica in Ho Chi Minh City","description":"The Consulate is focused on maintaining, and strengthening these international relationships, and on increasing the profile of Dominica within the international community","potentialAction":[{"@type":"SearchAction","target":{"@type":"EntryPoint","urlTemplate":"https:\/\/dominicaconsulateinvietnam.org\/?s={search_term_string}"},"query-input":{"@type":"PropertyValueSpecification","valueRequired":true,"valueName":"search_term_string"}}],"inLanguage":"vi-VN"}]}},"_links":{"self":[{"href":"https:\/\/dominicaconsulateinvietnam.org\/vi\/wp-json\/wp\/v2\/pages\/8249","targetHints":{"allow":["GET"]}}],"collection":[{"href":"https:\/\/dominicaconsulateinvietnam.org\/vi\/wp-json\/wp\/v2\/pages"}],"about":[{"href":"https:\/\/dominicaconsulateinvietnam.org\/vi\/wp-json\/wp\/v2\/types\/page"}],"author":[{"embeddable":true,"href":"https:\/\/dominicaconsulateinvietnam.org\/vi\/wp-json\/wp\/v2\/users\/1"}],"replies":[{"embeddable":true,"href":"https:\/\/dominicaconsulateinvietnam.org\/vi\/wp-json\/wp\/v2\/comments?post=8249"}],"version-history":[{"count":4,"href":"https:\/\/dominicaconsulateinvietnam.org\/vi\/wp-json\/wp\/v2\/pages\/8249\/revisions"}],"predecessor-version":[{"id":8551,"href":"https:\/\/dominicaconsulateinvietnam.org\/vi\/wp-json\/wp\/v2\/pages\/8249\/revisions\/8551"}],"up":[{"embeddable":true,"href":"https:\/\/dominicaconsulateinvietnam.org\/vi\/wp-json\/wp\/v2\/pages\/8243"}],"wp:featuredmedia":[{"embeddable":true,"href":"https:\/\/dominicaconsulateinvietnam.org\/vi\/wp-json\/wp\/v2\/media\/8252"}],"wp:attachment":[{"href":"https:\/\/dominicaconsulateinvietnam.org\/vi\/wp-json\/wp\/v2\/media?parent=8249"}],"curies":[{"name":"wp","href":"https:\/\/api.w.org\/{rel}","templated":true}]}}