{"id":8240,"date":"2021-09-15T04:31:38","date_gmt":"2021-09-15T04:31:38","guid":{"rendered":"https:\/\/dominicaconsulateinvietnam.org\/ve-dominica\/public-and-national-holidays\/"},"modified":"2021-09-27T07:27:29","modified_gmt":"2021-09-27T07:27:29","slug":"public-and-national-holidays","status":"publish","type":"page","link":"https:\/\/dominicaconsulateinvietnam.org\/vi\/about-dominica\/public-and-national-holidays\/","title":{"rendered":"C\u00e1c ng\u00e0y l\u1ec5"},"content":{"rendered":"<section class=\"l-section wpb_row height_auto\"><div class=\"l-section-h i-cf\"><div class=\"g-cols vc_row via_flex valign_top type_default stacking_default\"><div class=\"vc_col-sm-12 wpb_column vc_column_container\"><div class=\"vc_column-inner\"><div class=\"wpb_wrapper\"><div class=\"wpb_text_column table-overflow\"><div class=\"wpb_wrapper\"><ul>\n<li>Ng\u00e0y 1 th\u00e1ng 1 n\u0103m 2021 (Th\u1ee9 s\u00e1u):   Ng\u00e0y \u0111\u1ea7u n\u0103m m\u1edbi<\/li>\n<li>Ng\u00e0y 15 &#038; 16 th\u00e1ng 2 n\u0103m 2021 (Th\u1ee9 Hai &#038; Th\u1ee9 Ba): L\u1ec5 h\u1ed9i Carnival <\/li>\n<li>Ng\u00e0y 2 th\u00e1ng 4 n\u0103m 2021 (Th\u1ee9 S\u00e1u): Th\u1ee9 S\u00e1u Tu\u1ea7n Th\u00e1nh<\/li>\n<li>Ng\u00e0y 5 th\u00e1ng 4 n\u0103m 2021 (Th\u1ee9 hai):  L\u1ec5 Ph\u1ee5c sinh <\/li>\n<li>Ng\u00e0y 3 th\u00e1ng 5 n\u0103m 2021 (Th\u1ee9 Hai): Ng\u00e0y lao \u0111\u1ed9ng <\/li>\n<li>Ng\u00e0y 24 th\u00e1ng 5 n\u0103m 2021 (Th\u1ee9 hai):  Whit Monday (ng\u00e0y l\u1ec5 theo C\u01a1 \u0111\u1ed1c gi\u00e1o)<\/li>\n<li>Ng\u00e0y 2 th\u00e1ng 8 n\u0103m 2021 (Th\u1ee9 hai): Ng\u00e0y gi\u1ea3i ph\u00f3ng <\/li>\n<li>Ng\u00e0y 3 th\u00e1ng 11 n\u0103m 2021 (Th\u1ee9 t\u01b0): Ng\u00e0y qu\u1ed1c kh\u00e1nh <\/li>\n<li>Ng\u00e0y 4 th\u00e1ng 11 n\u0103m 2021 (Th\u1ee9 N\u0103m): Ng\u00e0y Qu\u1ed1c gia Ph\u1ee5c v\u1ee5 C\u1ed9ng \u0111\u1ed3ng<\/li>\n<li>Ng\u00e0y 25 th\u00e1ng 12 n\u0103m 2021 (Th\u1ee9 b\u1ea3y): Ng\u00e0y l\u1ec5 Gi\u00e1ng sinh <\/li>\n<li>Ng\u00e0y 26 th\u00e1ng 12 n\u0103m 2021 (Ch\u1ee7 nh\u1eadt): Ng\u00e0y t\u1eb7ng qu\u00e0 <\/li>\n<\/ul>\n<\/div><\/div><\/div><\/div><\/div><\/div><\/div><\/section>\n","protected":false},"excerpt":{"rendered":"Ng\u00e0y 1 th\u00e1ng 1 n\u0103m 2021 (Th\u1ee9 s\u00e1u): Ng\u00e0y \u0111\u1ea7u n\u0103m m\u1edbi Ng\u00e0y 15 &#038; 16 th\u00e1ng 2 n\u0103m 2021 (Th\u1ee9 Hai &#038; Th\u1ee9 Ba): L\u1ec5 h\u1ed9i Carnival Ng\u00e0y 2 th\u00e1ng 4 n\u0103m 2021 (Th\u1ee9 S\u00e1u): Th\u1ee9 S\u00e1u Tu\u1ea7n Th\u00e1nh Ng\u00e0y 5 th\u00e1ng 4 n\u0103m 2021 (Th\u1ee9 hai): L\u1ec5 Ph\u1ee5c sinh Ng\u00e0y 3 th\u00e1ng 5...","protected":false},"author":1,"featured_media":0,"parent":8236,"menu_order":0,"comment_status":"closed","ping_status":"closed","template":"","meta":{"_acf_changed":false,"footnotes":""},"class_list":["post-8240","page","type-page","status-publish","hentry"],"acf":[],"yoast_head":"<!-- This site is optimized with the Yoast SEO plugin v27.2 - https:\/\/yoast.com\/product\/yoast-seo-wordpress\/ -->\n<title>C\u00e1c ng\u00e0y l\u1ec5 - Consulate General of The Commonwealth of Dominica in Ho Chi Minh City<\/title>\n<meta name=\"robots\" content=\"index, follow, max-snippet:-1, max-image-preview:large, max-video-preview:-1\" \/>\n<link rel=\"canonical\" href=\"https:\/\/dominicaconsulateinvietnam.org\/vi\/about-dominica\/public-and-national-holidays\/\" \/>\n<meta property=\"og:locale\" content=\"vi_VN\" \/>\n<meta property=\"og:type\" content=\"article\" \/>\n<meta property=\"og:title\" content=\"C\u00e1c ng\u00e0y l\u1ec5 - Consulate General of The Commonwealth of Dominica in Ho Chi Minh City\" \/>\n<meta property=\"og:url\" content=\"https:\/\/dominicaconsulateinvietnam.org\/vi\/about-dominica\/public-and-national-holidays\/\" \/>\n<meta property=\"og:site_name\" content=\"Consulate General of The Commonwealth of Dominica in Ho Chi Minh City\" \/>\n<meta property=\"article:modified_time\" content=\"2021-09-27T07:27:29+00:00\" \/>\n<meta name=\"twitter:card\" content=\"summary_large_image\" \/>\n<meta name=\"twitter:label1\" content=\"Est. reading time\" \/>\n\t<meta name=\"twitter:data1\" content=\"1 minute\" \/>\n<script type=\"application\/ld+json\" class=\"yoast-schema-graph\">{\"@context\":\"https:\/\/schema.org\",\"@graph\":[{\"@type\":\"WebPage\",\"@id\":\"https:\/\/dominicaconsulateinvietnam.org\/vi\/about-dominica\/public-and-national-holidays\/\",\"url\":\"https:\/\/dominicaconsulateinvietnam.org\/vi\/about-dominica\/public-and-national-holidays\/\",\"name\":\"C\u00e1c ng\u00e0y l\u1ec5 - Consulate General of The Commonwealth of Dominica in Ho Chi Minh City\",\"isPartOf\":{\"@id\":\"https:\/\/dominicaconsulateinvietnam.org\/#website\"},\"datePublished\":\"2021-09-15T04:31:38+00:00\",\"dateModified\":\"2021-09-27T07:27:29+00:00\",\"breadcrumb\":{\"@id\":\"https:\/\/dominicaconsulateinvietnam.org\/vi\/about-dominica\/public-and-national-holidays\/#breadcrumb\"},\"inLanguage\":\"vi-VN\",\"potentialAction\":[{\"@type\":\"ReadAction\",\"target\":[\"https:\/\/dominicaconsulateinvietnam.org\/vi\/about-dominica\/public-and-national-holidays\/\"]}]},{\"@type\":\"BreadcrumbList\",\"@id\":\"https:\/\/dominicaconsulateinvietnam.org\/vi\/about-dominica\/public-and-national-holidays\/#breadcrumb\",\"itemListElement\":[{\"@type\":\"ListItem\",\"position\":1,\"name\":\"Home\",\"item\":\"https:\/\/dominicaconsulateinvietnam.org\/vi\/\"},{\"@type\":\"ListItem\",\"position\":2,\"name\":\"v\u1ec1 Dominica\",\"item\":\"https:\/\/dominicaconsulateinvietnam.org\/vi\/about-dominica\/\"},{\"@type\":\"ListItem\",\"position\":3,\"name\":\"C\u00e1c ng\u00e0y l\u1ec5\"}]},{\"@type\":\"WebSite\",\"@id\":\"https:\/\/dominicaconsulateinvietnam.org\/#website\",\"url\":\"https:\/\/dominicaconsulateinvietnam.org\/\",\"name\":\"Consulate General of The Commonwealth of Dominica in Ho Chi Minh City\",\"description\":\"The Consulate is focused on maintaining, and strengthening these international relationships, and on increasing the profile of Dominica within the international community\",\"potentialAction\":[{\"@type\":\"SearchAction\",\"target\":{\"@type\":\"EntryPoint\",\"urlTemplate\":\"https:\/\/dominicaconsulateinvietnam.org\/?s={search_term_string}\"},\"query-input\":{\"@type\":\"PropertyValueSpecification\",\"valueRequired\":true,\"valueName\":\"search_term_string\"}}],\"inLanguage\":\"vi-VN\"}]}<\/script>\n<!-- \/ Yoast SEO plugin. -->","yoast_head_json":{"title":"C\u00e1c ng\u00e0y l\u1ec5 - Consulate General of The Commonwealth of Dominica in Ho Chi Minh City","robots":{"index":"index","follow":"follow","max-snippet":"max-snippet:-1","max-image-preview":"max-image-preview:large","max-video-preview":"max-video-preview:-1"},"canonical":"https:\/\/dominicaconsulateinvietnam.org\/vi\/about-dominica\/public-and-national-holidays\/","og_locale":"vi_VN","og_type":"article","og_title":"C\u00e1c ng\u00e0y l\u1ec5 - Consulate General of The Commonwealth of Dominica in Ho Chi Minh City","og_url":"https:\/\/dominicaconsulateinvietnam.org\/vi\/about-dominica\/public-and-national-holidays\/","og_site_name":"Consulate General of The Commonwealth of Dominica in Ho Chi Minh City","article_modified_time":"2021-09-27T07:27:29+00:00","twitter_card":"summary_large_image","twitter_misc":{"Est. reading time":"1 minute"},"schema":{"@context":"https:\/\/schema.org","@graph":[{"@type":"WebPage","@id":"https:\/\/dominicaconsulateinvietnam.org\/vi\/about-dominica\/public-and-national-holidays\/","url":"https:\/\/dominicaconsulateinvietnam.org\/vi\/about-dominica\/public-and-national-holidays\/","name":"C\u00e1c ng\u00e0y l\u1ec5 - Consulate General of The Commonwealth of Dominica in Ho Chi Minh City","isPartOf":{"@id":"https:\/\/dominicaconsulateinvietnam.org\/#website"},"datePublished":"2021-09-15T04:31:38+00:00","dateModified":"2021-09-27T07:27:29+00:00","breadcrumb":{"@id":"https:\/\/dominicaconsulateinvietnam.org\/vi\/about-dominica\/public-and-national-holidays\/#breadcrumb"},"inLanguage":"vi-VN","potentialAction":[{"@type":"ReadAction","target":["https:\/\/dominicaconsulateinvietnam.org\/vi\/about-dominica\/public-and-national-holidays\/"]}]},{"@type":"BreadcrumbList","@id":"https:\/\/dominicaconsulateinvietnam.org\/vi\/about-dominica\/public-and-national-holidays\/#breadcrumb","itemListElement":[{"@type":"ListItem","position":1,"name":"Home","item":"https:\/\/dominicaconsulateinvietnam.org\/vi\/"},{"@type":"ListItem","position":2,"name":"v\u1ec1 Dominica","item":"https:\/\/dominicaconsulateinvietnam.org\/vi\/about-dominica\/"},{"@type":"ListItem","position":3,"name":"C\u00e1c ng\u00e0y l\u1ec5"}]},{"@type":"WebSite","@id":"https:\/\/dominicaconsulateinvietnam.org\/#website","url":"https:\/\/dominicaconsulateinvietnam.org\/","name":"Consulate General of The Commonwealth of Dominica in Ho Chi Minh City","description":"The Consulate is focused on maintaining, and strengthening these international relationships, and on increasing the profile of Dominica within the international community","potentialAction":[{"@type":"SearchAction","target":{"@type":"EntryPoint","urlTemplate":"https:\/\/dominicaconsulateinvietnam.org\/?s={search_term_string}"},"query-input":{"@type":"PropertyValueSpecification","valueRequired":true,"valueName":"search_term_string"}}],"inLanguage":"vi-VN"}]}},"_links":{"self":[{"href":"https:\/\/dominicaconsulateinvietnam.org\/vi\/wp-json\/wp\/v2\/pages\/8240","targetHints":{"allow":["GET"]}}],"collection":[{"href":"https:\/\/dominicaconsulateinvietnam.org\/vi\/wp-json\/wp\/v2\/pages"}],"about":[{"href":"https:\/\/dominicaconsulateinvietnam.org\/vi\/wp-json\/wp\/v2\/types\/page"}],"author":[{"embeddable":true,"href":"https:\/\/dominicaconsulateinvietnam.org\/vi\/wp-json\/wp\/v2\/users\/1"}],"replies":[{"embeddable":true,"href":"https:\/\/dominicaconsulateinvietnam.org\/vi\/wp-json\/wp\/v2\/comments?post=8240"}],"version-history":[{"count":7,"href":"https:\/\/dominicaconsulateinvietnam.org\/vi\/wp-json\/wp\/v2\/pages\/8240\/revisions"}],"predecessor-version":[{"id":8610,"href":"https:\/\/dominicaconsulateinvietnam.org\/vi\/wp-json\/wp\/v2\/pages\/8240\/revisions\/8610"}],"up":[{"embeddable":true,"href":"https:\/\/dominicaconsulateinvietnam.org\/vi\/wp-json\/wp\/v2\/pages\/8236"}],"wp:attachment":[{"href":"https:\/\/dominicaconsulateinvietnam.org\/vi\/wp-json\/wp\/v2\/media?parent=8240"}],"curies":[{"name":"wp","href":"https:\/\/api.w.org\/{rel}","templated":true}]}}