{"id":8237,"date":"2021-09-15T04:29:59","date_gmt":"2021-09-15T04:29:59","guid":{"rendered":"https:\/\/dominicaconsulateinvietnam.org\/ve-dominica\/filming-in-dominica\/"},"modified":"2021-09-27T17:36:15","modified_gmt":"2021-09-27T17:36:15","slug":"filming-in-dominica","status":"publish","type":"page","link":"https:\/\/dominicaconsulateinvietnam.org\/vi\/about-dominica\/filming-in-dominica\/","title":{"rendered":"Quay phim \u1edf Dominica"},"content":{"rendered":"<section class=\"l-section wpb_row height_auto\"><div class=\"l-section-h i-cf\"><div class=\"g-cols vc_row via_flex valign_top type_default stacking_default\"><div class=\"vc_col-sm-12 wpb_column vc_column_container\"><div class=\"vc_column-inner\"><div class=\"wpb_wrapper\"><div class=\"wpb_text_column\"><div class=\"wpb_wrapper\"><p>\u1ee6Y BAN \u0110I\u1ec6N \u1ea2NH DOMINICA L\u00c0 N\u01a0I C\u00d3 TH\u1ec2 TH\u1eceA M\u00c3N T\u1ea4T C\u1ea2 C\u00c1C NHU C\u1ea6U C\u1ee6A NH\u00c0 S\u1ea2N XU\u1ea4T PHIM. M\u1ee4C \u0110\u00cdCH C\u1ee6A CH\u00daNG T\u00d4I L\u00c0 T\u1ed0I \u01afU CHI PH\u00cd S\u1ea2N XU\u1ea4T PHIM M\u1ed8T C\u00c1CH HI\u1ec6U QU\u1ea2, T\u1ea0O S\u1ef0 TRUY C\u1eacP D\u1ec4 D\u00c0NG \u0110\u1ebeN T\u1ea4T C\u1ea2 C\u00c1C V\u1eca TR\u00cd \u0110\u1eb8P V\u00c0 \u0110\u1ed8C \u0110\u00c1O C\u00d3 TR\u00caN H\u00d2N \u0110\u1ea2O THI\u00caN NHI\u00caN.<\/p>\n<h3>T\u1ea1i sao l\u1ea1i quay phim \u1edf Dominica?<\/h3>\n<p>H\u00f2n \u0111\u1ea3o c\u00f3 d\u00e2n c\u01b0 th\u01b0a th\u1edbt v\u1edbi 70.000 ng\u01b0\u1eddi v\u1edbi di\u1ec7n t\u00edch 289,5 d\u1eb7m vu\u00f4ng. Dominica l\u00e0 m\u1ed9t qu\u1ed1c gia c\u00f3 thi\u00ean nhi\u00ean hoang s\u01a1. R\u1eebng nhi\u1ec7t \u0111\u1edbi bao ph\u1ee7 2\/3 h\u00f2n \u0111\u1ea3o, n\u01a1i nu\u00f4i d\u01b0\u1ee1ng 1.200 lo\u00e0i th\u1ef1c v\u1eadt. S\u00f4ng, h\u1ed3, su\u1ed1i v\u00e0 th\u00e1c n\u01b0\u1edbc c\u00f3 kh\u1eafp m\u1ecdi n\u01a1i, \u0111\u01b0\u1ee3c nu\u00f4i d\u01b0\u1ee1ng b\u1edfi l\u01b0\u1ee3ng m\u01b0a h\u00e0ng n\u0103m cao c\u1ee7a h\u00f2n \u0111\u1ea3o. H\u00ecnh d\u00e1ng n\u00fai l\u1eeda c\u1ee7a h\u00f2n \u0111\u1ea3o ch\u1ec9 ra ho\u1ea1t \u0111\u1ed9ng \u0111\u1ecba nhi\u1ec7t s\u00f4i \u0111\u1ed9ng tr\u00ean v\u00e0 d\u01b0\u1edbi m\u1ef1c n\u01b0\u1edbc bi\u1ec3n.<br \/>\nC\u00f2n gi\u1eef nguy\u00ean v\u1ebb \u0111\u1eb9p hoang s\u01a1, Dominica l\u00e0 thi\u00ean \u0111\u01b0\u1eddng c\u1ee7a c\u00e1c nh\u00e0 l\u00e0m phim. H\u00f2n \u0111\u1ea3o cung c\u1ea5p m\u1ed9t lo\u1ea1t c\u00e1c \u0111\u1ecba \u0111i\u1ec3m k\u1ef3 l\u1ea1 v\u00e0 \u0111\u1eb9p nh\u01b0 tranh v\u1ebd. H\u00f2n \u0111\u1ea3o c\u00f3 c\u00e1c khu r\u1eebng r\u1eadm v\u00e0 \u0111\u1ea7m l\u1ea7y, \u0111\u1ed3ng c\u1ecf, r\u1eebng ng\u1eadp m\u1eb7n, b\u00e3i s\u1eady v\u00e0 b\u00e3i b\u1ed3i, r\u1eebng m\u01b0a nguy\u00ean sinh t\u01b0\u01a1i t\u1ed1t, h\u01a1n 300 con s\u00f4ng x\u1ebfp t\u1ea7ng, nhi\u1ec1u th\u00e1c n\u01b0\u1edbc v\u00e0 h\u1ed3 n\u01b0\u1edbc ng\u1ecdt, m\u1ed9t trong nh\u1eefng h\u1ed3 n\u01b0\u1edbc s\u00f4i duy nh\u1ea5t c\u00f2n t\u1ed3n t\u1ea1i tr\u00ean th\u1ebf gi\u1edbi hi\u1ec7n nay, nh\u1eefng b\u00e3i bi\u1ec3n c\u00e1t v\u00e0ng v\u00e0 \u0111en tuy\u1ec7t \u0111\u1eb9p, nh\u1eefng \u0111\u01b0\u1eddng b\u1edd bi\u1ec3n \u1ea5n t\u01b0\u1ee3ng, nh\u1eefng ng\u1ecdn n\u00fai cao ch\u00f3t v\u00f3t, ki\u1ebfn tr\u00fac Creole \u0111\u1ed9c \u0111\u00e1o v\u00e0 m\u1ed9t s\u1ed1 kh\u00eda c\u1ea1nh kh\u00e1c th\u1ef1c s\u1ef1 t\u1ea1o n\u00ean \u0111i\u1ec1u k\u1ef3 di\u1ec7u trong phim!<\/p>\n<h3>DOMINICA \u1ede \u0110\u00c2U?<\/h3>\n<p>Dominica n\u1eb1m \u1edf v\u1eebng bi\u1ec3n Carribbean, \u1edf gi\u1eefa nh\u1eefng chu\u1ed7i \u0111\u1ea3o,  n\u1eb1m gi\u1eefa c\u00e1c \u0111\u1ea3o Martinique v\u00e0 Guadeloupe. Ti\u1ebfp c\u1eadn thu\u1eadn ti\u1ec7n t\u1eeb \u0111\u1ea5t li\u1ec1n Hoa K\u1ef3 qua San Juan ho\u1eb7c St. Maarten v\u00e0 t\u1eeb ch\u00e2u \u00c2u qua Barbados, Antigua, Martinique v\u00e0 Guadeloupe.<\/p>\n<h4>C\u00c1C D\u1ecaCH V\u1ee4 \u0110\u01af\u1ee2C CUNG C\u1ea4P<\/h4>\n<p>\u1ee6y ban \u0110i\u1ec7n \u1ea3nh Dominica c\u00f3 th\u1ec3 cung c\u1ea5p c\u00e1c d\u1ecbch v\u1ee5 sau: h\u1ed7 tr\u1ee3 t\u00ecm v\u1ecb tr\u00ed quay phim; x\u00e1c \u0111\u1ecbnh v\u00e0 b\u1ea3o m\u1eadt c\u00e1c v\u1ecb tr\u00ed; h\u1ed7 tr\u1ee3 xin gi\u1ea5y ph\u00e9p quay phim, mi\u1ec5n gi\u1ea5y ph\u00e9p lao \u0111\u1ed9ng, mi\u1ec5n th\u1ecb th\u1ef1c, gi\u1ea5y ph\u00e9p nh\u1eadp kh\u1ea9u \u0111\u1eb7c bi\u1ec7t cho c\u00e1c m\u1eb7t h\u00e0ng nh\u01b0 s\u00fang c\u1ea7m tay (th\u1eadt ho\u1eb7c gi\u1ea3), ch\u1ea5t n\u1ed5, \u0111\u1ed9ng v\u1eadt, b\u00ecnh x\u1ecbt, xe c\u00f3 \u0111\u1ed9ng c\u01a1, th\u1ef1c ph\u1ea9m t\u01b0\u01a1i s\u1ed1ng v\u00e0 th\u1ecbt, mi\u1ec5n thu\u1ebf \u0111\u1ed1i v\u1edbi ngu\u1ed3n v\u1ed1n v\u00e0 c\u00e1c lo\u1ea1i kh\u00e1c h\u00e0ng d\u00f9ng \u0111\u1ec3 quay phim; h\u1ed7 tr\u1ee3 t\u00ecm ngu\u1ed3n cung \u1ee9ng h\u00e0ng h\u00f3a, d\u1ecbch v\u1ee5, t\u00e0i n\u0103ng v\u00e0 th\u1ee7y th\u1ee7 \u0111o\u00e0n t\u1ea1i \u0111\u1ecba ph\u01b0\u01a1ng; v\u00e0 li\u00ean l\u1ea1c gi\u1eefa c\u00f4ng ty s\u1ea3n xu\u1ea5t v\u1edbi c\u00e1c c\u01a1 quan v\u00e0 ban ng\u00e0nh c\u1ee7a Ch\u00ednh ph\u1ee7.<\/p>\n<h4>H\u1ed6 TR\u1ee2 S\u1ea2N XU\u1ea4T<\/h4>\n<p>L\u00e0 k\u1ebft qu\u1ea3 c\u1ee7a ho\u1ea1t \u0111\u1ed9ng quay phim g\u1ea7n \u0111\u00e2y trong ba n\u0103m qua, Dominica \u0111\u00e3 ph\u00e1t tri\u1ec3n m\u1ed9t \u0111\u1ed9i ng\u0169 nh\u1eefng ng\u01b0\u1eddi \u0111\u1ecba ph\u01b0\u01a1ng ch\u0103m ch\u1ec9, th\u00e1o v\u00e1t, c\u00f3 k\u1ef9 n\u0103ng v\u00e0 t\u00e0i n\u0103ng ngh\u1ec7 thu\u1eadt v\u1edbi m\u1ee9c l\u01b0\u01a1ng c\u1ea1nh tranh.<\/p>\n<h4>QUY TR\u00ccNH\/TH\u1ee6 T\u1ee4C<\/h4>\n<p>T\u1ea5t c\u1ea3 c\u00e1c c\u00e2u h\u1ecfi v\u1ec1 quay phim \u1edf Dominica ph\u1ea3i \u0111\u01b0\u1ee3c g\u1eedi t\u1edbi \u1ee6y ban \u0110i\u1ec7n \u1ea3nh t\u1ea1i filmdominica@dominica.dm<br \/>\nC\u00e1c quy tr\u00ecnh\/th\u1ee7 t\u1ee5c s\u1ebd \u0111\u01b0\u1ee3c h\u01b0\u1edbng d\u1eabn b\u1edfi \u1ee6y ban \u0110i\u1ec7n \u1ea3nh.<br \/>\nSau khi \u0111\u00e3  quy\u1ebft \u0111\u1ecbnh quay phim \u1edf Dominica, \u0110\u01a1n xin ph\u00e9p l\u00e0m phim \u0111\u00e3 \u0111i\u1ec1n \u0111\u1ea7y \u0111\u1ee7 th\u00f4ng tin ph\u1ea3i \u0111\u01b0\u1ee3c g\u1eedi \u0111\u1ebfn \u1ee6y vi\u00ean \u0110i\u1ec7n \u1ea3nh c\u00f9ng v\u1edbi b\u1ee9c th\u01b0 b\u00e0y t\u1ecf \u00fd \u0111\u1ecbnh quay phim, \u0111\u1ec1 c\u01b0\u01a1ng d\u1ef1 \u00e1n, kho\u1ea3ng th\u1eddi gian d\u1ef1 ki\u1ebfn s\u1ea3n xu\u1ea5t v\u00e0 y\u00eau c\u1ea7u cho ph\u00e9p quay phim. Khi \u0111\u00e3 \u0111\u01b0\u1ee3c c\u1ea5p ph\u00e9p, t\u1ea5t c\u1ea3 c\u00e1c gi\u1ea5y ph\u00e9p v\u00e0 c\u00e1c y\u00eau c\u1ea7u \u0111\u1eb7c bi\u1ec7t ph\u1ea3i \u0111\u01b0\u1ee3c th\u00f4ng qua \u1ee6y ban \u0110i\u1ec7n \u1ea3nh.<br \/>\nM\u1eabu \u0111\u01a1n xin gi\u1ea5y ph\u00e9p l\u00e0m phim<\/p>\n<h4>V\u1ea4N \u0110\u1ec0 AN NINH<\/h4>\n<p>Kh\u00f4ng c\u00f3 v\u1ea5n \u0111\u1ec1 an ninh n\u00e0o qu\u00e1 l\u1edbn ph\u1ea3i xem x\u00e9t khi quy\u1ebft \u0111\u1ecbnh quay phim \u1edf Dominica. Kh\u00f4ng c\u00f3 \u0111\u1ed9ng v\u1eadt \u0111\u1ed9c h\u1ea1i ho\u1eb7c nguy hi\u1ec3m tr\u00ean \u0111\u1ea3o. Dominica t\u1ef1 h\u00e0o l\u00e0 m\u1ed9t trong nh\u1eefng n\u01a1i c\u00f3 t\u1ef7 l\u1ec7 t\u1ed9i ph\u1ea1m th\u1ea5p nh\u1ea5t trong khu v\u1ef1c v\u00e0 kh\u00f4ng c\u00f3 m\u1ed1i \u0111e d\u1ecda kh\u1ee7ng b\u1ed1 tr\u00ean \u0111\u1ea3o.<\/p>\n<h4>C\u00c1C Y\u00caU C\u1ea6U<\/h4>\n<p>\u1ee6y ban \u0110i\u1ec7n \u1ea3nh Dominica h\u1ed7 tr\u1ee3 trong vi\u1ec7c xin mi\u1ec5n gi\u1ea5y ph\u00e9p lao \u0111\u1ed9ng. T\u1ea5t c\u1ea3 nh\u1eefng ng\u01b0\u1eddi kh\u00f4ng mang qu\u1ed1c t\u1ecbch \u0111\u1ec1u ph\u1ea3i c\u00f3 Gi\u1ea5y ph\u00e9p lao \u0111\u1ed9ng. \u0110\u01a1n xin mi\u1ec5n tr\u1eeb ph\u1ea3i \u0111\u01b0\u1ee3c n\u1ed9p \u00edt nh\u1ea5t m\u01b0\u1eddi l\u0103m [15] ng\u00e0y tr\u01b0\u1edbc khi \u0111\u1ebfn. \u0110\u1ec3 \u0111\u01b0\u1ee3c mi\u1ec5n Gi\u1ea5y ph\u00e9p Lao \u0111\u1ed9ng, danh s\u00e1ch nh\u00e2n s\u1ef1 bao g\u1ed3m t\u00ean, ch\u1ee9c v\u1ee5, qu\u1ed1c t\u1ecbch, qu\u1ed1c gia c\u01b0 tr\u00fa, ng\u00e0y sinh, s\u1ed1 h\u1ed9 chi\u1ebfu, qu\u1ed1c gia c\u1ea5p v\u00e0 ng\u00e0y h\u1ebft h\u1ea1n, c\u0169ng nh\u01b0 ng\u00e0y \u0111\u1ebfn v\u00e0 \u0111i d\u1ef1 ki\u1ebfn ph\u1ea3i \u0111\u01b0\u1ee3c n\u1ed9p cho \u1ee6y ban \u0110i\u1ec7n \u1ea3nh c\u00f9ng v\u1edbi hai t\u1ea5m \u1ea3nh c\u1ee1 h\u1ed9 chi\u1ebfu.<br \/>\n\u1ee6y ban \u0110i\u1ec7n \u1ea3nh cung c\u1ea5p h\u1ed7 tr\u1ee3 trong vi\u1ec7c mi\u1ec5n thu\u1ebf nh\u1eadp kh\u1ea9u v\u00e0 thu\u1ebf \u0111\u1ed1i v\u1edbi thi\u1ebft b\u1ecb v\u00e0 v\u1eadt t\u01b0 \u0111\u01b0\u1ee3c s\u1eed d\u1ee5ng trong s\u1ea3n xu\u1ea5t. Danh s\u00e1ch thi\u1ebft b\u1ecb ph\u1ea3i bao g\u1ed3m m\u00f4 t\u1ea3 c\u1ee7a t\u1ea5t c\u1ea3 c\u00e1c thi\u1ebft b\u1ecb v\u1edbi t\u00ean, s\u1ed1 s\u00ea-ri, qu\u1ed1c gia xu\u1ea5t x\u1ee9 v\u00e0 m\u1ee9c gi\u00e1. Danh s\u00e1ch n\u00e0y ph\u1ea3i \u0111\u01b0\u1ee3c g\u1eedi \u00edt nh\u1ea5t b\u1ea3y [7] ng\u00e0y l\u00e0m vi\u1ec7c tr\u01b0\u1edbc khi \u0111\u1ebfn. T\u1ea5t c\u1ea3 c\u00e1c thi\u1ebft b\u1ecb ph\u1ea3i \u0111\u01b0\u1ee3c ki\u1ec3m tra khi xu\u1ea5t\/nh\u1eadp c\u1ea3nh v\u1edbi H\u1ea3i quan khi \u0111\u1ebfn v\u00e0 tr\u01b0\u1edbc khi kh\u1edfi h\u00e0nh.<\/p>\n<p>T\u1ea5t c\u1ea3 c\u00e1c c\u00f4ng ty \u0111i\u1ec7n \u1ea3nh \u0111\u1ebfn ph\u1ea3i cung c\u1ea5p m\u1ed9t b\u1ea3n sao b\u1ea3o hi\u1ec3m tr\u00e1ch nhi\u1ec7m (liability insurance) cho \u1ee6y ban \u0110i\u1ec7n \u1ea3nh trong su\u1ed1t th\u1eddi gian \u0111o\u00e0n phim s\u1ea3n xu\u1ea5t \u1edf Dominica.<\/p>\n<p>B\u00e1o c\u00e1o \u0111\u00e1nh gi\u00e1 t\u00e1c \u0111\u1ed9ng (Impact Assessment Form) n\u00eau r\u00f5 c\u00e1c kho\u1ea3n chi ti\u00eau cho c\u00e1c l\u0129nh v\u1ef1c d\u1ecbch v\u1ee5, th\u00f4ng tin tuy\u1ec3n d\u1ee5ng v\u00e0 c\u00e1c chi ti\u1ebft c\u1ee5 th\u1ec3 kh\u00e1c ph\u1ea3i \u0111\u01b0\u1ee3c ho\u00e0n th\u00e0nh v\u00e0 g\u1eedi l\u1ea1i cho \u1ee6y ban \u0110i\u1ec7n \u1ea3nh Dominica trong v\u00f2ng 7 ng\u00e0y k\u1ec3 t\u1eeb ng\u00e0y r\u1eddi kh\u1ecfi Dominica.<\/p>\n<p>M\u1ed9t b\u1ea3n sao c\u1ee7a t\u00e1c ph\u1ea9m \u0111\u00e3 ho\u00e0n th\u00e0nh ph\u1ea3i \u0111\u01b0\u1ee3c chuy\u1ec3n \u0111\u1ebfn \u1ee6y ban \u0110i\u1ec7n \u1ea3nh Dominica khi ph\u00e1t h\u00e0nh.<\/p>\n<h4>C\u00c1C CH\u01af\u01a0NG TR\u00ccNH PHIM V\u00c0 TRUY\u1ec0N H\u00ccNH QUAY \u1ede DOMINICA<\/h4>\n<ul>\n<li>Columbus \u2013 A Rank Studio\u2019s\/ Gainsborough film (1948)<\/li>\n<li>The Seventh Sign by tri-star Picture (1987)<\/li>\n<li>The Orchid House by BBC Channel 4 (1991)<\/li>\n<li>Wide Sargasso Sea By UWI<\/li>\n<li>Once upon a Sunday<\/li>\n<li>The Prenupt Challenge \u2013 Stonehenge Media (2005)<\/li>\n<li>Pirates of the Caribbean \u2013 Dead Man\u2019s Chest (2005)<\/li>\n<li>Pirates of the Caribbean \u2013 At World\u2019s End (2007)<\/li>\n<li>Pirate Master \u2013 Mark Burnett Productions (2007)<\/li>\n<\/ul>\n<\/div><\/div><\/div><\/div><\/div><\/div><\/div><\/section>\n","protected":false},"excerpt":{"rendered":"\u1ee6Y BAN \u0110I\u1ec6N \u1ea2NH DOMINICA L\u00c0 N\u01a0I C\u00d3 TH\u1ec2 TH\u1eceA M\u00c3N T\u1ea4T C\u1ea2 C\u00c1C NHU C\u1ea6U C\u1ee6A NH\u00c0 S\u1ea2N XU\u1ea4T PHIM. M\u1ee4C \u0110\u00cdCH C\u1ee6A CH\u00daNG T\u00d4I L\u00c0 T\u1ed0I \u01afU CHI PH\u00cd S\u1ea2N XU\u1ea4T PHIM M\u1ed8T C\u00c1CH HI\u1ec6U QU\u1ea2, T\u1ea0O S\u1ef0 TRUY C\u1eacP D\u1ec4 D\u00c0NG \u0110\u1ebeN T\u1ea4T C\u1ea2 C\u00c1C V\u1eca TR\u00cd \u0110\u1eb8P V\u00c0 \u0110\u1ed8C \u0110\u00c1O C\u00d3...","protected":false},"author":1,"featured_media":0,"parent":8236,"menu_order":0,"comment_status":"closed","ping_status":"closed","template":"","meta":{"_acf_changed":false,"footnotes":""},"class_list":["post-8237","page","type-page","status-publish","hentry"],"acf":[],"yoast_head":"<!-- This site is optimized with the Yoast SEO plugin v27.5 - https:\/\/yoast.com\/product\/yoast-seo-wordpress\/ -->\n<title>Quay phim \u1edf Dominica - Consulate General of The Commonwealth of Dominica in Ho Chi Minh City<\/title>\n<meta name=\"robots\" content=\"index, follow, max-snippet:-1, max-image-preview:large, max-video-preview:-1\" \/>\n<link rel=\"canonical\" href=\"https:\/\/dominicaconsulateinvietnam.org\/vi\/about-dominica\/filming-in-dominica\/\" \/>\n<meta property=\"og:locale\" content=\"vi_VN\" \/>\n<meta property=\"og:type\" content=\"article\" \/>\n<meta property=\"og:title\" content=\"Quay phim \u1edf Dominica - Consulate General of The Commonwealth of Dominica in Ho Chi Minh City\" \/>\n<meta property=\"og:url\" content=\"https:\/\/dominicaconsulateinvietnam.org\/vi\/about-dominica\/filming-in-dominica\/\" \/>\n<meta property=\"og:site_name\" content=\"Consulate General of The Commonwealth of Dominica in Ho Chi Minh City\" \/>\n<meta property=\"article:modified_time\" content=\"2021-09-27T17:36:15+00:00\" \/>\n<meta name=\"twitter:card\" content=\"summary_large_image\" \/>\n<meta name=\"twitter:label1\" content=\"Est. reading time\" \/>\n\t<meta name=\"twitter:data1\" content=\"8 minutes\" \/>\n<script type=\"application\/ld+json\" class=\"yoast-schema-graph\">{\"@context\":\"https:\\\/\\\/schema.org\",\"@graph\":[{\"@type\":\"WebPage\",\"@id\":\"https:\\\/\\\/dominicaconsulateinvietnam.org\\\/vi\\\/about-dominica\\\/filming-in-dominica\\\/\",\"url\":\"https:\\\/\\\/dominicaconsulateinvietnam.org\\\/vi\\\/about-dominica\\\/filming-in-dominica\\\/\",\"name\":\"Quay phim \u1edf Dominica - Consulate General of The Commonwealth of Dominica in Ho Chi Minh City\",\"isPartOf\":{\"@id\":\"https:\\\/\\\/dominicaconsulateinvietnam.org\\\/#website\"},\"datePublished\":\"2021-09-15T04:29:59+00:00\",\"dateModified\":\"2021-09-27T17:36:15+00:00\",\"breadcrumb\":{\"@id\":\"https:\\\/\\\/dominicaconsulateinvietnam.org\\\/vi\\\/about-dominica\\\/filming-in-dominica\\\/#breadcrumb\"},\"inLanguage\":\"vi-VN\",\"potentialAction\":[{\"@type\":\"ReadAction\",\"target\":[\"https:\\\/\\\/dominicaconsulateinvietnam.org\\\/vi\\\/about-dominica\\\/filming-in-dominica\\\/\"]}]},{\"@type\":\"BreadcrumbList\",\"@id\":\"https:\\\/\\\/dominicaconsulateinvietnam.org\\\/vi\\\/about-dominica\\\/filming-in-dominica\\\/#breadcrumb\",\"itemListElement\":[{\"@type\":\"ListItem\",\"position\":1,\"name\":\"Home\",\"item\":\"https:\\\/\\\/dominicaconsulateinvietnam.org\\\/vi\\\/\"},{\"@type\":\"ListItem\",\"position\":2,\"name\":\"v\u1ec1 Dominica\",\"item\":\"https:\\\/\\\/dominicaconsulateinvietnam.org\\\/vi\\\/about-dominica\\\/\"},{\"@type\":\"ListItem\",\"position\":3,\"name\":\"Quay phim \u1edf Dominica\"}]},{\"@type\":\"WebSite\",\"@id\":\"https:\\\/\\\/dominicaconsulateinvietnam.org\\\/#website\",\"url\":\"https:\\\/\\\/dominicaconsulateinvietnam.org\\\/\",\"name\":\"Consulate General of The Commonwealth of Dominica in Ho Chi Minh City\",\"description\":\"The Consulate is focused on maintaining, and strengthening these international relationships, and on increasing the profile of Dominica within the international community\",\"potentialAction\":[{\"@type\":\"SearchAction\",\"target\":{\"@type\":\"EntryPoint\",\"urlTemplate\":\"https:\\\/\\\/dominicaconsulateinvietnam.org\\\/?s={search_term_string}\"},\"query-input\":{\"@type\":\"PropertyValueSpecification\",\"valueRequired\":true,\"valueName\":\"search_term_string\"}}],\"inLanguage\":\"vi-VN\"}]}<\/script>\n<!-- \/ Yoast SEO plugin. -->","yoast_head_json":{"title":"Quay phim \u1edf Dominica - Consulate General of The Commonwealth of Dominica in Ho Chi Minh City","robots":{"index":"index","follow":"follow","max-snippet":"max-snippet:-1","max-image-preview":"max-image-preview:large","max-video-preview":"max-video-preview:-1"},"canonical":"https:\/\/dominicaconsulateinvietnam.org\/vi\/about-dominica\/filming-in-dominica\/","og_locale":"vi_VN","og_type":"article","og_title":"Quay phim \u1edf Dominica - Consulate General of The Commonwealth of Dominica in Ho Chi Minh City","og_url":"https:\/\/dominicaconsulateinvietnam.org\/vi\/about-dominica\/filming-in-dominica\/","og_site_name":"Consulate General of The Commonwealth of Dominica in Ho Chi Minh City","article_modified_time":"2021-09-27T17:36:15+00:00","twitter_card":"summary_large_image","twitter_misc":{"Est. reading time":"8 minutes"},"schema":{"@context":"https:\/\/schema.org","@graph":[{"@type":"WebPage","@id":"https:\/\/dominicaconsulateinvietnam.org\/vi\/about-dominica\/filming-in-dominica\/","url":"https:\/\/dominicaconsulateinvietnam.org\/vi\/about-dominica\/filming-in-dominica\/","name":"Quay phim \u1edf Dominica - Consulate General of The Commonwealth of Dominica in Ho Chi Minh City","isPartOf":{"@id":"https:\/\/dominicaconsulateinvietnam.org\/#website"},"datePublished":"2021-09-15T04:29:59+00:00","dateModified":"2021-09-27T17:36:15+00:00","breadcrumb":{"@id":"https:\/\/dominicaconsulateinvietnam.org\/vi\/about-dominica\/filming-in-dominica\/#breadcrumb"},"inLanguage":"vi-VN","potentialAction":[{"@type":"ReadAction","target":["https:\/\/dominicaconsulateinvietnam.org\/vi\/about-dominica\/filming-in-dominica\/"]}]},{"@type":"BreadcrumbList","@id":"https:\/\/dominicaconsulateinvietnam.org\/vi\/about-dominica\/filming-in-dominica\/#breadcrumb","itemListElement":[{"@type":"ListItem","position":1,"name":"Home","item":"https:\/\/dominicaconsulateinvietnam.org\/vi\/"},{"@type":"ListItem","position":2,"name":"v\u1ec1 Dominica","item":"https:\/\/dominicaconsulateinvietnam.org\/vi\/about-dominica\/"},{"@type":"ListItem","position":3,"name":"Quay phim \u1edf Dominica"}]},{"@type":"WebSite","@id":"https:\/\/dominicaconsulateinvietnam.org\/#website","url":"https:\/\/dominicaconsulateinvietnam.org\/","name":"Consulate General of The Commonwealth of Dominica in Ho Chi Minh City","description":"The Consulate is focused on maintaining, and strengthening these international relationships, and on increasing the profile of Dominica within the international community","potentialAction":[{"@type":"SearchAction","target":{"@type":"EntryPoint","urlTemplate":"https:\/\/dominicaconsulateinvietnam.org\/?s={search_term_string}"},"query-input":{"@type":"PropertyValueSpecification","valueRequired":true,"valueName":"search_term_string"}}],"inLanguage":"vi-VN"}]}},"_links":{"self":[{"href":"https:\/\/dominicaconsulateinvietnam.org\/vi\/wp-json\/wp\/v2\/pages\/8237","targetHints":{"allow":["GET"]}}],"collection":[{"href":"https:\/\/dominicaconsulateinvietnam.org\/vi\/wp-json\/wp\/v2\/pages"}],"about":[{"href":"https:\/\/dominicaconsulateinvietnam.org\/vi\/wp-json\/wp\/v2\/types\/page"}],"author":[{"embeddable":true,"href":"https:\/\/dominicaconsulateinvietnam.org\/vi\/wp-json\/wp\/v2\/users\/1"}],"replies":[{"embeddable":true,"href":"https:\/\/dominicaconsulateinvietnam.org\/vi\/wp-json\/wp\/v2\/comments?post=8237"}],"version-history":[{"count":7,"href":"https:\/\/dominicaconsulateinvietnam.org\/vi\/wp-json\/wp\/v2\/pages\/8237\/revisions"}],"predecessor-version":[{"id":8684,"href":"https:\/\/dominicaconsulateinvietnam.org\/vi\/wp-json\/wp\/v2\/pages\/8237\/revisions\/8684"}],"up":[{"embeddable":true,"href":"https:\/\/dominicaconsulateinvietnam.org\/vi\/wp-json\/wp\/v2\/pages\/8236"}],"wp:attachment":[{"href":"https:\/\/dominicaconsulateinvietnam.org\/vi\/wp-json\/wp\/v2\/media?parent=8237"}],"curies":[{"name":"wp","href":"https:\/\/api.w.org\/{rel}","templated":true}]}}