{"id":8233,"date":"2021-09-15T03:31:55","date_gmt":"2021-09-15T03:31:55","guid":{"rendered":"https:\/\/dominicaconsulateinvietnam.org\/chinh-quyen\/"},"modified":"2021-09-28T07:52:54","modified_gmt":"2021-09-28T07:52:54","slug":"chinh-quyen","status":"publish","type":"page","link":"https:\/\/dominicaconsulateinvietnam.org\/vi\/about-dominica\/chinh-quyen\/","title":{"rendered":"Ch\u00ednh quy\u1ec1n"},"content":{"rendered":"<section class=\"l-section wpb_row height_auto\"><div class=\"l-section-h i-cf\"><div class=\"g-cols vc_row via_flex valign_top type_default stacking_default\"><div class=\"vc_col-sm-12 wpb_column vc_column_container\"><div class=\"vc_column-inner\"><div class=\"wpb_wrapper\"><div class=\"wpb_text_column\"><div class=\"wpb_wrapper\"><p>Dominica, m\u1ed9t n\u01b0\u1edbc c\u1ed9ng h\u00f2a trong Kh\u1ed1i th\u1ecbnh v\u01b0\u1ee3ng chung Anh, gi\u00e0nh \u0111\u01b0\u1ee3c \u0111\u1ed9c l\u1eadp v\u00e0o ng\u00e0y 3 th\u00e1ng 11 n\u0103m 1978. Dominica k\u1ec3 t\u1eeb \u0111\u00f3 \u0111\u00e3 ph\u00e1t tri\u1ec3n m\u1ea1nh m\u1ebd nh\u01b0 m\u1ed9t n\u1ec1n d\u00e2n ch\u1ee7 theo khu\u00f4n m\u1eabu c\u1ee7a h\u1ec7 th\u1ed1ng ngh\u1ecb vi\u1ec7n Anh<\/p>\n<p>Roosevelt Skerrit<br \/>\nTh\u1ee7 t\u01b0\u1edbng Dominica: Ng\u00e0i Roosevelt Skerrit <\/p>\n<p>C\u00e1c cu\u1ed9c b\u1ea7u c\u1eed d\u00e2n ch\u1ee7 \u0111\u01b0\u1ee3c t\u1ed5 ch\u1ee9c 5 n\u0103m m\u1ed9t l\u1ea7n \u0111\u1ec3 x\u00e1c \u0111\u1ecbnh s\u1ef1 l\u1ef1a ch\u1ecdn c\u1ee7a ng\u01b0\u1eddi d\u00e2n \u0111\u1ed1i v\u1edbi ch\u00ednh ph\u1ee7. Dominica ho\u1ea1t \u0111\u1ed9ng v\u1edbi m\u1ed9t T\u1ed5ng th\u1ed1ng l\u00e0 Nguy\u00ean th\u1ee7 Qu\u1ed1c gia, do H\u1ea1 vi\u1ec7n b\u1ea7u ra v\u1edbi nhi\u1ec7m k\u1ef3 5 n\u0103m. T\u1ed5ng th\u1ed1ng b\u1ed5 nhi\u1ec7m Th\u1ee7 t\u01b0\u1edbng, th\u00e0nh vi\u00ean \u0111\u01b0\u1ee3c b\u1ea7u c\u1ee7a H\u1ea1 vi\u1ec7n, ng\u01b0\u1eddi ch\u1ec9 huy s\u1ef1 \u1ee7ng h\u1ed9 c\u1ee7a \u0111a s\u1ed1 th\u00e0nh vi\u00ean \u0111\u01b0\u1ee3c b\u1ea7u. (The President appoints the Prime Minister, the elected member of the House of Assembly who commands the support of the majority of its elected members.)<\/p>\n<p>T\u1ed5ng th\u1ed1ng c\u0169ng b\u1ed5 nhi\u1ec7m c\u00e1c b\u1ed9 tr\u01b0\u1edfng kh\u00e1c c\u1ee7a ch\u00ednh ph\u1ee7 theo l\u1eddi khuy\u00ean c\u1ee7a Th\u1ee7 t\u01b0\u1edbng. M\u1eb7c d\u00f9 quy\u1ec1n h\u00e0nh ph\u00e1p \u0111\u01b0\u1ee3c trao cho T\u1ed5ng th\u1ed1ng, \u00f4ng v\u1eabn tu\u00e2n theo l\u1eddi khuy\u00ean c\u1ee7a N\u1ed9i c\u00e1c v\u00e0 ho\u1ea1t \u0111\u1ed9ng nh\u01b0 m\u1ed9t Nguy\u00ean th\u1ee7 qu\u1ed1c gia h\u1ee3p hi\u1ebfn.<br \/>\nDominica \u0111\u00e3 c\u00f3 m\u1ed9t qu\u00e1 tr\u00ecnh chuy\u1ec3n \u0111\u1ed5i su\u00f4n s\u1ebb c\u00e1c nh\u00e0 l\u00e3nh \u0111\u1ea1o gi\u1eefa c\u00e1c \u0111\u1ea3ng ph\u00e1i ch\u00ednh tr\u1ecb k\u1ec3 t\u1eeb khi \u0111\u1ed9c l\u1eadp.<\/p>\n<p>C\u01a1 c\u1ea5u \u0111i\u1ec1u h\u00e0nh hi\u1ec7n t\u1ea1i c\u1ee7a Ch\u00ednh ph\u1ee7 \u0111\u01b0\u1ee3c li\u1ec7t k\u00ea d\u01b0\u1edbi \u0111\u00e2y:<br \/>\nCh\u1ee7 t\u1ecbch: Ng\u00e0i Charles Angelo Savarin (Nguy\u00ean th\u1ee7 qu\u1ed1c gia)<br \/>\nTh\u1ee7 t\u01b0\u1edbng: Ng\u00e0i Roosevelt Skerrit (Ng\u01b0\u1eddi \u0111\u1ee9ng \u0111\u1ea7u Ch\u00ednh ph\u1ee7)<br \/>\nCh\u00ednh ph\u1ee7 hi\u1ec7n t\u1ea1i: \u0110\u1ea3ng Lao \u0111\u1ed9ng Dominica<br \/>\nL\u00e3nh \u0111\u1ea1o phe \u0111\u1ed1i l\u1eadp: Ng\u00e0i Lennox Linton<br \/>\nC\u00e1c \u0111\u1ea3ng ch\u00ednh tr\u1ecb kh\u00e1c: \u0110\u1ea3ng C\u00f4ng nh\u00e2n Th\u1ed1ng nh\u1ea5t v\u00e0 \u0110\u1ea3ng T\u1ef1 do Dominica<br \/>\nhttp:\/\/www.investdominica.com\/country-profile-of-the-commonwealth-of-dominica\/go Government\/<\/p>\n<\/div><\/div><\/div><\/div><\/div><\/div><\/div><\/section>\n","protected":false},"excerpt":{"rendered":"Dominica, m\u1ed9t n\u01b0\u1edbc c\u1ed9ng h\u00f2a trong Kh\u1ed1i th\u1ecbnh v\u01b0\u1ee3ng chung Anh, gi\u00e0nh \u0111\u01b0\u1ee3c \u0111\u1ed9c l\u1eadp v\u00e0o ng\u00e0y 3 th\u00e1ng 11 n\u0103m 1978. Dominica k\u1ec3 t\u1eeb \u0111\u00f3 \u0111\u00e3 ph\u00e1t tri\u1ec3n m\u1ea1nh m\u1ebd nh\u01b0 m\u1ed9t n\u1ec1n d\u00e2n ch\u1ee7 theo khu\u00f4n m\u1eabu c\u1ee7a h\u1ec7 th\u1ed1ng ngh\u1ecb vi\u1ec7n Anh Roosevelt Skerrit Th\u1ee7 t\u01b0\u1edbng Dominica: Ng\u00e0i Roosevelt Skerrit C\u00e1c cu\u1ed9c...","protected":false},"author":1,"featured_media":0,"parent":8236,"menu_order":0,"comment_status":"closed","ping_status":"closed","template":"","meta":{"_acf_changed":false,"footnotes":""},"class_list":["post-8233","page","type-page","status-publish","hentry"],"acf":[],"yoast_head":"<!-- This site is optimized with the Yoast SEO plugin v27.2 - https:\/\/yoast.com\/product\/yoast-seo-wordpress\/ -->\n<title>Ch\u00ednh quy\u1ec1n - Consulate General of The Commonwealth of Dominica in Ho Chi Minh City<\/title>\n<meta name=\"robots\" content=\"index, follow, max-snippet:-1, max-image-preview:large, max-video-preview:-1\" \/>\n<link rel=\"canonical\" href=\"https:\/\/dominicaconsulateinvietnam.org\/vi\/about-dominica\/chinh-quyen\/\" \/>\n<meta property=\"og:locale\" content=\"vi_VN\" \/>\n<meta property=\"og:type\" content=\"article\" \/>\n<meta property=\"og:title\" content=\"Ch\u00ednh quy\u1ec1n - Consulate General of The Commonwealth of Dominica in Ho Chi Minh City\" \/>\n<meta property=\"og:url\" content=\"https:\/\/dominicaconsulateinvietnam.org\/vi\/about-dominica\/chinh-quyen\/\" \/>\n<meta property=\"og:site_name\" content=\"Consulate General of The Commonwealth of Dominica in Ho Chi Minh City\" \/>\n<meta property=\"article:modified_time\" content=\"2021-09-28T07:52:54+00:00\" \/>\n<meta name=\"twitter:card\" content=\"summary_large_image\" \/>\n<meta name=\"twitter:label1\" content=\"Est. reading time\" \/>\n\t<meta name=\"twitter:data1\" content=\"2 minutes\" \/>\n<script type=\"application\/ld+json\" class=\"yoast-schema-graph\">{\"@context\":\"https:\/\/schema.org\",\"@graph\":[{\"@type\":\"WebPage\",\"@id\":\"https:\/\/dominicaconsulateinvietnam.org\/vi\/about-dominica\/chinh-quyen\/\",\"url\":\"https:\/\/dominicaconsulateinvietnam.org\/vi\/about-dominica\/chinh-quyen\/\",\"name\":\"Ch\u00ednh quy\u1ec1n - Consulate General of The Commonwealth of Dominica in Ho Chi Minh City\",\"isPartOf\":{\"@id\":\"https:\/\/dominicaconsulateinvietnam.org\/#website\"},\"datePublished\":\"2021-09-15T03:31:55+00:00\",\"dateModified\":\"2021-09-28T07:52:54+00:00\",\"breadcrumb\":{\"@id\":\"https:\/\/dominicaconsulateinvietnam.org\/vi\/about-dominica\/chinh-quyen\/#breadcrumb\"},\"inLanguage\":\"vi-VN\",\"potentialAction\":[{\"@type\":\"ReadAction\",\"target\":[\"https:\/\/dominicaconsulateinvietnam.org\/vi\/about-dominica\/chinh-quyen\/\"]}]},{\"@type\":\"BreadcrumbList\",\"@id\":\"https:\/\/dominicaconsulateinvietnam.org\/vi\/about-dominica\/chinh-quyen\/#breadcrumb\",\"itemListElement\":[{\"@type\":\"ListItem\",\"position\":1,\"name\":\"Home\",\"item\":\"https:\/\/dominicaconsulateinvietnam.org\/vi\/\"},{\"@type\":\"ListItem\",\"position\":2,\"name\":\"v\u1ec1 Dominica\",\"item\":\"https:\/\/dominicaconsulateinvietnam.org\/vi\/about-dominica\/\"},{\"@type\":\"ListItem\",\"position\":3,\"name\":\"Ch\u00ednh quy\u1ec1n\"}]},{\"@type\":\"WebSite\",\"@id\":\"https:\/\/dominicaconsulateinvietnam.org\/#website\",\"url\":\"https:\/\/dominicaconsulateinvietnam.org\/\",\"name\":\"Consulate General of The Commonwealth of Dominica in Ho Chi Minh City\",\"description\":\"The Consulate is focused on maintaining, and strengthening these international relationships, and on increasing the profile of Dominica within the international community\",\"potentialAction\":[{\"@type\":\"SearchAction\",\"target\":{\"@type\":\"EntryPoint\",\"urlTemplate\":\"https:\/\/dominicaconsulateinvietnam.org\/?s={search_term_string}\"},\"query-input\":{\"@type\":\"PropertyValueSpecification\",\"valueRequired\":true,\"valueName\":\"search_term_string\"}}],\"inLanguage\":\"vi-VN\"}]}<\/script>\n<!-- \/ Yoast SEO plugin. -->","yoast_head_json":{"title":"Ch\u00ednh quy\u1ec1n - Consulate General of The Commonwealth of Dominica in Ho Chi Minh City","robots":{"index":"index","follow":"follow","max-snippet":"max-snippet:-1","max-image-preview":"max-image-preview:large","max-video-preview":"max-video-preview:-1"},"canonical":"https:\/\/dominicaconsulateinvietnam.org\/vi\/about-dominica\/chinh-quyen\/","og_locale":"vi_VN","og_type":"article","og_title":"Ch\u00ednh quy\u1ec1n - Consulate General of The Commonwealth of Dominica in Ho Chi Minh City","og_url":"https:\/\/dominicaconsulateinvietnam.org\/vi\/about-dominica\/chinh-quyen\/","og_site_name":"Consulate General of The Commonwealth of Dominica in Ho Chi Minh City","article_modified_time":"2021-09-28T07:52:54+00:00","twitter_card":"summary_large_image","twitter_misc":{"Est. reading time":"2 minutes"},"schema":{"@context":"https:\/\/schema.org","@graph":[{"@type":"WebPage","@id":"https:\/\/dominicaconsulateinvietnam.org\/vi\/about-dominica\/chinh-quyen\/","url":"https:\/\/dominicaconsulateinvietnam.org\/vi\/about-dominica\/chinh-quyen\/","name":"Ch\u00ednh quy\u1ec1n - Consulate General of The Commonwealth of Dominica in Ho Chi Minh City","isPartOf":{"@id":"https:\/\/dominicaconsulateinvietnam.org\/#website"},"datePublished":"2021-09-15T03:31:55+00:00","dateModified":"2021-09-28T07:52:54+00:00","breadcrumb":{"@id":"https:\/\/dominicaconsulateinvietnam.org\/vi\/about-dominica\/chinh-quyen\/#breadcrumb"},"inLanguage":"vi-VN","potentialAction":[{"@type":"ReadAction","target":["https:\/\/dominicaconsulateinvietnam.org\/vi\/about-dominica\/chinh-quyen\/"]}]},{"@type":"BreadcrumbList","@id":"https:\/\/dominicaconsulateinvietnam.org\/vi\/about-dominica\/chinh-quyen\/#breadcrumb","itemListElement":[{"@type":"ListItem","position":1,"name":"Home","item":"https:\/\/dominicaconsulateinvietnam.org\/vi\/"},{"@type":"ListItem","position":2,"name":"v\u1ec1 Dominica","item":"https:\/\/dominicaconsulateinvietnam.org\/vi\/about-dominica\/"},{"@type":"ListItem","position":3,"name":"Ch\u00ednh quy\u1ec1n"}]},{"@type":"WebSite","@id":"https:\/\/dominicaconsulateinvietnam.org\/#website","url":"https:\/\/dominicaconsulateinvietnam.org\/","name":"Consulate General of The Commonwealth of Dominica in Ho Chi Minh City","description":"The Consulate is focused on maintaining, and strengthening these international relationships, and on increasing the profile of Dominica within the international community","potentialAction":[{"@type":"SearchAction","target":{"@type":"EntryPoint","urlTemplate":"https:\/\/dominicaconsulateinvietnam.org\/?s={search_term_string}"},"query-input":{"@type":"PropertyValueSpecification","valueRequired":true,"valueName":"search_term_string"}}],"inLanguage":"vi-VN"}]}},"_links":{"self":[{"href":"https:\/\/dominicaconsulateinvietnam.org\/vi\/wp-json\/wp\/v2\/pages\/8233","targetHints":{"allow":["GET"]}}],"collection":[{"href":"https:\/\/dominicaconsulateinvietnam.org\/vi\/wp-json\/wp\/v2\/pages"}],"about":[{"href":"https:\/\/dominicaconsulateinvietnam.org\/vi\/wp-json\/wp\/v2\/types\/page"}],"author":[{"embeddable":true,"href":"https:\/\/dominicaconsulateinvietnam.org\/vi\/wp-json\/wp\/v2\/users\/1"}],"replies":[{"embeddable":true,"href":"https:\/\/dominicaconsulateinvietnam.org\/vi\/wp-json\/wp\/v2\/comments?post=8233"}],"version-history":[{"count":4,"href":"https:\/\/dominicaconsulateinvietnam.org\/vi\/wp-json\/wp\/v2\/pages\/8233\/revisions"}],"predecessor-version":[{"id":8721,"href":"https:\/\/dominicaconsulateinvietnam.org\/vi\/wp-json\/wp\/v2\/pages\/8233\/revisions\/8721"}],"up":[{"embeddable":true,"href":"https:\/\/dominicaconsulateinvietnam.org\/vi\/wp-json\/wp\/v2\/pages\/8236"}],"wp:attachment":[{"href":"https:\/\/dominicaconsulateinvietnam.org\/vi\/wp-json\/wp\/v2\/media?parent=8233"}],"curies":[{"name":"wp","href":"https:\/\/api.w.org\/{rel}","templated":true}]}}