{"id":8230,"date":"2021-09-15T03:22:41","date_gmt":"2021-09-15T03:22:41","guid":{"rendered":"https:\/\/dominicaconsulateinvietnam.org\/ho-so-quoc-gia\/"},"modified":"2021-09-23T03:12:25","modified_gmt":"2021-09-23T03:12:25","slug":"ho-so-quoc-gia","status":"publish","type":"page","link":"https:\/\/dominicaconsulateinvietnam.org\/vi\/about-dominica\/ho-so-quoc-gia\/","title":{"rendered":"H\u1ed3 s\u01a1 qu\u1ed1c gia"},"content":{"rendered":"<section class=\"l-section wpb_row height_auto\"><div class=\"l-section-h i-cf\"><div class=\"g-cols vc_row via_flex valign_top type_default stacking_default\"><div class=\"vc_col-sm-12 wpb_column vc_column_container\"><div class=\"vc_column-inner\"><div class=\"wpb_wrapper\"><div class=\"wpb_text_column\"><div class=\"wpb_wrapper\"><h3>H\u1ed3 s\u01a1 qu\u1ed1c gia<\/h3>\n<p>T\u00ean ch\u00ednh th\u1ee9c: <strong>Kh\u1ed1i Th\u1ecbnh V\u01b0\u1ee3ng Chung Dominica<\/strong><br \/>\nT\u00ean giao d\u1ecbch: <strong>Dominica<\/strong><br \/>\nTh\u1ee7 \u0111\u00f4: <strong>Roseau<\/strong><br \/>\nNg\u00f4n ng\u1eef: <strong>Ti\u1ebfng Anh, Ti\u1ebfng Ph\u00e1p Patois (\u201cKw\u00e9y\u00f2l\u201d)<\/strong><br \/>\nTi\u1ec1n t\u1ec7: <strong>\u0110\u00f4 la \u0110\u00f4ng Carribean (XCD)<\/strong><br \/>\nT\u1ef7 gi\u00e1 h\u1ed1i \u0111o\u00e1i: <strong>1 USD: XCD 2.7169<\/strong><br \/>\nKinh t\u1ebf: <strong>D\u1ef1a v\u00e0o n\u00f4ng nghi\u1ec7p<\/strong><\/p>\n<h4>\u0110\u1ecba l\u00fd<\/h4>\n<p>Khu v\u1ef1c: <strong>\u0110\u00f4ng Caribbean<\/strong><br \/>\nV\u1ecb tr\u00ed: <strong>N\u1eb1m gi\u1eefa c\u00e1c \u0111\u1ea3o Guadeloupe c\u1ee7a Ph\u00e1p \u1edf ph\u00eda b\u1eafc v\u00e0 Martinique \u1edf ph\u00eda nam<\/strong><br \/>\nV\u0129 \u0111\u1ed9: <strong>15\u02da 20 \u2019N<\/strong><br \/>\nKinh \u0111\u1ed9: <strong>61\u02da 22 &#8216;W<\/strong><br \/>\nDi\u1ec7n t\u00edch b\u1ec1 m\u1eb7t: <strong>751 km2 (289,5 sq mi)<\/strong><br \/>\n\u0110\u1ec9nh cao nh\u1ea5t: <strong>Morne Diablotin &#8211; 1730 m (4.747 ft)<\/strong><br \/>\nKh\u00ed h\u1eadu: <strong>kh\u00ed h\u1eadu nhi\u1ec7t \u0111\u1edbi \u1ea9m c\u1eadn bi\u1ec3n, \u00edt bi\u1ebfn \u0111\u1ed9ng theo m\u00f9a gi\u1eefa m\u00f9a m\u01b0a v\u00e0 m\u00f9a kh\u00f4; l\u01b0\u1ee3ng m\u01b0a l\u1edbn trong m\u00f9a m\u01b0a.<\/strong><br \/>\nD\u00e2n s\u1ed1: <strong>69,625 ng\u01b0\u1eddi (\u01b0\u1edbc t\u00ednh n\u0103m 2006)<\/strong><br \/>\nC\u00e1c d\u00e2n t\u1ed9c: <strong>Da \u0111en, H\u1ed7n h\u1ee3p, M\u1ef9 da \u0111\u1ecf (Caribs), Da tr\u1eafng, Kh\u00e1c<\/strong><br \/>\nC\u00e1c t\u00f4n gi\u00e1o: <strong>C\u00f4ng gi\u00e1o La M\u00e3, C\u01a1 \u0111\u1ed1c ph\u1ee5c l\u00e2m ng\u00e0y th\u1ee9 b\u1ea3y, Tin l\u00e0nh Ng\u0169 tu\u1ea7n, Tin L\u00e0nh Gi\u00e1m L\u00fd, Tin L\u00e0nh Baptist, Anh gi\u00e1o, Kh\u00e1c Ch\u00ednh quy\u1ec1n<\/strong><br \/>\n\u0110\u1ed9c l\u1eadp ch\u00ednh tr\u1ecb:<strong> ng\u00e0y 3 th\u00e1ng 11 n\u0103m 1978 (t\u1eeb V\u01b0\u01a1ng qu\u1ed1c Anh)<\/strong><br \/>\nH\u1ec7 th\u1ed1ng ch\u00ednh tr\u1ecb:<strong> D\u00e2n ch\u1ee7 Ngh\u1ecb vi\u1ec7n<\/strong><br \/>\nNguy\u00ean th\u1ee7 qu\u1ed1c gia<strong>: T\u1ed5ng th\u1ed1ng: Ng\u00e0i, Charles Savarin (ng\u00e0y 1 th\u00e1ng 10 n\u0103m 2013)<\/strong><br \/>\nNg\u01b0\u1eddi \u0111\u1ee9ng \u0111\u1ea7u Ch\u00ednh ph\u1ee7: <strong>Th\u1ee7 t\u01b0\u1edbng: Ng\u00e0i, Roosevelt Skerrit (8 th\u00e1ng 1 n\u0103m 2004)<\/strong><br \/>\nB\u1ea7u c\u1eed: <strong>T\u1ed5ng tuy\u1ec3n c\u1eed cu\u1ed1i c\u00f9ng &#8211; ng\u00e0y 8 th\u00e1ng 12 n\u0103m 2014<\/strong><br \/>\n<strong>T\u1ed5ng tuy\u1ec3n c\u1eed ti\u1ebfp theo &#8211; Theo hi\u1ebfn ph\u00e1p s\u1ebd \u0111\u1ebfn v\u00e0o th\u00e1ng 2 n\u0103m 2020<\/strong><\/p>\n<\/div><\/div><\/div><\/div><\/div><\/div><\/div><\/section>\n","protected":false},"excerpt":{"rendered":"H\u1ed3 s\u01a1 qu\u1ed1c gia T\u00ean ch\u00ednh th\u1ee9c: Kh\u1ed1i Th\u1ecbnh V\u01b0\u1ee3ng Chung Dominica T\u00ean giao d\u1ecbch: Dominica Th\u1ee7 \u0111\u00f4: Roseau Ng\u00f4n ng\u1eef: Ti\u1ebfng Anh, Ti\u1ebfng Ph\u00e1p Patois (\u201cKw\u00e9y\u00f2l\u201d) Ti\u1ec1n t\u1ec7: \u0110\u00f4 la \u0110\u00f4ng Carribean (XCD) T\u1ef7 gi\u00e1 h\u1ed1i \u0111o\u00e1i: 1 USD: XCD 2.7169 Kinh t\u1ebf: D\u1ef1a v\u00e0o n\u00f4ng nghi\u1ec7p \u0110\u1ecba l\u00fd Khu v\u1ef1c: \u0110\u00f4ng Caribbean V\u1ecb...","protected":false},"author":1,"featured_media":0,"parent":8236,"menu_order":0,"comment_status":"closed","ping_status":"closed","template":"","meta":{"_acf_changed":false,"footnotes":""},"class_list":["post-8230","page","type-page","status-publish","hentry"],"acf":[],"yoast_head":"<!-- This site is optimized with the Yoast SEO plugin v27.2 - https:\/\/yoast.com\/product\/yoast-seo-wordpress\/ -->\n<title>H\u1ed3 s\u01a1 qu\u1ed1c gia - Consulate General of The Commonwealth of Dominica in Ho Chi Minh City<\/title>\n<meta name=\"robots\" content=\"index, follow, max-snippet:-1, max-image-preview:large, max-video-preview:-1\" \/>\n<link rel=\"canonical\" href=\"https:\/\/dominicaconsulateinvietnam.org\/vi\/about-dominica\/ho-so-quoc-gia\/\" \/>\n<meta property=\"og:locale\" content=\"vi_VN\" \/>\n<meta property=\"og:type\" content=\"article\" \/>\n<meta property=\"og:title\" content=\"H\u1ed3 s\u01a1 qu\u1ed1c gia - Consulate General of The Commonwealth of Dominica in Ho Chi Minh City\" \/>\n<meta property=\"og:url\" content=\"https:\/\/dominicaconsulateinvietnam.org\/vi\/about-dominica\/ho-so-quoc-gia\/\" \/>\n<meta property=\"og:site_name\" content=\"Consulate General of The Commonwealth of Dominica in Ho Chi Minh City\" \/>\n<meta property=\"article:modified_time\" content=\"2021-09-23T03:12:25+00:00\" \/>\n<meta name=\"twitter:card\" content=\"summary_large_image\" \/>\n<meta name=\"twitter:label1\" content=\"Est. reading time\" \/>\n\t<meta name=\"twitter:data1\" content=\"2 minutes\" \/>\n<script type=\"application\/ld+json\" class=\"yoast-schema-graph\">{\"@context\":\"https:\/\/schema.org\",\"@graph\":[{\"@type\":\"WebPage\",\"@id\":\"https:\/\/dominicaconsulateinvietnam.org\/vi\/about-dominica\/ho-so-quoc-gia\/\",\"url\":\"https:\/\/dominicaconsulateinvietnam.org\/vi\/about-dominica\/ho-so-quoc-gia\/\",\"name\":\"H\u1ed3 s\u01a1 qu\u1ed1c gia - Consulate General of The Commonwealth of Dominica in Ho Chi Minh City\",\"isPartOf\":{\"@id\":\"https:\/\/dominicaconsulateinvietnam.org\/#website\"},\"datePublished\":\"2021-09-15T03:22:41+00:00\",\"dateModified\":\"2021-09-23T03:12:25+00:00\",\"breadcrumb\":{\"@id\":\"https:\/\/dominicaconsulateinvietnam.org\/vi\/about-dominica\/ho-so-quoc-gia\/#breadcrumb\"},\"inLanguage\":\"vi-VN\",\"potentialAction\":[{\"@type\":\"ReadAction\",\"target\":[\"https:\/\/dominicaconsulateinvietnam.org\/vi\/about-dominica\/ho-so-quoc-gia\/\"]}]},{\"@type\":\"BreadcrumbList\",\"@id\":\"https:\/\/dominicaconsulateinvietnam.org\/vi\/about-dominica\/ho-so-quoc-gia\/#breadcrumb\",\"itemListElement\":[{\"@type\":\"ListItem\",\"position\":1,\"name\":\"Home\",\"item\":\"https:\/\/dominicaconsulateinvietnam.org\/vi\/\"},{\"@type\":\"ListItem\",\"position\":2,\"name\":\"v\u1ec1 Dominica\",\"item\":\"https:\/\/dominicaconsulateinvietnam.org\/vi\/about-dominica\/\"},{\"@type\":\"ListItem\",\"position\":3,\"name\":\"H\u1ed3 s\u01a1 qu\u1ed1c gia\"}]},{\"@type\":\"WebSite\",\"@id\":\"https:\/\/dominicaconsulateinvietnam.org\/#website\",\"url\":\"https:\/\/dominicaconsulateinvietnam.org\/\",\"name\":\"Consulate General of The Commonwealth of Dominica in Ho Chi Minh City\",\"description\":\"The Consulate is focused on maintaining, and strengthening these international relationships, and on increasing the profile of Dominica within the international community\",\"potentialAction\":[{\"@type\":\"SearchAction\",\"target\":{\"@type\":\"EntryPoint\",\"urlTemplate\":\"https:\/\/dominicaconsulateinvietnam.org\/?s={search_term_string}\"},\"query-input\":{\"@type\":\"PropertyValueSpecification\",\"valueRequired\":true,\"valueName\":\"search_term_string\"}}],\"inLanguage\":\"vi-VN\"}]}<\/script>\n<!-- \/ Yoast SEO plugin. -->","yoast_head_json":{"title":"H\u1ed3 s\u01a1 qu\u1ed1c gia - Consulate General of The Commonwealth of Dominica in Ho Chi Minh City","robots":{"index":"index","follow":"follow","max-snippet":"max-snippet:-1","max-image-preview":"max-image-preview:large","max-video-preview":"max-video-preview:-1"},"canonical":"https:\/\/dominicaconsulateinvietnam.org\/vi\/about-dominica\/ho-so-quoc-gia\/","og_locale":"vi_VN","og_type":"article","og_title":"H\u1ed3 s\u01a1 qu\u1ed1c gia - Consulate General of The Commonwealth of Dominica in Ho Chi Minh City","og_url":"https:\/\/dominicaconsulateinvietnam.org\/vi\/about-dominica\/ho-so-quoc-gia\/","og_site_name":"Consulate General of The Commonwealth of Dominica in Ho Chi Minh City","article_modified_time":"2021-09-23T03:12:25+00:00","twitter_card":"summary_large_image","twitter_misc":{"Est. reading time":"2 minutes"},"schema":{"@context":"https:\/\/schema.org","@graph":[{"@type":"WebPage","@id":"https:\/\/dominicaconsulateinvietnam.org\/vi\/about-dominica\/ho-so-quoc-gia\/","url":"https:\/\/dominicaconsulateinvietnam.org\/vi\/about-dominica\/ho-so-quoc-gia\/","name":"H\u1ed3 s\u01a1 qu\u1ed1c gia - Consulate General of The Commonwealth of Dominica in Ho Chi Minh City","isPartOf":{"@id":"https:\/\/dominicaconsulateinvietnam.org\/#website"},"datePublished":"2021-09-15T03:22:41+00:00","dateModified":"2021-09-23T03:12:25+00:00","breadcrumb":{"@id":"https:\/\/dominicaconsulateinvietnam.org\/vi\/about-dominica\/ho-so-quoc-gia\/#breadcrumb"},"inLanguage":"vi-VN","potentialAction":[{"@type":"ReadAction","target":["https:\/\/dominicaconsulateinvietnam.org\/vi\/about-dominica\/ho-so-quoc-gia\/"]}]},{"@type":"BreadcrumbList","@id":"https:\/\/dominicaconsulateinvietnam.org\/vi\/about-dominica\/ho-so-quoc-gia\/#breadcrumb","itemListElement":[{"@type":"ListItem","position":1,"name":"Home","item":"https:\/\/dominicaconsulateinvietnam.org\/vi\/"},{"@type":"ListItem","position":2,"name":"v\u1ec1 Dominica","item":"https:\/\/dominicaconsulateinvietnam.org\/vi\/about-dominica\/"},{"@type":"ListItem","position":3,"name":"H\u1ed3 s\u01a1 qu\u1ed1c gia"}]},{"@type":"WebSite","@id":"https:\/\/dominicaconsulateinvietnam.org\/#website","url":"https:\/\/dominicaconsulateinvietnam.org\/","name":"Consulate General of The Commonwealth of Dominica in Ho Chi Minh City","description":"The Consulate is focused on maintaining, and strengthening these international relationships, and on increasing the profile of Dominica within the international community","potentialAction":[{"@type":"SearchAction","target":{"@type":"EntryPoint","urlTemplate":"https:\/\/dominicaconsulateinvietnam.org\/?s={search_term_string}"},"query-input":{"@type":"PropertyValueSpecification","valueRequired":true,"valueName":"search_term_string"}}],"inLanguage":"vi-VN"}]}},"_links":{"self":[{"href":"https:\/\/dominicaconsulateinvietnam.org\/vi\/wp-json\/wp\/v2\/pages\/8230","targetHints":{"allow":["GET"]}}],"collection":[{"href":"https:\/\/dominicaconsulateinvietnam.org\/vi\/wp-json\/wp\/v2\/pages"}],"about":[{"href":"https:\/\/dominicaconsulateinvietnam.org\/vi\/wp-json\/wp\/v2\/types\/page"}],"author":[{"embeddable":true,"href":"https:\/\/dominicaconsulateinvietnam.org\/vi\/wp-json\/wp\/v2\/users\/1"}],"replies":[{"embeddable":true,"href":"https:\/\/dominicaconsulateinvietnam.org\/vi\/wp-json\/wp\/v2\/comments?post=8230"}],"version-history":[{"count":4,"href":"https:\/\/dominicaconsulateinvietnam.org\/vi\/wp-json\/wp\/v2\/pages\/8230\/revisions"}],"predecessor-version":[{"id":8601,"href":"https:\/\/dominicaconsulateinvietnam.org\/vi\/wp-json\/wp\/v2\/pages\/8230\/revisions\/8601"}],"up":[{"embeddable":true,"href":"https:\/\/dominicaconsulateinvietnam.org\/vi\/wp-json\/wp\/v2\/pages\/8236"}],"wp:attachment":[{"href":"https:\/\/dominicaconsulateinvietnam.org\/vi\/wp-json\/wp\/v2\/media?parent=8230"}],"curies":[{"name":"wp","href":"https:\/\/api.w.org\/{rel}","templated":true}]}}